
{"id":14264,"date":"2017-08-26T15:47:04","date_gmt":"2017-08-26T15:47:04","guid":{"rendered":"https:\/\/tourwhales.com\/?post_type=product&#038;p=14264"},"modified":"2024-10-18T20:29:21","modified_gmt":"2024-10-18T20:29:21","slug":"los-haitises-all-in-one-from-las-terrenas","status":"publish","type":"product","link":"https:\/\/tourwhales.com\/es\/Tours-Excursions\/lunch\/los-haitises-all-in-one-from-las-terrenas\/","title":{"rendered":"Los Haitises All In One (kayak, senderismo, canotaje, espeleolog\u00eda, piscina natural y almuerzo) desde Las Terrenas"},"content":{"rendered":"<section class=\"wpb-content-wrapper\"><div class=\"vc_row wpb_row vc_row-fluid\" ><div class=\"wpb_column vc_column_container vc_col-sm-12\"><div class=\"vc_column-inner\"><div class=\"wpb_wrapper\">\n\t<div class=\"wpb_text_column wpb_content_element\" >\n\t\t<div class=\"wpb_wrapper\">\n\t\t\t<h2>Los Haitises All In One (kayak, senderismo, canotaje, espeleolog\u00eda, piscina natural y almuerzo) desde Las Terrenas<\/h2>\n<h4><b><i>Descripci\u00f3n general <\/i><\/b><\/h4>\n<p><span style=\"font-weight: 400;\">Los Haitises All In One es un Escape de la ciudad para sumergirte entre el hist\u00f3rico y pesquero pueblo de S\u00e1nchez y la capital de Los Haitises Sabana de la Mar. S\u00e1nchez es conocido como centro de exportaci\u00f3n y por tener un tren que ven\u00eda de La provincia de La Vega construida a finales de 1800. Ven con nosotros y disfruta de las frescas aguas de una de las playas inexploradas del Parque Nacional Los Haitises, donde se encuentra la Bah\u00eda de San Lorenzo. <\/span><\/p>\n<p><span style=\"font-weight: 400;\">El lugar es accesible en bote, rodeado de selva tropical y manglares. Mientras navegas de S\u00e1nchez a Los Haitises entrar\u00e1s en contacto con la naturaleza y el paisaje inolvidable de este parque. Este recorrido ser\u00e1 una combinaci\u00f3n de kayak, canotaje, visita a una cueva y nataci\u00f3n en uno de los parques nacionales m\u00e1s importantes del pa\u00eds, aqu\u00ed se encuentra la mayor parte de la biodiversidad de la isla y el segundo bosque de manglares m\u00e1s grande con m\u00e1s de 98 km2.\u00a0<\/span><\/p>\n<p><span style=\"font-weight: 400;\">Nuestro personal local y experto se asegurar\u00e1 de que realmente conozcas la cultura ta\u00edna, su historia en Los Haitises y su conexi\u00f3n con la naturaleza. Este tour es en modalidad de ecoturismo donde la comunidad juega un papel muy importante, son gu\u00edas, capitanes y choferes.<\/span><\/p>\n<p><span style=\"font-weight: 400;\">La prioridad de Booking Adventure es asegurarse de que obtenga lo mejor de lo mejor, desde el momento en que compra el boleto hasta que finaliza su viaje. Nuestros tours se enfocan en la educaci\u00f3n ambiental, la aventura y la historia local y durante este viaje podr\u00e1s ver un poco de todo.\u00a0<\/span><\/p>\n<h3><span style=\"font-weight: 400;\">Inclusiones y Exclusiones<\/span><\/h3>\n<h6><strong>Inclusiones<\/strong><\/h6>\n<ul>\n<li><span style=\"font-weight: 400;\">Lancha r\u00e1pida y capit\u00e1n\u00a0<\/span><\/li>\n<li><span style=\"font-weight: 400;\">Kayak\u00a0<\/span><\/li>\n<li>Ruta de senderismo<\/li>\n<li><span style=\"font-weight: 400;\">Snacks, (agua, frutas, Soda)<\/span><\/li>\n<li>Almuerzo Local<\/li>\n<li><span style=\"font-weight: 400;\">Todos los impuestos, tasas y gastos de tramitaci\u00f3n<\/span><\/li>\n<li><span style=\"font-weight: 400;\">Oficiales Ecologistas gu\u00edas tur\u00edsticos Ingl\u00e9s\/Espa\u00f1ol<\/span><\/li>\n<li><span style=\"font-weight: 400;\">Nadar en Piscinas Naturales o Playa inexplorada\u00a0<\/span><\/li>\n<li><span style=\"font-weight: 400;\">espeleolog\u00eda<\/span><\/li>\n<li>Recogida en hoteles<\/li>\n<\/ul>\n<h6><strong>Exclusiones<\/strong><\/h6>\n<ul>\n<li><span style=\"font-weight: 400;\">Propinas<\/span><\/li>\n<li><span style=\"font-weight: 400;\">Bebida<\/span><\/li>\n<\/ul>\n<h6><strong>Salida y Regreso<\/strong><\/h6>\n<p><span style=\"font-weight: 400;\">El tour, organizado por \u201cBooking Adventures\u201d comienza en el punto de encuentro establecido con el Gu\u00eda Tur\u00edstico o miembro del Staff. El viajero obtendr\u00e1 un punto de encuentro despu\u00e9s del Proceso de Reserva. Los tours comienzan y terminan en nuestros puntos de encuentro.<\/span><\/p>\n<h2>Los Haitises All In One (kayak, senderismo, canotaje, espeleolog\u00eda, piscina natural y almuerzo) desde Las Terrenas<\/h2>\n<p><span style=\"font-weight: 400;\">\u00bfQue esperar?<\/span><\/p>\n<p><span style=\"font-weight: 400;\">Adquiere tu boleto para el Tour Eco-Aventura Parque Nacional Los Haitises Todo En Uno\u00a0<\/span><\/p>\n<p><span style=\"font-weight: 400;\">Esta excursi\u00f3n comienza desde un punto de encuentro que debe confirmar con nuestros agentes de viajes o su gu\u00eda tur\u00edstico antes de dirigirse a cualquier lugar. Una vez que conozca a su gu\u00eda, tendr\u00e1 un resumen del recorrido y todo lo relacionado con su d\u00eda.<\/span><\/p>\n<p><span style=\"font-weight: 400;\">Cuando todos est\u00e9n listos, nos dirigiremos al primer lugar, que es el sendero Los Haitises, donde tendr\u00e1 una caminata de 30 minutos, durante la caminata veremos diferentes especies de plantas y aves end\u00e9micas.\u00a0<\/span><\/p>\n<p><span style=\"font-weight: 400;\">Despu\u00e9s de la caminata regresamos al bote y nos dirigimos a Playita Las Almejas donde se encuentran las piscinas naturales, mientras navegamos por el bosque de manglares y el abrigo de la Bah\u00eda de San Lorenzo, compartiremos con ustedes historias sobre Los Haitises, Geolog\u00eda y repasaremos las especies de manglares con tener alrededor de la Bah\u00eda de San Lorenzo.\u00a0<\/span><\/p>\n<p><span style=\"font-weight: 400;\">Al llegar a Las Almejas deber\u00e1s ir preparando tu ba\u00f1ador para subirte a tu kayak y remar hasta la Cueva de la l\u00ednea con tu gu\u00eda tur\u00edstico, el resto del personal te esperar\u00e1 hasta que finalices la primera parte de la actividad.<\/span><\/p>\n<p><span style=\"font-weight: 400;\">En esta parte de tu viaje podr\u00e1s recorrer el Viejo Puerto de Las Perlas que es una de las primeras estructuras construidas por los europeos en la zona, alrededor de 1876, y este estaba conectado con una l\u00ednea de tren que era el transporte para el caf\u00e9, pl\u00e1tanos y todo lo que este grupo de europeos cultivaba en lo que hoy es Los Haitises.\u00a0<\/span><\/p>\n<p><span style=\"font-weight: 400;\">En la cueva que visitar\u00e1s hay m\u00e1s de 1200 pictograf\u00edas pintadas por los ta\u00ednos, esta era una forma de expresarse, y hoy este arte nos cuenta historias que nunca pensamos encontrar en la actualidad. Cuando termine aqu\u00ed, regresaremos a Playa de las Almejas para tomar un refrigerio y nadar.\u00a0<\/span><\/p>\n<p><span style=\"font-weight: 400;\">En el camino de regreso desde esa \u00e1rea, le mostraremos algunas especies de manglares y hablaremos sobre la importancia del bosque de manglares para la ecolog\u00eda como ecosistema.<\/span><\/p>\n<p><span style=\"font-weight: 400;\">Cuando terminemos de navegar en kayak y nadar, tendremos un descanso para almorzar y disfrutar de la cocina local y probar el mejor arroz blanco y frijoles rojos de la isla caribe\u00f1a.\u00a0<\/span><\/p>\n<p><span style=\"font-weight: 400;\">Despu\u00e9s del almuerzo y un poco de nataci\u00f3n en el Parque Nacional Los Haitises, regresamos a S\u00e1nchez, en el camino de regreso disfrutamos de un viaje de 30 minutos a la Pen\u00ednsula de Saman\u00e1, esta excursi\u00f3n termina en el mismo lugar donde comenz\u00f3.<\/span><\/p>\n<p><span style=\"font-weight: 400;\">Nota: Estos tours son con gu\u00edas tur\u00edsticos Ecologistas Oficiales. Favor de reservar con tiempo porque en el parque no hay demasiados especialistas.<\/span><\/p>\n<h6><strong>\u00bfQu\u00e9 debes traer?<\/strong><\/h6>\n<ul>\n<li style=\"font-weight: 400;\" aria-level=\"1\"><span style=\"font-weight: 400;\">C\u00e1mara<\/span><\/li>\n<li style=\"font-weight: 400;\" aria-level=\"1\"><span style=\"font-weight: 400;\">Repelente de insectos\u00a0<\/span><\/li>\n<li style=\"font-weight: 400;\" aria-level=\"1\"><span style=\"font-weight: 400;\">crema solar<\/span><\/li>\n<li style=\"font-weight: 400;\" aria-level=\"1\"><span style=\"font-weight: 400;\">Pantalones c\u00f3modos<\/span><\/li>\n<li style=\"font-weight: 400;\" aria-level=\"1\"><span style=\"font-weight: 400;\">Zapatos de senderismo<\/span><\/li>\n<li style=\"font-weight: 400;\" aria-level=\"1\"><span style=\"font-weight: 400;\">Chubasquero\u00a0<\/span><\/li>\n<li style=\"font-weight: 400;\" aria-level=\"1\"><span style=\"font-weight: 400;\">Traje de ba\u00f1o\u00a0<\/span><\/li>\n<li style=\"font-weight: 400;\" aria-level=\"1\"><span style=\"font-weight: 400;\">Toalla<\/span><\/li>\n<li style=\"font-weight: 400;\" aria-level=\"1\"><span style=\"font-weight: 400;\">bolsa estanca\u00a0\u00a0<\/span><\/li>\n<\/ul>\n<h4><b><i>Recogida en el hotel <\/i><\/b><\/h4>\n<p><span style=\"font-weight: 400;\">Se ofrece recogida en el hotel para este tour. Solo est\u00e1s en Santa B\u00e1rbara de Saman\u00e1, Las Terrenas, Las Galeras y S\u00e1nchez\u00a0<\/span><\/p>\n<p><b>Nota:<\/b><span style=\"font-weight: 400;\"> Si realiza la reserva dentro de las 24 horas anteriores a la hora de salida del tour\/excursi\u00f3n, podemos organizar la recogida en el hotel con cargos adicionales desde cualquier lugar de la Rep\u00fablica Dominicana. Una vez que se complete su compra, le enviaremos la informaci\u00f3n de contacto completa (n\u00famero de tel\u00e9fono, direcci\u00f3n de correo electr\u00f3nico, etc.) para que nuestro gu\u00eda tur\u00edstico local organice los arreglos de recogida.<\/span><\/p>\n<h4><b><i>Confirmaci\u00f3n de informaci\u00f3n adicional <\/i><\/b><\/h4>\n<ol>\n<li>Los boletos son el Recibo despu\u00e9s de pagar por este Tour. Puede mostrar el pago en su tel\u00e9fono.<\/li>\n<li style=\"font-weight: 400;\"><span style=\"font-weight: 400;\">El Punto de Encuentro se recibir\u00e1 Despu\u00e9s del Proceso de Reserva.<\/span><\/li>\n<li style=\"font-weight: 400;\"><span style=\"font-weight: 400;\">Los ni\u00f1os deben estar acompa\u00f1ados por un adulto.<\/span><\/li>\n<li style=\"font-weight: 400;\"><span style=\"font-weight: 400;\"> No accesible para sillas de ruedas <\/span><\/li>\n<li style=\"font-weight: 400;\"><span style=\"font-weight: 400;\">Los beb\u00e9s deben sentarse en el regazo <\/span><\/li>\n<li style=\"font-weight: 400;\"><span style=\"font-weight: 400;\">No recomendado para viajeros con problemas de espalda.<\/span><\/li>\n<li style=\"font-weight: 400;\"><span style=\"font-weight: 400;\">No recomendado para viajeros embarazadas. <\/span><\/li>\n<li style=\"font-weight: 400;\"><span style=\"font-weight: 400;\"> Sin problemas card\u00edacos u otras condiciones m\u00e9dicas graves. <\/span><\/li>\n<li style=\"font-weight: 400;\"><span style=\"font-weight: 400;\">La mayor\u00eda de los viajeros pueden participar<\/span><\/li>\n<\/ol>\n<h4><b><i>Pol\u00edtica de cancelaci\u00f3n<\/i><\/b><\/h4>\n<p><span style=\"font-weight: 400;\">Para obtener un reembolso completo, lea nuestras Pol\u00edticas de cancelaci\u00f3n\u00a0<a href=\"https:\/\/tourwhales.com\/es\/online-booking\/\" target=\"_blank\" rel=\"noopener\" data-saferedirecturl=\"https:\/\/www.google.com\/url?q=https:\/\/tourwhales.com\/online-booking\/&amp;source=gmail&amp;ust=1672449202351000&amp;usg=AOvVaw1yAeVAPktmaVCqDujgUn90\">haga clic aqu\u00ed<\/a>. Los fondos se perder\u00e1n si la reserva se cancela el mismo d\u00eda del viaje.<\/span><\/p>\n\n\t\t<\/div>\n\t<\/div>\n<div class=\"mkdf-section-title-holder\" style=\"text-align: left\">\n\t<div class=\"mkdf-st-inner\">\n\t\t\t\t\t<h5 class=\"mkdf-st-subtitle\" >\n\t\t\t\t( Todo en uno )\t\t\t<\/h5>\n\t\t\t\t\t\t\t<h3 class=\"mkdf-st-title\" >\n\t\t\t\tHaitises All In One (kayak, senderismo, canotaje, espeleolog\u00eda, piscina natural y almuerzo) desde Las Terrenas\t\t\t<\/h3>\n\t\t\t\t\t\t\t<p class=\"mkdf-st-text\" >\n\t\t\t\tEsta experiencia necesita un m\u00ednimo de 4 participantes. Si no tiene 4 a\u00f1os, no dude en contactarnos.\t\t\t<\/p>\n\t\t\t<\/div>\n<\/div><\/div><\/div><\/div><\/div><div class=\"vc_row wpb_row vc_row-fluid\" ><div class=\"wpb_column vc_column_container vc_col-sm-12\"><div class=\"vc_column-inner\"><div class=\"wpb_wrapper\">\n\t<div class=\"wpb_video_widget wpb_content_element vc_clearfix   vc_video-aspect-ratio-169 vc_video-el-width-100 vc_video-align-left\" >\n\t\t<div class=\"wpb_wrapper\">\n\t\t\t<h2 class=\"wpb_heading wpb_video_heading\">Kayak Los Haitises <\/h2>\n\t\t\t<div class=\"wpb_video_wrapper\"><iframe loading=\"lazy\" title=\"Excursi\u00f3n en kayak y espeleolog\u00eda en el Parque Nacional de Los Haitises, Rep\u00fablica Dominicana\" width=\"1100\" height=\"619\" src=\"https:\/\/www.youtube.com\/embed\/ucU1uwB57wQ?feature=oembed\" frameborder=\"0\" allow=\"accelerometer; autoplay; clipboard-write; encrypted-media; gyroscope; picture-in-picture; web-share\" allowfullscreen><\/iframe><\/div>\n\t\t<\/div>\n\t<\/div>\n<\/div><\/div><\/div><\/div><div class=\"vc_row wpb_row vc_row-fluid\" ><\/div><div class=\"wpb_column vc_column_container vc_col-sm-12\"><div class=\"vc_column-inner\"><div class=\"wpb_wrapper\"><\/div><\/div><\/div><div class=\"vc_empty_space\"   style=\"height: 32px\"><span class=\"vc_empty_space_inner\"><\/span><\/div><div class=\"vc_empty_space\"   style=\"height: 32px\"><span class=\"vc_empty_space_inner\"><\/span><\/div>\n<\/section>","protected":false},"excerpt":{"rendered":"<p><span style=\"font-weight: 400;\">Esc\u00e1pate de la ciudad para sumergirte entre el hist\u00f3rico y pesquero pueblo de S\u00e1nchez y la capital de Los Haitises Sabana de la Mar. S\u00e1nchez es conocido como centro de exportaci\u00f3n y por tener un tren que ven\u00eda de la provincia de La vega construido a finales de 1800 Ven con nosotros y disfruta de las frescas aguas de una de las playas inexploradas del Parque Nacional Los Haitises, donde se encuentra la Bah\u00eda de San Lorenzo. El lugar es accesible en bote, rodeado de selva tropical y manglares. Mientras navegas de S\u00e1nchez a Los Haitises entrar\u00e1s en contacto con la naturaleza y el paisaje inolvidable de este parque. Este recorrido ser\u00e1 una combinaci\u00f3n de kayak, canotaje, visita a una cueva y nataci\u00f3n en uno de los parques nacionales m\u00e1s importantes del pa\u00eds, aqu\u00ed se encuentra la mayor parte de la biodiversidad de la isla y el segundo bosque de manglares m\u00e1s grande con m\u00e1s de 98 km2.\u00a0<\/span><\/p>\n<p>&nbsp;<\/p>\n<p><strong><span style=\"vertical-align: inherit;\"><span style=\"vertical-align: inherit;\">Elige una fecha para esta aventura:<\/span><\/span><\/strong><\/p>","protected":false},"featured_media":14267,"template":"","meta":[],"product_cat":[946,878,928,168,456,920,927,934,1046,862,160,773,254,255],"product_tag":[422,268,174,173,577,576,571,570,569,317,316,206,1047,522,209,575,441,574,572,499,175,498,200,187,573],"class_list":["post-14264","product","type-product","status-publish","has-post-thumbnail","hentry","product_cat-1-sabana-de-la-mar","product_cat-altos-de-cano-hondo","product_cat-boat-trip-los-haitises","product_cat-caves","product_cat-day-trips","product_cat-group-tours","product_cat-hiking-los-haitises","product_cat-kayaking-los-haitises","product_cat-las-terrenas","product_cat-los-haitises-national-park","product_cat-lunch","product_cat-private-tours-excursions","product_cat-tours-excursions-los-haitises-national-park","product_cat-tours-excursions-samana-bay-dominican-republic","product_tag-cano-hondo-sabana-de-la-mar","product_tag-caves-los-haitises","product_tag-eco-tours","product_tag-excursion","product_tag-hike-kayak","product_tag-hike-kayak-los-haitises-national-park","product_tag-hiking-los-haitises","product_tag-hiking-sabana-de-la-mar","product_tag-hiking-samana","product_tag-kayak-tour","product_tag-kayaking","product_tag-kayaking-los-haitises","product_tag-las-galeras-excursions","product_tag-las-terrenas-excursions","product_tag-los-haitises-national-park","product_tag-los-haitises-national-park-entrance-fee","product_tag-los-haitises-national-park-tour-from-las-terrenas","product_tag-los-haitises-national-park-tour-from-santo-domingo","product_tag-los-haitises-national-park-weather","product_tag-los-haitises-sabana-de-la-mar","product_tag-sabana-de-la-mar","product_tag-sabana-de-la-mar-tour","product_tag-samana-excursions","product_tag-samana-tours","product_tag-secrets-of-los-haitises"],"_links":{"self":[{"href":"https:\/\/tourwhales.com\/es\/wp-json\/wp\/v2\/product\/14264","targetHints":{"allow":["GET"]}}],"collection":[{"href":"https:\/\/tourwhales.com\/es\/wp-json\/wp\/v2\/product"}],"about":[{"href":"https:\/\/tourwhales.com\/es\/wp-json\/wp\/v2\/types\/product"}],"wp:featuredmedia":[{"embeddable":true,"href":"https:\/\/tourwhales.com\/es\/wp-json\/wp\/v2\/media\/14267"}],"wp:attachment":[{"href":"https:\/\/tourwhales.com\/es\/wp-json\/wp\/v2\/media?parent=14264"}],"wp:term":[{"taxonomy":"product_cat","embeddable":true,"href":"https:\/\/tourwhales.com\/es\/wp-json\/wp\/v2\/product_cat?post=14264"},{"taxonomy":"product_tag","embeddable":true,"href":"https:\/\/tourwhales.com\/es\/wp-json\/wp\/v2\/product_tag?post=14264"}],"curies":[{"name":"wp","href":"https:\/\/api.w.org\/{rel}","templated":true}]}}