
{"id":13398,"date":"2021-11-23T10:25:21","date_gmt":"2021-11-23T10:25:21","guid":{"rendered":"https:\/\/tourwhales.com\/?post_type=product&#038;p=13398"},"modified":"2024-10-17T23:39:13","modified_gmt":"2024-10-17T23:39:13","slug":"private-speed-boat-lancha-samana-bay","status":"publish","type":"product","link":"https:\/\/tourwhales.com\/es\/Tours-Excursions\/rent-catamaran-or-boat-samana\/private-speed-boat-lancha-samana-bay\/","title":{"rendered":"Lancha Privada (Lancha) Bah\u00eda de Saman\u00e1"},"content":{"rendered":"<section class=\"wpb-content-wrapper\"><div class=\"vc_row wpb_row vc_row-fluid\" ><div class=\"wpb_column vc_column_container vc_col-sm-12\"><div class=\"vc_column-inner\"><div class=\"wpb_wrapper\"><div class=\"vc_btn3-container vc_btn3-inline\" ><button class=\"vc_general vc_btn3 vc_btn3-size-md vc_btn3-shape-rounded vc_btn3-style-modern vc_btn3-color-green\">RESERVAR AHORA<\/button><\/div>\n\t<div class=\"wpb_text_column wpb_content_element\" >\n\t\t<div class=\"wpb_wrapper\">\n\t\t\t<div class=\"custom-left\">\n<div class=\"row\">\n<div class=\"col-md-12 cust-clas\">\n<div class=\"product-header alignleft\">\n<p>BARCO SAMANA \u2013 ALQUILER<\/p>\n<p>CHARTER PRIVADO DE D\u00cdA COMPLETO BAH\u00cdA DE SAMANA<\/p>\n<p>VIAJE DE 8 HORAS - LUNES A DOMINGO<\/p>\n<\/div>\n<\/div>\n<\/div>\n<\/div>\n<div class=\"custom-left para-p\">\n<div class=\"info_content_label\">\n<p><label>Informaci\u00f3n:<\/label><\/p>\n<p>Alquile esta fabulosa lancha r\u00e1pida durante todo el d\u00eda para hasta 5 personas para visitar el <a href=\"https:\/\/tourwhales.com\/es\/destinations\/los-haitises-national-park-tickets-tours\/\" target=\"_blank\" rel=\"noopener\" data-saferedirecturl=\"https:\/\/www.google.com\/url?q=https:\/\/tourwhales.com\/destinations\/los-haitises-national-park-tickets-tours\/&amp;source=gmail&amp;ust=1637749313206000&amp;usg=AOvVaw2iM1LFDbYv-Gthna0qZt2n\">haitianos<\/a> y Cayo Levantado. Tambi\u00e9n en la temporada de avistamiento de ballenas, puede usar el bote para ver las ballenas en la bah\u00eda de Saman\u00e1.<\/p>\n<p>Incluye tripulaci\u00f3n, combustible y enfriador de hielo.<\/p>\n<p>Opciones de comida disponibles por un precio extra:<\/p>\n<p><strong>Detalles del almuerzo Buffet Tradicional, $15 USD pp:<\/strong><\/p>\n<p>-Ensalada verde<br \/>\n-Pan de molde<br \/>\n-Moro de Guandule (Arroz a la Dominicana) con Coco<br \/>\n\u2013 Pasta en salsa de tomate<br \/>\n-Cazuelas de Yuca<br \/>\n-Pescado y pollo a la parrilla (dorado) + salsa de leche de coco opcional<br \/>\n-Fruta fresca<br \/>\n-1 bebida no alcoh\u00f3lica (refresco o agua)<br \/>\n-Caf\u00e9<\/p>\n<p><strong>Servicio Adicional de Langosta + Dulce de Coco $19 USD (adicional).<\/strong><\/p>\n<\/div>\n<p><label>Incluye:<\/label>\u00a0Otros servicios incluidos (Tripulaci\u00f3n, Combustible y Nevera con hielo incluida)<\/p>\n<p><label>No incluido:<\/label>\u00a0Las bebidas o la comida NO est\u00e1n incluidas.<\/p>\n<p><label>Incluir combustible:<\/label>\u00a0S\u00ed<\/p>\n<\/div>\n<p>Contact us by Whatsapp: +18494995063. Best price online&#8230;<\/p>\n<p>&nbsp;<\/p>\n<h4><b><i>Pol\u00edtica de cancelaci\u00f3n<\/i><\/b><\/h4>\n<p>Para obtener un reembolso completo, lea nuestras Pol\u00edticas de cancelaci\u00f3n\u00a0<a href=\"https:\/\/tourwhales.com\/es\/online-booking\/\" target=\"_blank\" rel=\"noopener\" data-saferedirecturl=\"https:\/\/www.google.com\/url?q=https:\/\/tourwhales.com\/online-booking\/&amp;source=gmail&amp;ust=1672449202351000&amp;usg=AOvVaw1yAeVAPktmaVCqDujgUn90\">haga clic aqu\u00ed<\/a>. Los fondos se perder\u00e1n si la reserva se cancela el mismo d\u00eda del viaje.<\/p>\n\n\t\t<\/div>\n\t<\/div>\n<\/div><\/div><\/div><\/div><div class=\"vc_row wpb_row vc_row-fluid\" ><div class=\"wpb_column vc_column_container vc_col-sm-12\"><div class=\"vc_column-inner\"><div class=\"wpb_wrapper\"><div class=\"vc_btn3-container vc_btn3-inline\" ><button class=\"vc_general vc_btn3 vc_btn3-size-md vc_btn3-shape-rounded vc_btn3-style-modern vc_btn3-color-green\">RESERVAR AHORA<\/button><\/div><\/div><\/div><\/div><\/div>\n<\/section>","protected":false},"excerpt":{"rendered":"<p>Lancha r\u00e1pida privada (Lancha) Bah\u00eda de Saman\u00e1 Alquile esta fabulosa lancha r\u00e1pida durante todo el d\u00eda para hasta 5 personas para visitar la <a href=\"https:\/\/tourwhales.com\/es\/destinations\/los-haitises-national-park-tickets-tours\/\" target=\"_blank\" rel=\"noopener\" data-saferedirecturl=\"https:\/\/www.google.com\/url?q=https:\/\/tourwhales.com\/destinations\/los-haitises-national-park-tickets-tours\/&amp;source=gmail&amp;ust=1637749313206000&amp;usg=AOvVaw2iM1LFDbYv-Gthna0qZt2n\">haitianos<\/a> y Cayo Levantado. Tambi\u00e9n en la temporada de avistamiento de ballenas, puede usar el bote para ver las ballenas en la bah\u00eda de Saman\u00e1.<\/p>","protected":false},"featured_media":12415,"template":"","meta":[],"product_cat":[1054,841,1000],"product_tag":[842,843,844,845],"class_list":["post-13398","product","type-product","status-publish","has-post-thumbnail","hentry","product_cat-private-speed-boat-lancha-samana-bay","product_cat-rent-catamaran-or-boat-samana","product_cat-ultimo2022","product_tag-catamaran-for-renting-samana","product_tag-samana-boat-rentals","product_tag-samana-catamaran","product_tag-samana-rentals"],"_links":{"self":[{"href":"https:\/\/tourwhales.com\/es\/wp-json\/wp\/v2\/product\/13398","targetHints":{"allow":["GET"]}}],"collection":[{"href":"https:\/\/tourwhales.com\/es\/wp-json\/wp\/v2\/product"}],"about":[{"href":"https:\/\/tourwhales.com\/es\/wp-json\/wp\/v2\/types\/product"}],"wp:featuredmedia":[{"embeddable":true,"href":"https:\/\/tourwhales.com\/es\/wp-json\/wp\/v2\/media\/12415"}],"wp:attachment":[{"href":"https:\/\/tourwhales.com\/es\/wp-json\/wp\/v2\/media?parent=13398"}],"wp:term":[{"taxonomy":"product_cat","embeddable":true,"href":"https:\/\/tourwhales.com\/es\/wp-json\/wp\/v2\/product_cat?post=13398"},{"taxonomy":"product_tag","embeddable":true,"href":"https:\/\/tourwhales.com\/es\/wp-json\/wp\/v2\/product_tag?post=13398"}],"curies":[{"name":"wp","href":"https:\/\/api.w.org\/{rel}","templated":true}]}}