
{"id":12911,"date":"2021-09-01T21:33:32","date_gmt":"2021-09-01T21:33:32","guid":{"rendered":"https:\/\/tourwhales.com\/?post_type=product&#038;p=12911"},"modified":"2024-10-17T23:39:15","modified_gmt":"2024-10-17T23:39:15","slug":"samana-whales-tour-with-bacardi-island-and-limon-waterfall","status":"publish","type":"product","link":"https:\/\/tourwhales.com\/es\/Tours-Excursions\/fees-entrace\/samana-whales-tour-with-bacardi-island-and-limon-waterfall\/","title":{"rendered":"Tour de Ballenas de Saman\u00e1 con Isla Bacard\u00ed y Cascada de Lim\u00f3n"},"content":{"rendered":"<section class=\"wpb-content-wrapper\"><div class=\"wpb_column vc_column_container vc_col-sm-12\"><div class=\"vc_column-inner\"><div class=\"wpb_wrapper\"><\/div><\/div><\/div><div class=\"vc_row wpb_row vc_row-fluid\" ><div class=\"wpb_column vc_column_container vc_col-sm-12\"><div class=\"vc_column-inner\"><div class=\"wpb_wrapper\">\n\t<div class=\"wpb_text_column wpb_content_element\" >\n\t\t<div class=\"wpb_wrapper\">\n\t\t\t<div class=\"vc_row wpb_row vc_row-fluid\">\n<div class=\"wpb_column vc_column_container vc_col-sm-12\">\n<div class=\"vc_column-inner\">\n<div class=\"wpb_wrapper\">\n<div class=\"wpb_text_column wpb_content_element\">\n<div class=\"wpb_wrapper\">\n<div class=\"vc_row wpb_row vc_row-fluid\">\n<div class=\"wpb_column vc_column_container vc_col-sm-12\">\n<div class=\"vc_column-inner\">\n<div class=\"wpb_wrapper\">\n<div class=\"wpb_text_column wpb_content_element\">\n<div class=\"wpb_wrapper\">\n<h2>Cayo Levantado m\u00e1s Safari a las Cascadas El Lim\u00f3n<\/h2>\n<h4><b><i>RESUMEN\ud83d\udc33<\/i><\/b><\/h4>\n<p>Whale Punta Cana, avistamiento de ballenas en la Bah\u00eda de Saman\u00e1 y visita a Cayo Levantado m\u00e1s Safari a las Cascadas de El Lim\u00f3n durante esta excursi\u00f3n de d\u00eda completo desde los hoteles de Punta Cana. Viaje a la bah\u00eda de Saman\u00e1 a bordo de un c\u00f3modo autocar con aire acondicionado, luego transfiera a un catamar\u00e1n en bote en Miches. Navegue en aguas abiertas para buscar grupos de ballenas jorobadas que visitan el \u00e1rea para reproducirse y tener sus cr\u00edas. Aprende sobre el comportamiento y la biolog\u00eda de estos mam\u00edferos marinos con tu gu\u00eda naturalista experto. Contin\u00fae hacia Cayo Levantado \/ Isla Bacard\u00ed, para almorzar en la playa y darse un chapuz\u00f3n en las aguas azules despu\u00e9s de este viaje de Safari a las Cataratas del Lim\u00f3n con cabalgatas por el bosque de cocoteros antes de regresar a Punta Cana.<\/p>\n<p>&nbsp;<\/p>\n<p><strong>Nota:<\/strong>\u00a0Este tour no es Privado. Este tour ha incluido la parada en\u00a0<strong>Cascada Lim\u00f3n<\/strong>. Para reservar el mismo viaje y no ir a las cascadas por favor\u00a0<a href=\"https:\/\/tourwhales.com\/es\/Tours-Excursions\/tours-excursions-samana-bay-dominican-republic\/whale-watching-2020-in-punta-cana-to-samana-bay-cayo-levantado-bacardi-island-from-hotels\/\">HAGA CLIC AQU\u00cd.<\/a><\/p>\n<ul>\n<li>Viaje de avistamiento de ballenas<\/li>\n<li>Isla Bacard\u00ed \/ Cayo Levantado<\/li>\n<li>Entradas al Observatorio<\/li>\n<li>Saman\u00e1 Safari<\/li>\n<li>Cabalgata Cascadas El Lim\u00f3n<\/li>\n<li>Incluye Almuerzo Buffet en la playa<\/li>\n<li>Traslado en barco<\/li>\n<li>El Capit\u00e1n proporciona instrucci\u00f3n y Supervisi\u00f3n.<\/li>\n<li>Gu\u00eda tur\u00edstico<\/li>\n<\/ul>\n<p>&nbsp;<\/p>\n<h4><b>Inclusiones y Exclusiones<\/b><\/h4>\n<p>&nbsp;<\/p>\n<p><b>Inclusiones<\/b><\/p>\n<p>&nbsp;<\/p>\n<ol>\n<li>Almuerzo buffet en la playa<\/li>\n<li>Traslado Desde Hoteles<\/li>\n<li>Gu\u00eda tur\u00edstico<\/li>\n<li>Paseo en Catamar\u00e1n o Barco<\/li>\n<li>Todos los impuestos, tasas y gastos de tramitaci\u00f3n<\/li>\n<li>Impuestos locales<\/li>\n<li>Bebidas<\/li>\n<\/ol>\n<p><b>Exclusiones<\/b><\/p>\n<ol>\n<li>Propinas<\/li>\n<\/ol>\n<p>&nbsp;<\/p>\n<h4><em><strong>Salida y Regreso<\/strong><\/em><\/h4>\n<p>Se ofrece recogida en el hotel para este tour. En Notas, solo escriba el nombre del hotel para que lo recoja. Recogemos en todos los Hoteles de Punta Cana.<\/p>\n<p>&nbsp;<\/p>\n<h3>Avistamiento de Ballenas en Saman\u00e1 + Cayo Levantado (Isla Bacard\u00ed) + Cascadas de Lim\u00f3n desde Hoteles en Punta Cana.<\/h3>\n<h4><b><i>\u00bfQue esperar?<\/i><\/b><\/h4>\n<p>Ac\u00e9rquese a los gentiles gigantes del mar de la Rep\u00fablica Dominicana durante esta excursi\u00f3n de avistamiento de ballenas jorobadas de 12 horas en la Bah\u00eda de S\u00e1mana. Pasa un d\u00eda inolvidable observando las miles de ballenas que acuden a la isla cada a\u00f1o para aparearse, alimentarse y jugar en sus c\u00e1lidas aguas tropicales. Mientras observa estas hermosas criaturas, disfrutar\u00e1 de informaci\u00f3n \u00fanica de su gu\u00eda experto en avistamiento de ballenas. Termine el d\u00eda con un almuerzo incluido y tiempo en la playa en la hermosa isla de Cayo Levantado. El transporte de ida y vuelta al hotel tambi\u00e9n est\u00e1 incluido.<\/p>\n<p>Desde las 9:00 am hasta las 12:00 del mediod\u00eda observatorio de avistamiento de ballenas y despu\u00e9s de este viaje de ballenas visitaremos la isla Bacard\u00ed \/ Cayo Levantado. En Isla Bacard\u00ed, se brindar\u00e1 Almuerzo Buffet al Estilo T\u00edpico Dominicano (Arroz, Frijoles, Pescado, Ensaladas\u2026). Al terminar el almuerzo, se le permite nadar y prepararse para ir a las cascadas de El Lim\u00f3n hasta las 4:30 p.m. El tour finalizar\u00e1 a las 5:00 pm en el mismo puerto desde donde se iniciar\u00e1 a bordo de nuestro Catamar\u00e1n y luego en autob\u00fas de regreso a los Hoteles de Punta Cana.<\/p>\n<p><strong>Calendario:<\/strong><\/p>\n<p>6:00 \u2013 7:00 Recojo de los clientes de los diferentes hoteles<br \/>\n07:00 Salida hacia Las Ca\u00f1itas en Sabana de la mar<br \/>\n08:15 Llegada al muelle privado<br \/>\n08:15 \u2013 8:40 Hora del desayuno (s\u00e1ndwiches, muffins, t\u00e9, caf\u00e9, jugos)<br \/>\n8:45 Embarque para iniciar nuestro viaje al santuario de las ballenas jorobadas en Saman\u00e1<br \/>\n11:00 B\u00fasqueda de ballenas por un per\u00edodo de 45 minutos: este es el horario que siguen las reglas del gobierno.<br \/>\n11:45 Dir\u00edgete a Cayo Levantado en la Bah\u00eda de Saman\u00e1<br \/>\n12:30 Llegada a Cayo Levantado<br \/>\n13:00 Hora del almuerzo (almuerzo buffet, t\u00edpico dominicano)*<br \/>\n13:45 \u2013 15:30 Tiempo libre en Cayo Levantado<br \/>\n15:00 \u2013 15:45 A bordo de nuevo direcci\u00f3n de regreso a Miches<br \/>\n17:00 Arribo a Miches y salida hacia los hoteles en Punta Cana<br \/>\n19:30 \u2013 20:00 Llegada a hoteles en Punta Cana<\/p>\n<p><strong>*Men\u00fa de Almuerzo (t\u00edpico dominicano)<br \/>\n<\/strong>Arroces, pollo a la plancha o pescado a la plancha, ensalada, verduras, fruta fresca.<\/p>\n<p><strong>*Los clientes que elijan agregar la parada en la cascada El Lim\u00f3n despu\u00e9s del avistamiento de ballenas se trasladar\u00e1n a la cascada y tendr\u00e1n menos tiempo para pasar en Cayo Levantado.<\/strong><\/p>\n<p>Este tour ha incluido la parada en\u00a0<strong>Cascada Lim\u00f3n<\/strong>. Para reservar el mismo viaje y no ir a las cascadas por favor\u00a0<a href=\"https:\/\/tourwhales.com\/es\/Tours-Excursions\/tours-excursions-samana-bay-dominican-republic\/whale-watching-2020-in-punta-cana-to-samana-bay-cayo-levantado-bacardi-island-from-hotels\/\">HAGA CLIC AQU\u00cd.<\/a><\/p>\n<p>&nbsp;<\/p>\n<h4><em><strong>\u00bfQu\u00e9 debes traer?<\/strong><\/em><\/h4>\n<ul>\n<li>C\u00e1mara<\/li>\n<li>Cogollos repelentes<\/li>\n<li>crema solar<\/li>\n<li>Sombrero<\/li>\n<li>Pantalones c\u00f3modos<\/li>\n<li>Sandalias a la playa<\/li>\n<li>Vestido nadador<\/li>\n<li>Dinero en efectivo para souvenirs y propinas.<\/li>\n<\/ul>\n<p>&nbsp;<\/p>\n<h4><b><i>Recogida en el hotel<\/i><\/b><\/h4>\n<p>Se ofrece recogida en el hotel para este tour. En Notas, solo escriba el nombre del hotel para que lo recoja. Recogemos en todos los Hoteles de Punta Cana.<\/p>\n<p>&nbsp;<\/p>\n<p><b>Nota:<\/b>\u00a0Si realiza la reserva dentro de las 24 horas anteriores a la hora de salida del tour\/excursi\u00f3n, podemos organizar la recogida en el hotel. Una vez que se complete su compra, le enviaremos la informaci\u00f3n de contacto completa (n\u00famero de tel\u00e9fono, direcci\u00f3n de correo electr\u00f3nico, etc.) para que nuestro gu\u00eda tur\u00edstico local organice los arreglos de recogida.<\/p>\n<h4><b><i>Confirmaci\u00f3n de informaci\u00f3n adicional<\/i><\/b><\/h4>\n<ol>\n<li>Los boletos son el Recibo despu\u00e9s de pagar este Tour. Puede mostrar el pago en su tel\u00e9fono.<\/li>\n<li>El Punto de Encuentro se recibir\u00e1 Despu\u00e9s del Proceso de Reserva.<\/li>\n<li>Los ni\u00f1os deben estar acompa\u00f1ados por un adulto.<\/li>\n<li>silla de ruedas accesible<\/li>\n<li>Los beb\u00e9s deben sentarse en el regazo<\/li>\n<li>La mayor\u00eda de los viajeros pueden participar<\/li>\n<\/ol>\n<h4><b><i>Pol\u00edtica de cancelaci\u00f3n<\/i><\/b><\/h4>\n<p>Para obtener un reembolso completo, lea nuestras Pol\u00edticas de cancelaci\u00f3n\u00a0<a href=\"https:\/\/tourwhales.com\/es\/online-booking\/\" target=\"_blank\" rel=\"noopener\" data-saferedirecturl=\"https:\/\/www.google.com\/url?q=https:\/\/tourwhales.com\/online-booking\/&amp;source=gmail&amp;ust=1672449202351000&amp;usg=AOvVaw1yAeVAPktmaVCqDujgUn90\">haga clic aqu\u00ed<\/a>. Los fondos se perder\u00e1n si la reserva se cancela el mismo d\u00eda del viaje.<\/p>\n<\/div>\n<\/div>\n<\/div>\n<\/div>\n<\/div>\n<\/div>\n<\/div>\n<\/div>\n<\/div>\n<\/div>\n<\/div>\n<\/div>\n<div class=\"vc_row wpb_row vc_row-fluid\">\n<div class=\"wpb_column vc_column_container vc_col-sm-12\">\n<div class=\"vc_column-inner\">\n<div class=\"wpb_wrapper\">\n<div class=\"vc_empty_space\"><\/div>\n<div class=\"wpb_text_column wpb_content_element\">\n<div class=\"wpb_wrapper\">\n<h4>\u00bfCont\u00e1ctenos?<\/h4>\n<h5><b><i>TOUR BALLENAS SAMANA<\/i><\/b><\/h5>\n<p><em><strong>Locales<\/strong>\u00a0y\u00a0<strong>Nacionales<\/strong>\u00a0Gu\u00edas tur\u00edsticos y servicios para hu\u00e9spedes<\/em><\/p>\n<p><span class=\"text-turquoise\">Reservas:<\/span>\u00a0Tours y Excursiones en Dom. Reps.<\/p>\n<p>\ud83d\udcde Tel \/ Whatsapp\u00a0\u00a0<a href=\"tel:+18494995063\">+18494995063<\/a>.<\/p>\n<p>\ud83d\udce9\u00a0<a href=\"mailto:info@bookingadventures.com.do\">info@bookingadventures.com.do<\/a><\/p>\n<p><strong>Somos Tours Privados de Ambiente Flexible por Whatsapp:\u00a0<a href=\"tel:+18097206035\">+18097206035.<\/a><\/strong><\/p>\n<\/div>\n<\/div>\n<\/div>\n<\/div>\n<\/div>\n<\/div>\n\n\t\t<\/div>\n\t<\/div>\n<\/div><\/div><\/div><\/div>\n<\/section>","protected":false},"excerpt":{"rendered":"<p><span style=\"vertical-align: inherit;\"><span style=\"vertical-align: inherit;\">Desde los hoteles de Punta Cana disfrutaremos de los bellos paisajes de la Cordillera Oriental mientras nos dirigimos hacia el norte de Punta Cana antes de llegar al peque\u00f1o pueblo pesquero de Miches en la costa sur de la Bah\u00eda de Saman\u00e1. All\u00ed podr\u00e1 disfrutar de un r\u00e1pido desayuno antes de abordar el barco hacia Saman\u00e1. Navegaremos hacia las profundidades de la bah\u00eda para avistar ballenas. Primero llegaremos a Cayo Levantado, tambi\u00e9n conocida como Isla Bacard\u00ed por su gran parecido con las playas que alguna vez fueron utilizadas para sus famosos comerciales. Cayo Levantado es nada menos que un oasis tropical, una peque\u00f1a isla en medio del oc\u00e9ano con aguas turquesas y arenas blancas. Luego de esto un safari en la comunidad de Saman\u00e1 hasta las cascadas. En las Cataratas, el Lim\u00f3n se prepara para montar a caballo o hacer caminatas. Esta es una aventura completa y \u00fanica.<\/span><\/span><\/p>\n<p><em><strong>Selecciona la fecha del tour:<\/strong><\/em><\/p>","protected":false},"featured_media":12052,"template":"","meta":[],"product_cat":[948,655,960,956,159,664],"product_tag":[631,184,328,480,296,380,428,649,327,222,527,313,199,526,458,342,650,524,276,529,528,274,525],"class_list":["post-12911","product","type-product","status-publish","has-post-thumbnail","hentry","product_cat-1-punta-cana","product_cat-1-samana","product_cat-el-limon-hiking","product_cat-el-limon-samana","product_cat-fees-entrace","product_cat-whale-watching-punta-cana","product_tag-631","product_tag-bacardi-island","product_tag-cayo-levantado-day-pass","product_tag-cheap-punta-cana-excursions","product_tag-day-trip-punta-cana","product_tag-el-limon-waterfall-and-bacardi-island-tour-from-punta-cana","product_tag-half-day-whale-watching-miches","product_tag-limon-from-punta-cana","product_tag-private-tours-samana","product_tag-punta-cana","product_tag-punta-cana-activities","product_tag-punta-cana-tours","product_tag-samana-bay","product_tag-samana-day-trip","product_tag-samana-day-trip-from-punta-cana","product_tag-samana-whale-watching","product_tag-waterfalls-punta-cana","product_tag-whale-punta-cana","product_tag-whale-samana","product_tag-whale-watching-2020","product_tag-whale-watching-2020-in-punta-cana-to-samana-bay-cayo-levantado-bacardi-island-from-hotels","product_tag-whale-watching-dominican-republic","product_tag-whale-watching-punta-cana"],"_links":{"self":[{"href":"https:\/\/tourwhales.com\/es\/wp-json\/wp\/v2\/product\/12911","targetHints":{"allow":["GET"]}}],"collection":[{"href":"https:\/\/tourwhales.com\/es\/wp-json\/wp\/v2\/product"}],"about":[{"href":"https:\/\/tourwhales.com\/es\/wp-json\/wp\/v2\/types\/product"}],"wp:featuredmedia":[{"embeddable":true,"href":"https:\/\/tourwhales.com\/es\/wp-json\/wp\/v2\/media\/12052"}],"wp:attachment":[{"href":"https:\/\/tourwhales.com\/es\/wp-json\/wp\/v2\/media?parent=12911"}],"wp:term":[{"taxonomy":"product_cat","embeddable":true,"href":"https:\/\/tourwhales.com\/es\/wp-json\/wp\/v2\/product_cat?post=12911"},{"taxonomy":"product_tag","embeddable":true,"href":"https:\/\/tourwhales.com\/es\/wp-json\/wp\/v2\/product_tag?post=12911"}],"curies":[{"name":"wp","href":"https:\/\/api.w.org\/{rel}","templated":true}]}}