
{"id":12436,"date":"2021-03-24T09:58:12","date_gmt":"2021-03-24T09:58:12","guid":{"rendered":"https:\/\/tourwhales.com\/?post_type=product&#038;p=12436"},"modified":"2024-10-17T23:39:17","modified_gmt":"2024-10-17T23:39:17","slug":"saona-island-rentals-rent-a-private-boat","status":"publish","type":"product","link":"https:\/\/tourwhales.com\/es\/Tours-Excursions\/rent-private-boat-saona-island\/saona-island-rentals-rent-a-private-boat\/","title":{"rendered":"Saona Island Rentals \u2013 Alquila un barco privado"},"content":{"rendered":"<section class=\"wpb-content-wrapper\"><div class=\"vc_row wpb_row vc_row-fluid\" > <div class=\"wpb_column vc_column_container vc_col-sm-12\"><div class=\"vc_column-inner\"><div class=\"wpb_wrapper\"> \n\t<div class=\"wpb_text_column wpb_content_element\" >\n\t\t<div class=\"wpb_wrapper\">\n\t\t\t\n\t\t<\/div>\n\t<\/div>\n <\/div><\/div><\/div> <\/div> <div class=\"wpb_column vc_column_container vc_col-sm-12\"><div class=\"vc_column-inner\"><div class=\"wpb_wrapper\"> <div class=\"vc_btn3-container vc_btn3-inline\" ><button class=\"vc_general vc_btn3 vc_btn3-size-md vc_btn3-shape-rounded vc_btn3-style-modern vc_btn3-color-green\">RESERVAR AHORA<\/button><\/div> <\/div><\/div><\/div> <div class=\"vc_tta-container\" data-vc-action=\"collapse\"><div class=\"vc_general vc_tta vc_tta-tabs vc_tta-color-grey vc_tta-style-classic vc_tta-shape-rounded vc_tta-spacing-1 vc_tta-tabs-position-top vc_tta-controls-align-left\"><div class=\"vc_tta-tabs-container\"><ul class=\"vc_tta-tabs-list\"><\/ul><\/div><div class=\"vc_tta-panels-container\"><div class=\"vc_tta-panels\"> <\/div><\/div><\/div><\/div> <div class=\"vc_tta-panel vc_active\" id=\"1616582286467-74629ea8-fd69\" data-vc-content=\".vc_tta-panel-body\"><div class=\"vc_tta-panel-heading\"><h4 class=\"vc_tta-panel-title\"><a href=\"#1616582286467-74629ea8-fd69\" data-vc-accordion data-vc-container=\".vc_tta-container\"><span class=\"vc_tta-title-text\">Descripcion<\/span><\/a><\/h4><\/div><div class=\"vc_tta-panel-body\"> \n\t<div class=\"wpb_text_column wpb_content_element\" >\n\t\t<div class=\"wpb_wrapper\">\n\t\t\t<div class=\"custom-left\">\n<div class=\"row\">\n<div class=\"col-md-12 cust-clas\">\n<div class=\"product-header alignleft\">\n<p>ISLA SAONA \u2013 BARCO \u2013 ALQUILER<\/p>\n<p>CH\u00c1RTER PRIVADO DE D\u00cdA COMPLETO A LA ISLA SAONA<\/p>\n<p>DURACI\u00d3N FLEXIBLE \u2013 LUNES A DOMINGO<\/p>\n<\/div>\n<\/div>\n<\/div>\n<\/div>\n<div class=\"custom-left para-p\">\n<div class=\"info_content_label\">\n<p>&nbsp;<\/p>\n<p>&nbsp;<\/p>\n<p>&nbsp;<\/p>\n<p>&nbsp;<\/p>\n<p>Alquile este fabuloso barco durante todo el d\u00eda para un m\u00e1ximo de 16 personas para visitar la isla Saona.<\/p>\n<p><strong>INCLUIDO<\/strong><\/p>\n<ul>\n<li>Tripulaci\u00f3n (capit\u00e1n y ayudante de capit\u00e1n)<\/li>\n<li>Combustible<\/li>\n<li>Hielera con hielo<\/li>\n<\/ul>\n<p>La comida est\u00e1 disponible por un cargo adicional:<\/p>\n<p><strong>Detalles del almuerzo buffet tradicional, $15 USD p\/p:<\/strong><\/p>\n<p>-Ensalada verde, ensalada rusa<\/p>\n<p>-Caballero<\/p>\n<p>-Moro de Guandule (arroz a la dominicana) con coco<\/p>\n<p>-Pasta con salsa de tomate-Cacerolas de mandioca<\/p>\n<p>-Pescado y pollo a la plancha (dorado) + salsa de leche de coco opcional<\/p>\n<p>-Fruta fresca-1 bebida no alcoh\u00f3lica (refresco o agua)<br \/>\n-Cafeter\u00eda<\/p>\n<p><strong>Servicio adicional de langosta + dulce de coco $19 USD (adicional).<\/strong><\/p>\n<\/div>\n<p><strong><label>No incluido:<\/label><\/strong> Las bebidas y la comida NO est\u00e1n incluidas y se pueden organizar por un costo adicional.<\/p>\n<p>&nbsp;<\/p>\n<\/div>\n<p>If you need more information or have any questions, do not hesitate to contact us by Whatsapp: +18494995063 or live chat. We offer the best price online!<\/p>\n<p>&nbsp;<\/p>\n<h4><b><i>Pol\u00edtica de cancelaci\u00f3n<\/i><\/b><\/h4>\n<p>Para obtener un reembolso completo, lea nuestras pol\u00edticas de cancelaci\u00f3n <a href=\"https:\/\/tourwhales.com\/es\/online-booking\/\" target=\"_blank\" rel=\"noopener\" data-saferedirecturl=\"https:\/\/www.google.com\/url?q=https:\/\/tourwhales.com\/online-booking\/&amp;source=gmail&amp;ust=1672449202351000&amp;usg=AOvVaw1yAeVAPktmaVCqDujgUn90\">haga clic aqu\u00ed<\/a>. Los fondos se perder\u00e1n si la reserva se cancela el mismo d\u00eda del viaje. <\/p>\n\n\t\t<\/div>\n\t<\/div>\n <\/div><\/div> <div class=\"vc_tta-panel\" id=\"1616580432722-00be9baf-46e3\" data-vc-content=\".vc_tta-panel-body\"><div class=\"vc_tta-panel-heading\"><h4 class=\"vc_tta-panel-title\"><a href=\"#1616580432722-00be9baf-46e3\" data-vc-accordion data-vc-container=\".vc_tta-container\"><span class=\"vc_tta-title-text\">Precios<\/span><\/a><\/h4><\/div><div class=\"vc_tta-panel-body\"> <\/div><\/div> <div class=\"mkdf-section-title-holder\" style=\"text-align: center\">\n\t<div class=\"mkdf-st-inner\">\n\t\t\t\t\t\t\t<h3 class=\"mkdf-st-title\" >\n\t\t\t\tPRECIOS\t\t\t<\/h3>\n\t\t\t\t\t<\/div>\n<\/div> <div class=\"vc_empty_space\"   style=\"height: 32px\"><span class=\"vc_empty_space_inner\"><\/span><\/div> <div class=\"vc_row wpb_row vc_row-fluid\" > <div class=\"wpb_column vc_column_container vc_col-sm-12\"><div class=\"vc_column-inner\"><div class=\"wpb_wrapper\"> <div class=\"vc_btn3-container vc_btn3-inline\" ><button class=\"vc_general vc_btn3 vc_btn3-size-md vc_btn3-shape-rounded vc_btn3-style-modern vc_btn3-color-green\">RESERVAR AHORA<\/button><\/div> <\/div><\/div><\/div> <\/div>\n<\/section>","protected":false},"excerpt":{"rendered":"<p>Alquiler de barcos en la isla Saona: alquile un barco privado, yate, velero, catamar\u00e1n y explore la isla Saona. Saona Top Tours en Barco y Excursiones en Catamar\u00e1n desde el Puerto de Bayahibe en Rep\u00fablica Dominicana\u2026 Al principio era una Empresa de Alquiler de Barcos para el turismo local.<\/p>\n<p><strong>Reserva tu Barco Privado:\u00a0<\/strong><\/p>","protected":false},"featured_media":11544,"template":"","meta":[],"product_cat":[871],"product_tag":[874,875,872,876,873],"class_list":["post-12436","product","type-product","status-publish","has-post-thumbnail","hentry","product_cat-rent-private-boat-saona-island","product_tag-saona-island-boat-rent","product_tag-saona-island-boat-rentals","product_tag-saona-island-boat-renting","product_tag-saona-island-private-boat","product_tag-saona-island-rentals"],"_links":{"self":[{"href":"https:\/\/tourwhales.com\/es\/wp-json\/wp\/v2\/product\/12436","targetHints":{"allow":["GET"]}}],"collection":[{"href":"https:\/\/tourwhales.com\/es\/wp-json\/wp\/v2\/product"}],"about":[{"href":"https:\/\/tourwhales.com\/es\/wp-json\/wp\/v2\/types\/product"}],"wp:featuredmedia":[{"embeddable":true,"href":"https:\/\/tourwhales.com\/es\/wp-json\/wp\/v2\/media\/11544"}],"wp:attachment":[{"href":"https:\/\/tourwhales.com\/es\/wp-json\/wp\/v2\/media?parent=12436"}],"wp:term":[{"taxonomy":"product_cat","embeddable":true,"href":"https:\/\/tourwhales.com\/es\/wp-json\/wp\/v2\/product_cat?post=12436"},{"taxonomy":"product_tag","embeddable":true,"href":"https:\/\/tourwhales.com\/es\/wp-json\/wp\/v2\/product_tag?post=12436"}],"curies":[{"name":"wp","href":"https:\/\/api.w.org\/{rel}","templated":true}]}}