
{"id":12214,"date":"2021-03-03T18:41:33","date_gmt":"2021-03-03T18:41:33","guid":{"rendered":"https:\/\/tourwhales.com\/?post_type=product&#038;p=12214"},"modified":"2024-10-17T23:39:18","modified_gmt":"2024-10-17T23:39:18","slug":"tainos-canoe-in-los-haitises-national-park","status":"publish","type":"product","link":"https:\/\/tourwhales.com\/es\/Tours-Excursions\/tours-excursions-los-haitises-national-park\/tainos-canoe-in-los-haitises-national-park\/","title":{"rendered":"Canoa Ta\u00edna Los Haitises"},"content":{"rendered":"<section class=\"wpb-content-wrapper\"><div class=\"vc_row wpb_row vc_row-fluid\" ><div class=\"wpb_column vc_column_container vc_col-sm-12\"><div class=\"vc_column-inner\"><div class=\"wpb_wrapper\"><div class=\"vc_empty_space\"   style=\"height: 32px\"><span class=\"vc_empty_space_inner\"><\/span><\/div><\/div><\/div><\/div><\/div><div class=\"vc_row wpb_row vc_row-fluid\" ><div class=\"wpb_column vc_column_container vc_col-sm-12\"><div class=\"vc_column-inner\"><div class=\"wpb_wrapper\"><div class=\"mkdf-section-title-holder\" style=\"text-align: left\">\n\t<div class=\"mkdf-st-inner\">\n\t\t\t\t\t<h5 class=\"mkdf-st-subtitle\" >\n\t\t\t\tCanoas Aventura\t\t\t<\/h5>\n\t\t\t\t\t\t\t<h3 class=\"mkdf-st-title\" >\n\t\t\t\tCanoa de Taino en el Parque Nacional Los Haitises\t\t\t<\/h3>\n\t\t\t\t\t<\/div>\n<\/div><\/div><\/div><\/div><\/div><div class=\"vc_row wpb_row vc_row-fluid\" ><div class=\"wpb_column vc_column_container vc_col-sm-12\"><div class=\"vc_column-inner\"><div class=\"wpb_wrapper\"><div class=\"vc_empty_space\"   style=\"height: 32px\"><span class=\"vc_empty_space_inner\"><\/span><\/div><\/div><\/div><\/div><\/div><div class=\"vc_row wpb_row vc_row-fluid\" ><div class=\"wpb_column vc_column_container vc_col-sm-12\"><div class=\"vc_column-inner\"><div class=\"wpb_wrapper\"><div class=\"vc_btn3-container vc_btn3-inline\" ><button class=\"vc_general vc_btn3 vc_btn3-size-md vc_btn3-shape-rounded vc_btn3-style-modern vc_btn3-color-green\">RESERVAR AHORA<\/button><\/div>\n\t<div class=\"wpb_text_column wpb_content_element\" >\n\t\t<div class=\"wpb_wrapper\">\n\t\t\t<h4><b><i>Descripci\u00f3n general <\/i><\/b><\/h4>\n<p><span style=\"font-weight: 400;\">\u00bfTienes curiosidad por la vida cotidiana de los ta\u00ednos? Con la actividad Taino Adventure, ser\u00e1s transportado en el tiempo para experimentar el mundo de los pueblos ind\u00edgenas de la Rep\u00fablica Dominicana.\u00a0<\/span><\/p>\n<p><span style=\"font-weight: 400;\">Podr\u00eda decirse que la canoa era la parte m\u00e1s importante de la vida de los ta\u00ednos. Con \u00e9l, pescaron, viajaron a islas m\u00e1s peque\u00f1as, se comunicaron con otras tribus y visitaron a los chamanes para realizar rituales, curar y profetizar. En Booking Adventures queremos sumergirte en el mundo de los ta\u00ednos.\u00a0 <\/span><\/p>\n<p>&nbsp;<\/p>\n<h4><b>Inclusiones y Exclusiones<\/b><\/h4>\n<p><b>Inclusiones<\/b><\/p>\n<ol>\n<li style=\"font-weight: 400;\">Paseo en canoas<\/li>\n<li>Camiseta Gratis con Pictograma de Taino<\/li>\n<li>Sabor a pan casabe<\/li>\n<li>Visitas a cuevas<\/li>\n<li style=\"font-weight: 400;\"><span style=\"font-weight: 400;\">Todos los impuestos, tasas y gastos de tramitaci\u00f3n<\/span><\/li>\n<li style=\"font-weight: 400;\"><span style=\"font-weight: 400;\">Impuestos locales<\/span><\/li>\n<li style=\"font-weight: 400;\"><span style=\"font-weight: 400;\">Gu\u00eda local<\/span><\/li>\n<\/ol>\n<p><b> Exclusiones<\/b><\/p>\n<ol>\n<li style=\"font-weight: 400;\"><span style=\"font-weight: 400;\">Propinas<\/span><\/li>\n<li style=\"font-weight: 400;\"><span style=\"font-weight: 400;\">Transferir<\/span><\/li>\n<li>El almuerzo no est\u00e1 incluido.<\/li>\n<li style=\"font-weight: 400;\"><span style=\"font-weight: 400;\">Bebidas alcoh\u00f3licas<\/span><\/li>\n<\/ol>\n<p>&nbsp;<\/p>\n<h4><em><strong>Salida y Regreso<\/strong><\/em><\/h4>\n<p><span style=\"font-weight: 400;\">El viajero obtendr\u00e1 un punto de encuentro despu\u00e9s del Proceso de Reserva. Los tours comienzan y terminan en nuestros puntos de encuentro.<\/span><\/p>\n<h4><b><i>\u00bfQue esperar?<\/i><\/b><\/h4>\n<p><span style=\"font-weight: 400;\">En esta actividad, te embarcar\u00e1s en las canoas artesanales, tal como lo hac\u00edan los ta\u00ednos. Escuchar\u00e1 muchos de los sonidos que marcaron su conexi\u00f3n con la naturaleza: la llamada de las grullas, el chapuz\u00f3n de los cangrejos en el agua y el suave chapoteo de las olas contra las formaciones rocosas naturales. Los arcos de las ra\u00edces de los manglares te recordar\u00e1n a las catedrales y, de hecho, los ta\u00ednos (aunque no ten\u00edan iglesias) eran profundamente espirituales. Una vez que hayas salido con nuestro gu\u00eda, disfrutar\u00e1s de la rica variedad de aves, reptiles y peces de los manglares. Deslumbrado por el brillo de las olas gui\u00f1ando la luz de la ma\u00f1ana, las monta\u00f1as de Saman\u00e1 a lo lejos, y el verde esmeralda de las palmeras meci\u00e9ndose.\u00a0\u00a0<\/span><\/p>\n<p><span style=\"font-weight: 400;\">A continuaci\u00f3n, podr\u00e1 visitar algunas de las cuevas que fueron especialmente importantes para los ta\u00ednos. Viajaban de cueva en cueva para visitar a los reyes magos, refugiarse de los huracanes y ser puntos de encuentro con otras tribus. Una vez que est\u00e9s en las cuevas, podr\u00e1s apreciar el silencio y el aura sagrada del espacio. Ver\u00e1s algunos de los grabados en roca, llamados petroglifos, que representan a sus deidades y esp\u00edritus. Finalmente, podr\u00e1 probar algunas de las mismas frutas tropicales que recolectaron los ta\u00ednos antes de regresar al punto de encuentro.\u00a0<\/span><\/p>\n<p><span style=\"font-weight: 400;\">En este recorrido, nuestros gu\u00edas expertos describir\u00e1n los m\u00faltiples usos de la canoa, c\u00f3mo viv\u00edan los ta\u00ednos antes de la \u00e9poca de Col\u00f3n y c\u00f3mo el bosque de manglares es esencial para la salud del medio ambiente.\u00a0<\/span><\/p>\n<p>&nbsp;<\/p>\n<h4><em><strong>\u00bfQu\u00e9 debes traer?<\/strong><\/em><\/h4>\n<ul>\n<li style=\"font-weight: 400;\"><span style=\"font-weight: 400;\">C\u00e1mara<\/span><\/li>\n<li style=\"font-weight: 400;\"><span style=\"font-weight: 400;\">Cogollos repelentes<\/span><\/li>\n<li style=\"font-weight: 400;\"><span style=\"font-weight: 400;\">crema solar<\/span><\/li>\n<li style=\"font-weight: 400;\"><span style=\"font-weight: 400;\">Sombrero<\/span><\/li>\n<li style=\"font-weight: 400;\"><span style=\"font-weight: 400;\">Pantalones c\u00f3modos<\/span><\/li>\n<li style=\"font-weight: 400;\"><span style=\"font-weight: 400;\">Sandalias o Zapatos para zonas con barro.\u00a0<\/span><\/li>\n<li style=\"font-weight: 400;\"><span style=\"font-weight: 400;\">Vestido nadador<\/span><\/li>\n<\/ul>\n<p>&nbsp;<\/p>\n<h4><b><i>Recogida en el hotel <\/i><\/b><\/h4>\n<p><span style=\"font-weight: 400;\">No se ofrece recogida en el hotel para este tour. <\/span><\/p>\n<p><b>Nota:<\/b><span style=\"font-weight: 400;\"> Si realiza la reserva dentro de las 24 horas anteriores a la hora de salida del tour\/excursi\u00f3n, podemos organizar la recogida en el hotel con cargos adicionales. Una vez que se complete su compra, le enviaremos la informaci\u00f3n de contacto completa (n\u00famero de tel\u00e9fono, direcci\u00f3n de correo electr\u00f3nico, etc.) para que nuestro gu\u00eda tur\u00edstico local organice los arreglos de recogida.<\/span><\/p>\n<h4><b><i>Confirmaci\u00f3n de informaci\u00f3n adicional <\/i><\/b><\/h4>\n<ol>\n<li>Los boletos son el Recibo despu\u00e9s de pagar por este Tour. Puede mostrar el pago en su tel\u00e9fono.<\/li>\n<li style=\"font-weight: 400;\"><span style=\"font-weight: 400;\">El Punto de Encuentro se recibir\u00e1 Despu\u00e9s del Proceso de Reserva.<\/span><\/li>\n<li style=\"font-weight: 400;\"><span style=\"font-weight: 400;\">Los ni\u00f1os deben estar acompa\u00f1ados por un adulto.<\/span><\/li>\n<li style=\"font-weight: 400;\"><span style=\"font-weight: 400;\"> No accesible para sillas de ruedas <\/span><\/li>\n<li style=\"font-weight: 400;\"><span style=\"font-weight: 400;\">Los beb\u00e9s deben sentarse en el regazo <\/span><\/li>\n<li style=\"font-weight: 400;\"><span style=\"font-weight: 400;\">No recomendado para viajeros con problemas de espalda.<\/span><\/li>\n<li style=\"font-weight: 400;\"><span style=\"font-weight: 400;\">No recomendado para viajeros embarazadas. <\/span><\/li>\n<li style=\"font-weight: 400;\"><span style=\"font-weight: 400;\"> Sin problemas card\u00edacos u otras condiciones m\u00e9dicas graves. <\/span><\/li>\n<li style=\"font-weight: 400;\"><span style=\"font-weight: 400;\">La mayor\u00eda de los viajeros pueden participar<\/span><\/li>\n<\/ol>\n<h4><b><i>Pol\u00edtica de cancelaci\u00f3n<\/i><\/b><\/h4>\n<p>Para obtener un reembolso completo, lea nuestras Pol\u00edticas de cancelaci\u00f3n\u00a0<a href=\"https:\/\/tourwhales.com\/es\/online-booking\/\" target=\"_blank\" rel=\"noopener\" data-saferedirecturl=\"https:\/\/www.google.com\/url?q=https:\/\/tourwhales.com\/online-booking\/&amp;source=gmail&amp;ust=1672449202351000&amp;usg=AOvVaw1yAeVAPktmaVCqDujgUn90\">haga clic aqu\u00ed<\/a>. Los fondos se perder\u00e1n si la reserva se cancela el mismo d\u00eda del viaje.<\/p>\n\n\t\t<\/div>\n\t<\/div>\n<\/div><\/div><\/div><\/div><div class=\"vc_row wpb_row vc_row-fluid\" ><div class=\"wpb_column vc_column_container vc_col-sm-12\"><div class=\"vc_column-inner\"><div class=\"wpb_wrapper\"><div class=\"vc_empty_space\"   style=\"height: 32px\"><span class=\"vc_empty_space_inner\"><\/span><\/div>\n\t<div class=\"wpb_text_column wpb_content_element\" >\n\t\t<div class=\"wpb_wrapper\">\n\t\t\t<h4>\u00bfCont\u00e1ctenos?<\/h4>\n<h5>Reservando Aventuras<\/h5>\n<p><em><strong>Locales<\/strong>\u00a0y\u00a0<strong>Nacionales<\/strong>\u00a0Gu\u00edas tur\u00edsticos y servicios para hu\u00e9spedes<\/em><\/p>\n<p><span class=\"text-turquoise\">Reservas:<\/span>\u00a0Tours y Excursiones en Dom. Reps.<\/p>\n<p><img decoding=\"async\" class=\"emoji\" draggable=\"false\" src=\"https:\/\/s.w.org\/images\/core\/emoji\/11.2.0\/svg\/1f4de.svg\" alt=\"\ud83d\udcde\" \/>\u00a0Tel\u00e9fono \/ Whatsapp\u00a0\u00a0<a href=\"tel:+18494995063\">+18494995063<\/a>.<\/p>\n<p><img decoding=\"async\" class=\"emoji\" draggable=\"false\" src=\"https:\/\/s.w.org\/images\/core\/emoji\/11.2.0\/svg\/1f4e9.svg\" alt=\"\ud83d\udce9\" \/>\u00a0<a href=\"mailto:info@bookingadventures.com.do\">info@bookingadventures.com.do<\/a><\/p>\n<p><strong>Somos Tours Privados de Ambiente Flexible por Whatsapp:\u00a0<a href=\"tel:+18097206035\">+18097206035.<\/a><\/strong><\/p>\n\n\t\t<\/div>\n\t<\/div>\n<div class=\"vc_empty_space\"   style=\"height: 32px\"><span class=\"vc_empty_space_inner\"><\/span><\/div><\/div><\/div><\/div><\/div><div class=\"vc_row wpb_row vc_row-fluid\" ><div class=\"wpb_column vc_column_container vc_col-sm-12\"><div class=\"vc_column-inner\"><div class=\"wpb_wrapper\"><div class=\"vc_btn3-container vc_btn3-inline\" ><button class=\"vc_general vc_btn3 vc_btn3-size-md vc_btn3-shape-rounded vc_btn3-style-modern vc_btn3-color-green\">RESERVAR AHORA<\/button><\/div><\/div><\/div><\/div><\/div>\n<\/section>","protected":false},"excerpt":{"rendered":"<p><span style=\"font-weight: 400;\">En esta actividad, te embarcar\u00e1s en las canoas artesanales, tal como lo hac\u00edan los ta\u00ednos. Escuchar\u00e1 muchos de los sonidos que marcaron su conexi\u00f3n con la naturaleza: la llamada de las grullas, el chapuz\u00f3n de los cangrejos en el agua y el suave chapoteo de las olas contra las formaciones rocosas naturales. Los arcos de las ra\u00edces de los manglares te recordar\u00e1n a las catedrales y, de hecho, los ta\u00ednos (aunque no ten\u00edan iglesias) eran profundamente espirituales. Una vez que hayas salido con nuestro gu\u00eda, disfrutar\u00e1s de la rica variedad de aves, reptiles y peces de los manglares. Deslumbrado por el brillo de las olas gui\u00f1ando la luz de la ma\u00f1ana, las monta\u00f1as de Saman\u00e1 a lo lejos, y el verde esmeralda de las palmeras meci\u00e9ndose.\u00a0 <\/span><\/p>\n<p>&nbsp;<\/p>\n<p><strong>Seleccione la fecha para el Tour:<\/strong><\/p>","protected":false},"featured_media":12220,"template":"","meta":[],"product_cat":[946,867,838,926,254,255],"product_tag":[176,211,868,869,192,319,208,206,207,171,209,426,837,327,175,199,200],"class_list":["post-12214","product","type-product","status-publish","has-post-thumbnail","hentry","product_cat-1-sabana-de-la-mar","product_cat-los-haitises","product_cat-mangroves-projects","product_cat-tainos-canoes","product_cat-tours-excursions-los-haitises-national-park","product_cat-tours-excursions-samana-bay-dominican-republic","product_tag-cano-hondo","product_tag-cano-hondo-hotel","product_tag-canoes","product_tag-canoes-dominican-republic","product_tag-day-tour-cano-hondo","product_tag-kayak-dominican-republic","product_tag-kayaking-dominican-republic","product_tag-kayaking-los-haitises","product_tag-kayaks","product_tag-los-haitises","product_tag-los-haitises-national-park","product_tag-los-haitises-tours","product_tag-mangroves-reforestation-in-los-haitises-with-locals","product_tag-private-tours-samana","product_tag-sabana-de-la-mar","product_tag-samana-bay","product_tag-samana-excursions"],"_links":{"self":[{"href":"https:\/\/tourwhales.com\/es\/wp-json\/wp\/v2\/product\/12214","targetHints":{"allow":["GET"]}}],"collection":[{"href":"https:\/\/tourwhales.com\/es\/wp-json\/wp\/v2\/product"}],"about":[{"href":"https:\/\/tourwhales.com\/es\/wp-json\/wp\/v2\/types\/product"}],"wp:featuredmedia":[{"embeddable":true,"href":"https:\/\/tourwhales.com\/es\/wp-json\/wp\/v2\/media\/12220"}],"wp:attachment":[{"href":"https:\/\/tourwhales.com\/es\/wp-json\/wp\/v2\/media?parent=12214"}],"wp:term":[{"taxonomy":"product_cat","embeddable":true,"href":"https:\/\/tourwhales.com\/es\/wp-json\/wp\/v2\/product_cat?post=12214"},{"taxonomy":"product_tag","embeddable":true,"href":"https:\/\/tourwhales.com\/es\/wp-json\/wp\/v2\/product_tag?post=12214"}],"curies":[{"name":"wp","href":"https:\/\/api.w.org\/{rel}","templated":true}]}}