
{"id":12004,"date":"2021-01-16T16:21:26","date_gmt":"2021-01-16T16:21:26","guid":{"rendered":"https:\/\/tourwhales.com\/Tours-Excursions\/uncategorized\/import-placeholder-for-8658\/"},"modified":"2024-10-17T23:39:18","modified_gmt":"2024-10-17T23:39:18","slug":"excursion-whale-watching-cayo-levantado-from-cap-cana-private-tour","status":"publish","type":"product","link":"https:\/\/tourwhales.com\/es\/Tours-Excursions\/1-samana\/excursion-whale-watching-cayo-levantado-from-cap-cana-private-tour\/","title":{"rendered":"Punta Cana \/ Cap Cana: Excursi\u00f3n Avistamiento de Ballenas + Cayo Levantado (Tour Privado)"},"content":{"rendered":"<section class=\"wpb-content-wrapper\"><div class=\"wpb_column vc_column_container vc_col-sm-12\"><div class=\"vc_column-inner\"><div class=\"wpb_wrapper\"><div class=\"vc_btn3-container vc_btn3-inline\" ><a class=\"vc_general vc_btn3 vc_btn3-size-md vc_btn3-shape-rounded vc_btn3-style-modern vc_btn3-color-green\" href=\"https:\/\/bookingadventures.tours\/booking.php?tour_id=6ed21424a849c63fc6398949d1f80266\" title=\"\">RESERVAR AHORA<\/a><\/div><\/div><\/div><\/div><div class=\"vc_row wpb_row vc_row-fluid\" ><div class=\"wpb_column vc_column_container vc_col-sm-12\"><div class=\"vc_column-inner\"><div class=\"wpb_wrapper\">\n\t<div class=\"wpb_text_column wpb_content_element\" >\n\t\t<div class=\"wpb_wrapper\">\n\t\t\t<div class=\"vc_row wpb_row vc_row-fluid\">\n<div class=\"wpb_column vc_column_container vc_col-sm-12\">\n<div class=\"vc_column-inner\">\n<div class=\"wpb_wrapper\">\n<div class=\"wpb_text_column wpb_content_element\">\n<div class=\"wpb_wrapper\">\n<h3>Excursi\u00f3n Avistamiento de Ballenas + Cayo Levantado desde Punta Cana\/Cap Cana (Tour Privado)<\/h3>\n<p>Avistamiento de ballenas en la bah\u00eda de Saman\u00e1 desde los hoteles de Punta Cana\/Cap Cana en transporte privado. Este viaje comienza entre las 6:00 y las 8:00 a. m. y finaliza alrededor de las 7:00 p. m. Despu\u00e9s de abortar nuestro bote para visitar las Ballenas en su propio h\u00e1bitat. Despu\u00e9s de este viaje de ballenas, visitaremos la isla Bacard\u00ed \/ Cayo Levantado (opcional). En Isla Bacard\u00ed, se brindar\u00e1 Almuerzo Buffet al estilo t\u00edpico dominicano. Cuando termine el almuerzo, puede nadar hasta las 4:00 p.m. El tour finalizar\u00e1 en el mismo puerto desde donde se iniciar\u00e1 a las 17:00 horas. Despu\u00e9s de esto, lo llevaremos de regreso a su hotel.<\/p>\n<p>Nota: Este es un Tour Privado con un pago m\u00ednimo de 540 USD. Si son menos de 4 personas, cont\u00e1ctenos y le enviaremos un enlace donde puede reservar este Tour.\u00a0<strong><em>Para unirse a un grupo de avistamiento de ballenas con recogida en su hotel, por favor<\/em>\u00a0<\/strong><a href=\"https:\/\/tourwhales.com\/es\/Tours-Excursions\/tours-excursions-samana-bay-dominican-republic\/whale-watching-2020-in-punta-cana-to-samana-bay-cayo-levantado-bacardi-island-from-hotels\/\" data-mil=\"12004\">HAGA CLIC AQU\u00cd.<\/a><\/p>\n<ul>\n<li>Avistamiento de ballenas Viaje privado<\/li>\n<li>Entradas al Observatorio<\/li>\n<li>Incluye Almuerzo Buffet en la playa<\/li>\n<li>Traslado Privado desde Hoteles<\/li>\n<li>Traslado privado en barco<\/li>\n<li>El Capit\u00e1n proporciona instrucci\u00f3n y Supervisi\u00f3n.<\/li>\n<li>Gu\u00eda tur\u00edstico<\/li>\n<\/ul>\n<p>&nbsp;<\/p>\n<h4><b>Inclusiones y Exclusiones<\/b><\/h4>\n<p>&nbsp;<\/p>\n<p><b>Inclusiones<\/b><\/p>\n<ol>\n<li>Almuerzo buffet en la playa<\/li>\n<li>Gu\u00eda tur\u00edstico<\/li>\n<li>Transferencia de coche<\/li>\n<li>Viaje en barco<\/li>\n<li>Todos los impuestos, tasas y gastos de tramitaci\u00f3n<\/li>\n<li>Impuestos locales<\/li>\n<li>Bebidas<\/li>\n<\/ol>\n<p><b>Exclusiones<\/b><\/p>\n<ol>\n<li>Propinas<\/li>\n<li>Bebidas alcoh\u00f3licas<\/li>\n<\/ol>\n<p>&nbsp;<\/p>\n<h4><em><strong>Salida y Regreso<\/strong><\/em><\/h4>\n<p>El viajero obtendr\u00e1 un punto de encuentro despu\u00e9s del Proceso de Reserva. Los recorridos comienzan y terminan en el punto de encuentro.<\/p>\n<p>&nbsp;<\/p>\n<h4><b><i>\u00bfQue esperar?<\/i><\/b><\/h4>\n<p>&nbsp;<\/p>\n<p><em><strong>Consigue tus entradas<\/strong><\/em>\u00a0por un d\u00eda de avistamiento privado de ballenas desde Cap Cana hasta la bah\u00eda de Saman\u00e1, adem\u00e1s de un maravilloso almuerzo y tiempo en la playa.<\/p>\n<p>El Daypass para el avistamiento de cet\u00e1ceos, organizado por \u201cBooking Adventures\u201d, comienza en el punto de encuentro fijado con el Gu\u00eda Tur\u00edstico. Almuerzo en la playa y puedes quedarte todo el tiempo que quieras nadando. Si eres vegano tambi\u00e9n podemos prepararte algo de comida.<\/p>\n<p><strong>Calendario:<\/strong><\/p>\n<p>Flexible<\/p>\n<p>&nbsp;<\/p>\n<h4><em><strong>\u00bfQu\u00e9 debes traer?<\/strong><\/em><\/h4>\n<ul>\n<li>C\u00e1mara<\/li>\n<li>Cogollos repelentes<\/li>\n<li>crema solar<\/li>\n<li>Sombrero<\/li>\n<li>Pantalones c\u00f3modos<\/li>\n<li>Sandalias a la playa<\/li>\n<li>Vestido nadador<\/li>\n<li>Efectivo para souvenirs<\/li>\n<\/ul>\n<p>&nbsp;<\/p>\n<h4><b><i>Recogida en el hotel<\/i><\/b><\/h4>\n<p>La recogida en el hotel est\u00e1 incluida para este tour. Recogemos en cualquier hotel en el \u00e1rea de Punta Cana \/ Cap Cana.<\/p>\n<p>&nbsp;<\/p>\n<p><b>Nota:<\/b>\u00a0Si realiza la reserva dentro de las 24 horas anteriores a la hora de salida del tour\/excursi\u00f3n, podemos organizar la recogida en el hotel. Una vez que se complete su compra, le enviaremos la informaci\u00f3n de contacto completa (n\u00famero de tel\u00e9fono, direcci\u00f3n de correo electr\u00f3nico, etc.) para que nuestro gu\u00eda tur\u00edstico local organice los arreglos de recogida.<\/p>\n<h4><b><i>Confirmaci\u00f3n de informaci\u00f3n adicional<\/i><\/b><\/h4>\n<ol>\n<li>Los boletos son el Recibo despu\u00e9s de pagar este Tour. Puede mostrar el pago en su tel\u00e9fono.<\/li>\n<li>El Punto de Encuentro se recibir\u00e1 Despu\u00e9s del Proceso de Reserva.<\/li>\n<li>Los ni\u00f1os deben estar acompa\u00f1ados por un adulto.<\/li>\n<li>silla de ruedas accesible<\/li>\n<li>Los beb\u00e9s deben sentarse en el regazo<\/li>\n<li>La mayor\u00eda de los viajeros pueden participar<\/li>\n<\/ol>\n<h4><b><i>Pol\u00edtica de cancelaci\u00f3n<\/i><\/b><\/h4>\n<p>Para obtener un reembolso completo, cancele al menos 24 horas antes de la fecha de inicio de la experiencia.<\/p>\n<\/div>\n<\/div>\n<\/div>\n<\/div>\n<\/div>\n<\/div>\n<div class=\"vc_row wpb_row vc_row-fluid\">\n<div class=\"wpb_column vc_column_container vc_col-sm-12\">\n<div class=\"vc_column-inner\">\n<div class=\"wpb_wrapper\">\n<div class=\"wpb_text_column wpb_content_element\">\n<div class=\"wpb_wrapper\">\n<h4>\u00bfCont\u00e1ctenos?<\/h4>\n<h5><b><i>TOUR BALLENAS SAMANA<\/i><\/b><\/h5>\n<p><em><strong>Locales<\/strong>\u00a0y\u00a0<strong>Nacionales<\/strong>\u00a0Gu\u00edas tur\u00edsticos y servicios para hu\u00e9spedes<\/em><\/p>\n<p><span class=\"text-turquoise\">Reservas:<\/span>\u00a0\u00a0Tours y Excursiones en Dom. representantes<\/p>\n<p><img decoding=\"async\" class=\"emoji\" draggable=\"false\" src=\"https:\/\/s.w.org\/images\/core\/emoji\/11.2.0\/svg\/1f4de.svg\" alt=\"\ud83d\udcde\" \/>\u00a0Tel\u00e9fono \/ Whatsapp\u00a0\u00a0\u00a0<a href=\"tel:+18494995063\">+ 1-809-720-6035<\/a>\u00a0.<\/p>\n<p data-wp-editing=\"1\"><a href=\"mailto:Reservabatour@gmail.com\"><img decoding=\"async\" class=\"emoji\" draggable=\"false\" src=\"https:\/\/s.w.org\/images\/core\/emoji\/11.2.0\/svg\/1f4e9.svg\" alt=\"\ud83d\udce9\" \/> Reservabatour@gmail.com<\/a><\/p>\n<p>&nbsp;<\/p>\n<\/div>\n<\/div>\n<\/div>\n<\/div>\n<\/div>\n<\/div>\n\n\t\t<\/div>\n\t<\/div>\n<div class=\"vc_btn3-container vc_btn3-inline\" ><a class=\"vc_general vc_btn3 vc_btn3-size-md vc_btn3-shape-rounded vc_btn3-style-modern vc_btn3-color-green\" href=\"https:\/\/bookingadventures.tours\/booking.php?tour_id=6ed21424a849c63fc6398949d1f80266\" title=\"\">RESERVAR AHORA<\/a><\/div><\/div><\/div><\/div><\/div>\n<\/section>","protected":false},"excerpt":{"rendered":"<p>Reserve su viaje para una experiencia de avistamiento de ballenas desde Cap Cana en un viaje privado con gu\u00edas ambientalistas profesionales. Si desea contactarnos para recibir asesoramiento, env\u00ede un correo electr\u00f3nico, Whatsapp o llamadas disponibles. Por favor reserve sus boletos con anticipaci\u00f3n. En temporada de ballenas hay muchas reservas y nos gustar\u00eda tener tus entradas seguras para ti.<\/p>\n<p>Nota: Este es un Tour Privado con un pago m\u00ednimo de 4 . Si sois menos de 4 personas, por favor cont\u00e1ctanos y te enviaremos un enlace donde podr\u00e1s reservar este Tour. Para unirse a un grupo de avistamiento de ballenas con recogida en su hotel, HAGA CLIC AQU\u00cd.<\/p>\n<p><strong>Tenga en cuenta: Beb\u00e9s (0 \u2013 23 meses) gratis, Ni\u00f1os (2 \u2013 10 a\u00f1os)<\/strong><\/p>\n<p><em><strong>Selecciona la fecha del tour:<\/strong><\/em><\/p>","protected":false},"featured_media":13304,"template":"","meta":[],"product_cat":[948,655,854,855,971,968,856,662,942,664],"product_tag":[296,682,683,186,667,342,668,524,669,276,274,525,670],"class_list":["post-12004","product","type-product","status-publish","has-post-thumbnail","hentry","product_cat-1-punta-cana","product_cat-1-samana","product_cat-cap-cana-whale-watching","product_cat-outdoor-activities","product_cat-punta-cana-private-tours","product_cat-punta-cana-whale-watching","product_cat-water-activities","product_cat-whale-watching","product_cat-whale-watching-private-tours","product_cat-whale-watching-punta-cana","product_tag-day-trip-punta-cana","product_tag-private-punta-cana","product_tag-punta-cana-whale-watching","product_tag-samana","product_tag-samana-tour","product_tag-samana-whale-watching","product_tag-whale","product_tag-whale-punta-cana","product_tag-whale-sabana-de-la-mar","product_tag-whale-samana","product_tag-whale-watching-dominican-republic","product_tag-whale-watching-punta-cana","product_tag-whales-trips"],"_links":{"self":[{"href":"https:\/\/tourwhales.com\/es\/wp-json\/wp\/v2\/product\/12004","targetHints":{"allow":["GET"]}}],"collection":[{"href":"https:\/\/tourwhales.com\/es\/wp-json\/wp\/v2\/product"}],"about":[{"href":"https:\/\/tourwhales.com\/es\/wp-json\/wp\/v2\/types\/product"}],"wp:featuredmedia":[{"embeddable":true,"href":"https:\/\/tourwhales.com\/es\/wp-json\/wp\/v2\/media\/13304"}],"wp:attachment":[{"href":"https:\/\/tourwhales.com\/es\/wp-json\/wp\/v2\/media?parent=12004"}],"wp:term":[{"taxonomy":"product_cat","embeddable":true,"href":"https:\/\/tourwhales.com\/es\/wp-json\/wp\/v2\/product_cat?post=12004"},{"taxonomy":"product_tag","embeddable":true,"href":"https:\/\/tourwhales.com\/es\/wp-json\/wp\/v2\/product_tag?post=12004"}],"curies":[{"name":"wp","href":"https:\/\/api.w.org\/{rel}","templated":true}]}}