
{"id":11750,"date":"2020-12-03T12:24:44","date_gmt":"2020-12-03T12:24:44","guid":{"rendered":"https:\/\/tourwhales.com\/?post_type=product&#038;p=11750"},"modified":"2024-10-17T23:39:18","modified_gmt":"2024-10-17T23:39:18","slug":"bahia-de-las-aguilas-beach-day-trip-by-boat-day-pass-pedernales","status":"publish","type":"product","link":"https:\/\/tourwhales.com\/es\/Tours-Excursions\/lunch\/bahia-de-las-aguilas-beach-day-trip-by-boat-day-pass-pedernales\/","title":{"rendered":"Bah\u00eda de las \u00c1guilas: Excursi\u00f3n de un d\u00eda a la playa en barco \u2013 Day Pass \u2013 Pedernales"},"content":{"rendered":"<section class=\"wpb-content-wrapper\"><div class=\"vc_row wpb_row vc_row-fluid\" ><div class=\"wpb_column vc_column_container vc_col-sm-12\"><div class=\"vc_column-inner\"><div class=\"wpb_wrapper\"><div class=\"vc_btn3-container vc_btn3-inline\" ><button class=\"vc_general vc_btn3 vc_btn3-size-md vc_btn3-shape-rounded vc_btn3-style-modern vc_btn3-color-green\">RESERVAR AHORA<\/button><\/div><div class=\"mkdf-section-title-holder\" style=\"text-align: left\">\n\t<div class=\"mkdf-st-inner\">\n\t\t\t\t\t<h5 class=\"mkdf-st-subtitle\" >\n\t\t\t\tPase de un d\u00eda: esn\u00f3rquel y almuerzo\t\t\t<\/h5>\n\t\t\t\t\t\t\t<h3 class=\"mkdf-st-title\" >\n\t\t\t\tBah\u00eda de las \u00c1guilas: Excursi\u00f3n de un d\u00eda a la playa en barco\t\t\t<\/h3>\n\t\t\t\t\t<\/div>\n<\/div><\/div><\/div><\/div><\/div><div class=\"vc_row wpb_row vc_row-fluid\" ><div class=\"wpb_column vc_column_container vc_col-sm-12\"><div class=\"vc_column-inner\"><div class=\"wpb_wrapper\">\n\t<div class=\"wpb_text_column wpb_content_element\" >\n\t\t<div class=\"wpb_wrapper\">\n\t\t\t<h4><b><i>Descripci\u00f3n general<\/i><\/b><\/h4>\n<p>Disfruta de un d\u00eda de playa y deja fluir tu esp\u00edritu, lejos de las zonas tur\u00edsticas y de todo el estr\u00e9s. Ven y descubre el Parque Nacional Jaragua y Bah\u00eda de las \u00c1guilas. Conduzca a lo largo de un hermoso camino con impresionantes vistas del peque\u00f1o puerto y pueblo pesquero de Cabo Rojo. En Las Cuevas abordas un bote que te lleva en un viaje de 15 minutos a una de las playas naturales m\u00e1s hermosas del mundo. La arena de Bah\u00eda de las \u00c1guilas es pr\u00edstina y la bah\u00eda cubre 8 km. Experimente un paisaje costero excepcional con aguas cristalinas que brillan en tonos que van desde el turquesa hasta el azul \u00f3palo y se funden en el horizonte. El almuerzo se sirve en la playa, nade o practique snorkel y explore este para\u00edso natural virgen.<\/p>\n<p>&nbsp;<\/p>\n<ul>\n<li>Gu\u00eda Local con experiencia en Seguridad en la zona.<\/li>\n<li>Transporte privado<\/li>\n<li>Tarifas incluidas<\/li>\n<li>Almuerzo<\/li>\n<li>Gu\u00eda tur\u00edstico local en espa\u00f1ol, ingl\u00e9s o franc\u00e9s.<\/li>\n<li>Senderismo<\/li>\n<li>Bucear<\/li>\n<\/ul>\n<h4><b>Inclusiones y Exclusiones<\/b><\/h4>\n<p>&nbsp;<\/p>\n<p><b>Inclusiones<\/b><\/p>\n<ol>\n<li>Gu\u00eda Local con experiencia en Seguridad en la zona.<\/li>\n<li>Transporte privado para grupos peque\u00f1os.<\/li>\n<li>Todos los impuestos, tasas y gastos de tramitaci\u00f3n<\/li>\n<li>Impuestos locales<\/li>\n<li>Almuerzo<\/li>\n<li>Senderismo<\/li>\n<li>Piscinas Naturales<\/li>\n<li>Bucear<\/li>\n<li>Todas las actividades<\/li>\n<\/ol>\n<p><b>Exclusiones<\/b><\/p>\n<ol>\n<li>Propinas<\/li>\n<li>Todas las bebidas<\/li>\n<\/ol>\n<h4><em><strong>Salida y Regreso<\/strong><\/em><\/h4>\n<p>El viajero obtendr\u00e1 un punto de encuentro despu\u00e9s del Proceso de Reserva. Los tours comienzan y terminan en sus puntos de encuentro.<\/p>\n<h2 class=\"styles__heading___mD4_3\" data-radium=\"true\">Bah\u00eda de las \u00c1guilas: Excursi\u00f3n de un d\u00eda a la playa en barco -Pase de un d\u00eda - Snorkeling y almuerzo<\/h2>\n<h4><em>\u00bfQue esperar?<\/em><\/h4>\n<p>Playa de las \u00c1guilas lleva el nombre del \u00e1guila ind\u00edgena. El recorrido es en transporte privado desde Bah\u00eda de las \u00c1guilas donde te permite descubrir las maravillas naturales de esta afrodis\u00edaca playa de una manera muy diferente y sustentable. Pasa el d\u00eda en un tour de naturaleza por la zona sur del pa\u00eds donde conocer\u00e1s la Bah\u00eda de las \u00c1guila, una de las playas m\u00e1s hermosas de Rep\u00fablica Dominicana, donde llegaremos en lancha r\u00e1pida a esta paradis\u00edaca playa, una zona plenamente protegido por la legislaci\u00f3n ambiental. Pase un momento relajante en Bah\u00eda de las \u00c1guilas, una reserva natural deshabitada y parque nacional, y disfrute de un almuerzo estilo barbacoa en las cuevas.<\/p>\n<p>El mar en calma y el viento ligero evitar\u00e1n que sufras demasiado con el sol y el calor. Convi\u00e9rtete en un explorador por un d\u00eda y descubre un para\u00edso ecol\u00f3gico, natural y totalmente virgen. Se pueden observar m\u00e1s de 130 especies de aves, 76 de las cuales viven permanentemente en la bah\u00eda, 10 son end\u00e9micas y 47 son migratorias.<\/p>\n<p>08.30 \u2013 Salida del Punto de Encuentro<br \/>\n08.45 \u2013 Salida en bote desde el pueblo La Cueva hacia la Bah\u00eda de las \u00c1guilas<br \/>\n12.30 \u2013 Almuerzo t\u00edpico en la playa<br \/>\n03.00 \u2013 Regreso a La Cueva<br \/>\n05.30 \u2013 Llegada al Punto de Encuentro<\/p>\n<h4><em><strong>\u00bfQu\u00e9 debes traer?<\/strong><\/em><\/h4>\n<ul>\n<li>C\u00e1mara<\/li>\n<li>Cogollos repelentes<\/li>\n<li>crema solar<\/li>\n<li>Agua<\/li>\n<li>Sombrero<\/li>\n<li>Pantalones c\u00f3modos<\/li>\n<li>Zapatos de senderismo para el bosque<\/li>\n<li>Sandalias para las zonas Primavera.<\/li>\n<li>Vestido nadador<\/li>\n<\/ul>\n<p>&nbsp;<\/p>\n<h4><b><i>Recogida en el hotel<\/i><\/b><\/h4>\n<p>Se ofrece recogida en el hotel para este tour con costo adicional.<\/p>\n<p><b>Nota:<\/b> Si realiza la reserva dentro de las 24 horas anteriores a la hora de salida del tour\/excursi\u00f3n, podemos organizar la recogida en el hotel. Solo recogemos en la zona de Pedernales. Una vez que se complete su compra, le enviaremos la informaci\u00f3n de contacto completa (n\u00famero de tel\u00e9fono, direcci\u00f3n de correo electr\u00f3nico, etc.) para que nuestro gu\u00eda tur\u00edstico local organice los arreglos de recogida.<\/p>\n<h4><b><i>Confirmaci\u00f3n de informaci\u00f3n adicional<\/i><\/b><\/h4>\n<ol>\n<li>Los boletos son el Recibo despu\u00e9s de pagar por este Tour. Puede mostrar el pago en su tel\u00e9fono.<\/li>\n<li>El Punto de Encuentro se recibir\u00e1 Despu\u00e9s del Proceso de Reserva.<\/li>\n<li>Los ni\u00f1os deben estar acompa\u00f1ados por un adulto.<\/li>\n<li>No accesible para sillas de ruedas<\/li>\n<li>Los beb\u00e9s deben sentarse en el regazo<\/li>\n<li>No recomendado para viajeros con problemas de espalda.<\/li>\n<li>No recomendado para viajeros embarazadas.<\/li>\n<li>Sin problemas card\u00edacos u otras condiciones m\u00e9dicas graves.<\/li>\n<li>La mayor\u00eda de los viajeros pueden participar<\/li>\n<\/ol>\n<h4><b><i>Pol\u00edtica de cancelaci\u00f3n<\/i><\/b><\/h4>\n<p>Para obtener un reembolso completo, lea nuestras Pol\u00edticas de cancelaci\u00f3n\u00a0<a href=\"https:\/\/tourwhales.com\/es\/online-booking\/\" target=\"_blank\" rel=\"noopener\" data-saferedirecturl=\"https:\/\/www.google.com\/url?q=https:\/\/tourwhales.com\/online-booking\/&amp;source=gmail&amp;ust=1672449202351000&amp;usg=AOvVaw1yAeVAPktmaVCqDujgUn90\">haga clic aqu\u00ed<\/a>. Los fondos se perder\u00e1n si la reserva se cancela el mismo d\u00eda del viaje.<\/p>\n\n\t\t<\/div>\n\t<\/div>\n<\/div><\/div><\/div><\/div><div class=\"vc_row wpb_row vc_row-fluid\" ><div class=\"wpb_column vc_column_container vc_col-sm-12\"><div class=\"vc_column-inner\"><div class=\"wpb_wrapper\"><div class=\"vc_btn3-container vc_btn3-inline\" ><button class=\"vc_general vc_btn3 vc_btn3-size-md vc_btn3-shape-rounded vc_btn3-style-modern vc_btn3-color-green\">RESERVAR AHORA<\/button><\/div><\/div><\/div><\/div><\/div>\n<\/section>","protected":false},"excerpt":{"rendered":"<p><span style=\"vertical-align: inherit;\"><span style=\"vertical-align: inherit;\">Compra un boleto de un d\u00eda a Bah\u00eda las \u00c1guilas desde las zonas de Pedernales. Disfruta de un d\u00eda de playa y deja fluir el \u00e1nimo, lejos de las zonas tur\u00edsticas y de todo el estr\u00e9s. Ven y descubre el Parque Nacional Jaragua y la Bah\u00eda de las \u00c1guilas. Conduzca por una hermosa carretera con impresionantes vistas del peque\u00f1o puerto y pueblo pesquero de Cabo Rojo. En Las Cuevas subir\u00e1s a bordo de un barco que te llevar\u00e1 en un viaje de 15 minutos a una de las playas naturales m\u00e1s bellas del mundo. Las arenas de la Bah\u00eda de las \u00c1guilas est\u00e1n v\u00edrgenes y la bah\u00eda abarca 8 km.<\/span><\/span><\/p>\n<p>Experimente un paisaje costero excepcional con aguas cristalinas que brillan en tonos que van desde el turquesa hasta el azul \u00f3palo que se funde en el horizonte. El almuerzo se sirve en la playa, nade o practique snorkel y explore este para\u00edso natural virgen.<\/p>\n<p><em><strong>Seleccione el d\u00eda para este viaje:<\/strong><\/em><\/p>","protected":false},"featured_media":9739,"template":"","meta":[],"product_cat":[549,160],"product_tag":[557,554,555,563,560,556,564,559,553,567,566,561,565,558,562],"class_list":["post-11750","product","type-product","status-publish","has-post-thumbnail","hentry","product_cat-bahia-de-las-aguilas-dominican-republic","product_cat-lunch","product_tag-bahia-de-las-aguilas","product_tag-bahia-de-las-aguilas-pedernales","product_tag-bahia-de-las-aguilas-beach-tour","product_tag-bahia-de-las-aguilas-hoteles","product_tag-bahia-de-las-aguilas-map","product_tag-bahia-de-las-aguilas-private-tour","product_tag-bahia-de-las-aguilas-republica-dominicana-hotel","product_tag-bahia-de-las-aguilas-tour-from-punta-cana","product_tag-bahia-de-las-aguilas-beach-day-trip-by-boat","product_tag-bahia-las-aguilas-tours","product_tag-barahona-tours","product_tag-closest-airport-to-bahia-de-las-aguilas","product_tag-hotel-barahona","product_tag-playa-bahia-de-las-aguilas-dominican-republic","product_tag-tours-a-bahia-de-las-aguilas-desde-santo-domingo"],"_links":{"self":[{"href":"https:\/\/tourwhales.com\/es\/wp-json\/wp\/v2\/product\/11750","targetHints":{"allow":["GET"]}}],"collection":[{"href":"https:\/\/tourwhales.com\/es\/wp-json\/wp\/v2\/product"}],"about":[{"href":"https:\/\/tourwhales.com\/es\/wp-json\/wp\/v2\/types\/product"}],"wp:featuredmedia":[{"embeddable":true,"href":"https:\/\/tourwhales.com\/es\/wp-json\/wp\/v2\/media\/9739"}],"wp:attachment":[{"href":"https:\/\/tourwhales.com\/es\/wp-json\/wp\/v2\/media?parent=11750"}],"wp:term":[{"taxonomy":"product_cat","embeddable":true,"href":"https:\/\/tourwhales.com\/es\/wp-json\/wp\/v2\/product_cat?post=11750"},{"taxonomy":"product_tag","embeddable":true,"href":"https:\/\/tourwhales.com\/es\/wp-json\/wp\/v2\/product_tag?post=11750"}],"curies":[{"name":"wp","href":"https:\/\/api.w.org\/{rel}","templated":true}]}}