
{"id":9731,"date":"2019-11-07T08:01:34","date_gmt":"2019-11-07T08:01:34","guid":{"rendered":"https:\/\/tourwhales.com\/?post_type=product&#038;p=9731"},"modified":"2024-10-18T20:29:16","modified_gmt":"2024-10-18T20:29:16","slug":"bahia-de-las-aguilas-beach-day-trip-by-boat-day-pass-snorkeling-lunch","status":"publish","type":"product","link":"https:\/\/tourwhales.com\/de\/Tours-Excursions\/lunch\/bahia-de-las-aguilas-beach-day-trip-by-boat-day-pass-snorkeling-lunch\/","title":{"rendered":"Bah\u00eda de las \u00c1guilas: Tagesausflug zum Strand mit dem Boot \u2013 Tagespass \u2013 Schnorcheln &amp; Mittagessen"},"content":{"rendered":"<section class=\"wpb-content-wrapper\"><div class=\"vc_row wpb_row vc_row-fluid\" ><div class=\"wpb_column vc_column_container vc_col-sm-12\"><div class=\"vc_column-inner\"><div class=\"wpb_wrapper\"><div class=\"vc_btn3-container vc_btn3-inline\" ><button class=\"vc_general vc_btn3 vc_btn3-size-md vc_btn3-shape-rounded vc_btn3-style-modern vc_btn3-color-green\">BUCHEN SIE JETZT<\/button><\/div>\n\t<div class=\"wpb_text_column wpb_content_element\" >\n\t\t<div class=\"wpb_wrapper\">\n\t\t\t<div class=\"vc_row wpb_row vc_row-fluid\">\n<div class=\"wpb_column vc_column_container vc_col-sm-12\">\n<div class=\"vc_column-inner\">\n<div class=\"wpb_wrapper\">\n<div class=\"mkdf-section-title-holder\">\n<div class=\"mkdf-st-inner\">\n<h5 class=\"mkdf-st-subtitle\">Tageskarte \u2013 Schnorcheln und Mittagessen<\/h5>\n<h3 class=\"mkdf-st-title\">Bah\u00eda de las Aguilas: Tagesausflug zum Strand mit dem Boot<\/h3>\n<\/div>\n<\/div>\n<\/div>\n<\/div>\n<\/div>\n<\/div>\n<div class=\"vc_row wpb_row vc_row-fluid\">\n<div class=\"wpb_column vc_column_container vc_col-sm-12\">\n<div class=\"vc_column-inner\">\n<div class=\"wpb_wrapper\">\n<div class=\"wpb_text_column wpb_content_element\">\n<div class=\"wpb_wrapper\">\n<h4><b><i>\u00dcberblick<\/i><\/b><\/h4>\n<p>Genie\u00dfen Sie einen Tag am Strand und lassen Sie die Seele baumeln, weit weg von den Touristenattraktionen und dem ganzen Stress. Kommen Sie und entdecken Sie den Nationalpark Jaragua und Bahia de las \u00c1guilas. Fahren Sie entlang einer wundersch\u00f6nen Stra\u00dfe mit atemberaubender Aussicht auf den kleinen Hafen und das Fischerdorf Cabo Rojo. In Las Cuevas besteigen Sie ein Boot, das Sie in einer 15-min\u00fctigen Fahrt zu einem der sch\u00f6nsten Naturstr\u00e4nde der Welt bringt. Der Sand der Bah\u00eda de las Aguilas ist unber\u00fchrt und die Bucht erstreckt sich \u00fcber 8 km. Erleben Sie eine au\u00dfergew\u00f6hnliche K\u00fcstenlandschaft mit kristallklarem Wasser, das in Farbt\u00f6nen von T\u00fcrkis bis Opalblau schimmert und mit dem Horizont verschmilzt. Das Mittagessen wird am Strand serviert. Gehen Sie schwimmen oder schnorcheln und erkunden Sie dieses unber\u00fchrte Naturparadies.<\/p>\n<p>&nbsp;<\/p>\n<ul>\n<li>Lokaler Guide mit Sicherheitserfahrung in der Gegend.<\/li>\n<li>Privater Transport<\/li>\n<li>Geb\u00fchren inbegriffen<\/li>\n<li>Mittagessen<\/li>\n<li>Lokaler Reiseleiter in Spanisch, Englisch oder Franz\u00f6sisch.<\/li>\n<li>Wandern<\/li>\n<li>Schnorcheln<\/li>\n<\/ul>\n<h4><b>Einschl\u00fcsse &amp; Ausschl\u00fcsse<\/b><\/h4>\n<p>&nbsp;<\/p>\n<p><b>Einschl\u00fcsse<\/b><\/p>\n<ol>\n<li>Lokaler Guide mit Sicherheitserfahrung in der Gegend.<\/li>\n<li>Privater Transport f\u00fcr kleine Gruppen<\/li>\n<li>Alle Steuern, Geb\u00fchren und Bearbeitungsgeb\u00fchren<\/li>\n<li>Lokale Steuern<\/li>\n<li>Mittagessen<\/li>\n<li>Wandern<\/li>\n<li>Nat\u00fcrliche Pools<\/li>\n<li>Schnorcheln<\/li>\n<li>Alle Aktivit\u00e4ten<\/li>\n<\/ol>\n<p><b>Ausschl\u00fcsse<\/b><\/p>\n<ol>\n<li>Trinkgelder<\/li>\n<li>Alle Getr\u00e4nke<\/li>\n<\/ol>\n<h4><em><strong>Abreise &amp; R\u00fcckkehr<\/strong><\/em><\/h4>\n<p>Der Reisende erh\u00e4lt nach dem Reservierungsprozess einen Treffpunkt. Touren beginnen und enden an Ihren Treffpunkten.<\/p>\n<h2 class=\"styles__heading___mD4_3\" data-radium=\"true\">Bah\u00eda de las Aguilas: Tagesausflug zum Strand mit dem Boot \u2013 Tageskarte \u2013 Schnorcheln und Mittagessen<\/h2>\n<h4><em>Was zu erwarten ist?<\/em><\/h4>\n<p>Playa de las Aguilas wurde nach dem einheimischen Adler benannt. Er ist bekannt als der sch\u00f6nste Strand des ganzen Landes. Das Parkklima ist sehr trocken und die Vegetation besteht haupts\u00e4chlich aus Kakteen und anderen W\u00fcstenpflanzen. Der rote Feldweg, der entlang der Bucht verl\u00e4uft, ist vergleichbar mit einer afrikanischen Savannenlandschaft.<br \/>\nEntdecken Sie dieses Paradies f\u00fcr Angler und Liebhaber von wei\u00dfen Sandstr\u00e4nden und kristallklarem Wasser. Aber zuerst reisen Sie in das Dorf La Cueva, wo einheimische Fischer in H\u00f6hlen leben.<\/p>\n<p>Fehlt irgendetwas in diesem bildsch\u00f6nen Moment?<\/p>\n<p>Die ruhige See und der leichte Wind werden Sie davon abhalten, zu sehr unter Sonne und Hitze zu leiden. Werden Sie f\u00fcr einen Tag zum Entdecker und entdecken Sie ein \u00f6kologisches, nat\u00fcrliches und v\u00f6llig unber\u00fchrtes Paradies. Sie k\u00f6nnen mehr als 130 Vogelarten beobachten, von denen 76 dauerhaft in der Bucht leben, 10 endemisch und 47 Zugv\u00f6gel sind.<\/p>\n<p>08.00 \u2013 Abfahrt von Ihrem Hotel<br \/>\n09.30 \u2013 Kurzer Stopp an der Laguna de Oviedo, um die Aussicht von der Aussichtsplattform zu genie\u00dfen<br \/>\n11.00 \u2013 Abfahrt mit dem Boot vom Dorf La Cueva zur Bahia de las Aguilas<br \/>\n12.30 \u2013 Typisches Mittagessen am Strand<br \/>\n03.00 \u2013 R\u00fcckkehr nach La Cueva<br \/>\n06.00 \u2013 Ankunft in Ihrem Hotel<\/p>\n<h4><em><strong>Was sollten Sie mitbringen?<\/strong><\/em><\/h4>\n<ul>\n<li>Kamera<\/li>\n<li>Absto\u00dfende Knospen<\/li>\n<li>Sonnencreme<\/li>\n<li>Toilette<\/li>\n<li>Hut<\/li>\n<li>Bequeme Hose<\/li>\n<li>Wanderschuhe f\u00fcr den Wald<\/li>\n<li>Sandalen zu den Fr\u00fchlingsgebieten.<\/li>\n<li>Schwimmkleidung<\/li>\n<\/ul>\n<p>&nbsp;<\/p>\n<h4><b><i>Abholhotel<\/i><\/b><\/h4>\n<p>F\u00fcr diese Tour wird eine Hotelabholung angeboten. Abholung\/Transport von Ihrem Hotel (Bereich Barahona\/Paraiso\/Los Patos).<\/p>\n<p><b>Notiz:<\/b>\u00a0Wenn Ihre Buchung innerhalb von 24 Stunden vor der Abfahrtszeit der Tour\/des Ausflugs erfolgt, k\u00f6nnen wir eine Abholung vom Hotel arrangieren. Wir holen Sie einfach in der Gegend von Saman\u00e1 ab. Sobald Ihr Kauf abgeschlossen ist, senden wir Ihnen die vollst\u00e4ndigen Kontaktinformationen (Telefonnummer, E-Mail-Adresse usw.) f\u00fcr unseren \u00f6rtlichen Reiseleiter, um die Abholung zu organisieren.<\/p>\n<h4><b><i>Zus\u00e4tzliche Info-Best\u00e4tigung<\/i><\/b><\/h4>\n<ol>\n<li>Tickets sind die Quittung nach Bezahlung dieser Tour. Sie k\u00f6nnen die Zahlung auf Ihrem Telefon anzeigen.<\/li>\n<li>Der Treffpunkt wird nach dem Reservierungsvorgang bekannt gegeben.<\/li>\n<li>Kinder m\u00fcssen von einem Erwachsenen begleitet werden.<\/li>\n<li>Nicht rollstuhlgerecht<\/li>\n<li>Kleinkinder m\u00fcssen auf dem Scho\u00df sitzen<\/li>\n<li>F\u00fcr Reisende mit R\u00fcckenproblemen nicht zu empfehlen<\/li>\n<li>Nicht f\u00fcr schwangere Reisende empfohlen<\/li>\n<li>Keine Herzprobleme oder andere ernsthafte Erkrankungen<\/li>\n<li>Die meisten Reisenden k\u00f6nnen teilnehmen<\/li>\n<\/ol>\n<h4><b><i>Stornierungsbedingungen<\/i><\/b><\/h4>\n<p>Um eine volle R\u00fcckerstattung zu erhalten, stornieren Sie mindestens 24 Stunden vor Beginn des Erlebnisses. Das Geld geht verloren, wenn die Reservierung am selben Tag der Reise storniert wird.<\/p>\n<\/div>\n<\/div>\n<\/div>\n<\/div>\n<\/div>\n<\/div>\n\n\t\t<\/div>\n\t<\/div>\n<\/div><\/div><\/div><\/div><div class=\"wpb_column vc_column_container vc_col-sm-12\"><div class=\"vc_column-inner\"><div class=\"wpb_wrapper\"><\/div><\/div><\/div>\n<\/section>","protected":false},"excerpt":{"rendered":"<p>Kaufen Sie eine Tageskarte nach Bahia las Aguilas von Barahona. Fahren Sie durch den Nationalpark Jaragua und weiter nach Cabo Rojo, wo ein Boot auf Sie wartet. Nach einer 15-min\u00fctigen Bootsfahrt erreichen Sie die wundersch\u00f6ne und abgeschiedene Bay of Eagles, die als der sch\u00f6nste Strand des Landes gilt. Das Mittagessen wird am Strand serviert und Sie haben die M\u00f6glichkeit zu schwimmen oder einfach am Strand zu entspannen. Genie\u00dfen Sie den unber\u00fchrten wei\u00dfen Sand dieses 8 km langen Strandes.<\/p>\n<p><strong>W\u00e4hlen Sie den Tag f\u00fcr diese Reise aus:\u00a0<\/strong><\/p>","protected":false},"featured_media":9747,"template":"","meta":[],"product_cat":[549,160],"product_tag":[557,554,555,563,560,556,564,559,553,567,566,561,565,558,562],"class_list":["post-9731","product","type-product","status-publish","has-post-thumbnail","hentry","product_cat-bahia-de-las-aguilas-dominican-republic","product_cat-lunch","product_tag-bahia-de-las-aguilas","product_tag-bahia-de-las-aguilas-pedernales","product_tag-bahia-de-las-aguilas-beach-tour","product_tag-bahia-de-las-aguilas-hoteles","product_tag-bahia-de-las-aguilas-map","product_tag-bahia-de-las-aguilas-private-tour","product_tag-bahia-de-las-aguilas-republica-dominicana-hotel","product_tag-bahia-de-las-aguilas-tour-from-punta-cana","product_tag-bahia-de-las-aguilas-beach-day-trip-by-boat","product_tag-bahia-las-aguilas-tours","product_tag-barahona-tours","product_tag-closest-airport-to-bahia-de-las-aguilas","product_tag-hotel-barahona","product_tag-playa-bahia-de-las-aguilas-dominican-republic","product_tag-tours-a-bahia-de-las-aguilas-desde-santo-domingo"],"_links":{"self":[{"href":"https:\/\/tourwhales.com\/de\/wp-json\/wp\/v2\/product\/9731","targetHints":{"allow":["GET"]}}],"collection":[{"href":"https:\/\/tourwhales.com\/de\/wp-json\/wp\/v2\/product"}],"about":[{"href":"https:\/\/tourwhales.com\/de\/wp-json\/wp\/v2\/types\/product"}],"wp:featuredmedia":[{"embeddable":true,"href":"https:\/\/tourwhales.com\/de\/wp-json\/wp\/v2\/media\/9747"}],"wp:attachment":[{"href":"https:\/\/tourwhales.com\/de\/wp-json\/wp\/v2\/media?parent=9731"}],"wp:term":[{"taxonomy":"product_cat","embeddable":true,"href":"https:\/\/tourwhales.com\/de\/wp-json\/wp\/v2\/product_cat?post=9731"},{"taxonomy":"product_tag","embeddable":true,"href":"https:\/\/tourwhales.com\/de\/wp-json\/wp\/v2\/product_tag?post=9731"}],"curies":[{"name":"wp","href":"https:\/\/api.w.org\/{rel}","templated":true}]}}