
{"id":9717,"date":"2019-11-01T19:22:33","date_gmt":"2019-11-01T19:22:33","guid":{"rendered":"https:\/\/tourwhales.com\/?post_type=product&#038;p=9717"},"modified":"2024-10-18T20:29:17","modified_gmt":"2024-10-18T20:29:17","slug":"whale-watching-in-punta-cana-to-samana-bay-cayo-levantado-bacardi-island-from-hotels","status":"publish","type":"product","link":"https:\/\/tourwhales.com\/de\/Tours-Excursions\/tours-excursions-samana-bay-dominican-republic\/whale-watching-in-punta-cana-to-samana-bay-cayo-levantado-bacardi-island-from-hotels\/","title":{"rendered":"Walbeobachtung in Punta Cana \/ Cap Cana bis zur Saman\u00e1 Bay + Cayo Levantado (Bacardi-Insel) von Hotels aus."},"content":{"rendered":"<section class=\"wpb-content-wrapper\"><div class=\"vc_row wpb_row vc_row-fluid\" ><div class=\"wpb_column vc_column_container vc_col-sm-12\"><div class=\"vc_column-inner\"><div class=\"wpb_wrapper\">\n\t<div class=\"wpb_text_column wpb_content_element\" >\n\t\t<div class=\"wpb_wrapper\">\n\t\t\t<h1>Whale Watching in Punta Cana\/Cap Cana to Samana Bay<\/h1>\n\n\t\t<\/div>\n\t<\/div>\n<\/div><\/div><\/div><\/div><div class=\"vc_row wpb_row vc_row-fluid\" ><div class=\"wpb_column vc_column_container vc_col-sm-12\"><div class=\"vc_column-inner\"><div class=\"wpb_wrapper\">\n\t<div class=\"wpb_text_column wpb_content_element\" >\n\t\t<div class=\"wpb_wrapper\">\n\t\t\t<div class=\"vc_row wpb_row vc_row-fluid\">\n<div class=\"wpb_column vc_column_container vc_col-sm-12\">\n<div class=\"vc_column-inner\">\n<div class=\"wpb_wrapper\">\n<div class=\"wpb_text_column wpb_content_element\">\n<div class=\"wpb_wrapper\">\n<div class=\"vc_row wpb_row vc_row-fluid\">\n<div class=\"wpb_column vc_column_container vc_col-sm-12\">\n<div class=\"vc_column-inner\">\n<div class=\"wpb_wrapper\">\n<div class=\"wpb_text_column wpb_content_element\">\n<div class=\"wpb_wrapper\">\n<h4><b><i>\u00dcberblick<img decoding=\"async\" class=\"emoji\" draggable=\"false\" src=\"https:\/\/s.w.org\/images\/core\/emoji\/12.0.0-1\/svg\/1f433.svg\" alt=\"\ud83d\udc33\" \/><\/i><\/b><\/h4>\n<p>Beobachten Sie die Wale in Punta Cana, beobachten Sie Wale in der Saman\u00e1-Bucht und besuchen Sie Cayo Levantado w\u00e4hrend dieses ganzt\u00e4gigen Ausflugs von den Hotels in Punta Cana aus. Reisen Sie an Bord eines komfortablen, klimatisierten Reisebusses zur Bucht von Saman\u00e1 und steigen Sie dann in Miches zu einem Katamaranboot um. Fahren Sie hinaus in die offenen Gew\u00e4sser, um nach Buckelwalen Ausschau zu halten, die hierher kommen, um zu br\u00fcten und ihre K\u00e4lber zur Welt zu bringen. Erfahren Sie von Ihrem erfahrenen Naturf\u00fchrer mehr \u00fcber das Verhalten und die Biologie dieser Meeress\u00e4uger. Fahren Sie weiter nach Cayo Levantado oder Bacardi Island, um am Strand zu Mittag zu essen und im azurblauen Wasser zu baden, bevor Sie nach Punta Cana zur\u00fcckkehren.<\/p>\n<p>&nbsp;<\/p>\n<p><strong>Notiz: <\/strong>Diese Tour kann den Stopp bei beinhalten oder nicht\u00a0<strong>Limon-Wasserfall<\/strong>. Bitte buchen Sie dieselbe Reise mit den Wasserf\u00e4llen <a href=\"https:\/\/tourwhales.com\/de\/Tours-Excursions\/fees-entrace\/samana-whale-watching-cayo-levantado-bacardi-island-limon-waterfalls-from-punta-cana-hotels\/\">KLICKE HIER.<\/a><\/p>\n<p>&nbsp;<\/p>\n<ul>\n<li>Ausflug zur Walbeobachtung<\/li>\n<li>Eintrittsgeb\u00fchren f\u00fcr das Observatorium<\/li>\n<li>Inklusive Mittagsbuffet am Strand<\/li>\n<li>Bootstransfer<\/li>\n<li>Transfer von den Hotels in Punta Cana<\/li>\n<li>Der Kapit\u00e4n bietet Anweisungen und Aufsicht<\/li>\n<li>Reisef\u00fchrer<\/li>\n<\/ul>\n<p>&nbsp;<\/p>\n<h4><b>Einschl\u00fcsse &amp; Ausschl\u00fcsse<\/b><\/h4>\n<p>&nbsp;<\/p>\n<p><b>Einschl\u00fcsse<\/b><\/p>\n<p>&nbsp;<\/p>\n<ol>\n<li>Mittagsbuffet am Strand<\/li>\n<li>Reisef\u00fchrer<\/li>\n<li>Katamaran- oder Bootsfahrt<\/li>\n<li>Alle Steuern, Geb\u00fchren und Bearbeitungsgeb\u00fchren<\/li>\n<li>Lokale Steuern<\/li>\n<li>Getr\u00e4nke<\/li>\n<\/ol>\n<p><b>Ausschl\u00fcsse<\/b><\/p>\n<ol>\n<li>Trinkgelder<\/li>\n<\/ol>\n<p>&nbsp;<\/p>\n<h4><em><strong>Abreise &amp; R\u00fcckkehr<\/strong><\/em><\/h4>\n<p>F\u00fcr diese Tour wird eine Hotelabholung angeboten. Schreiben Sie in Notizen einfach den Namen des Hotels, in dem Sie abgeholt werden. Wir holen in allen Punta Cana Hotels ab.<\/p>\n<p>&nbsp;<\/p>\n<h3>Walbeobachtung in Punta Cana\/Cap Cana bis zur Bucht von Samana + Cayo Levantado (Bacardi-Insel) von Hotels aus.<\/h3>\n<h4><b><i>Was zu erwarten ist?<\/i><\/b><\/h4>\n<p>Erleben Sie die sanften Meeresriesen der Dominikanischen Republik bei diesem 12-st\u00fcndigen Ausflug zur Beobachtung von Buckelwalen in der Bucht von S\u00e1mana hautnah. Verbringen Sie einen unvergesslichen Tag damit, Tausende von Walen zu beobachten, die jedes Jahr auf die Insel str\u00f6men, um sich in ihren warmen tropischen Gew\u00e4ssern zu paaren, zu f\u00fcttern und zu spielen. W\u00e4hrend Sie diese wundersch\u00f6nen Kreaturen beobachten, genie\u00dfen Sie einzigartige Einblicke von Ihrem erfahrenen Walbeobachtungsf\u00fchrer. Beenden Sie den Tag mit einem inbegriffenen Mittagessen und Strandzeit auf der wundersch\u00f6nen Insel Cayo Levantado. Der Hin- und R\u00fccktransfer zum Hotel ist ebenfalls enthalten.<\/p>\n<p>Von 9:00 bis 12:00 Uhr Walbeobachtungsobservatorium und nach dieser Walfahrt besuchen wir Bacardi Island \/ Cayo Levantado. Auf Bacardi Island wird ein typisch dominikanisches Mittagsbuffet angeboten (Reis, Bohnen, Fisch, Salate\u2026). Nach dem Mittagessen d\u00fcrfen Sie bis 16:30 Uhr schwimmen. Die Tour endet um 17:00 Uhr am selben Hafen, von wo aus sie an Bord unseres Katamarans beginnt und mit dem Bus zur\u00fcck zu den Hotels in Punta Cana f\u00e4hrt.<\/p>\n<p>Diese Tour kann den Stopp bei beinhalten oder nicht\u00a0<strong>Limon-Wasserfall<\/strong>. Bitte buchen Sie dieselbe Reise mit den Wasserf\u00e4llen <a href=\"https:\/\/tourwhales.com\/de\/Tours-Excursions\/fees-entrace\/samana-whale-watching-cayo-levantado-bacardi-island-limon-waterfalls-from-punta-cana-hotels\/\">KLICKE HIER.<\/a><\/p>\n<p><strong>Zeitplan:<\/strong><\/p>\n<p>6:00 \u2013 7:00 Abholung der Kunden von den verschiedenen Hotels<br \/>\n07:00 Abfahrt nach Las Canitas in Sabana de la Mar<br \/>\n08:15 Ankunft am privaten Dock<br \/>\n08:15 \u2013 8:40 Fr\u00fchst\u00fcckszeit (Sandwiches, Muffins, Tee, Kaffee, S\u00e4fte)<br \/>\n8:45 Boarding, um unsere Reise zum Schutzgebiet der Buckelwale in Samana zu beginnen<br \/>\n11:00 Suche nach den Walen f\u00fcr einen Zeitraum von 45 Minuten \u2013 Dies ist der Zeitplan, der von den Regierungsregeln befolgt wird.<br \/>\n11:45 Uhr Fahrt nach Cayo Levantado in der Bucht von Samana<br \/>\n12:30 Ankunft in Cayo Levantado<br \/>\n13:00 Mittagszeit (Mittagsbuffet, typisch dominikanisch)*<br \/>\n13:45 \u2013 15:30 Freizeit in Cayo Levantado<br \/>\n15:00 \u2013 15:45 Wieder an Bord Richtung Miches<br \/>\n17:00 Ankunft in Miches und Abfahrt zu den Hotels in Punta Cana<br \/>\n19:30 \u2013 20:00 Ankunft in den Hotels in Punta Cana<\/p>\n<p><strong>*Mittagsmen\u00fc (typisch dominikanisch)<br \/>\n<\/strong>Reis, gegrilltes Huhn oder gegrillter Fisch, Salat, Gem\u00fcse, frisches Obst.<\/p>\n<p><strong>*Kunden, die sich daf\u00fcr entscheiden, den Stopp am Wasserfall El Limon hinzuzuf\u00fcgen, nachdem die Walbeobachtung zur Wasserfallanzeige wechselt, haben weniger Zeit, um in Cayo Levantado zu verbringen.<\/strong><\/p>\n<p>Diese Tour kann den Stopp bei beinhalten oder nicht\u00a0<strong>Limon-Wasserfall<\/strong>. Bitte buchen Sie dieselbe Reise mit den Wasserf\u00e4llen <a href=\"https:\/\/tourwhales.com\/de\/Tours-Excursions\/fees-entrace\/samana-whale-watching-cayo-levantado-bacardi-island-limon-waterfalls-from-punta-cana-hotels\/\">KLICKE HIER.<\/a><\/p>\n<p>&nbsp;<\/p>\n<h4><em><strong>Was sollten Sie mitbringen?<\/strong><\/em><\/h4>\n<ul>\n<li>Kamera<\/li>\n<li>Absto\u00dfende Knospen<\/li>\n<li>Sonnencreme<\/li>\n<li>Hut<\/li>\n<li>Bequeme Hose<\/li>\n<li>Sandalen zum Strand<\/li>\n<li>Schwimmkleidung<\/li>\n<li>Bargeld f\u00fcr Souvenirs<\/li>\n<\/ul>\n<p>&nbsp;<\/p>\n<h4><b><i>Hotelabholung<\/i><\/b><\/h4>\n<p>F\u00fcr diese Tour wird eine Hotelabholung angeboten. Schreiben Sie in Notizen einfach den Namen des Hotels, in dem Sie abgeholt werden. Wir holen in allen Punta Cana Hotels ab.<\/p>\n<p>&nbsp;<\/p>\n<p><b>Notiz:<\/b> Wenn Sie innerhalb von 24 Stunden vor der Abfahrtszeit der Tour\/des Ausflugs buchen, k\u00f6nnen wir die Abholung vom Hotel arrangieren. Sobald Ihr Kauf abgeschlossen ist, senden wir Ihnen die vollst\u00e4ndigen Kontaktinformationen (Telefonnummer, E-Mail-Adresse usw.) f\u00fcr unseren \u00f6rtlichen Reiseleiter, um die Abholung zu organisieren.<\/p>\n<h4><b><i>Zus\u00e4tzliche Info-Best\u00e4tigung<\/i><\/b><\/h4>\n<ol>\n<li>Tickets sind die Quittung nach Bezahlung dieser Tour. Sie k\u00f6nnen die Zahlung auf Ihrem Telefon anzeigen.<\/li>\n<li>Treffpunkt Wird nach dem Reservierungsprozess bekannt gegeben.<\/li>\n<li>Kinder m\u00fcssen von einem Erwachsenen begleitet werden.<\/li>\n<li>barrierefrei<\/li>\n<li>Kleinkinder m\u00fcssen auf dem Scho\u00df sitzen<\/li>\n<li>Die meisten Reisenden k\u00f6nnen teilnehmen<\/li>\n<\/ol>\n<h5><b><i>Stornierungsbedingungen<\/i><\/b><\/h5>\n<p>F\u00fcr eine vollst\u00e4ndige R\u00fcckerstattung lesen Sie bitte unsere Stornierungsbedingungen\u00a0<a href=\"https:\/\/tourwhales.com\/de\/online-booking\/\" target=\"_blank\" rel=\"noopener\" data-saferedirecturl=\"https:\/\/www.google.com\/url?q=https:\/\/tourwhales.com\/online-booking\/&amp;source=gmail&amp;ust=1672532492004000&amp;usg=AOvVaw3ylqI1cdbIPTimEqEWneyd\">Klicke hier<\/a>. Das Geld geht verloren, wenn die Reservierung am selben Tag der Reise storniert wird.<\/p>\n<\/div>\n<\/div>\n<\/div>\n<\/div>\n<\/div>\n<\/div>\n<\/div>\n<\/div>\n<\/div>\n<\/div>\n<\/div>\n<\/div>\n<div class=\"vc_row wpb_row vc_row-fluid\">\n<div class=\"wpb_column vc_column_container vc_col-sm-12\">\n<div class=\"vc_column-inner\">\n<div class=\"wpb_wrapper\">\n<div class=\"vc_empty_space\"><\/div>\n<div class=\"wpb_text_column wpb_content_element\">\n<div class=\"wpb_wrapper\">\n<h4>Kontaktiere uns?<\/h4>\n<h5><b><i>TOUR WALE SAMANA<\/i><\/b><\/h5>\n<p><em><strong>Einheimische<\/strong>\u00a0und\u00a0<strong>Staatsangeh\u00f6rige<\/strong>\u00a0Reiseleiter &amp; G\u00e4steservice<\/em><\/p>\n<p><span class=\"text-turquoise\">Reservierungen:<\/span>\u00a0F\u00fchrungen &amp; Ausfl\u00fcge im Dom. Rep.<\/p>\n<p><img decoding=\"async\" class=\"emoji\" draggable=\"false\" src=\"https:\/\/s.w.org\/images\/core\/emoji\/11.2.0\/svg\/1f4de.svg\" alt=\"\ud83d\udcde\" \/>\u00a0Tel.\/Whatsapp\u00a0\u00a0<a href=\"tel:+18494995063\">+18494995063<\/a>.<\/p>\n<p><img decoding=\"async\" class=\"emoji\" draggable=\"false\" src=\"https:\/\/s.w.org\/images\/core\/emoji\/11.2.0\/svg\/1f4e9.svg\" alt=\"\ud83d\udce9\" \/>\u00a0<a href=\"mailto:info@bookingadventures.com.do\">info@bookingadventures.com.do<\/a><\/p>\n<p><strong>Wir sind flexibel und bieten private Touren per WhatsApp an:\u00a0<a href=\"tel:+18097206035\">+18097206035.<\/a><\/strong><\/p>\n<\/div>\n<\/div>\n<\/div>\n<\/div>\n<\/div>\n<\/div>\n\n\t\t<\/div>\n\t<\/div>\n<\/div><\/div><\/div><\/div>\n<\/section>","protected":false},"excerpt":{"rendered":"<p>Von den Hotels in Punta Cana aus genie\u00dfen wir die wundersch\u00f6ne Landschaft der orientalischen Bergkette, w\u00e4hrend wir n\u00f6rdlich von Punta Cana fahren, bevor wir das kleine Fischerdorf Miches an der S\u00fcdk\u00fcste der Bucht von Samana erreichen. Dort genie\u00dfen Sie ein schnelles Fr\u00fchst\u00fcck, bevor Sie an Bord des Bootes nach Samana gehen. Wir fahren tief in die Bucht hinein, um Wale zu beobachten. Wir werden zuerst Cayo Levantado erreichen, auch bekannt als Bacardi Island wegen seiner gro\u00dfen \u00c4hnlichkeit mit den Str\u00e4nden, die Bacardi Rum einst f\u00fcr seine ber\u00fchmten Werbespots nutzte. Cayo Levantado ist nichts weniger als eine tropische Oase \u2013 eine kleine Insel mitten im Ozean mit t\u00fcrkisfarbenem Wasser und wei\u00dfem Sand.<\/p>\n<p>Diese Tour kann den Stopp bei beinhalten oder nicht\u00a0<strong>Limon-Wasserfall<\/strong>. Um die gleiche Reise mit den Wasserf\u00e4llen zu buchen, bitte <a href=\"https:\/\/tourwhales.com\/de\/Tours-Excursions\/fees-entrace\/samana-whale-watching-cayo-levantado-bacardi-island-limon-waterfalls-from-punta-cana-hotels\/\">KLICKE HIER.<\/a><\/p>\n<p>&nbsp;<\/p>\n<p>&nbsp;<\/p>\n<p><em><strong>Bitte w\u00e4hlen Sie das Datum f\u00fcr die Exkursion aus:<\/strong><\/em><\/p>","protected":false},"featured_media":12053,"template":"","meta":[],"product_cat":[948,972,968,294,255,664],"product_tag":[631,184,328,480,296,428,327,222,527,313,199,526,458,342,524,276,529,528,274,525],"class_list":["post-9717","product","type-product","status-publish","has-post-thumbnail","hentry","product_cat-1-punta-cana","product_cat-punta-cana-group-tours","product_cat-punta-cana-whale-watching","product_cat-tours-excursions-punta-cana-dominican-republic","product_cat-tours-excursions-samana-bay-dominican-republic","product_cat-whale-watching-punta-cana","product_tag-631","product_tag-bacardi-island","product_tag-cayo-levantado-day-pass","product_tag-cheap-punta-cana-excursions","product_tag-day-trip-punta-cana","product_tag-half-day-whale-watching-miches","product_tag-private-tours-samana","product_tag-punta-cana","product_tag-punta-cana-activities","product_tag-punta-cana-tours","product_tag-samana-bay","product_tag-samana-day-trip","product_tag-samana-day-trip-from-punta-cana","product_tag-samana-whale-watching","product_tag-whale-punta-cana","product_tag-whale-samana","product_tag-whale-watching-2020","product_tag-whale-watching-2020-in-punta-cana-to-samana-bay-cayo-levantado-bacardi-island-from-hotels","product_tag-whale-watching-dominican-republic","product_tag-whale-watching-punta-cana"],"_links":{"self":[{"href":"https:\/\/tourwhales.com\/de\/wp-json\/wp\/v2\/product\/9717","targetHints":{"allow":["GET"]}}],"collection":[{"href":"https:\/\/tourwhales.com\/de\/wp-json\/wp\/v2\/product"}],"about":[{"href":"https:\/\/tourwhales.com\/de\/wp-json\/wp\/v2\/types\/product"}],"wp:featuredmedia":[{"embeddable":true,"href":"https:\/\/tourwhales.com\/de\/wp-json\/wp\/v2\/media\/12053"}],"wp:attachment":[{"href":"https:\/\/tourwhales.com\/de\/wp-json\/wp\/v2\/media?parent=9717"}],"wp:term":[{"taxonomy":"product_cat","embeddable":true,"href":"https:\/\/tourwhales.com\/de\/wp-json\/wp\/v2\/product_cat?post=9717"},{"taxonomy":"product_tag","embeddable":true,"href":"https:\/\/tourwhales.com\/de\/wp-json\/wp\/v2\/product_tag?post=9717"}],"curies":[{"name":"wp","href":"https:\/\/api.w.org\/{rel}","templated":true}]}}