
{"id":9453,"date":"2019-09-23T17:16:42","date_gmt":"2019-09-23T17:16:42","guid":{"rendered":"https:\/\/tourwhales.com\/Tours-Excursions\/uncategorized\/import-placeholder-for-977\/"},"modified":"2024-10-18T20:29:18","modified_gmt":"2024-10-18T20:29:18","slug":"day-pass-cano-hondo-natural-pools-lunch-included","status":"publish","type":"product","link":"https:\/\/tourwhales.com\/de\/Tours-Excursions\/uncategorized\/day-pass-cano-hondo-natural-pools-lunch-included\/","title":{"rendered":"Tagespass Ca\u00f1o Hondo \u2013 Nat\u00fcrliche Pools und Mittagessen inklusive"},"content":{"rendered":"<section class=\"wpb-content-wrapper\"><div class=\"vc_row wpb_row vc_row-fluid\" ><div class=\"wpb_column vc_column_container vc_col-sm-12\"><div class=\"vc_column-inner\"><div class=\"wpb_wrapper\"><div class=\"vc_message_box vc_message_box-standard vc_message_box-rounded vc_color-info\" ><div class=\"vc_message_box-icon\"><i class=\"fas fa-info-circle\"><\/i><\/div><p>Buchen Sie g\u00fcnstige Preise in Cano Hondo Rooms <a href=\"http:\/\/dominican-republic-hotels.com\/hotel\/cano-hondo-hotel-eco-lodge\/\">Klicken Sie hier.<\/a><\/p>\n<\/div><div class=\"vc_btn3-container vc_btn3-inline\" ><button class=\"vc_general vc_btn3 vc_btn3-size-md vc_btn3-shape-rounded vc_btn3-style-modern vc_btn3-color-green\">BUCHEN SIE JETZT<\/button><\/div>\n\t<div class=\"wpb_text_column wpb_content_element\" >\n\t\t<div class=\"wpb_wrapper\">\n\t\t\t<div class=\"vc_row wpb_row vc_row-fluid\">\n<div class=\"wpb_column vc_column_container vc_col-sm-12\">\n<div class=\"vc_column-inner\">\n<div class=\"wpb_wrapper\">\n<div class=\"wpb_text_column wpb_content_element\">\n<div class=\"wpb_wrapper\">\n<h2 class=\"mkdf-single-product-title\">Tagespass Ca\u00f1o Hondo - Nat\u00fcrliche Pools &amp; Mittagessen inbegriffen<\/h2>\n<h4><b><i>Beschreibung<\/i><\/b><\/h4>\n<p>Ca\u00f1o Hondo Day Pass Ticket f\u00fcr unsere nat\u00fcrlichen Au\u00dfenpools mit Mittagessen am Buffet inklusive. T\u00e4glich von 8:30 bis 17:00 Uhr.<\/p>\n<div class=\"wpb_text_column wpb_content_element\">\n<div class=\"wpb_wrapper\">\n<p>Pools sind vollst\u00e4ndig biologisch, ohne Chlor oder Chemikalien, die ihre eigene nat\u00fcrliche \u00d6kologie und ein ausgewogenes \u00d6kosystem entwickeln, indem sie auf eine bestimmte Weise entworfen und gebaut werden. Wenn das Gleichgewicht erreicht ist, ist das Wasser nat\u00fcrlich klar wie in einem Bergsee.<\/p>\n<\/div>\n<\/div>\n<div class=\"wpb_text_column wpb_content_element\">\n<div class=\"wpb_wrapper\">\n<p><strong>Genie\u00dfen Sie nat\u00fcrliche \u00d6ko-Pools, die sich wunderbar in die friedliche und urspr\u00fcngliche Landschaft im Nationalpark Los Haitises, Sabana de la Mar, einf\u00fcgen. <\/strong><\/p>\n<p style=\"text-align: center;\"><strong>Verbringen Sie einen wunderbaren Tag mit Ihrer Familie oder Freunden.<\/strong><\/p>\n<\/div>\n<\/div>\n<p>&nbsp;<\/p>\n<h3><b>Inklusion und Exklusion<\/b><\/h3>\n<p><b>Einschl\u00fcsse<\/b><\/p>\n<ol>\n<li>Mittagsbuffet<\/li>\n<li>Eintritt in Naturschwimmb\u00e4der<\/li>\n<\/ol>\n<p><b>Ausschl\u00fcsse (nicht enthalten)<\/b><\/p>\n<ol>\n<li>Transport<\/li>\n<li>Alkoholische Getr\u00e4nke<\/li>\n<\/ol>\n<p>&nbsp;<\/p>\n<h4><em><strong>Warum das Ticket kaufen?<\/strong><\/em><\/h4>\n<p>Bitte reservieren Sie im Voraus, um den Platz in unserem Restaurant einzurichten und das Mittagsbuffet f\u00fcr Sie vorzubereiten. Nachdem Sie die Reservierung vorgenommen haben, werden sich unsere Vertreter mit Ihnen in Verbindung setzen, um Ihnen weitere Informationen zu geben \u2013 wie Sie zu uns kommen, was das Men\u00fc des Mittagsbuffets ist und um alle Ihre Fragen zu beantworten.<\/p>\n<p><strong>Hinweis: Kostenlos f\u00fcr Kinder unter 3 Jahren. Kinder von 4 bis 10 Jahren zahlen nur die H\u00e4lfte.<\/strong><\/p>\n<h2 style=\"text-align: center;\"><strong>Mineralwasser-Schwimmbecken, die mit Liebe zum Detail und Kreativit\u00e4t entworfen und gebaut wurden.<\/strong><\/h2>\n<p><strong>Zeit:<\/strong><\/p>\n<p>8:30 \u2013 17:00 Uhr<\/p>\n<p>&nbsp;<\/p>\n<h4><em><strong>Was sollten Sie mitnehmen?<\/strong><\/em><\/h4>\n<ul>\n<li>Kamera<\/li>\n<li>\u00a0Abweisend<\/li>\n<li>Sonnencreme<\/li>\n<\/ul>\n<p>&nbsp;<\/p>\n<h4><i>Transport: <\/i><\/h4>\n<p>Der Transport ist nicht inbegriffen.<\/p>\n<p><b>Hinweis: Wenn Sie eine \u00dcberweisung w\u00fcnschen, kontaktieren Sie uns bitte.<\/b><\/p>\n<h4><b><i>Stornierungsbedingungen<\/i><\/b><\/h4>\n<p>F\u00fcr eine vollst\u00e4ndige R\u00fcckerstattung lesen Sie bitte unsere Stornierungsbedingungen in der Fu\u00dfzeile der Website.<\/p>\n<\/div>\n<\/div>\n<\/div>\n<\/div>\n<\/div>\n<\/div>\n<div class=\"vc_row wpb_row vc_row-fluid\">\n<div class=\"wpb_column vc_column_container vc_col-sm-12\">\n<div class=\"vc_column-inner\">\n<div class=\"wpb_wrapper\">\n<div class=\"wpb_text_column wpb_content_element\">\n<div class=\"wpb_wrapper\">\n<p>&nbsp;<\/p>\n<h3 style=\"text-align: center;\">Sie k\u00f6nnen auch zahlreiche Aktivit\u00e4ten und Ausfl\u00fcge mit einem lokalen Reiseleiter genie\u00dfen.<\/h3>\n<p><strong>Liste der Aktivit\u00e4ten:<\/strong><br \/>\nRei\u00dfverschlussfutter<br \/>\nKlettern an der Felswand<br \/>\nReiten<br \/>\nGef\u00fchrte oder selbst gef\u00fchrte Wanderungen in den Los Haitises<br \/>\nKajakfahren in Los Haitises<br \/>\nGef\u00fchrte Bootstouren nach Los Haitises<br \/>\nWalbeobachtung (vom 15. Januar \u2013 20. M\u00e4rz)<br \/>\nGef\u00fchrte Vogelbeobachtung<br \/>\nCayo Levantado\/Bacardi-Insel<br \/>\nTierwelt und Natur<br \/>\nWasserf\u00e4lle El Limon, Samana<\/p>\n<p><strong>F\u00fcr weitere Informationen \u00fcber Aktivit\u00e4ten und Ausfl\u00fcge kontaktieren Sie uns bitte. Du kannst auch <a href=\"http:\/\/haitises.com\/\">Buchen Sie hier.<\/a><\/strong><\/p>\n<h4><b><i>Stornierungsbedingungen<\/i><\/b><\/h4>\n<p>F\u00fcr eine vollst\u00e4ndige R\u00fcckerstattung lesen Sie bitte unsere Stornierungsbedingungen\u00a0<a href=\"https:\/\/tourwhales.com\/de\/online-booking\/\" target=\"_blank\" rel=\"noopener\" data-saferedirecturl=\"https:\/\/www.google.com\/url?q=https:\/\/tourwhales.com\/online-booking\/&amp;source=gmail&amp;ust=1672449202351000&amp;usg=AOvVaw1yAeVAPktmaVCqDujgUn90\">Klicke hier<\/a>. Das Geld geht verloren, wenn die Reservierung am selben Tag der Reise storniert wird.<\/p>\n<\/div>\n<\/div>\n<\/div>\n<\/div>\n<\/div>\n<\/div>\n\n\t\t<\/div>\n\t<\/div>\n<\/div><\/div><\/div><\/div><div class=\"vc_row wpb_row vc_row-fluid\" ><div class=\"wpb_column vc_column_container vc_col-sm-12\"><div class=\"vc_column-inner\"><div class=\"wpb_wrapper\"><div class=\"vc_btn3-container vc_btn3-inline\" ><button class=\"vc_general vc_btn3 vc_btn3-size-md vc_btn3-shape-rounded vc_btn3-style-modern vc_btn3-color-green\">BUCHEN SIE JETZT<\/button><\/div><\/div><\/div><\/div><\/div>\n<\/section>","protected":false},"excerpt":{"rendered":"<p>Kaufen Sie ein Tagesticket f\u00fcr nat\u00fcrliche Schwimmb\u00e4der im Ca\u00f1o Hondo Hotel im Nationalpark Los Haitises, Sabana de la Mar. Das Mittagessen ist inbegriffen.<\/p>\n<p>F\u00fcr weitere Informationen kontaktieren Sie uns bitte.<\/p>","protected":false},"featured_media":9457,"template":"","meta":[],"product_cat":[946,160,933,15],"product_tag":[425,176,421,422,171,209,426,423,424,175,186,187],"class_list":["post-9453","product","type-product","status-publish","has-post-thumbnail","hentry","product_cat-1-sabana-de-la-mar","product_cat-lunch","product_cat-natural-pools-los-haitises","product_cat-uncategorized","product_tag-altos-cano-hondo","product_tag-cano-hondo","product_tag-cano-hondo-day-pass","product_tag-cano-hondo-sabana-de-la-mar","product_tag-los-haitises","product_tag-los-haitises-national-park","product_tag-los-haitises-tours","product_tag-paraiso-cano-hondo","product_tag-parque-los-haitises","product_tag-sabana-de-la-mar","product_tag-samana","product_tag-samana-tours"],"_links":{"self":[{"href":"https:\/\/tourwhales.com\/de\/wp-json\/wp\/v2\/product\/9453","targetHints":{"allow":["GET"]}}],"collection":[{"href":"https:\/\/tourwhales.com\/de\/wp-json\/wp\/v2\/product"}],"about":[{"href":"https:\/\/tourwhales.com\/de\/wp-json\/wp\/v2\/types\/product"}],"wp:featuredmedia":[{"embeddable":true,"href":"https:\/\/tourwhales.com\/de\/wp-json\/wp\/v2\/media\/9457"}],"wp:attachment":[{"href":"https:\/\/tourwhales.com\/de\/wp-json\/wp\/v2\/media?parent=9453"}],"wp:term":[{"taxonomy":"product_cat","embeddable":true,"href":"https:\/\/tourwhales.com\/de\/wp-json\/wp\/v2\/product_cat?post=9453"},{"taxonomy":"product_tag","embeddable":true,"href":"https:\/\/tourwhales.com\/de\/wp-json\/wp\/v2\/product_tag?post=9453"}],"curies":[{"name":"wp","href":"https:\/\/api.w.org\/{rel}","templated":true}]}}