
{"id":23692,"date":"2024-11-17T17:11:25","date_gmt":"2024-11-17T17:11:25","guid":{"rendered":"https:\/\/tourwhales.com\/?post_type=product&#038;p=23692"},"modified":"2024-11-17T17:11:27","modified_gmt":"2024-11-17T17:11:27","slug":"jarabacoa-baiguate-waterfall-atv-tour-with-entry-ticket","status":"publish","type":"product","link":"https:\/\/tourwhales.com\/de\/Tours-Excursions\/dominican-republic\/jarabacoa-baiguate-waterfall-atv-tour-with-entry-ticket\/","title":{"rendered":"Jarabacoa: Baiguate Waterfall ATV Tour with Entry Ticket"},"content":{"rendered":"<p>Wenn wir von Buggys sprechen, sprechen wir von einem Gel\u00e4ndewagen, der Sicherheit und einfache Handhabung bietet und dem Benutzer w\u00e4hrend der Fahrt einen gr\u00f6\u00dferen Kontakt mit dem Gel\u00e4nde und der Natur erm\u00f6glicht, die ihn umgeben. Sp\u00fcren Sie die Brise, die Sonne, den Regen, sehen Sie die Landschaft an Ihrer Seite in einem komfortablen und sicheren Ger\u00e4t, das entwickelt wurde, um die Waldstrecke und das Gel\u00e4nde zu genie\u00dfen.<\/p>\n<p>Wenn alle bereit sind, beginnen wir unsere Fahrt in einige l\u00e4ndliche Gebiete von Jarabacoa Town, w\u00e4hrend Sie mit Ihrem Buggy die holprigen Stra\u00dfen und die Bergluft der Landschaft aus dem zentralen Norden des Landes fahren und Ihnen die Sch\u00f6nheit und Natur dieses Abenteuers zeigen.<\/p>\n<p>Einige der Orte, die Sie w\u00e4hrend dieser Reise besuchen werden, sind La Confluencia, wo sich die Fl\u00fcsse Jimenoa und Yaque Del Norte treffen, Cieneguita und Monte Arriba.<\/p>\n<p>Nachdem wir etwa 30 Kilometer geritten sind, machen wir uns auf den Weg zum Baiguate-Wasserfall, um eine 10-min\u00fctige Wanderung zu unternehmen und in nat\u00fcrlichen Pools zu schwimmen.<\/p>\n<p>During this part of your trip, you will be able to go swimming for about 1 hour and take a break to try out some fresh fruits harvested from Jarabacoa farmer\u2019s land every day. Baiguate has an 82 feet high fall and is the perfect place to relax a bit before going back to town.<\/p>\n<div class=\"toggle-content__content toggle-content__content--expanded toggle-content__content--packable\" data-v-59485d64=\"\">\n<div data-test-id=\"activity-full-description-text\" data-v-5835c99c=\"\">During this part of your trip, you will be able to go swimming for about 1 hour and take a break to try out some fresh fruits harvested from Jarabacoa farmer\u2019s land every day. Baiguate has an 82 feet high fall and is the perfect place to relax a bit before going back to town.<\/div>\n<\/div>\n<div class=\"toggle-content__label-placeholder\" data-v-59485d64=\"\"><\/div>","protected":false},"excerpt":{"rendered":"<div data-track=\"overview\" data-v-83a2b402=\"\">\n<section id=\"activity-overview\" class=\"activity-overview\" data-component=\"overview\" data-v-83a2b402=\"\" data-v-f3236c42=\"\">\n<p class=\"activity-overview__content\" data-test-id=\"activity-overview-content\" data-v-f3236c42=\"\">Explore the mountains of Jarabacoa on an ATV tour and go swimming with an entry ticket for Baiguate Waterfall. Splash in the water and enjoy freshly harvested fruits afterward.<\/p>\n<\/section>\n<\/div>\n<div data-track=\"key-details\" data-v-83a2b402=\"\"><\/div>","protected":false},"featured_media":23693,"template":"","meta":[],"product_cat":[1134],"product_tag":[173,1135],"class_list":["post-23692","product","type-product","status-publish","has-post-thumbnail","hentry","product_cat-dominican-republic","product_tag-excursion","product_tag-tour"],"_links":{"self":[{"href":"https:\/\/tourwhales.com\/de\/wp-json\/wp\/v2\/product\/23692","targetHints":{"allow":["GET"]}}],"collection":[{"href":"https:\/\/tourwhales.com\/de\/wp-json\/wp\/v2\/product"}],"about":[{"href":"https:\/\/tourwhales.com\/de\/wp-json\/wp\/v2\/types\/product"}],"wp:featuredmedia":[{"embeddable":true,"href":"https:\/\/tourwhales.com\/de\/wp-json\/wp\/v2\/media\/23693"}],"wp:attachment":[{"href":"https:\/\/tourwhales.com\/de\/wp-json\/wp\/v2\/media?parent=23692"}],"wp:term":[{"taxonomy":"product_cat","embeddable":true,"href":"https:\/\/tourwhales.com\/de\/wp-json\/wp\/v2\/product_cat?post=23692"},{"taxonomy":"product_tag","embeddable":true,"href":"https:\/\/tourwhales.com\/de\/wp-json\/wp\/v2\/product_tag?post=23692"}],"curies":[{"name":"wp","href":"https:\/\/api.w.org\/{rel}","templated":true}]}}