
{"id":22395,"date":"2024-11-17T14:33:01","date_gmt":"2024-11-17T14:33:01","guid":{"rendered":"https:\/\/tourwhales.com\/?post_type=product&#038;p=22395"},"modified":"2024-11-17T14:33:05","modified_gmt":"2024-11-17T14:33:05","slug":"las-terrenas-private-coffee-trail-atv-tour-in-samana","status":"publish","type":"product","link":"https:\/\/tourwhales.com\/de\/Tours-Excursions\/dominican-republic\/las-terrenas-private-coffee-trail-atv-tour-in-samana\/","title":{"rendered":"Las Terrenas: Private Coffee Trail ATV Tour in Samana"},"content":{"rendered":"<p>Las Terrenas: Private Coffee Trail ATV Tour in Samana<\/p>\n<p>The tour will take you through country roads boarded by cacao and coffee fields, spectacular views over the Samana bay, and local farms. We\u2019ll stop at a classic mountain farm, sharing some time with a family of farmers. You\u2019ll be able to see some of the products they produce and visit their farm, learning about organic farming and plants.<\/p>\n<p>You\u2019ll witness the difference between Las Terrenas, a busy beach destination, and the countryside, with its clean air and slow-paced way of life.<\/p>\n<p>If you want, the farmers will show you how coffee or cacao is made, from the tree to your table. You can then sip on a cup of coffee or hot cocoa.<\/p>\n<p>Don\u2019t worry, if you don\u2019t speak Spanish, our local tour guide will translate everything for you.<\/p>\n<p>Next stop is a small beach on the Samana Bay where you can take a dip and cool off for a while. On the way, we\u2019ll pass through many fields, farms, and viewpoints.<\/p>\n<div class=\"toggle-content__content toggle-content__content--expanded toggle-content__content--packable\" data-v-59485d64=\"\">\n<div data-test-id=\"activity-full-description-text\" data-v-5835c99c=\"\">Die Fahrt geht gr\u00f6\u00dftenteils \u00fcber unbefestigte Stra\u00dfen, es macht viel Spa\u00df, das ATV dort zu fahren, rauf und runter, durch Unebenheiten und L\u00f6cher. Wenn Sie sich beim Fahren eines ATV nicht wohl f\u00fchlen oder wenn Geschwindigkeit nicht Ihr Ding ist, machen Sie sich keine Sorgen, Sie k\u00f6nnen entweder langsam fahren (mehr Zeit, um die Aussicht zu genie\u00dfen!) oder Sie k\u00f6nnen mit jemandem fahren, die meisten ATVs k\u00f6nnen zwei Personen sitzen. Das Fahren eines ATV ist ziemlich einfach und selbst wenn es das erste Mal ist, sollten Sie den Dreh schnell raus haben.<\/div>\n<\/div>\n<div class=\"toggle-content__label-placeholder\" data-v-59485d64=\"\"><\/div>","protected":false},"excerpt":{"rendered":"<div data-track=\"overview\" data-v-83a2b402=\"\">\n<section id=\"activity-overview\" class=\"activity-overview\" data-component=\"overview\" data-v-83a2b402=\"\" data-v-f3236c42=\"\">\n<p class=\"activity-overview__content\" data-test-id=\"activity-overview-content\" data-v-f3236c42=\"\">Get to know Dominican culture and the influence of coffee on a private ATV tour from Las Terrenas. Follow your guide down country roads, through cocoa and coffee fields, and into a mountain farm.<\/p>\n<\/section>\n<\/div>\n<div data-track=\"key-details\" data-v-83a2b402=\"\"><\/div>","protected":false},"featured_media":22396,"template":"","meta":[],"product_cat":[1134],"product_tag":[173,1135],"class_list":["post-22395","product","type-product","status-publish","has-post-thumbnail","hentry","product_cat-dominican-republic","product_tag-excursion","product_tag-tour"],"_links":{"self":[{"href":"https:\/\/tourwhales.com\/de\/wp-json\/wp\/v2\/product\/22395","targetHints":{"allow":["GET"]}}],"collection":[{"href":"https:\/\/tourwhales.com\/de\/wp-json\/wp\/v2\/product"}],"about":[{"href":"https:\/\/tourwhales.com\/de\/wp-json\/wp\/v2\/types\/product"}],"wp:featuredmedia":[{"embeddable":true,"href":"https:\/\/tourwhales.com\/de\/wp-json\/wp\/v2\/media\/22396"}],"wp:attachment":[{"href":"https:\/\/tourwhales.com\/de\/wp-json\/wp\/v2\/media?parent=22395"}],"wp:term":[{"taxonomy":"product_cat","embeddable":true,"href":"https:\/\/tourwhales.com\/de\/wp-json\/wp\/v2\/product_cat?post=22395"},{"taxonomy":"product_tag","embeddable":true,"href":"https:\/\/tourwhales.com\/de\/wp-json\/wp\/v2\/product_tag?post=22395"}],"curies":[{"name":"wp","href":"https:\/\/api.w.org\/{rel}","templated":true}]}}