
{"id":18361,"date":"2024-04-23T15:22:29","date_gmt":"2024-04-23T15:22:29","guid":{"rendered":"https:\/\/tourwhales.com\/?post_type=product&#038;p=18361"},"modified":"2024-10-17T23:39:09","modified_gmt":"2024-10-17T23:39:09","slug":"jarabacoa-atv-ride-baiguate-waterfall","status":"publish","type":"product","link":"https:\/\/tourwhales.com\/de\/Tours-Excursions\/fees-entrace\/jarabacoa-atv-ride-baiguate-waterfall\/","title":{"rendered":"Jarabacoa: ATV Ride &#038; Baiguate Waterfall"},"content":{"rendered":"<section class=\"wpb-content-wrapper\"><div class=\"vc_row wpb_row vc_row-fluid\" ><div class=\"wpb_column vc_column_container vc_col-sm-12\"><div class=\"vc_column-inner\"><div class=\"wpb_wrapper\">\n\t<div class=\"wpb_text_column wpb_content_element\" >\n\t\t<div class=\"wpb_wrapper\">\n\t\t\t<h1>Jarabacoa mit den Wasserf\u00e4llen Jimenoa und Baiguate<\/h1>\n\n\t\t<\/div>\n\t<\/div>\n<\/div><\/div><\/div><\/div><div class=\"vc_row wpb_row vc_row-fluid\" ><div class=\"wpb_column vc_column_container vc_col-sm-12\"><div class=\"vc_column-inner\"><div class=\"wpb_wrapper\">\n\t<div class=\"wpb_text_column wpb_content_element\" >\n\t\t<div class=\"wpb_wrapper\">\n\t\t\t<h3 class=\"product-head__title\">Jarabacoa: ATV Ride &amp; Baiguate Waterfall<\/h3>\n<h4><b><i>\u00dcberblick <\/i><\/b><\/h4>\n<p>Embark on this thrilling adventure in Jarabacoa, an enchanting destination brimming with exciting experiences that lie ahead. Immerse yourself in the vibrant community known as the city of eternal spring and discover the birthplace of the Dominican Republic&#8217;s main rivers. This extraordinary journey will take you to the most legendary sites in Jarabacoa, including a refreshing swim at Baiguate Waterfall.<\/p>\n<p>Once everyone is prepared, we will embark on our journey to the charming rural areas of the city of Jarabacoa, where the bumpy roads and the refreshing mountain air of the countryside in the central north of the country will unveil the breathtaking beauty of nature throughout this exhilarating adventure.<\/p>\n<p>Some of the places you will visit during this trip are La Confluencia, where the Jimenoa and Yaque del Norte rivers, Cieneguita, and Monte Arriba converge, as well as the breathtaking Jarabacoa and the historic city of the eternal spring break, you will be riding your ATV for about two hours.<\/p>\n<p>After riding about 30 kilometers, we will head to the Baiguate Waterfall for a 10-minute walk and swim in natural pools.<\/p>\n<p>In this journey stage, you will have the amazing opportunity to swim for approximately one hour in the captivating waters of Baiguate. You will also have the chance to indulge in the luscious taste of fresh ice cream, handpicked daily from the bountiful lands of the skilled farmers of Jarabacoa. With its majestic 82-foot drop, Baiguate offers a picturesque haven to unwind and rejuvenate before returning to the bustling city.<\/p>\n<ul>\n<li style=\"font-weight: 400;\">Geb\u00fchren inbegriffen<\/li>\n<li>Mittagessen<\/li>\n<li>Snacks<\/li>\n<li style=\"font-weight: 400;\">Local Tour Guide in English or Spanish<\/li>\n<\/ul>\n<h4><b>Einschl\u00fcsse &amp; Ausschl\u00fcsse<\/b><\/h4>\n<p><b>Einschl\u00fcsse<\/b><\/p>\n<ol>\n<li>Mittagessen<\/li>\n<li style=\"font-weight: 400;\"><span style=\"font-weight: 400;\">Alle Steuern, Geb\u00fchren und Bearbeitungsgeb\u00fchren<\/span><\/li>\n<li style=\"font-weight: 400;\"><span style=\"font-weight: 400;\">Lokale Steuern<\/span><\/li>\n<li style=\"font-weight: 400;\"><span style=\"font-weight: 400;\">Getr\u00e4nke<\/span><\/li>\n<li style=\"font-weight: 400;\"><span style=\"font-weight: 400;\">Alle Aktivit\u00e4ten<\/span><\/li>\n<li style=\"font-weight: 400;\"><span style=\"font-weight: 400;\">Lokaler F\u00fchrer<\/span><\/li>\n<\/ol>\n<p><b> Ausschl\u00fcsse<\/b><\/p>\n<ol>\n<li style=\"font-weight: 400;\"><span style=\"font-weight: 400;\">Trinkgelder<\/span><\/li>\n<li>Transport (eingestellt durch Kontaktaufnahme mit uns)<\/li>\n<li style=\"font-weight: 400;\"><span style=\"font-weight: 400;\">Alkoholische Getr\u00e4nke<\/span><\/li>\n<\/ol>\n<h4><em><strong>Abreise &amp; R\u00fcckkehr<\/strong><\/em><\/h4>\n<p><span style=\"font-weight: 400;\">Der Reisende erh\u00e4lt nach dem Reservierungsprozess einen Treffpunkt. Touren beginnen und enden an Ihren Treffpunkten.<\/span><\/p>\n<h3 class=\"product-head__title\">Jarabacoa: ATV Ride &amp; Baiguate Waterfall<\/h3>\n<h4><b><i>Was zu erwarten ist?<\/i><\/b><\/h4>\n<p>Get your ticket for the Baiguate Waterfalls Tour from Jarabacoa City by ATV. The tour involves riding an all-terrain vehicle that offers safety and ease of handling while allowing you to have greater contact with the terrain and nature around you. Enjoy the breeze, sun, and rain, and take in the surrounding landscape while comfortably and safely driving through off-road tracks in the forest.<\/p>\n<p>The tour starts from a meeting point that you will need to confirm with our travel agents or tour guide before proceeding to any location. Upon meeting your guide, you will receive a briefing about the tour and everything related to your day. Once everyone is ready, we will start our ride to some rural areas of Jarabacoa Town, where you&#8217;ll experience the bumpy roads and mountain air of the countryside from the central north of the country.<\/p>\n<p>During the trip, you will visit several locations such as La Confluencia, where Jimenoa and Yaque Del Norte River meet, Cieneguita, and Monte Arriba. After riding for about 30 kilometers, we will head to the Baiguate Waterfall, which involves a 10-minute hike and swimming in natural pools.<\/p>\n<p>You will have the opportunity to swim for approximately 30 minutes. Baiguate waterfall has an 82-foot-high fall, making it the perfect place to relax before heading back to town. After visiting the waterfall, we will head to Ivon&#8217;s to try the best local ice cream flavor, homemade by a local expert, and then walk to Duarte Central Park for the last part of the tour.<\/p>\n<p>The tour lasts for 4 hours, including the two-hour ATV ride, Baiguate, lunch, and Helados Ivon. It allows you to oversee Jarabacoa and ends in the same place where it started. Please book with time as there are only a limited number of specialist ecologist tour guides available in the park.<\/p>\n<h4><em><strong>Was sollten Sie mitbringen?<\/strong><\/em><\/h4>\n<ul>\n<li style=\"font-weight: 400;\"><span style=\"font-weight: 400;\">Kamera<\/span><\/li>\n<li style=\"font-weight: 400;\"><span style=\"font-weight: 400;\">Absto\u00dfende Knospen<\/span><\/li>\n<li style=\"font-weight: 400;\"><span style=\"font-weight: 400;\">Sonnencreme<\/span><\/li>\n<li style=\"font-weight: 400;\"><span style=\"font-weight: 400;\">Hut<\/span><\/li>\n<li style=\"font-weight: 400;\"><span style=\"font-weight: 400;\">Bequeme Hose<\/span><\/li>\n<li style=\"font-weight: 400;\"><span style=\"font-weight: 400;\">Wanderschuhe f\u00fcr den Wald<\/span><\/li>\n<li style=\"font-weight: 400;\"><span style=\"font-weight: 400;\">Sandalen zu den Fr\u00fchlingsgebieten.<\/span><\/li>\n<li style=\"font-weight: 400;\"><span style=\"font-weight: 400;\">Schwimmkleidung<\/span><\/li>\n<\/ul>\n<h4><b><i>Hotelabholung <\/i><\/b><\/h4>\n<p><span style=\"font-weight: 400;\">Hotel pick-up is not offered for this tour. We set Pick up by contacting us by WhatsApp.<\/span><\/p>\n<p><b>Notiz:<\/b><span style=\"font-weight: 400;\"> If you are booking within 24 hours of the tour\/Excursion departure time, we can arrange hotel pick-up with extra Charges. Once your purchase is complete, we will send you complete contact information (phone number, email address, etc.) for our local Tour guide to organize pick-up arrangements.<\/span><\/p>\n<h4><b><i>Zus\u00e4tzliche Info-Best\u00e4tigung <\/i><\/b><\/h4>\n<ol>\n<li>Tickets sind die Quittung, nachdem Sie f\u00fcr diese Tour bezahlt haben. Sie k\u00f6nnen die Zahlung auf Ihrem Telefon anzeigen.<\/li>\n<li style=\"font-weight: 400;\"><span style=\"font-weight: 400;\">Treffpunkt Wird nach dem Reservierungsprozess bekannt gegeben.<\/span><\/li>\n<li style=\"font-weight: 400;\"><span style=\"font-weight: 400;\">Kinder m\u00fcssen von einem Erwachsenen begleitet werden.<\/span><\/li>\n<li style=\"font-weight: 400;\"><span style=\"font-weight: 400;\"> Nicht rollstuhlgerecht <\/span><\/li>\n<li style=\"font-weight: 400;\"><span style=\"font-weight: 400;\">Kleinkinder m\u00fcssen auf dem Scho\u00df sitzen <\/span><\/li>\n<li style=\"font-weight: 400;\"><span style=\"font-weight: 400;\">F\u00fcr Reisende mit R\u00fcckenproblemen nicht zu empfehlen<\/span><\/li>\n<li style=\"font-weight: 400;\"><span style=\"font-weight: 400;\">Nicht f\u00fcr schwangere Reisende empfohlen <\/span><\/li>\n<li style=\"font-weight: 400;\"><span style=\"font-weight: 400;\"> Keine Herzprobleme oder andere ernsthafte Erkrankungen <\/span><\/li>\n<li style=\"font-weight: 400;\"><span style=\"font-weight: 400;\">Die meisten Reisenden k\u00f6nnen teilnehmen<\/span><\/li>\n<li>This option is sharing one four-wheel with two people<\/li>\n<\/ol>\n<h4><b><i>Stornierungsbedingungen<\/i><\/b><\/h4>\n<p>F\u00fcr eine vollst\u00e4ndige R\u00fcckerstattung lesen Sie bitte unsere Stornierungsbedingungen <a href=\"https:\/\/tourwhales.com\/de\/online-booking\/\" target=\"_blank\" rel=\"noopener\" data-saferedirecturl=\"https:\/\/www.google.com\/url?q=https:\/\/tourwhales.com\/online-booking\/&amp;source=gmail&amp;ust=1672449202351000&amp;usg=AOvVaw1yAeVAPktmaVCqDujgUn90\">Klicke hier<\/a>. Das Geld geht verloren, wenn die Reservierung am selben Tag der Reise storniert wird.<\/p>\n\n\t\t<\/div>\n\t<\/div>\n<\/div><\/div><\/div><\/div><div class=\"vc_row wpb_row vc_row-fluid\" ><div class=\"wpb_column vc_column_container vc_col-sm-12\"><div class=\"vc_column-inner\"><div class=\"wpb_wrapper\">\n\t<div class=\"wpb_video_widget wpb_content_element vc_clearfix   vc_video-aspect-ratio-169 vc_video-el-width-100 vc_video-align-left\" >\n\t\t<div class=\"wpb_wrapper\">\n\t\t\t<h2 class=\"wpb_heading wpb_video_heading\">Jarabacoa City-Video:<\/h2>\n\t\t\t<div class=\"wpb_video_wrapper\"><iframe loading=\"lazy\" title=\"Jarabacoa, Turismo entre rios y monta\u00f1a\" width=\"1100\" height=\"619\" src=\"https:\/\/www.youtube.com\/embed\/FRHfK4RS39A?feature=oembed\" frameborder=\"0\" allow=\"accelerometer; autoplay; clipboard-write; encrypted-media; gyroscope; picture-in-picture\" allowfullscreen><\/iframe><\/div>\n\t\t<\/div>\n\t<\/div>\n<\/div><\/div><\/div><\/div><div class=\"wpb_column vc_column_container vc_col-sm-12\"><div class=\"vc_column-inner\"><div class=\"wpb_wrapper\"><\/div><\/div><\/div>\n<\/section>","protected":false},"excerpt":{"rendered":"<p>Begleiten Sie uns und reisen Sie mit einem lokalen Experten aus Jarabacoa und erleben Sie die einzigartige Erfahrung, die besten Orte in der Hauptstadt des \u00d6kotourismus zu besuchen. Beginnen Sie in Jarabacoa. Bei dieser Tour lernen Sie die wundersch\u00f6ne Landschaft der gr\u00f6\u00dften Bergfarm der Dominikanischen Republik kennen. W\u00e4hrend Sie durch die verschiedenen Orte fahren, werden Sie die Bergluft sp\u00fcren und die Sch\u00f6nheit der Landschaft genie\u00dfen.<\/p>\n<p><strong>W\u00e4hlen Sie das Datum f\u00fcr die Tour:<\/strong><\/p>","protected":false},"featured_media":18365,"template":"","meta":[],"product_cat":[1132,159,1131,889,253],"product_tag":[895,892,891,890,1133,896,894,893],"class_list":["post-18361","product","type-product","status-publish","has-post-thumbnail","hentry","product_cat-atv-jarabacoa","product_cat-fees-entrace","product_cat-jarabacoa","product_cat-jarabacoa-buggy","product_cat-tours-and-excursions","product_tag-baiguate-waterfall","product_tag-jarabacoa-buggies","product_tag-jarabacoa-buggy","product_tag-jarabacoa-tour","product_tag-jarabacoa-atv-ride-baiguate-waterfall","product_tag-jimenoa-waterfall","product_tag-salto-baiguate","product_tag-salto-jimenoa"],"_links":{"self":[{"href":"https:\/\/tourwhales.com\/de\/wp-json\/wp\/v2\/product\/18361","targetHints":{"allow":["GET"]}}],"collection":[{"href":"https:\/\/tourwhales.com\/de\/wp-json\/wp\/v2\/product"}],"about":[{"href":"https:\/\/tourwhales.com\/de\/wp-json\/wp\/v2\/types\/product"}],"wp:featuredmedia":[{"embeddable":true,"href":"https:\/\/tourwhales.com\/de\/wp-json\/wp\/v2\/media\/18365"}],"wp:attachment":[{"href":"https:\/\/tourwhales.com\/de\/wp-json\/wp\/v2\/media?parent=18361"}],"wp:term":[{"taxonomy":"product_cat","embeddable":true,"href":"https:\/\/tourwhales.com\/de\/wp-json\/wp\/v2\/product_cat?post=18361"},{"taxonomy":"product_tag","embeddable":true,"href":"https:\/\/tourwhales.com\/de\/wp-json\/wp\/v2\/product_tag?post=18361"}],"curies":[{"name":"wp","href":"https:\/\/api.w.org\/{rel}","templated":true}]}}