
{"id":16749,"date":"2023-11-30T07:30:47","date_gmt":"2023-11-30T07:30:47","guid":{"rendered":"https:\/\/tourwhales.com\/?post_type=product&#038;p=16749"},"modified":"2024-10-17T23:39:10","modified_gmt":"2024-10-17T23:39:10","slug":"sabana-de-la-mar-los-haitises-atv-ride-hiking","status":"publish","type":"product","link":"https:\/\/tourwhales.com\/de\/Tours-Excursions\/1-sabana-de-la-mar\/sabana-de-la-mar-los-haitises-atv-ride-hiking\/","title":{"rendered":"Sabana de la Mar:  Los Haitises ATV-Fahrt &amp; Wanderung"},"content":{"rendered":"<section class=\"wpb-content-wrapper\"><div class=\"vc_row wpb_row vc_row-fluid\" ><div class=\"wpb_column vc_column_container vc_col-sm-12\"><div class=\"vc_column-inner\"><div class=\"wpb_wrapper\">\n\t<div class=\"wpb_text_column wpb_content_element\" >\n\t\t<div class=\"wpb_wrapper\">\n\t\t\t<h1><span style=\"font-weight: 400;\">Sabana de la Mar: ATV Ride &amp; Hiking To Los Haitises National Park<\/span><\/h1>\n<p>&nbsp;<\/p>\n<p><b>\u00dcberblick<\/b><b>\u00a0<\/b><\/p>\n<p><span style=\"font-weight: 400;\">Join this adventure of ATV &amp; Hiking To Los Haitises National Park with our local travel guides from Hato Mayor province,\u00a0 before your ride meet our team and go around the charming town of Sabana de la Mar, located ten kilometers from Los Haitises, between Samana Bay and Punta Cana this experience will emerge you in local ecotourism and adventures from La Capital De Los Haitises \u201cSabana de la Mar\u201d, During the tour we will visit rural areas from town to Los Haitises port this is a 10 kilometers ride where you can expect to see the local farmers who go everyday to their land and cows cross the road while driving your ATV, also going on a hike experience to San Lorenzo bay and learn about the mangroves.<\/span><\/p>\n<p>&nbsp;<\/p>\n<p><span style=\"font-weight: 400;\">La Capital de Los Haitises \u201cSabana de la Mar\u201d is a fishing town located on the northeast of the Dominican Republic, is known as the Capital of Los Haitises National Park because it is the door of this very important place, this town is around three of the most important natural reserve of the country: Los Haitises, La Jalda Waterfall and the Silver Bank (this is where the Humpback Whales come every year).<\/span><\/p>\n<p>&nbsp;<\/p>\n<p><span style=\"font-weight: 400;\">Los Haitises National Park &amp; San Lorenzo Bay<\/span><\/p>\n<p><span style=\"font-weight: 400;\">The park is generally known to the tourist trade for its caves with pre-Columbian Ta\u00edno petroglyphs and its ragged coastline of islands and mangroves.\u00a0 Many excursions depart from Sabana de la Mar, which caters to a mix of high-end and adventure tourists, but the same tours can be arranged from Sabana de la Mar as well.<\/span><\/p>\n<p>&nbsp;<\/p>\n<p><b>Einschl\u00fcsse<\/b><\/p>\n<p><span style=\"font-weight: 400;\">Alle Steuern, Geb\u00fchren und Bearbeitungsgeb\u00fchren<\/span><\/p>\n<p><span style=\"font-weight: 400;\">Lokale Steuern<\/span><\/p>\n<p><span style=\"font-weight: 400;\">Beamte \u00d6kologe Reiseleiter Englisch\/Spanisch<\/span><\/p>\n<p><span style=\"font-weight: 400;\">Mittagessen<\/span><\/p>\n<p><span style=\"font-weight: 400;\">Nationalpark Los Haitises<\/span><\/p>\n<p><span style=\"font-weight: 400;\">ATV Ride\u00a0<\/span><\/p>\n<p><span style=\"font-weight: 400;\">Hiking Experience\u00a0<\/span><\/p>\n<p>&nbsp;<\/p>\n<p><b>Ausschl\u00fcsse<\/b><\/p>\n<p><span style=\"font-weight: 400;\">Trinkgelder<\/span><\/p>\n<p><span style=\"font-weight: 400;\">Getr\u00e4nk<\/span><\/p>\n<p><span style=\"font-weight: 400;\">\u00a0<\/span><\/p>\n<p><b>Abreise &amp; R\u00fcckkehr<\/b><\/p>\n<p>&nbsp;<\/p>\n<p><span style=\"font-weight: 400;\">Die von \u201eBooking Adventures\u201c organisierte Tour beginnt an dem mit dem Reiseleiter vereinbarten Treffpunkt. Der Reisende erh\u00e4lt nach dem Reservierungsprozess einen Treffpunkt. Die Touren beginnen und enden an unseren Treffpunkten.<\/span><\/p>\n<p>&nbsp;<\/p>\n<p><b>Was zu erwarten ist?<\/b><\/p>\n<p>&nbsp;<\/p>\n<p><span style=\"font-weight: 400;\">Get your ticket for Sabana de la Mar: ATV Ride &amp; Hiking To Los Haitises National Park, this experience will give you the opportunity to see most of the biodiversity of the island.\u00a0<\/span><\/p>\n<h4><b>Zeitplan<\/b><b>\u00a0<\/b><\/h4>\n<p>&nbsp;<\/p>\n<p><b>ATV ride &amp; Hiking\u00a0 experience\u00a0<\/b><\/p>\n<p>&nbsp;<\/p>\n<p><span style=\"font-weight: 400;\">Staring up by: 9:00 am\u00a0<\/span><\/p>\n<p>&nbsp;<\/p>\n<p><span style=\"font-weight: 400;\">This morning after you meet up with our team we will spend an hour driving your Fourth Wheel From Sabana de la Mar to Los Haitises National Park Port riding your ATV through the rural area of this town. As you drive around to the different locations you will feel the mountain air and enjoy the beauty of the countryside. We can get to the different locations for this tour. Buy your ticket online now and let\u2019s have fun learning about Sabana de la Mar and Dominican Republic culture as you travel around to the best locations of the town.<\/span><\/p>\n<p>&nbsp;<\/p>\n<p><span style=\"font-weight: 400;\">Ones you get to Los Haitises National Park port we are taking you in a hiking adventures to learn about this National Park, an unique treasure with very diverse forest where over 110 species of birds are found, the limestone are a very important resource for rock climbers who come to experience one the best rock climbing trip of the country, kayaking, birding, and hiking.\u00a0<\/span><\/p>\n<p>&nbsp;<\/p>\n<p><span style=\"font-weight: 400;\">After your ATV and Hiking Experience we will provide some local fresh lunch and give you some time before you head back to your final destination.\u00a0<\/span><\/p>\n<p>&nbsp;<\/p>\n<p><span style=\"font-weight: 400;\">At the end of the day we will take you back to your original location and accommodation.\u00a0<\/span><\/p>\n<p>&nbsp;<\/p>\n<p><span style=\"font-weight: 400;\">Done by: 3:00 pm. Depending time you started.\u00a0<\/span><\/p>\n<p>&nbsp;<\/p>\n<p><span style=\"font-weight: 400;\">Reisetage und Aktivit\u00e4ten k\u00f6nnen aufgrund unvorhergesehener Umst\u00e4nde oder Ereignisse ohne vorherige Ank\u00fcndigung ge\u00e4ndert werden. Weitere Informationen finden Sie in den vollst\u00e4ndigen Gesch\u00e4ftsbedingungen.<\/span><\/p>\n\n\t\t<\/div>\n\t<\/div>\n<\/div><\/div><\/div><\/div>\n<\/section>","protected":false},"excerpt":{"rendered":"<p>Visiting Los Haitises National Park with a Atv Ride (Four wheels) and Hiking rain Forest. This is a Full and complete experience in Sabana de la mar to Los Haitises. Hiking , local food, Expert tour Guide, rain forest\u00a0 in Los Haitises.<\/p>\n<p>&nbsp;<\/p>","protected":false},"featured_media":16750,"template":"","meta":[],"product_cat":[946,1099],"product_tag":[],"class_list":["post-16749","product","type-product","status-publish","has-post-thumbnail","hentry","product_cat-1-sabana-de-la-mar","product_cat-atv-sabana-de-la-mar"],"_links":{"self":[{"href":"https:\/\/tourwhales.com\/de\/wp-json\/wp\/v2\/product\/16749","targetHints":{"allow":["GET"]}}],"collection":[{"href":"https:\/\/tourwhales.com\/de\/wp-json\/wp\/v2\/product"}],"about":[{"href":"https:\/\/tourwhales.com\/de\/wp-json\/wp\/v2\/types\/product"}],"wp:featuredmedia":[{"embeddable":true,"href":"https:\/\/tourwhales.com\/de\/wp-json\/wp\/v2\/media\/16750"}],"wp:attachment":[{"href":"https:\/\/tourwhales.com\/de\/wp-json\/wp\/v2\/media?parent=16749"}],"wp:term":[{"taxonomy":"product_cat","embeddable":true,"href":"https:\/\/tourwhales.com\/de\/wp-json\/wp\/v2\/product_cat?post=16749"},{"taxonomy":"product_tag","embeddable":true,"href":"https:\/\/tourwhales.com\/de\/wp-json\/wp\/v2\/product_tag?post=16749"}],"curies":[{"name":"wp","href":"https:\/\/api.w.org\/{rel}","templated":true}]}}