
{"id":13398,"date":"2021-11-23T10:25:21","date_gmt":"2021-11-23T10:25:21","guid":{"rendered":"https:\/\/tourwhales.com\/?post_type=product&#038;p=13398"},"modified":"2024-10-17T23:39:13","modified_gmt":"2024-10-17T23:39:13","slug":"private-speed-boat-lancha-samana-bay","status":"publish","type":"product","link":"https:\/\/tourwhales.com\/de\/Tours-Excursions\/rent-catamaran-or-boat-samana\/private-speed-boat-lancha-samana-bay\/","title":{"rendered":"Privates Schnellboot (Lancha) Saman\u00e1-Bucht"},"content":{"rendered":"<section class=\"wpb-content-wrapper\"><div class=\"vc_row wpb_row vc_row-fluid\" ><div class=\"wpb_column vc_column_container vc_col-sm-12\"><div class=\"vc_column-inner\"><div class=\"wpb_wrapper\"><div class=\"vc_btn3-container vc_btn3-inline\" ><button class=\"vc_general vc_btn3 vc_btn3-size-md vc_btn3-shape-rounded vc_btn3-style-modern vc_btn3-color-green\">BUCHEN SIE JETZT<\/button><\/div>\n\t<div class=\"wpb_text_column wpb_content_element\" >\n\t\t<div class=\"wpb_wrapper\">\n\t\t\t<div class=\"custom-left\">\n<div class=\"row\">\n<div class=\"col-md-12 cust-clas\">\n<div class=\"product-header alignleft\">\n<p>SAMANA BOOT \u2013 VERMIETUNG<\/p>\n<p>PRIVATER GANZTAGSCHARTER SAMANA BAY<\/p>\n<p>8 STUNDEN REISE - MONTAG BIS SONNTAG<\/p>\n<\/div>\n<\/div>\n<\/div>\n<\/div>\n<div class=\"custom-left para-p\">\n<div class=\"info_content_label\">\n<p><label>Die Info:<\/label><\/p>\n<p>Mieten Sie dieses fabelhafte Schnellboot f\u00fcr den ganzen Tag f\u00fcr bis zu 5 Personen, um es zu besuchen <a href=\"https:\/\/tourwhales.com\/de\/destinations\/los-haitises-national-park-tickets-tours\/\" target=\"_blank\" rel=\"noopener\" data-saferedirecturl=\"https:\/\/www.google.com\/url?q=https:\/\/tourwhales.com\/destinations\/los-haitises-national-park-tickets-tours\/&amp;source=gmail&amp;ust=1637749313206000&amp;usg=AOvVaw2iM1LFDbYv-Gthna0qZt2n\">Haitis<\/a> und Cayo Levantado. Auch in der Walbeobachtungssaison k\u00f6nnen Sie mit dem Boot die Wale in der Bucht von Samana beobachten.<\/p>\n<p>Beinhaltet Besatzung, Kraftstoff- und Eisk\u00fchler.<\/p>\n<p>Essensoptionen gegen Aufpreis verf\u00fcgbar:<\/p>\n<p><strong>Einzelheiten zum traditionellen Mittagsbuffet, $15 USD pro Person:<\/strong><\/p>\n<p>-Gr\u00fcner Salat<br \/>\n-Brot<br \/>\n-Moro de Guandule (Reis nach dominikanischer Art) mit Kokosnuss<br \/>\n\u2013 Nudeln in Tomatensauce<br \/>\n- Yuca-Aufl\u00e4ufe<br \/>\n-Fisch und gegrilltes H\u00fchnchen (Dorado) + optionale Kokosmilchsauce<br \/>\n-Frisches Obst<br \/>\n-1 alkoholfreies Getr\u00e4nk (Soda oder Wasser)<br \/>\n-Kaffee<\/p>\n<p><strong>Zus\u00e4tzlicher Hummerservice + Kokosbonbons $19 USD (zus\u00e4tzlich).<\/strong><\/p>\n<\/div>\n<p><label>Beinhaltet:<\/label>\u00a0Weitere Leistungen inklusive (Crew, Treibstoff und K\u00fchler mit Eis sind inklusive)<\/p>\n<p><label>Nicht enthalten:<\/label>\u00a0Getr\u00e4nke oder Essen sind NICHT inbegriffen<\/p>\n<p><label>Kraftstoff einschlie\u00dfen:<\/label>\u00a0Ja<\/p>\n<\/div>\n<p>Contact us by Whatsapp: +18494995063. Best price online&#8230;<\/p>\n<p>&nbsp;<\/p>\n<h4><b><i>Stornierungsbedingungen<\/i><\/b><\/h4>\n<p>F\u00fcr eine vollst\u00e4ndige R\u00fcckerstattung lesen Sie bitte unsere Stornierungsbedingungen\u00a0<a href=\"https:\/\/tourwhales.com\/de\/online-booking\/\" target=\"_blank\" rel=\"noopener\" data-saferedirecturl=\"https:\/\/www.google.com\/url?q=https:\/\/tourwhales.com\/online-booking\/&amp;source=gmail&amp;ust=1672449202351000&amp;usg=AOvVaw1yAeVAPktmaVCqDujgUn90\">Klicke hier<\/a>. Das Geld geht verloren, wenn die Reservierung am selben Tag der Reise storniert wird.<\/p>\n\n\t\t<\/div>\n\t<\/div>\n<\/div><\/div><\/div><\/div><div class=\"vc_row wpb_row vc_row-fluid\" ><div class=\"wpb_column vc_column_container vc_col-sm-12\"><div class=\"vc_column-inner\"><div class=\"wpb_wrapper\"><div class=\"vc_btn3-container vc_btn3-inline\" ><button class=\"vc_general vc_btn3 vc_btn3-size-md vc_btn3-shape-rounded vc_btn3-style-modern vc_btn3-color-green\">BUCHEN SIE JETZT<\/button><\/div><\/div><\/div><\/div><\/div>\n<\/section>","protected":false},"excerpt":{"rendered":"<p>Privates Schnellboot (Lancha) Samana Bay Mieten Sie dieses fabelhafte Schnellboot f\u00fcr den ganzen Tag f\u00fcr bis zu 5 Personen, um es zu besuchen <a href=\"https:\/\/tourwhales.com\/de\/destinations\/los-haitises-national-park-tickets-tours\/\" target=\"_blank\" rel=\"noopener\" data-saferedirecturl=\"https:\/\/www.google.com\/url?q=https:\/\/tourwhales.com\/destinations\/los-haitises-national-park-tickets-tours\/&amp;source=gmail&amp;ust=1637749313206000&amp;usg=AOvVaw2iM1LFDbYv-Gthna0qZt2n\">Haitis<\/a> und Cayo Levantado. Auch in der Walbeobachtungssaison k\u00f6nnen Sie mit dem Boot die Wale in der Bucht von Samana beobachten.<\/p>","protected":false},"featured_media":12415,"template":"","meta":[],"product_cat":[1054,841,1000],"product_tag":[842,843,844,845],"class_list":["post-13398","product","type-product","status-publish","has-post-thumbnail","hentry","product_cat-private-speed-boat-lancha-samana-bay","product_cat-rent-catamaran-or-boat-samana","product_cat-ultimo2022","product_tag-catamaran-for-renting-samana","product_tag-samana-boat-rentals","product_tag-samana-catamaran","product_tag-samana-rentals"],"_links":{"self":[{"href":"https:\/\/tourwhales.com\/de\/wp-json\/wp\/v2\/product\/13398","targetHints":{"allow":["GET"]}}],"collection":[{"href":"https:\/\/tourwhales.com\/de\/wp-json\/wp\/v2\/product"}],"about":[{"href":"https:\/\/tourwhales.com\/de\/wp-json\/wp\/v2\/types\/product"}],"wp:featuredmedia":[{"embeddable":true,"href":"https:\/\/tourwhales.com\/de\/wp-json\/wp\/v2\/media\/12415"}],"wp:attachment":[{"href":"https:\/\/tourwhales.com\/de\/wp-json\/wp\/v2\/media?parent=13398"}],"wp:term":[{"taxonomy":"product_cat","embeddable":true,"href":"https:\/\/tourwhales.com\/de\/wp-json\/wp\/v2\/product_cat?post=13398"},{"taxonomy":"product_tag","embeddable":true,"href":"https:\/\/tourwhales.com\/de\/wp-json\/wp\/v2\/product_tag?post=13398"}],"curies":[{"name":"wp","href":"https:\/\/api.w.org\/{rel}","templated":true}]}}