
{"id":12749,"date":"2021-08-25T07:19:45","date_gmt":"2021-08-25T07:19:45","guid":{"rendered":"https:\/\/tourwhales.com\/?post_type=product&#038;p=12749"},"modified":"2024-10-17T23:39:15","modified_gmt":"2024-10-17T23:39:15","slug":"las-7-playas-escondidas-de-samana-the-7-hidden-beaches-in-samana","status":"publish","type":"product","link":"https:\/\/tourwhales.com\/de\/Tours-Excursions\/lunch\/las-7-playas-escondidas-de-samana-the-7-hidden-beaches-in-samana\/","title":{"rendered":"Las Galeras: Las 7 Playas Escondidas de Saman\u00e1 \u2013 Die 7 versteckten Str\u00e4nde in Saman\u00e1"},"content":{"rendered":"<section class=\"wpb-content-wrapper\"><div class=\"vc_row wpb_row vc_row-fluid\" ><div class=\"wpb_column vc_column_container vc_col-sm-12\"><div class=\"vc_column-inner\"><div class=\"wpb_wrapper\"><div class=\"vc_btn3-container vc_btn3-inline\" ><button class=\"vc_general vc_btn3 vc_btn3-size-md vc_btn3-shape-rounded vc_btn3-style-modern vc_btn3-color-green\">BUCHEN SIE JETZT<\/button><\/div><div class=\"mkdf-section-title-holder\" style=\"text-align: left\">\n\t<div class=\"mkdf-st-inner\">\n\t\t\t\t\t<h5 class=\"mkdf-st-subtitle\" >\n\t\t\t\tMittagessen, Bootsfahrt und privater Transport von Hotels.\t\t\t<\/h5>\n\t\t\t\t\t\t\t<h3 class=\"mkdf-st-title\" >\n\t\t\t\tPlaya Rinc\u00f3n, Playa Fronton + Playa Madame Beach, Saman\u00e1 - Dominikanische Republik.\t\t\t<\/h3>\n\t\t\t\t\t<\/div>\n<\/div>\n\t<div class=\"wpb_text_column wpb_content_element\" >\n\t\t<div class=\"wpb_wrapper\">\n\t\t\t<h3>Playa Calet\u00f3n, Playa Escondida, Playa Colorado, Playa del Amor, Playa La Vaca, Playa la Playita, Playa Brem\u00e1n.<\/h3>\n<h4><b><i>\u00dcberblick <\/i><\/b><\/h4>\n<p>Einer der sch\u00f6nsten Ausfl\u00fcge auf der Halbinsel Saman\u00e1.<\/p>\n<p><span class=\"Y2IQFc\" lang=\"en\">Die 7 versteckten Str\u00e4nde in Saman\u00e1, die sich auf der Halbinsel Saman\u00e1 befinden und sch\u00f6ne Geheimnisse der Geschichte bewahren, und da wir diese Orte kennen, tragen wir zur lokalen Wirtschaft bei, die f\u00fcr den Lebensunterhalt eines Volkes von entscheidender Bedeutung ist.<\/span><\/p>\n<p>Betreten Sie die einzigartige Atmosph\u00e4re, indem Sie 7 Str\u00e4nde auf dem Boot besuchen und in einer kleinen H\u00f6hle an der K\u00fcste wandern. Einige Str\u00e4nde sind nur mit dem Boot erreichbar, umgeben von einem Korallenriff, um das Sie schnorcheln, mit Fischen schwimmen und seine Korallen entdecken und sich entspannen und die atemberaubende Landschaft genie\u00dfen k\u00f6nnen. Entspannen, schwimmen und dann Abfahrt nach Playa Colorado, einem anderen und abgelegenen perfekten Strand zum Schnorcheln, wo Sie auch eine H\u00f6hle besuchen und tolle Videos oder Fotos f\u00fcr tolle Erinnerungen machen k\u00f6nnen.<\/p>\n<p>Mit den Zehen im Sand zu den Kl\u00e4ngen von Merengue und Bachata essen Sie im \u201eEl Paraiso\u201c \u2013 dem letzten Restaurant vor dem Dschungel \u2013 zu Mittag, wo Ihnen eine komplette Mahlzeit mit einem Fischgericht, begleitet von lokalen Getr\u00e4nken und Cocktails, serviert wird. Auf dem R\u00fcckweg halten wir am El Rincon Beach, hier findest du eine Naturperle, die als einer der sch\u00f6nsten Str\u00e4nde des Landes gilt. Der wei\u00dfe, feine Sand, das t\u00fcrkisfarbene Meer und die meterhohen Palmen sprechen f\u00fcr sich.<\/p>\n<p>&nbsp;<\/p>\n<ul>\n<li><span style=\"font-weight: 400;\">Lokaler Guide mit Sicherheitserfahrung in der Gegend.<\/span><\/li>\n<li style=\"font-weight: 400;\">Geb\u00fchren inbegriffen<\/li>\n<li>Mittagessen am Strand<\/li>\n<li>Bootsfahrt<\/li>\n<li style=\"font-weight: 400;\">Lokaler Reiseleiter auf Spanisch, Englisch oder Franz\u00f6sisch.<\/li>\n<li>Wandern<\/li>\n<li>Baden<\/li>\n<\/ul>\n<p>&nbsp;<\/p>\n<h4><b>Einschl\u00fcsse &amp; Ausschl\u00fcsse<\/b><\/h4>\n<p>&nbsp;<\/p>\n<p><b>Einschl\u00fcsse<\/b><\/p>\n<ol>\n<li><span style=\"font-weight: 400;\">Lokaler Guide mit Sicherheitserfahrung in der Gegend.<\/span><\/li>\n<li style=\"font-weight: 400;\">El Rincon-Strand<\/li>\n<li>Colorado-Strand<\/li>\n<li>La Playita-Strand<\/li>\n<li>La Vaca-Strand<\/li>\n<li>Bremer Strand<\/li>\n<li>Mariano-Strand<\/li>\n<li>Caleton-Strand<\/li>\n<li style=\"font-weight: 400;\"><span style=\"font-weight: 400;\">Alle Steuern, Geb\u00fchren und Bearbeitungsgeb\u00fchren<\/span><\/li>\n<li style=\"font-weight: 400;\"><span style=\"font-weight: 400;\">Lokale Steuern<\/span><\/li>\n<li>Mittagessen am Strand<\/li>\n<li>Wandern<\/li>\n<li style=\"font-weight: 400;\"><span style=\"font-weight: 400;\">Alle Aktivit\u00e4ten<\/span><\/li>\n<\/ol>\n<p><b> Ausschl\u00fcsse<\/b><\/p>\n<ol>\n<li style=\"font-weight: 400;\"><span style=\"font-weight: 400;\">Trinkgelder<\/span><\/li>\n<\/ol>\n<h4><em><strong>Abreise &amp; R\u00fcckkehr<\/strong><\/em><\/h4>\n<p><span style=\"font-weight: 400;\">Der Reisende erh\u00e4lt nach dem Reservierungsprozess einen Treffpunkt. Touren beginnen und enden an Ihren Treffpunkten.<\/span><\/p>\n<h3>Playa Calet\u00f3n, Playa Escondida, Playa Colorado, Playa del Amor, Playa La Vaca, Playa la Playita, Playa Brem\u00e1n.<\/h3>\n<h4><b><i>Was zu erwarten ist?<\/i><\/b><\/h4>\n<p><em><strong>Holen Sie sich Ihre Tickets<\/strong><\/em> f\u00fcr den Besuch von 7 der einzigartigsten Str\u00e4nde der Dominikanischen Republik. Der Startpunkt der Reise ist in der Gegend von Las Galeras. Wandern und Schwimmen an einem Tag 7 Str\u00e4nde plus El Rincon Strand. Zuerst besuchen wir die Duarte-H\u00f6hle, wandern und sehen die sch\u00f6nste H\u00f6hle in Las Galeras. Diese H\u00f6hle hat 900 Meter, mit 2 verschiedenen Eing\u00e4ngen, um zu vermeiden, dass sich die gleiche Landschaft wiederholt.<\/p>\n<p>Nach dem Besuch der H\u00f6hle fahren wir zur\u00fcck zum Schnellboot, um Playa Caleton zu besuchen, dies ist wegen des klaren Wassers einer der am meisten erw\u00e4hnten Str\u00e4nde in Samana. Wir werden zuerst schwimmen und diesen Strand genie\u00dfen, um unsere Reise nach Playa del Amor fortzusetzen.<\/p>\n<p><strong>Strand 7<\/strong><\/p>\n<p>Playa Rinc\u00f3n ist ein unber\u00fchrter Streifen aus wei\u00dfem Sand, der sich \u00fcber etwa 4 Kilometer entlang eines unbebauten Teils der K\u00fcste erstreckt. Von einer Grenze aus Kokospalmen ges\u00e4umt und an beiden Enden von Berg- und Klippengipfeln umgeben, f\u00fchlt sich dieser abgelegene Strand wie eine wahre Utopie an, abgeschnitten von der Zivilisation.<\/p>\n<p>Nach dem Strand El Rincon fahren wir mit dem Schnellboot zur\u00fcck zum Treffpunkt Las Galeras!<\/p>\n<p>Die von \u201eBooking Adventures\u201c organisierte Tour beginnt am mit unserem Reiseleiter vereinbarten Treffpunkt. Kommen Sie mit Booking Adventures und essen Sie am Strand zu Mittag und genie\u00dfen Sie die 7 sch\u00f6nsten Str\u00e4nde in Samana, Dominikanische Republik.<\/p>\n<div class=\"body-description secondary\">\n<p>&nbsp;<\/p>\n<\/div>\n<h4><em><strong>Was sollten Sie mitbringen?<\/strong><\/em><\/h4>\n<ul>\n<li style=\"font-weight: 400;\"><span style=\"font-weight: 400;\">Kamera<\/span><\/li>\n<li style=\"font-weight: 400;\"><span style=\"font-weight: 400;\">Absto\u00dfende Knospen<\/span><\/li>\n<li style=\"font-weight: 400;\"><span style=\"font-weight: 400;\">Sonnencreme<\/span><\/li>\n<li>Wasser<\/li>\n<li style=\"font-weight: 400;\"><span style=\"font-weight: 400;\">Hut<\/span><\/li>\n<li style=\"font-weight: 400;\"><span style=\"font-weight: 400;\">Bequeme Hose<\/span><\/li>\n<li style=\"font-weight: 400;\"><span style=\"font-weight: 400;\">Wanderschuhe f\u00fcr den Wald<\/span><\/li>\n<li style=\"font-weight: 400;\"><span style=\"font-weight: 400;\">Sandalen zu den Fr\u00fchlingsgebieten.<\/span><\/li>\n<li style=\"font-weight: 400;\"><span style=\"font-weight: 400;\">Schwimmkleidung<\/span><\/li>\n<\/ul>\n<p>&nbsp;<\/p>\n<h4><b><i>Hotelabholung <\/i><\/b><\/h4>\n<p><span style=\"font-weight: 400;\">Die Abholung vom Hotel ist in dieser Tour nicht inbegriffen. <\/span><\/p>\n<p>&nbsp;<\/p>\n<p><b>Notiz:<\/b><span style=\"font-weight: 400;\"> Wenn Sie innerhalb von 24 Stunden vor der Abfahrtszeit der Tour\/des Ausflugs buchen, k\u00f6nnen wir die Abholung vom Hotel gegen Aufpreis arrangieren. Wir holen es einfach in der Gegend von Samana ab. Sobald Ihr Kauf abgeschlossen ist, senden wir Ihnen die vollst\u00e4ndigen Kontaktinformationen (Telefonnummer, E-Mail-Adresse usw.) f\u00fcr unseren \u00f6rtlichen Reiseleiter, um die Abholung zu organisieren.<\/span><\/p>\n<h4><b><i>Zus\u00e4tzliche Info-Best\u00e4tigung <\/i><\/b><\/h4>\n<ol>\n<li>Tickets sind die Quittung nach Bezahlung dieser Tour. Sie k\u00f6nnen die Zahlung auf Ihrem Telefon anzeigen.<\/li>\n<li style=\"font-weight: 400;\"><span style=\"font-weight: 400;\">Treffpunkt Wird nach dem Reservierungsprozess bekannt gegeben.<\/span><\/li>\n<li style=\"font-weight: 400;\"><span style=\"font-weight: 400;\">Kinder m\u00fcssen von einem Erwachsenen begleitet werden.<\/span><\/li>\n<li style=\"font-weight: 400;\"><span style=\"font-weight: 400;\"> Nicht rollstuhlgerecht <\/span><\/li>\n<li style=\"font-weight: 400;\"><span style=\"font-weight: 400;\">Kleinkinder m\u00fcssen auf dem Scho\u00df sitzen <\/span><\/li>\n<li style=\"font-weight: 400;\"><span style=\"font-weight: 400;\">F\u00fcr Reisende mit R\u00fcckenproblemen nicht zu empfehlen<\/span><\/li>\n<li style=\"font-weight: 400;\"><span style=\"font-weight: 400;\">Nicht f\u00fcr schwangere Reisende empfohlen <\/span><\/li>\n<li style=\"font-weight: 400;\"><span style=\"font-weight: 400;\"> Keine Herzprobleme oder andere ernsthafte Erkrankungen <\/span><\/li>\n<li style=\"font-weight: 400;\"><span style=\"font-weight: 400;\">Die meisten Reisenden k\u00f6nnen teilnehmen<\/span><\/li>\n<\/ol>\n<h4><b><i>Stornierungsbedingungen<\/i><\/b><\/h4>\n<p>F\u00fcr eine vollst\u00e4ndige R\u00fcckerstattung lesen Sie bitte unsere Stornierungsbedingungen\u00a0<a href=\"https:\/\/tourwhales.com\/de\/online-booking\/\" target=\"_blank\" rel=\"noopener\" data-saferedirecturl=\"https:\/\/www.google.com\/url?q=https:\/\/tourwhales.com\/online-booking\/&amp;source=gmail&amp;ust=1672449202351000&amp;usg=AOvVaw1yAeVAPktmaVCqDujgUn90\">Klicke hier<\/a>. Das Geld geht verloren, wenn die Reservierung am selben Tag der Reise storniert wird.<\/p>\n\n\t\t<\/div>\n\t<\/div>\n<div class=\"vc_btn3-container vc_btn3-inline\" ><button class=\"vc_general vc_btn3 vc_btn3-size-md vc_btn3-shape-rounded vc_btn3-style-modern vc_btn3-color-green\">BUCHEN SIE JETZT<\/button><\/div><\/div><\/div><\/div><\/div><div class=\"vc_row wpb_row vc_row-fluid\" ><div class=\"wpb_column vc_column_container vc_col-sm-12\"><div class=\"vc_column-inner\"><div class=\"wpb_wrapper\">\n\t<div class=\"wpb_video_widget wpb_content_element vc_clearfix   vc_video-aspect-ratio-169 vc_video-el-width-100 vc_video-align-left\" >\n\t\t<div class=\"wpb_wrapper\">\n\t\t\t<h2 class=\"wpb_heading wpb_video_heading\">Boca del Diablo und Fronton-Strand<\/h2>\n\t\t\t<div class=\"wpb_video_wrapper\"><iframe loading=\"lazy\" title=\"Halbinsel Saman\u00e1, Dominikanische Republik (DJI Phantom 4 4K)\" width=\"1100\" height=\"619\" src=\"https:\/\/www.youtube.com\/embed\/DYDXVm8Q_iM?feature=oembed\" frameborder=\"0\" allow=\"accelerometer; autoplay; encrypted-media; gyroscope; picture-in-picture\" allowfullscreen><\/iframe><\/div>\n\t\t<\/div>\n\t<\/div>\n<\/div><\/div><\/div><\/div><div class=\"vc_row wpb_row vc_row-fluid\" ><\/div><div class=\"wpb_column vc_column_container vc_col-sm-12\"><div class=\"vc_column-inner\"><div class=\"wpb_wrapper\"><\/div><\/div><\/div><div class=\"vc_empty_space\"   style=\"height: 32px\"><span class=\"vc_empty_space_inner\"><\/span><\/div><div class=\"vc_empty_space\"   style=\"height: 32px\"><span class=\"vc_empty_space_inner\"><\/span><\/div><div class=\"vc_row wpb_row vc_row-fluid\" ><div class=\"wpb_column vc_column_container vc_col-sm-12\"><div class=\"vc_column-inner\"><div class=\"wpb_wrapper\"><div class=\"vc_btn3-container vc_btn3-inline\" ><button class=\"vc_general vc_btn3 vc_btn3-size-md vc_btn3-shape-rounded vc_btn3-style-modern vc_btn3-color-green\">BUCHEN SIE JETZT<\/button><\/div><\/div><\/div><\/div><\/div>\n<\/section>","protected":false},"excerpt":{"rendered":"<p>Wenn Sie Samana besuchen und ein echtes lokales Erlebnis beim Wandern, einer Bootsfahrt und einem Mittagessen am Rincon Beach erleben m\u00f6chten, ist dies der richtige Ausflug f\u00fcr Sie. Besuchen Sie die 7 versteckten Str\u00e4nde von Samana in der Gegend von Las Galeras, wo Sie auch eine H\u00f6hle besuchen und tolle Videos oder Fotos f\u00fcr tolle Erinnerungen machen k\u00f6nnen.<\/p>\n<p><em><strong>W\u00e4hlen Sie das Datum f\u00fcr die Tour:\u00a0<\/strong><\/em><\/p>","protected":false},"featured_media":9382,"template":"","meta":[],"product_cat":[160,255],"product_tag":[925,204,378,924,923,279,912,377,913,915,916,914,374,918,917,373,379,327,376,375,200,187],"class_list":["post-12749","product","type-product","status-publish","has-post-thumbnail","hentry","product_cat-lunch","product_cat-tours-excursions-samana-bay-dominican-republic","product_tag-boat-trip-las-galeras","product_tag-el-rincon-beach","product_tag-fronton-beach","product_tag-hike-las-galeras","product_tag-hiking-las-galeras","product_tag-las-galeras","product_tag-las-galeras-tour","product_tag-madame-beach","product_tag-playa-caleton","product_tag-playa-colorado","product_tag-playa-del-amor","product_tag-playa-escondida","product_tag-playa-fronton-playa-madame-beach","product_tag-playa-la-playita-playa-breman","product_tag-playa-la-vaca","product_tag-playa-rincon","product_tag-playa-rincon-tours","product_tag-private-tours-samana","product_tag-rincon-beach-tour","product_tag-samana-dominican-republic","product_tag-samana-excursions","product_tag-samana-tours"],"_links":{"self":[{"href":"https:\/\/tourwhales.com\/de\/wp-json\/wp\/v2\/product\/12749","targetHints":{"allow":["GET"]}}],"collection":[{"href":"https:\/\/tourwhales.com\/de\/wp-json\/wp\/v2\/product"}],"about":[{"href":"https:\/\/tourwhales.com\/de\/wp-json\/wp\/v2\/types\/product"}],"wp:featuredmedia":[{"embeddable":true,"href":"https:\/\/tourwhales.com\/de\/wp-json\/wp\/v2\/media\/9382"}],"wp:attachment":[{"href":"https:\/\/tourwhales.com\/de\/wp-json\/wp\/v2\/media?parent=12749"}],"wp:term":[{"taxonomy":"product_cat","embeddable":true,"href":"https:\/\/tourwhales.com\/de\/wp-json\/wp\/v2\/product_cat?post=12749"},{"taxonomy":"product_tag","embeddable":true,"href":"https:\/\/tourwhales.com\/de\/wp-json\/wp\/v2\/product_tag?post=12749"}],"curies":[{"name":"wp","href":"https:\/\/api.w.org\/{rel}","templated":true}]}}