
{"id":12652,"date":"2021-08-02T05:55:11","date_gmt":"2021-08-02T05:55:11","guid":{"rendered":"https:\/\/tourwhales.com\/?post_type=product&#038;p=12652"},"modified":"2024-10-17T23:39:16","modified_gmt":"2024-10-17T23:39:16","slug":"el-limon-waterfalls-tour-private-from-las-galeras-horse-riding-lunch-swimming","status":"publish","type":"product","link":"https:\/\/tourwhales.com\/de\/Tours-Excursions\/fees-entrace\/el-limon-waterfalls-tour-private-from-las-galeras-horse-riding-lunch-swimming\/","title":{"rendered":"Las Galeras: Private Tour zu den Wasserf\u00e4llen von El Lim\u00f3n (Reiten, Mittagessen und Schwimmen)"},"content":{"rendered":"<section class=\"wpb-content-wrapper\"><div class=\"vc_row wpb_row vc_row-fluid\" ><div class=\"wpb_column vc_column_container vc_col-sm-12\"><div class=\"vc_column-inner\"><div class=\"wpb_wrapper\"><div class=\"vc_btn3-container vc_btn3-inline\" ><a class=\"vc_general vc_btn3 vc_btn3-size-md vc_btn3-shape-rounded vc_btn3-style-modern vc_btn3-color-green\" href=\"https:\/\/bookingadventures.tours\/booking.php?tour_id=bb6af51ba5f35561b927993a771999a0\" title=\"\">BUCHEN SIE JETZT<\/a><\/div>\n\t<div class=\"wpb_text_column wpb_content_element\" >\n\t\t<div class=\"wpb_wrapper\">\n\t\t\t<div class=\"vc_row wpb_row vc_row-fluid\">\n<div class=\"wpb_column vc_column_container vc_col-sm-12\">\n<div class=\"vc_column-inner\">\n<div class=\"wpb_wrapper\">\n<div class=\"mkdf-section-title-holder\">\n<div class=\"mkdf-st-inner\">\n<h5 class=\"mkdf-st-subtitle\">(Reiten, Mittagessen &amp; Schwimmen)<\/h5>\n<h2 class=\"mkdf-st-title\">El Limon Wasserf\u00e4lle Tour Privat von Las Galeras<\/h2>\n<\/div>\n<\/div>\n<\/div>\n<\/div>\n<\/div>\n<\/div>\n<div class=\"vc_row wpb_row vc_row-fluid\"><\/div>\n<h4><a id=\"overview\" class=\"aal_anchor\" href=\"https:\/\/bookingadventures.com.do\/dominicantour\/el-limon-waterfalls-tour-private-from-las-galeras-horse-riding-lunch-swimming\/#overview\" aria-hidden=\"true\"><\/a><b><i>\u00dcberblick<\/i><\/b><\/h4>\n<p>Dies ist eine private Tour zu\u00a0<strong>Die Wasserf\u00e4lle El Lim\u00f3n<\/strong>\u00a0mit Reiten oder Wandern. Besuch des Kakao- und Kaffeewaldes unter dem Baldachin der Kokospalmen. Wenn Sie an den Wasserf\u00e4llen ankommen, d\u00fcrfen Sie schwimmen und die Zeit mit Ihrem lokalen Guide festlegen. Nachdem Sie ein typisches Mittagessen in der Gemeinde El Lim\u00f3n genossen haben.<\/p>\n<p>Lernen Sie mit Einheimischen und reisen Sie sicher. Holen Sie sich noch heute Ihre Tickets im Angebot.<\/p>\n<ul>\n<li>Inklusive Mittagessen<\/li>\n<li>Reiten oder Wandern<\/li>\n<li>Der Guide gibt Anweisungen und Supervision<\/li>\n<li>Geb\u00fchren f\u00fcr den Nationalpark<\/li>\n<\/ul>\n<p>&nbsp;<\/p>\n<h4><a id=\"inclusions-exclusions\" class=\"aal_anchor\" href=\"https:\/\/bookingadventures.com.do\/dominicantour\/el-limon-waterfalls-tour-private-from-las-galeras-horse-riding-lunch-swimming\/#inclusions-exclusions\" aria-hidden=\"true\"><\/a><b>Einschl\u00fcsse &amp; Ausschl\u00fcsse<\/b><\/h4>\n<p>&nbsp;<\/p>\n<p><b>Einschl\u00fcsse<\/b><\/p>\n<ol>\n<li>Mittagsbuffet in El Lim\u00f3n<\/li>\n<li>Wander- oder Reittour<\/li>\n<li>Alle Steuern, Geb\u00fchren und Bearbeitungsgeb\u00fchren<\/li>\n<li>Lokale Steuern<\/li>\n<li>Getr\u00e4nke<\/li>\n<li>Alle Aktivit\u00e4ten<\/li>\n<li>Lokaler F\u00fchrer<\/li>\n<\/ol>\n<p><b>Ausschl\u00fcsse<\/b><\/p>\n<ol>\n<li>Trinkgelder<\/li>\n<li>\u00dcberweisen<\/li>\n<li>Alkoholische Getr\u00e4nke<\/li>\n<li>Essen am Strand<\/li>\n<\/ol>\n<p>&nbsp;<\/p>\n<h4><a id=\"departure-return\" class=\"aal_anchor\" href=\"https:\/\/bookingadventures.com.do\/dominicantour\/el-limon-waterfalls-tour-private-from-las-galeras-horse-riding-lunch-swimming\/#departure-return\" aria-hidden=\"true\"><\/a><em><strong>Abreise &amp; R\u00fcckkehr<\/strong><\/em><\/h4>\n<p>Der Reisende erh\u00e4lt nach dem Reservierungsprozess einen Treffpunkt. Die Touren beginnen und enden an unseren Treffpunkten.<\/p>\n<p>&nbsp;<\/p>\n<h4><a id=\"what-to-expect\" class=\"aal_anchor\" href=\"https:\/\/bookingadventures.com.do\/dominicantour\/el-limon-waterfalls-tour-private-from-las-galeras-horse-riding-lunch-swimming\/#what-to-expect\" aria-hidden=\"true\"><\/a><b><i>Was zu erwarten ist?<\/i><\/b><\/h4>\n<p>&nbsp;<\/p>\n<p><em><strong>Holen Sie sich Ihre Tickets<\/strong><\/em>\u00a0f\u00fcr den Besuch der Wasserf\u00e4lle El Lim\u00f3n in Saman\u00e1 und ein wunderbares Mittagessen im Restaurant El Lim\u00f3n.<\/p>\n<p>Die von \u201eBooking Adventures\u201c organisierte Tour beginnt an dem mit dem Reiseleiter vereinbarten Treffpunkt.<\/p>\n<p>Beste private Ausfl\u00fcge zu den Wasserf\u00e4llen von El Limon mit einem lokalen Reiseleiter. Buchen Sie einen Reitausflug durch den Wald, der am Ufer des Flusses Lim\u00f3n entlangf\u00fchrt, und besuchen Sie Kakao- und Kaffeeplantagen unter den Palmen im Schatten der Kokosn\u00fcsse.<\/p>\n<p>Halten Sie zuerst am kleinen Wasserfall an, wo normalerweise nicht viele Menschen sind, und Sie k\u00f6nnen herumschwimmen. Danach fahren wir weiter zum gro\u00dfen Wasserfall, wo wir eine Stunde oder l\u00e4nger bleiben, wenn Sie m\u00f6chten.<\/p>\n<p>Bringen Sie die Pferde zur\u00fcck zum Restaurant, wo wir ein typisches Mittagessen am Strand genie\u00dfen. Frite Fisch mit Tostones und Salat oder Sie k\u00f6nnen andere Optionen im Men\u00fc gegen Aufpreis erhalten.<\/p>\n<p>Mittagessen im Restaurant in der Gemeinde El Lim\u00f3n und Sie k\u00f6nnen so lange bleiben, wie Sie schwimmen m\u00f6chten. Wenn Sie Veganer sind, k\u00f6nnen wir auch etwas Essen f\u00fcr Sie zubereiten.<\/p>\n<p>&nbsp;<\/p>\n<h4><a id=\"what-you-should-bring\" class=\"aal_anchor\" href=\"https:\/\/bookingadventures.com.do\/dominicantour\/el-limon-waterfalls-tour-private-from-las-galeras-horse-riding-lunch-swimming\/#what-you-should-bring\" aria-hidden=\"true\"><\/a><em><strong>Was sollten Sie mitbringen?<\/strong><\/em><\/h4>\n<ul>\n<li>Kamera<\/li>\n<li>Absto\u00dfende Knospen<\/li>\n<li>Sonnencreme<\/li>\n<li>Hut<\/li>\n<li>Bequeme Hose<\/li>\n<li>Wanderschuhe f\u00fcr den Wald<\/li>\n<li>Schwimmkleidung<\/li>\n<\/ul>\n<p>&nbsp;<\/p>\n<h4><a id=\"hotel-pickup\" class=\"aal_anchor\" href=\"https:\/\/bookingadventures.com.do\/dominicantour\/el-limon-waterfalls-tour-private-from-las-galeras-horse-riding-lunch-swimming\/#hotel-pickup\" aria-hidden=\"true\"><\/a><b><i>Hotelabholung<\/i><\/b><\/h4>\n<p>Eine Hotelabholung wird f\u00fcr diese Tour nicht angeboten.<\/p>\n<p>&nbsp;<\/p>\n<p><b>Notiz:<\/b>\u00a0Wenn Sie innerhalb von 24 Stunden vor der Abfahrtszeit der Tour\/des Ausflugs buchen, k\u00f6nnen wir die Abholung vom Hotel gegen Aufpreis arrangieren. Sobald Ihr Kauf abgeschlossen ist, senden wir Ihnen die vollst\u00e4ndigen Kontaktinformationen (Telefonnummer, E-Mail-Adresse usw.) f\u00fcr unseren \u00f6rtlichen Reiseleiter, um die Abholung zu organisieren.<\/p>\n<h4><a id=\"additional-info-confirmation\" class=\"aal_anchor\" href=\"https:\/\/bookingadventures.com.do\/dominicantour\/el-limon-waterfalls-tour-private-from-las-galeras-horse-riding-lunch-swimming\/#additional-info-confirmation\" aria-hidden=\"true\"><\/a><b><i>Zus\u00e4tzliche Info-Best\u00e4tigung<\/i><\/b><\/h4>\n<ol>\n<li>Tickets sind die Quittung nach Bezahlung dieser Tour. Sie k\u00f6nnen die Zahlung auf Ihrem Telefon anzeigen.<\/li>\n<li>Treffpunkt Wird nach dem Reservierungsprozess bekannt gegeben.<\/li>\n<li>Kinder m\u00fcssen von einem Erwachsenen begleitet werden.<\/li>\n<li>Nicht rollstuhlgerecht<\/li>\n<li>Kleinkinder m\u00fcssen auf dem Scho\u00df sitzen<\/li>\n<li>F\u00fcr Reisende mit R\u00fcckenproblemen nicht zu empfehlen<\/li>\n<li>Nicht f\u00fcr schwangere Reisende empfohlen<\/li>\n<li>Keine Herzprobleme oder andere ernsthafte Erkrankungen<\/li>\n<li>Die meisten Reisenden k\u00f6nnen teilnehmen<\/li>\n<\/ol>\n\n\t\t<\/div>\n\t<\/div>\n<\/div><\/div><\/div><\/div><div class=\"wpb_column vc_column_container vc_col-sm-12\"><div class=\"vc_column-inner\"><div class=\"wpb_wrapper\"><\/div><\/div><\/div><div class=\"wpb_column vc_column_container vc_col-sm-12\"><div class=\"vc_column-inner\"><div class=\"wpb_wrapper\"><\/div><\/div><\/div>\n<\/section>","protected":false},"excerpt":{"rendered":"<p>Besuchen Sie die Wasserf\u00e4lle von Samana aus mit einem privaten Transfer von Las Galeras. Nach der Ankunft erreichen Sie den Treffpunkt zum Reiten bis zum Wasserfall. Die Fahrt zu den Wasserf\u00e4llen von El Limon dauert etwa 3 Stunden.<\/p>\n<p><strong><span style=\"vertical-align: inherit;\"><span style=\"vertical-align: inherit;\"><span style=\"vertical-align: inherit;\"><span style=\"vertical-align: inherit;\">Seleccione la fecha f\u00fcr die Tour\u00a0<\/span><\/span><\/span><\/span><\/strong><\/p>","protected":false},"featured_media":12594,"template":"","meta":[],"product_cat":[655,961,958,159,178,189,160,190,253,254,255],"product_tag":[183,185,902,202,201,903,186,187],"class_list":["post-12652","product","type-product","status-publish","has-post-thumbnail","hentry","product_cat-1-samana","product_cat-el-limon-horseback-riding","product_cat-el-limon-las-galeras","product_cat-fees-entrace","product_cat-hiking","product_cat-horse-riding-to-waterfalls","product_cat-lunch","product_cat-safari-samana","product_cat-tours-and-excursions","product_cat-tours-excursions-los-haitises-national-park","product_cat-tours-excursions-samana-bay-dominican-republic","product_tag-beach-time","product_tag-el-limon-waterfalls","product_tag-el-limon-waterfalls-tour-private-from-las-galeras-horse-riding","product_tag-hiking-el-limon","product_tag-horses-el-limon","product_tag-lunch-swimming","product_tag-samana","product_tag-samana-tours"],"_links":{"self":[{"href":"https:\/\/tourwhales.com\/de\/wp-json\/wp\/v2\/product\/12652","targetHints":{"allow":["GET"]}}],"collection":[{"href":"https:\/\/tourwhales.com\/de\/wp-json\/wp\/v2\/product"}],"about":[{"href":"https:\/\/tourwhales.com\/de\/wp-json\/wp\/v2\/types\/product"}],"wp:featuredmedia":[{"embeddable":true,"href":"https:\/\/tourwhales.com\/de\/wp-json\/wp\/v2\/media\/12594"}],"wp:attachment":[{"href":"https:\/\/tourwhales.com\/de\/wp-json\/wp\/v2\/media?parent=12652"}],"wp:term":[{"taxonomy":"product_cat","embeddable":true,"href":"https:\/\/tourwhales.com\/de\/wp-json\/wp\/v2\/product_cat?post=12652"},{"taxonomy":"product_tag","embeddable":true,"href":"https:\/\/tourwhales.com\/de\/wp-json\/wp\/v2\/product_tag?post=12652"}],"curies":[{"name":"wp","href":"https:\/\/api.w.org\/{rel}","templated":true}]}}