
{"id":12607,"date":"2021-07-16T05:50:21","date_gmt":"2021-07-16T05:50:21","guid":{"rendered":"https:\/\/tourwhales.com\/?post_type=product&#038;p=12607"},"modified":"2024-10-17T23:39:16","modified_gmt":"2024-10-17T23:39:16","slug":"los-haitises-kayaking-boat-trip-caves-and-swimming-at-private-beach-all-in-one","status":"publish","type":"product","link":"https:\/\/tourwhales.com\/de\/Tours-Excursions\/tours-excursions-los-haitises-national-park\/los-haitises-kayaking-boat-trip-caves-and-swimming-at-private-beach-all-in-one\/","title":{"rendered":"Kajakfahren in Los Haitises + Bootsfahrt + H\u00f6hlen und Schwimmen am Privatstrand (alles in einem)."},"content":{"rendered":"<section class=\"wpb-content-wrapper\"><div class=\"vc_row wpb_row vc_row-fluid\" ><div class=\"wpb_column vc_column_container vc_col-sm-12\"><div class=\"vc_column-inner\"><div class=\"wpb_wrapper\"><div class=\"vc_btn3-container vc_btn3-inline\" ><button class=\"vc_general vc_btn3 vc_btn3-size-md vc_btn3-shape-rounded vc_btn3-style-modern vc_btn3-color-green\">BUCHEN SIE JETZT<\/button><\/div>\n\t<div class=\"wpb_text_column wpb_content_element\" >\n\t\t<div class=\"wpb_wrapper\">\n\t\t\t<h4><b><i>\u00dcberblick <\/i><\/b><\/h4>\n<p><span style=\"font-weight: 400;\">Entfliehen Sie der Stadt und tauchen Sie ein in den \u00d6kotourismus der Provinz Hato Mayor, der ersten \u00d6kotourismus-Provinz der Dominikanischen Republik. Kommen Sie mit uns und genie\u00dfen Sie das frische Wasser an einem der unerforschten Str\u00e4nde von Los Haitises, wo sich die Bucht von San Lorenzo befindet. Der Ort ist mit dem Boot erreichbar, umgeben von Regen- und Mangrovenwald. W\u00e4hrend Sie navigieren, kommen Sie in Kontakt mit der Natur und der unvergesslichen Landschaft dieses Nationalparks. Diese Tour wird eine Mischung aus Kajakfahren, Bootfahren, dem Besuch einer H\u00f6hle und Schwimmen in einem der wichtigsten Nationalparks des Landes sein, hier befindet sich der gr\u00f6\u00dfte Teil der Biodiversit\u00e4t der Insel und mit mehr als dem zweitgr\u00f6\u00dften Mangrovenwald 98 km2.\u00a0<\/span><\/p>\n<p>&nbsp;<\/p>\n<p><span style=\"font-weight: 400;\">Unser lokales und fachkundiges Personal wird daf\u00fcr sorgen, dass Sie die Tainos-Kultur, ihre Geschichte in Los Haitises und ihre Verbindung zur Natur wirklich kennenlernen. Diese Tour findet im \u00d6kotourismus-Modus statt, bei dem die Gemeinschaft eine sehr wichtige Rolle spielt, sie sind F\u00fchrer, Kapit\u00e4nsboote und Fahrer.<\/span><\/p>\n<p>&nbsp;<\/p>\n<p><span style=\"font-weight: 400;\">Die Priorit\u00e4t von Booking Adventure ist es, sicherzustellen, dass Sie vom Moment des Ticketkaufs bis zum Ende Ihrer Reise das Beste vom Besten erhalten. Unsere Touren konzentrieren sich auf Umwelterziehung, Abenteuer und lokale Geschichte, und w\u00e4hrend dieser Reise werden Sie ein bisschen von allem sehen.\u00a0<\/span><\/p>\n<h3><span style=\"font-weight: 400;\">Einschl\u00fcsse &amp; Ausschl\u00fcsse<\/span><\/h3>\n<h6><strong>Einschl\u00fcsse<\/strong><\/h6>\n<ul>\n<li><span style=\"font-weight: 400;\">Boot und Kapit\u00e4n\u00a0<\/span><\/li>\n<li><span style=\"font-weight: 400;\">Kajaks\u00a0<\/span><\/li>\n<li><span style=\"font-weight: 400;\">Snacks (Wasser, Obst, Sandwiches und Limonade)<\/span><\/li>\n<li><span style=\"font-weight: 400;\">Alle Steuern, Geb\u00fchren und Bearbeitungsgeb\u00fchren<\/span><\/li>\n<li><span style=\"font-weight: 400;\">Lokale Steuern<\/span><\/li>\n<li><span style=\"font-weight: 400;\">Beamte \u00d6kologe Reiseleiter Englisch\/Spanisch<\/span><\/li>\n<li><span style=\"font-weight: 400;\">Schwimmende nat\u00fcrliche Pools und unerforschte Str\u00e4nde\u00a0<\/span><\/li>\n<li><span style=\"font-weight: 400;\">Eine H\u00f6hle\u00a0<\/span><\/li>\n<\/ul>\n<p>&nbsp;<\/p>\n<h6><strong>Ausschl\u00fcsse<\/strong><\/h6>\n<p>&nbsp;<\/p>\n<ul>\n<li><span style=\"font-weight: 400;\">Trinkgelder<\/span><\/li>\n<li><span style=\"font-weight: 400;\">Getr\u00e4nk<\/span><\/li>\n<li><span style=\"font-weight: 400;\">\u00dcberweisen\u00a0<\/span><\/li>\n<\/ul>\n<p><span style=\"font-weight: 400;\">\u00a0<\/span><\/p>\n<h6><strong>Abreise &amp; R\u00fcckkehr<\/strong><\/h6>\n<p>&nbsp;<\/p>\n<p><span style=\"font-weight: 400;\">Die von \u201eBooking Adventures\u201c organisierte Tour beginnt am Treffpunkt, der mit dem Reiseleiter oder Mitarbeiter vereinbart wurde. Der Reisende erh\u00e4lt nach dem Reservierungsprozess einen Treffpunkt. Touren beginnen und enden an unseren Treffpunkten.<\/span><\/p>\n<h2>Kajakfahren in Los Haitises + Bootsfahrt + H\u00f6hlen und Badestrand (alles in einem).<\/h2>\n<p><span style=\"font-weight: 400;\">Was zu erwarten ist?<\/span><\/p>\n<p>&nbsp;<\/p>\n<p><span style=\"font-weight: 400;\">Holen Sie sich Ihr Ticket f\u00fcr die Eco-Adventure Tour Los Haitises National Park All In One\u00a0<\/span><\/p>\n<p>&nbsp;<\/p>\n<p><span style=\"font-weight: 400;\">Dieser Ausflug beginnt an einem Treffpunkt, den Sie mit unseren Reiseb\u00fcros oder Ihrem Reiseleiter best\u00e4tigen m\u00fcssen, bevor Sie zu einem beliebigen Ort fahren. Sobald Sie Ihren Reiseleiter getroffen haben, erhalten Sie eine Nachbesprechung der Tour und alles, was mit Ihrem Tag zu tun hat.<\/span><\/p>\n<p>&nbsp;<\/p>\n<p><span style=\"font-weight: 400;\">Wenn alle bereit sind und wir die Kajaks abholen, fahren wir zum ersten Ort, n\u00e4mlich Playita Las Almejas, wo sich nat\u00fcrliche Pools befinden, w\u00e4hrend wir durch den Mangrovenwald und die Bucht von San Lorenzo navigieren, werden wir Ihnen Geschichten \u00fcber Los Haitises erz\u00e4hlen, Geologie und gehen Sie \u00fcber die Mangrovenarten, die sich in der Bucht von San Lorenzo befinden.\u00a0<\/span><\/p>\n<p>&nbsp;<\/p>\n<p><span style=\"font-weight: 400;\">Wenn wir am ersten Ort ankommen, sollten Sie Ihren Badeanzug bereit machen, um mit Ihrem Reiseleiter in Ihr Kajak zu steigen und zur H\u00f6hle der Linie zu paddeln. Der Rest des Personals wird auf Sie warten, bis Sie den ersten Teil der Aktivit\u00e4t beendet haben.<\/span><\/p>\n<p>&nbsp;<\/p>\n<p><span style=\"font-weight: 400;\">W\u00e4hrend dieses Teils Ihrer Reise k\u00f6nnen Sie den alten Hafen von Las Perlas umrunden, der eines der ersten Bauwerke ist, das von Europ\u00e4ern in der Gegend um 1866 gebaut wurde, und das mit einer Zuglinie verbunden war, die den Transport f\u00fcr die Kaffee, Bananen und alles, was diese Gruppe von Europ\u00e4ern im heutigen Los Haitises anbaute.\u00a0<\/span><\/p>\n<p>&nbsp;<\/p>\n<p><span style=\"font-weight: 400;\">In der H\u00f6hle, die Sie besuchen werden, gibt es mehr als 1200 von den Tainos gemalte Piktogramme, dies war eine M\u00f6glichkeit, sich auszudr\u00fccken, und heute erz\u00e4hlen uns diese Kunstwerke Geschichten, von denen wir nie gedacht h\u00e4tten, dass wir sie heutzutage finden w\u00fcrden. Wenn Sie hier fertig sind, fahren wir zur\u00fcck nach Playa de las Almejas f\u00fcr Snacks und Badezeit.\u00a0<\/span><\/p>\n<p>&nbsp;<\/p>\n<p><span style=\"font-weight: 400;\">Nach dem Schwimmen im nat\u00fcrlichen Pool kehren wir zum Haupthafen in der Gegend von Cano Hondo zur\u00fcck. Dies ist eine 5-st\u00fcndige Tour, die Ihnen die M\u00f6glichkeit gibt, den gr\u00f6\u00dften Teil von Sabana de la Mar und den Nationalpark Los Haitises zu \u00fcberblicken. Dieser Ausflug endet in der gleiche Ort, an dem es begonnen hat.<\/span><\/p>\n<p>&nbsp;<\/p>\n<p><span style=\"font-weight: 400;\">Hinweis: Diese Touren werden von Officials Ecologist-Reiseleitern durchgef\u00fchrt. Bitte buchen Sie rechtzeitig, da es im Park nicht allzu viele Spezialisten gibt.<\/span><\/p>\n<p>&nbsp;<\/p>\n<h6><strong>Was sollten Sie mitbringen?<\/strong><\/h6>\n<ul>\n<li style=\"font-weight: 400;\" aria-level=\"1\"><span style=\"font-weight: 400;\">Kamera<\/span><\/li>\n<li style=\"font-weight: 400;\" aria-level=\"1\"><span style=\"font-weight: 400;\">Insektenspray\u00a0<\/span><\/li>\n<li style=\"font-weight: 400;\" aria-level=\"1\"><span style=\"font-weight: 400;\">Sonnencreme<\/span><\/li>\n<li style=\"font-weight: 400;\" aria-level=\"1\"><span style=\"font-weight: 400;\">Bequeme Hose<\/span><\/li>\n<li style=\"font-weight: 400;\" aria-level=\"1\"><span style=\"font-weight: 400;\">Laufschuhe<\/span><\/li>\n<li style=\"font-weight: 400;\" aria-level=\"1\"><span style=\"font-weight: 400;\">Regenjacke\u00a0<\/span><\/li>\n<li style=\"font-weight: 400;\" aria-level=\"1\"><span style=\"font-weight: 400;\">Badeanzug\u00a0<\/span><\/li>\n<li style=\"font-weight: 400;\" aria-level=\"1\"><span style=\"font-weight: 400;\">Handtuch\u00a0<\/span><\/li>\n<\/ul>\n<h4><b><i>Hotelabholung <\/i><\/b><\/h4>\n<p><span style=\"font-weight: 400;\">Eine Hotelabholung wird f\u00fcr diese Tour nicht angeboten. Nur wenn Sie im Cano Hondo Hotel oder in Hotels in der Gegend von Sabana de la Mar sind.<\/span><\/p>\n<p><b>Notiz:<\/b><span style=\"font-weight: 400;\"> Wenn Sie innerhalb von 24 Stunden vor der Abfahrtszeit der Tour\/des Ausflugs buchen, k\u00f6nnen wir die Abholung vom Hotel gegen Aufpreis von jedem Ort der Dominikanischen Republik arrangieren. Sobald Ihr Kauf abgeschlossen ist, senden wir Ihnen die vollst\u00e4ndigen Kontaktinformationen (Telefonnummer, E-Mail-Adresse usw.) f\u00fcr unseren \u00f6rtlichen Reiseleiter, um die Abholung zu organisieren.<\/span><\/p>\n<h4><b><i>Zus\u00e4tzliche Info-Best\u00e4tigung <\/i><\/b><\/h4>\n<ol>\n<li>Tickets sind die Quittung nach Bezahlung dieser Tour. Sie k\u00f6nnen die Zahlung auf Ihrem Telefon anzeigen.<\/li>\n<li style=\"font-weight: 400;\"><span style=\"font-weight: 400;\">Treffpunkt Wird nach dem Reservierungsprozess bekannt gegeben.<\/span><\/li>\n<li style=\"font-weight: 400;\"><span style=\"font-weight: 400;\">Kinder m\u00fcssen von einem Erwachsenen begleitet werden.<\/span><\/li>\n<li style=\"font-weight: 400;\"><span style=\"font-weight: 400;\"> Nicht rollstuhlgerecht <\/span><\/li>\n<li style=\"font-weight: 400;\"><span style=\"font-weight: 400;\">Kleinkinder m\u00fcssen auf dem Scho\u00df sitzen <\/span><\/li>\n<li style=\"font-weight: 400;\"><span style=\"font-weight: 400;\">F\u00fcr Reisende mit R\u00fcckenproblemen nicht zu empfehlen<\/span><\/li>\n<li style=\"font-weight: 400;\"><span style=\"font-weight: 400;\">Nicht f\u00fcr schwangere Reisende empfohlen <\/span><\/li>\n<li style=\"font-weight: 400;\"><span style=\"font-weight: 400;\"> Keine Herzprobleme oder andere ernsthafte Erkrankungen <\/span><\/li>\n<li style=\"font-weight: 400;\"><span style=\"font-weight: 400;\">Die meisten Reisenden k\u00f6nnen teilnehmen<\/span><\/li>\n<\/ol>\n<h4><b><i>Stornierungsbedingungen<\/i><\/b><\/h4>\n<p>F\u00fcr eine vollst\u00e4ndige R\u00fcckerstattung lesen Sie bitte unsere Stornierungsbedingungen\u00a0<a href=\"https:\/\/tourwhales.com\/de\/online-booking\/\" target=\"_blank\" rel=\"noopener\" data-saferedirecturl=\"https:\/\/www.google.com\/url?q=https:\/\/tourwhales.com\/online-booking\/&amp;source=gmail&amp;ust=1672449202351000&amp;usg=AOvVaw1yAeVAPktmaVCqDujgUn90\">Klicke hier<\/a>. Das Geld geht verloren, wenn die Reservierung am selben Tag der Reise storniert wird.<\/p>\n\n\t\t<\/div>\n\t<\/div>\n<\/div><\/div><\/div><\/div><div class=\"vc_row wpb_row vc_row-fluid\" ><div class=\"wpb_column vc_column_container vc_col-sm-12\"><div class=\"vc_column-inner\"><div class=\"wpb_wrapper\"><\/div><\/div><\/div><\/div><div class=\"vc_row wpb_row vc_row-fluid\" ><div class=\"wpb_column vc_column_container vc_col-sm-12\"><div class=\"vc_column-inner\"><div class=\"wpb_wrapper\"><\/div><\/div><\/div><\/div><div class=\"wpb_column vc_column_container vc_col-sm-12\"><div class=\"vc_column-inner\"><div class=\"wpb_wrapper\"><\/div><\/div><\/div><div class=\"vc_row wpb_row vc_row-fluid\" ><div class=\"wpb_column vc_column_container vc_col-sm-12\"><div class=\"vc_column-inner\"><div class=\"wpb_wrapper\">\n\t<div class=\"wpb_video_widget wpb_content_element vc_clearfix   vc_video-aspect-ratio-169 vc_video-el-width-100 vc_video-align-left\" >\n\t\t<div class=\"wpb_wrapper\">\n\t\t\t<h2 class=\"wpb_heading wpb_video_heading\">Kajaks Los Haitises<\/h2>\n\t\t\t<div class=\"wpb_video_wrapper\"><iframe loading=\"lazy\" title=\"Kajak- und H\u00f6hlentour im Nationalpark Los Haitises, Dominikanische Republik\" width=\"1100\" height=\"619\" src=\"https:\/\/www.youtube.com\/embed\/ucU1uwB57wQ?feature=oembed\" frameborder=\"0\" allow=\"accelerometer; autoplay; clipboard-write; encrypted-media; gyroscope; picture-in-picture; web-share\" allowfullscreen><\/iframe><\/div>\n\t\t<\/div>\n\t<\/div>\n<div class=\"vc_btn3-container vc_btn3-inline\" ><button class=\"vc_general vc_btn3 vc_btn3-size-md vc_btn3-shape-rounded vc_btn3-style-modern vc_btn3-color-green\">BUCHEN SIE JETZT<\/button><\/div><\/div><\/div><\/div><\/div>\n<\/section>","protected":false},"excerpt":{"rendered":"<div>Kajak + Bootsfahrt + H\u00f6hlen und Strand zum Schwimmen (alles in einem). Nationalpark Los Haitises mit einem lokalen Reiseleiter aus Sabana de la Mar. Besuch des Regenwaldes, des kleinen Privatstrandes, der Kokosnuss-, Kaffee- und Kakaogebiete. Erfahren Sie mehr \u00fcber die urspr\u00fcngliche Geschichte des Nationalparks Los Haitises.<\/div>\n<div><\/div>\n<div>W\u00e4hlen Sie das Datum f\u00fcr die All-in-One-Abenteuerreise:<\/div>","protected":false},"featured_media":13254,"template":"","meta":[],"product_cat":[946,928,456,934,862,254,255],"product_tag":[422,268,174,173,577,576,571,570,569,317,316,206,209,575,441,574,572,499,175,498,200,187,573],"class_list":["post-12607","product","type-product","status-publish","has-post-thumbnail","hentry","product_cat-1-sabana-de-la-mar","product_cat-boat-trip-los-haitises","product_cat-day-trips","product_cat-kayaking-los-haitises","product_cat-los-haitises-national-park","product_cat-tours-excursions-los-haitises-national-park","product_cat-tours-excursions-samana-bay-dominican-republic","product_tag-cano-hondo-sabana-de-la-mar","product_tag-caves-los-haitises","product_tag-eco-tours","product_tag-excursion","product_tag-hike-kayak","product_tag-hike-kayak-los-haitises-national-park","product_tag-hiking-los-haitises","product_tag-hiking-sabana-de-la-mar","product_tag-hiking-samana","product_tag-kayak-tour","product_tag-kayaking","product_tag-kayaking-los-haitises","product_tag-los-haitises-national-park","product_tag-los-haitises-national-park-entrance-fee","product_tag-los-haitises-national-park-tour-from-las-terrenas","product_tag-los-haitises-national-park-tour-from-santo-domingo","product_tag-los-haitises-national-park-weather","product_tag-los-haitises-sabana-de-la-mar","product_tag-sabana-de-la-mar","product_tag-sabana-de-la-mar-tour","product_tag-samana-excursions","product_tag-samana-tours","product_tag-secrets-of-los-haitises"],"_links":{"self":[{"href":"https:\/\/tourwhales.com\/de\/wp-json\/wp\/v2\/product\/12607","targetHints":{"allow":["GET"]}}],"collection":[{"href":"https:\/\/tourwhales.com\/de\/wp-json\/wp\/v2\/product"}],"about":[{"href":"https:\/\/tourwhales.com\/de\/wp-json\/wp\/v2\/types\/product"}],"wp:featuredmedia":[{"embeddable":true,"href":"https:\/\/tourwhales.com\/de\/wp-json\/wp\/v2\/media\/13254"}],"wp:attachment":[{"href":"https:\/\/tourwhales.com\/de\/wp-json\/wp\/v2\/media?parent=12607"}],"wp:term":[{"taxonomy":"product_cat","embeddable":true,"href":"https:\/\/tourwhales.com\/de\/wp-json\/wp\/v2\/product_cat?post=12607"},{"taxonomy":"product_tag","embeddable":true,"href":"https:\/\/tourwhales.com\/de\/wp-json\/wp\/v2\/product_tag?post=12607"}],"curies":[{"name":"wp","href":"https:\/\/api.w.org\/{rel}","templated":true}]}}