
{"id":12043,"date":"2021-01-29T08:54:31","date_gmt":"2021-01-29T08:54:31","guid":{"rendered":"https:\/\/tourwhales.com\/Tours-Excursions\/uncategorized\/import-placeholder-for-8649\/"},"modified":"2024-10-17T23:39:18","modified_gmt":"2024-10-17T23:39:18","slug":"excursion-whale-watching-samana-bay-cayo-levantado-from-puerto-plata-private-transportation","status":"publish","type":"product","link":"https:\/\/tourwhales.com\/de\/Tours-Excursions\/1-samana\/excursion-whale-watching-samana-bay-cayo-levantado-from-puerto-plata-private-transportation\/","title":{"rendered":"Ausflug Walbeobachtung Bucht von Saman\u00e1 + Cayo Levantado von Puerto Plata (Privater Transport)"},"content":{"rendered":"<section class=\"wpb-content-wrapper\"><div class=\"vc_row wpb_row vc_row-fluid\" ><\/div><div class=\"wpb_column vc_column_container vc_col-sm-12\"><div class=\"vc_column-inner\"><div class=\"wpb_wrapper\"><div class=\"vc_btn3-container vc_btn3-inline\" ><button class=\"vc_general vc_btn3 vc_btn3-size-md vc_btn3-shape-rounded vc_btn3-style-modern vc_btn3-color-green\">BUCHEN SIE JETZT<\/button><\/div><\/div><\/div><\/div>\n\t<div class=\"wpb_text_column wpb_content_element\" >\n\t\t<div class=\"wpb_wrapper\">\n\t\t\t\n\t\t<\/div>\n\t<\/div>\n<div class=\"vc_row wpb_row vc_row-fluid\" ><div class=\"wpb_column vc_column_container vc_col-sm-12\"><div class=\"vc_column-inner\"><div class=\"wpb_wrapper\"><div class=\"vc_btn3-container vc_btn3-inline\" ><button class=\"vc_general vc_btn3 vc_btn3-size-md vc_btn3-shape-rounded vc_btn3-style-modern vc_btn3-color-green\">BUCHEN SIE JETZT<\/button><\/div><\/div><\/div><\/div><\/div><div class=\"vc_row wpb_row vc_row-fluid\" ><div class=\"wpb_column vc_column_container vc_col-sm-12\"><div class=\"vc_column-inner\"><div class=\"wpb_wrapper\">\n\t<div class=\"wpb_text_column wpb_content_element\" >\n\t\t<div class=\"wpb_wrapper\">\n\t\t\t<div class=\"vc_row wpb_row vc_row-fluid\">\n<div class=\"wpb_column vc_column_container vc_col-sm-12\">\n<div class=\"vc_column-inner\">\n<div class=\"wpb_wrapper\">\n<div class=\"wpb_text_column wpb_content_element\">\n<div class=\"wpb_wrapper\">\n<h3>Ausflug Walbeobachtung Bucht von Samana + Cayo Levantado von Puerto Plata (Privater Transport)<\/h3>\n<p>Ab Puerto Plata, Sosua oder Cabarete. Wir holen Sie an Ihrem Platz ab und fahren zur Bucht von Saman\u00e1. Diese Reise beginnt um 9:00 Uhr am Hafen von Saman\u00e1 und endet um 17:00 Uhr, aber wir k\u00f6nnen flexibel mit der Zeit umgehen, um Sie zu Ihrem Platz zur\u00fcckzubringen.<\/p>\n<p>Nach dem Abbruch unseres Katamarans oder Bootes besuchen wir die Wale in ihrem eigenen Lebensraum. Von 9:00 bis 12:00 Uhr Walobservatorium und Nach dieser Walbeobachtungstour besuchen wir die Insel Bacardi \/ Cayo Levantado. Auf der Insel Bacardi wird ein Mittagsbuffet im typisch dominikanischen Stil angeboten. Nach dem Mittagessen d\u00fcrfen Sie bis 16:30 Uhr schwimmen. Die Tour endet am selben Hafen, von wo aus sie um 17:00 Uhr beginnt.<\/p>\n<p><em><strong>Hinweis: Diese Tour ist nicht privat. Nur privater Transport von Puerto Plata. F\u00fcr eine private Bootstour kontaktieren Sie uns bitte.<\/strong><\/em><\/p>\n<ul>\n<li>Ausflug zur Walbeobachtung<\/li>\n<li>Abholung in den Gebieten von Puerto Plata.<\/li>\n<li>Eintrittsgeb\u00fchren f\u00fcr das Observatorium<\/li>\n<li>Inklusive Mittagsbuffet am Strand<\/li>\n<li>Bootstransfer<\/li>\n<li>Der Kapit\u00e4n bietet Anweisungen und Aufsicht<\/li>\n<li>Reisef\u00fchrer<\/li>\n<\/ul>\n<p>&nbsp;<\/p>\n<h4><b>Einschl\u00fcsse &amp; Ausschl\u00fcsse<\/b><\/h4>\n<p>&nbsp;<\/p>\n<p><b>Einschl\u00fcsse<\/b><\/p>\n<p>&nbsp;<\/p>\n<ol>\n<li>Mittagsbuffet am Strand<\/li>\n<li>\u00dcberf\u00fchrungswagen<\/li>\n<li>Reiseleiter bei der Walbeobachtungstour<\/li>\n<li>Katamaran- oder Bootsfahrt<\/li>\n<li>Alle Steuern, Geb\u00fchren und Bearbeitungsgeb\u00fchren<\/li>\n<li>Lokale Steuern<\/li>\n<li>Getr\u00e4nke<\/li>\n<\/ol>\n<p><b>Ausschl\u00fcsse<\/b><\/p>\n<ol>\n<li>Trinkgelder<\/li>\n<li>Alkoholische Getr\u00e4nke<\/li>\n<\/ol>\n<p>&nbsp;<\/p>\n<h4><em><strong>Abreise &amp; R\u00fcckkehr<\/strong><\/em><\/h4>\n<p>Der Reisende erh\u00e4lt nach dem Reservierungsprozess eine Treffpunktzeit. Die Touren beginnen und enden an unseren Treffpunkten.<\/p>\n<p>&nbsp;<\/p>\n<h4><b><i>Was zu erwarten ist?<\/i><\/b><\/h4>\n<p>&nbsp;<\/p>\n<p><em><strong>Holen Sie sich Ihre Tickets<\/strong><\/em>\u00a0f\u00fcr eine eint\u00e4gige Walbeobachtungstour in der Bucht von Samana ab Sosua, Cabarete oder einem beliebigen Gebiet in Puerto Plata. Vermeiden Sie den Transport mit gro\u00dfen Gruppen und genie\u00dfen Sie ein wunderbares Mittagessen und eine Strandzeit.<\/p>\n<p>Der Tagespass f\u00fcr die Walbeobachtung ab Puerto Plata wird von \u201eBooking Adventures\u201c organisiert und beginnt am Treffpunkt, der per WhatsApp oder E-Mail festgelegt wurde. Mittagessen am Strand und Sie k\u00f6nnen so lange bleiben, wie Sie m\u00f6chten, und schwimmen. Wenn Sie Veganer sind, k\u00f6nnen wir auch etwas Essen f\u00fcr Sie zubereiten.<\/p>\n<p><strong>Zeitplan:<\/strong><\/p>\n<p>5:45 Uhr \u2013 16:00 Uhr Die Zeit kann sich je nach Bedarf \u00e4ndern.<\/p>\n<p>&nbsp;<\/p>\n<h4><em><strong>Was sollten Sie mitbringen?<\/strong><\/em><\/h4>\n<ul>\n<li>Kamera<\/li>\n<li>Absto\u00dfende Knospen<\/li>\n<li>Sonnencreme<\/li>\n<li>Hut<\/li>\n<li>Bequeme Hose<\/li>\n<li>Sandalen zum Strand<\/li>\n<li>Schwimmkleidung<\/li>\n<li>Bargeld f\u00fcr Souvenirs<\/li>\n<\/ul>\n<p>&nbsp;<\/p>\n<h4><b><i>Abholhotel<\/i><\/b><\/h4>\n<p>F\u00fcr diese Tour wird eine Hotelabholung angeboten.<\/p>\n<p>&nbsp;<\/p>\n<p><b>Notiz:<\/b>\u00a0Wenn Ihre Buchung innerhalb von 24 Stunden vor der Abfahrtszeit der Tour\/des Ausflugs erfolgt, arrangieren wir die Abholung vom Hotel. Sobald Ihr Kauf abgeschlossen ist, senden wir Ihnen die vollst\u00e4ndigen Kontaktinformationen (Telefonnummer, E-Mail-Adresse usw.) f\u00fcr unseren \u00f6rtlichen Reiseleiter, um die Abholung zu organisieren.<\/p>\n<h4><b><i>Zus\u00e4tzliche Info-Best\u00e4tigung<\/i><\/b><\/h4>\n<ol>\n<li>Tickets sind die Quittung nach Bezahlung dieser Tour. Sie k\u00f6nnen die Zahlung auf Ihrem Telefon anzeigen.<\/li>\n<li>Der Treffpunkt wird nach dem Reservierungsvorgang bekannt gegeben.<\/li>\n<li>Kinder m\u00fcssen von einem Erwachsenen begleitet werden.<\/li>\n<li>barrierefrei<\/li>\n<li>Kleinkinder m\u00fcssen auf dem Scho\u00df sitzen<\/li>\n<li>Die meisten Reisenden k\u00f6nnen teilnehmen<\/li>\n<\/ol>\n<h4><b><i>Stornierungsbedingungen<\/i><\/b><\/h4>\n<p>F\u00fcr eine vollst\u00e4ndige R\u00fcckerstattung stornieren Sie mindestens 24 Stunden vor Beginn des Erlebnisses.<\/p>\n<\/div>\n<\/div>\n<\/div>\n<\/div>\n<\/div>\n<\/div>\n<div class=\"vc_row wpb_row vc_row-fluid\">\n<div class=\"wpb_column vc_column_container vc_col-sm-12\">\n<div class=\"vc_column-inner\">\n<div class=\"wpb_wrapper\">\n<div class=\"wpb_text_column wpb_content_element\">\n<div class=\"wpb_wrapper\">\n<h4>Kontaktiere uns?<\/h4>\n<h5><b><i>WAL-SAMANA-TOUR<\/i><\/b><\/h5>\n<p><em><strong>Einheimische<\/strong>\u00a0und\u00a0<strong>Staatsangeh\u00f6rige<\/strong>\u00a0Reiseleiter &amp; G\u00e4steservice<\/em><\/p>\n<p><span class=\"text-turquoise\">Buchungen:<\/span>\u00a0\u00a0Touren und Ausfl\u00fcge im Dom. Rep.<\/p>\n<p>\ud83d\udcde Telefon \/ Whatsapp\u00a0\u00a0\u00a0<a href=\"tel: 1-809-720-6035\">+ 1-809-720-6035<\/a>\u00a0.<\/p>\n<p>\ud83d\udce9\u00a0<a href=\"mailto:info@bookingadventures.com.do\">info@bookingadventures.com.do<\/a><\/p>\n<p><strong>Wir sind private Touren mit flexibler Konfiguration per WhatsApp:\u00a0\u00a0<a href=\"tel: 18097206035\">+18097206035.<\/a><\/strong><\/p>\n<\/div>\n<\/div>\n<\/div>\n<\/div>\n<\/div>\n<\/div>\n\n\t\t<\/div>\n\t<\/div>\n<\/div><\/div><\/div><\/div>\n<\/section>","protected":false},"excerpt":{"rendered":"<p>Von Puerto Plata, Sosua oder Cabarete bis zum Hafen der Bucht von Saman\u00e1. Mit professionellen Naturf\u00fchrern f\u00fcr Walbeobachtung. Wenn Sie uns f\u00fcr eine Beratung kontaktieren m\u00f6chten, stehen Ihnen E-Mail, WhatsApp oder Anrufe zur Verf\u00fcgung.<\/p>\n<p>Bitte reservieren Sie Ihre Tickets fr\u00fchzeitig. W\u00e4hrend der Walsaison gibt es viele Reservierungen und wir m\u00f6chten, dass Ihre Tickets f\u00fcr Sie sicher sind. Vereinbaren Sie mit uns den Abholort und die Abholzeit.<\/p>\n<p><em><strong>W\u00e4hlen Sie das Datum der Exkursion:<\/strong><\/em><\/p>\n<p>&nbsp;<\/p>","protected":false},"featured_media":13309,"template":"","meta":[],"product_cat":[947,655,859,657,658,659,660,661,662,663,664],"product_tag":[186,667,668,524,669,276,274,670],"class_list":["post-12043","product","type-product","status-publish","has-post-thumbnail","hentry","product_cat-1-puerto-plata","product_cat-1-samana","product_cat-puerto-plata-2021","product_cat-tours-excursions","product_cat-tours-excursions-whale-watching-samana-bay-dominican-republic","product_cat-whale-miches","product_cat-whale-sabana-de-la-mar","product_cat-whale-samana","product_cat-whale-watching","product_cat-whale-watching-puerto-plata","product_cat-whale-watching-punta-cana","product_tag-samana","product_tag-samana-tour","product_tag-whale","product_tag-whale-punta-cana","product_tag-whale-sabana-de-la-mar","product_tag-whale-samana","product_tag-whale-watching-dominican-republic","product_tag-whales-trips"],"_links":{"self":[{"href":"https:\/\/tourwhales.com\/de\/wp-json\/wp\/v2\/product\/12043","targetHints":{"allow":["GET"]}}],"collection":[{"href":"https:\/\/tourwhales.com\/de\/wp-json\/wp\/v2\/product"}],"about":[{"href":"https:\/\/tourwhales.com\/de\/wp-json\/wp\/v2\/types\/product"}],"wp:featuredmedia":[{"embeddable":true,"href":"https:\/\/tourwhales.com\/de\/wp-json\/wp\/v2\/media\/13309"}],"wp:attachment":[{"href":"https:\/\/tourwhales.com\/de\/wp-json\/wp\/v2\/media?parent=12043"}],"wp:term":[{"taxonomy":"product_cat","embeddable":true,"href":"https:\/\/tourwhales.com\/de\/wp-json\/wp\/v2\/product_cat?post=12043"},{"taxonomy":"product_tag","embeddable":true,"href":"https:\/\/tourwhales.com\/de\/wp-json\/wp\/v2\/product_tag?post=12043"}],"curies":[{"name":"wp","href":"https:\/\/api.w.org\/{rel}","templated":true}]}}