
{"id":12881,"date":"2021-08-30T16:28:22","date_gmt":"2021-08-30T16:28:22","guid":{"rendered":"https:\/\/tourwhales.com\/?page_id=12881"},"modified":"2021-08-30T16:28:22","modified_gmt":"2021-08-30T16:28:22","slug":"los-haitises-national-park-natural-pools","status":"publish","type":"page","link":"https:\/\/tourwhales.com\/de\/los-haitises-national-park-natural-pools\/","title":{"rendered":"Los Haitises National Park Natural Pools"},"content":{"rendered":"<section class=\"wpb-content-wrapper\"><div data-vc-full-width=\"true\" data-vc-full-width-init=\"false\" data-vc-stretch-content=\"true\" class=\"vc_row wpb_row vc_row-fluid vc_row-no-padding\" ><div class=\"wpb_column vc_column_container vc_col-sm-12\"><div class=\"vc_column-inner\"><div class=\"wpb_wrapper\"><div class=\"vc_empty_space\"   style=\"height: 32px\"><span class=\"vc_empty_space_inner\"><\/span><\/div><div class=\"vc_message_box vc_message_box-outline vc_message_box-rounded vc_color-vista_blue\" ><div class=\"vc_message_box-icon\"><i class=\"fas fa-info-circle\"><\/i><\/div><div class=\"vc_message_box vc_message_box-standard vc_message_box-rounded vc_color-info\">\n<h5>Please note: Upon Covid-19, all travelers are required to make a\u00a0<em>reservation prior<\/em>\u00a0to\u00a0<em>visiting the National park.<\/em><\/h5>\n<h5><a id=\"it-is-obligatory-to-visit-the-national-park-with-a-certificated-guide\" class=\"aal_anchor\" href=\"https:\/\/www.parquenacionalloshaitises.com\/#it-is-obligatory-to-visit-the-national-park-with-a-certificated-guide\" aria-hidden=\"true\"><\/a>It is obligatory to visit the National park with a Certificated Guide.<\/h5>\n<h5><a id=\"for-more-information-contact-us-email-infohaitises-com-whatsapp-18097206035\" class=\"aal_anchor\" href=\"https:\/\/www.parquenacionalloshaitises.com\/#for-more-information-contact-us-email-infohaitises-com-whatsapp-18097206035\" aria-hidden=\"true\"><\/a>Contact a local guide <a href=\"https:\/\/tourwhales.com\/wp-content\/uploads\/2021\/08\/WhatsApp-icon-PNG.png\"><img loading=\"lazy\" decoding=\"async\" class=\"alignnone wp-image-12848\" src=\"https:\/\/tourwhales.com\/wp-content\/uploads\/2021\/08\/WhatsApp-icon-PNG-300x300.png\" alt=\"\" width=\"24\" height=\"24\" srcset=\"https:\/\/tourwhales.com\/wp-content\/uploads\/2021\/08\/WhatsApp-icon-PNG-300x300.png 300w, https:\/\/tourwhales.com\/wp-content\/uploads\/2021\/08\/WhatsApp-icon-PNG-1024x1024.png 1024w, https:\/\/tourwhales.com\/wp-content\/uploads\/2021\/08\/WhatsApp-icon-PNG-150x150.png 150w, https:\/\/tourwhales.com\/wp-content\/uploads\/2021\/08\/WhatsApp-icon-PNG-768x768.png 768w, https:\/\/tourwhales.com\/wp-content\/uploads\/2021\/08\/WhatsApp-icon-PNG-1536x1536.png 1536w, https:\/\/tourwhales.com\/wp-content\/uploads\/2021\/08\/WhatsApp-icon-PNG-85x85.png 85w, https:\/\/tourwhales.com\/wp-content\/uploads\/2021\/08\/WhatsApp-icon-PNG-550x550.png 550w, https:\/\/tourwhales.com\/wp-content\/uploads\/2021\/08\/WhatsApp-icon-PNG-1100x1100.png 1100w, https:\/\/tourwhales.com\/wp-content\/uploads\/2021\/08\/WhatsApp-icon-PNG-100x100.png 100w, https:\/\/tourwhales.com\/wp-content\/uploads\/2021\/08\/WhatsApp-icon-PNG-64x64.png 64w, https:\/\/tourwhales.com\/wp-content\/uploads\/2021\/08\/WhatsApp-icon-PNG.png 1850w\" sizes=\"auto, (max-width: 24px) 100vw, 24px\" \/><\/a> <a href=\"callto:+18097206035\">+18097206035<\/a><\/h5>\n<\/div>\n<\/div><div class=\"vc_empty_space\"   style=\"height: 32px\"><span class=\"vc_empty_space_inner\"><\/span><\/div><\/div><\/div><\/div><\/div><div class=\"vc_row-full-width vc_clearfix\"><\/div><div class=\"vc_row wpb_row vc_row-fluid\" ><div class=\"wpb_column vc_column_container vc_col-sm-12\"><div class=\"vc_column-inner\"><div class=\"wpb_wrapper\"><div class=\"woocommerce columns-4 \"><ul class=\"products columns-4\">\n<li class=\"product type-product post-12454 status-publish first instock product_cat-1-sabana-de-la-mar product_cat-altos-de-cano-hondo product_cat-mountain-bike-los-haitises product_cat-natural-pools-los-haitises product_tag-altos-de-cano-hondo product_tag-cano-hondo product_tag-cano-hondo-hotel product_tag-canoes product_tag-canoes-dominican-republic product_tag-day-tour-cano-hondo product_tag-kayak-dominican-republic product_tag-kayaking-dominican-republic product_tag-kayaking-los-haitises product_tag-kayaks product_tag-los-haitises product_tag-los-haitises-mountain-bike product_tag-los-haitises-national-park product_tag-los-haitises-tours product_tag-mangroves-reforestation-in-los-haitises-with-locals product_tag-private-tours-samana product_tag-sabana-de-la-mar product_tag-samana-bay product_tag-samana-excursions has-post-thumbnail sale sold-individually shipping-taxable product-type-external\">\n\t<div class=\"mkdf-pl-inner\"><div class=\"mkdf-pl-image\"><div class=\"mkdf-pl-text\"><div class=\"mkdf-pl-text-outer\"><div class=\"mkdf-pl-text-inner\"><a href=\"https:\/\/bookingadventures.tours\/booking.php?tour_id=f738341db1acab52e5490d64ec400b65\" data-quantity=\"1\" class=\"button wp-element-button product_type_external\" data-product_id=\"12454\" data-product_sku=\"\" aria-label=\"BOOK NOW\" rel=\"nofollow\">BOOK NOW<\/a><\/div><\/div><\/div><\/div><a href=\"https:\/\/tourwhales.com\/de\/Tours-Excursions\/altos-de-cano-hondo\/altos-de-cano-hondo-mountain-bike-tour\/\" class=\"woocommerce-LoopProduct-link woocommerce-loop-product__link\"><\/a><\/div><div class=\"mkdf-pl-text-wrapper\"><h4 class=\"mkdf-product-list-title\"><a href=\"https:\/\/tourwhales.com\/de\/Tours-Excursions\/altos-de-cano-hondo\/altos-de-cano-hondo-mountain-bike-tour\/\">Altos de Ca\u00f1o Hondo + Mountain Bike Tour<\/a><\/h4>\n\t<span class=\"price\"><del aria-hidden=\"true\"><span class=\"woocommerce-Price-amount amount\"><bdi><span class=\"woocommerce-Price-currencySymbol\">&#36;<\/span>80.00<\/bdi><\/span><\/del> <ins><span class=\"woocommerce-Price-amount amount\"><bdi><span class=\"woocommerce-Price-currencySymbol\">&#36;<\/span>74.00<\/bdi><\/span><\/ins><\/span>\n<\/div><\/li><li class=\"product type-product post-9453 status-publish instock product_cat-1-sabana-de-la-mar product_cat-lunch product_cat-natural-pools-los-haitises product_cat-uncategorized product_tag-altos-cano-hondo product_tag-cano-hondo product_tag-cano-hondo-day-pass product_tag-cano-hondo-sabana-de-la-mar product_tag-los-haitises product_tag-los-haitises-national-park product_tag-los-haitises-tours product_tag-paraiso-cano-hondo product_tag-parque-los-haitises product_tag-sabana-de-la-mar product_tag-samana product_tag-samana-tours has-post-thumbnail sale sold-individually shipping-taxable product-type-external\">\n\t<div class=\"mkdf-pl-inner\"><div class=\"mkdf-pl-image\"><div class=\"mkdf-pl-text\"><div class=\"mkdf-pl-text-outer\"><div class=\"mkdf-pl-text-inner\"><a href=\"https:\/\/bookingadventures.tours\/booking.php?tour_id=3719146a2c28905b1a2543d5d4629073\" data-quantity=\"1\" class=\"button wp-element-button product_type_external\" data-product_id=\"9453\" data-product_sku=\"\" aria-label=\"BOOK NOW\" rel=\"nofollow\">BOOK NOW<\/a><\/div><\/div><\/div><\/div><a href=\"https:\/\/tourwhales.com\/de\/Tours-Excursions\/uncategorized\/day-pass-cano-hondo-natural-pools-lunch-included\/\" class=\"woocommerce-LoopProduct-link woocommerce-loop-product__link\"><\/a><\/div><div class=\"mkdf-pl-text-wrapper\"><div class=\"mkdf-pl-rating-holder\"><\/div><h4 class=\"mkdf-product-list-title\"><a href=\"https:\/\/tourwhales.com\/de\/Tours-Excursions\/uncategorized\/day-pass-cano-hondo-natural-pools-lunch-included\/\">Day Pass Ca\u00f1o Hondo &#8211; Natural Pools &#038; Lunch Included<\/a><\/h4>\n\t<span class=\"price\"><del aria-hidden=\"true\"><span class=\"woocommerce-Price-amount amount\"><bdi><span class=\"woocommerce-Price-currencySymbol\">&#36;<\/span>40.00<\/bdi><\/span><\/del> <ins><span class=\"woocommerce-Price-amount amount\"><bdi><span class=\"woocommerce-Price-currencySymbol\">&#36;<\/span>25.00<\/bdi><\/span><\/ins><\/span>\n<\/div><\/li><li class=\"product type-product post-12064 status-publish instock product_cat-1-samana product_cat-boat-trip-los-haitises product_cat-cano-hondo product_cat-cano-hondo-2021 product_cat-los-haitises-national-park product_cat-natural-pools-los-haitises product_cat-tour-excursion product_cat-tours-excursions product_cat-tours-excursions-whale-watching-samana-bay-dominican-republic product_cat-whale-miches product_cat-whale-sabana-de-la-mar product_cat-whale-samana product_cat-whale-watching product_cat-whale-watching-puerto-plata product_cat-whale-watching-punta-cana product_cat-whale-watching-samana product_cat-whale-watching-samana-bay product_tag-bacardi-island product_tag-cano-hondo product_tag-cayo-levantado product_tag-los-haitises product_tag-samana product_tag-samana-tour product_tag-whale product_tag-whale-punta-cana product_tag-whale-sabana-de-la-mar product_tag-whale-samana product_tag-whale-watching-dominican-republic product_tag-whales-in-samana product_tag-whales-trips has-post-thumbnail sale shipping-taxable product-type-external\">\n\t<div class=\"mkdf-pl-inner\"><div class=\"mkdf-pl-image\"><div class=\"mkdf-pl-text\"><div class=\"mkdf-pl-text-outer\"><div class=\"mkdf-pl-text-inner\"><a href=\"https:\/\/bookingadventures.tours\/booking.php?tour_id=a8609b0dc47afd9765cb567eec23d162\" data-quantity=\"1\" class=\"button wp-element-button product_type_external\" data-product_id=\"12064\" data-product_sku=\"\" aria-label=\"BOOK NOW\" rel=\"nofollow\">BOOK NOW<\/a><\/div><\/div><\/div><\/div><a href=\"https:\/\/tourwhales.com\/de\/Tours-Excursions\/whale-watching-samana\/excursion-whale-watching-samana-bay-cano-hondo-los-haitises-from-samana-port\/\" class=\"woocommerce-LoopProduct-link woocommerce-loop-product__link\"><\/a><\/div><div class=\"mkdf-pl-text-wrapper\"><h4 class=\"mkdf-product-list-title\"><a href=\"https:\/\/tourwhales.com\/de\/Tours-Excursions\/whale-watching-samana\/excursion-whale-watching-samana-bay-cano-hondo-los-haitises-from-samana-port\/\">Excursion Whale Watching Saman\u00e1 Bay + Ca\u00f1o Hondo + Los Haitises  from Saman\u00e1 port<\/a><\/h4>\n\t<span class=\"price\"><del aria-hidden=\"true\"><span class=\"woocommerce-Price-amount amount\"><bdi><span class=\"woocommerce-Price-currencySymbol\">&#36;<\/span>195.00<\/bdi><\/span><\/del> <ins><span class=\"woocommerce-Price-amount amount\"><bdi><span class=\"woocommerce-Price-currencySymbol\">&#36;<\/span>140.00<\/bdi><\/span><\/ins><\/span>\n<\/div><\/li><li class=\"product type-product post-8856 status-publish last instock product_cat-1-sabana-de-la-mar product_cat-boat-trip-los-haitises product_cat-natural-pools-los-haitises product_cat-tours-excursions-los-haitises-national-park product_cat-tours-excursions-samana-bay-dominican-republic product_tag-cano-hondo product_tag-cano-hondo-hotel product_tag-cano-hondo-tours product_tag-day-tour-cano-hondo product_tag-la-arena-cave product_tag-line-cave product_tag-los-haitises product_tag-los-haitises-national-park product_tag-mangroves-los-haitises product_tag-sabana-de-la-mar product_tag-san-lorenzo-bay has-post-thumbnail sale sold-individually shipping-taxable product-type-external\">\n\t<div class=\"mkdf-pl-inner\"><div class=\"mkdf-pl-image\"><div class=\"mkdf-pl-text\"><div class=\"mkdf-pl-text-outer\"><div class=\"mkdf-pl-text-inner\"><a href=\"https:\/\/bookingadventures.tours\/booking.php?tour_id=564682de5ff3fb75370322d9bb29062a\" data-quantity=\"1\" class=\"button wp-element-button product_type_external\" data-product_id=\"8856\" data-product_sku=\"\" aria-label=\"BOOK NOW\" rel=\"nofollow\">BOOK NOW<\/a><\/div><\/div><\/div><\/div><a href=\"https:\/\/tourwhales.com\/de\/Tours-Excursions\/tours-excursions-los-haitises-national-park\/los-haitises-national-park-lunch-at-cano-hondo-from-sabana-de-la-mar\/\" class=\"woocommerce-LoopProduct-link woocommerce-loop-product__link\"><\/a><\/div><div class=\"mkdf-pl-text-wrapper\"><div class=\"mkdf-pl-rating-holder\"><\/div><h4 class=\"mkdf-product-list-title\"><a href=\"https:\/\/tourwhales.com\/de\/Tours-Excursions\/tours-excursions-los-haitises-national-park\/los-haitises-national-park-lunch-at-cano-hondo-from-sabana-de-la-mar\/\">Los Haitises National Park + Lunch at Ca\u00f1o Hondo from Sabana de la Mar<\/a><\/h4>\n\t<span class=\"price\"><del aria-hidden=\"true\"><span class=\"woocommerce-Price-amount amount\"><bdi><span class=\"woocommerce-Price-currencySymbol\">&#36;<\/span>80.00<\/bdi><\/span><\/del> <ins><span class=\"woocommerce-Price-amount amount\"><bdi><span class=\"woocommerce-Price-currencySymbol\">&#36;<\/span>58.50<\/bdi><\/span><\/ins><\/span>\n<\/div><\/li><li class=\"product type-product post-16552 status-publish first instock product_cat-1-sabana-de-la-mar product_cat-boat-trip-los-haitises product_cat-natural-pools-los-haitises product_cat-tours-excursions-los-haitises-national-park product_cat-tours-excursions-samana-bay-dominican-republic product_tag-cano-hondo product_tag-cano-hondo-hotel product_tag-cano-hondo-tours product_tag-day-tour-cano-hondo product_tag-la-arena-cave product_tag-line-cave product_tag-los-haitises product_tag-los-haitises-national-park product_tag-mangroves-los-haitises product_tag-sabana-de-la-mar product_tag-san-lorenzo-bay has-post-thumbnail sale sold-individually shipping-taxable product-type-external\">\n\t<div class=\"mkdf-pl-inner\"><div class=\"mkdf-pl-image\"><div class=\"mkdf-pl-text\"><div class=\"mkdf-pl-text-outer\"><div class=\"mkdf-pl-text-inner\"><a href=\"https:\/\/bookingadventures.tours\/booking.php?tour_id=564682de5ff3fb75370322d9bb29062a\" data-quantity=\"1\" class=\"button wp-element-button product_type_external\" data-product_id=\"16552\" data-product_sku=\"\" aria-label=\"BOOK NOW\" rel=\"nofollow\">BOOK NOW<\/a><\/div><\/div><\/div><\/div><a href=\"https:\/\/tourwhales.com\/de\/Tours-Excursions\/tours-excursions-los-haitises-national-park\/cano-hondo-sabana-de-la-mar\/\" class=\"woocommerce-LoopProduct-link woocommerce-loop-product__link\"><\/a><\/div><div class=\"mkdf-pl-text-wrapper\"><h4 class=\"mkdf-product-list-title\"><a href=\"https:\/\/tourwhales.com\/de\/Tours-Excursions\/tours-excursions-los-haitises-national-park\/cano-hondo-sabana-de-la-mar\/\">Los Haitises National Park + Lunch at Ca\u00f1o Hondo from Sabana de la Mar<\/a><\/h4>\n\t<span class=\"price\"><del aria-hidden=\"true\"><span class=\"woocommerce-Price-amount amount\"><bdi><span class=\"woocommerce-Price-currencySymbol\">&#36;<\/span>80.00<\/bdi><\/span><\/del> <ins><span class=\"woocommerce-Price-amount amount\"><bdi><span class=\"woocommerce-Price-currencySymbol\">&#36;<\/span>58.50<\/bdi><\/span><\/ins><\/span>\n<\/div><\/li><li class=\"product type-product post-8219 status-publish instock product_cat-1-samana product_cat-boat-trip-los-haitises product_cat-caves product_cat-hiking product_cat-kayaking product_cat-local-tour-guides product_cat-lunch product_cat-mangroves product_cat-natural-pools-los-haitises product_cat-swimming-natural-springs product_cat-tours-and-excursions product_cat-tours-excursions-los-haitises-national-park product_cat-tours-excursions-samana-bay-dominican-republic product_tag-cano-hondo product_tag-cano-hondo-hotel product_tag-cano-hondo-tours product_tag-day-tour-cano-hondo product_tag-los-haitises product_tag-los-haitises-national-park product_tag-mangroves-los-haitises product_tag-samana-bay product_tag-samana-excursions product_tag-samana-tours has-post-thumbnail sale sold-individually shipping-taxable product-type-external\">\n\t<div class=\"mkdf-pl-inner\"><div class=\"mkdf-pl-image\"><div class=\"mkdf-pl-text\"><div class=\"mkdf-pl-text-outer\"><div class=\"mkdf-pl-text-inner\"><a href=\"https:\/\/bookingadventures.tours\/booking.php?tour_id=115599b2f3856c5f8f20eead7f885855\" data-quantity=\"1\" class=\"button wp-element-button product_type_external\" data-product_id=\"8219\" data-product_sku=\"\" aria-label=\"BOOK NOW\" rel=\"nofollow\">BOOK NOW<\/a><\/div><\/div><\/div><\/div><a href=\"https:\/\/tourwhales.com\/de\/Tours-Excursions\/lunch\/los-haitises-national-park-lunch-at-cano-hondo-from-samana-port\/\" class=\"woocommerce-LoopProduct-link woocommerce-loop-product__link\"><\/a><\/div><div class=\"mkdf-pl-text-wrapper\"><div class=\"mkdf-pl-rating-holder\"><\/div><h4 class=\"mkdf-product-list-title\"><a href=\"https:\/\/tourwhales.com\/de\/Tours-Excursions\/lunch\/los-haitises-national-park-lunch-at-cano-hondo-from-samana-port\/\">Los Haitises National Park + Lunch at Ca\u00f1o Hondo from Saman\u00e1 Port.<\/a><\/h4>\n\t<span class=\"price\"><del aria-hidden=\"true\"><span class=\"woocommerce-Price-amount amount\"><bdi><span class=\"woocommerce-Price-currencySymbol\">&#36;<\/span>150.00<\/bdi><\/span><\/del> <ins><span class=\"woocommerce-Price-amount amount\"><bdi><span class=\"woocommerce-Price-currencySymbol\">&#36;<\/span>97.50<\/bdi><\/span><\/ins><\/span>\n<\/div><\/li><li class=\"product type-product post-9919 status-publish instock product_cat-1-samana product_cat-boat-trip-los-haitises product_cat-natural-pools-los-haitises product_cat-tours-and-excursions product_cat-tours-excursions-samana-bay-dominican-republic product_tag-cano-hondo-lunch product_tag-caves-los-haitises product_tag-las-terrenas product_tag-las-terrenas-los-haitises product_tag-las-terrenas-tours product_tag-los-haitises product_tag-los-haitises-national-park product_tag-mangroves-los-haitises product_tag-transportation-los-haitises has-post-thumbnail sale sold-individually shipping-taxable product-type-external\">\n\t<div class=\"mkdf-pl-inner\"><div class=\"mkdf-pl-image\"><div class=\"mkdf-pl-text\"><div class=\"mkdf-pl-text-outer\"><div class=\"mkdf-pl-text-inner\"><a href=\"https:\/\/bookingadventures.tours\/booking.php?tour_id=7cce7588686d81ced04123ed4dbe0125\" data-quantity=\"1\" class=\"button wp-element-button product_type_external\" data-product_id=\"9919\" data-product_sku=\"\" aria-label=\"BOOK NOW\" rel=\"nofollow\">BOOK NOW<\/a><\/div><\/div><\/div><\/div><a href=\"https:\/\/tourwhales.com\/de\/Tours-Excursions\/tours-and-excursions\/los-haitises-national-park-tour-from-las-terrenas-samana-half-day-trip-lunch-at-cano-hondo\/\" class=\"woocommerce-LoopProduct-link woocommerce-loop-product__link\"><\/a><\/div><div class=\"mkdf-pl-text-wrapper\"><h4 class=\"mkdf-product-list-title\"><a href=\"https:\/\/tourwhales.com\/de\/Tours-Excursions\/tours-and-excursions\/los-haitises-national-park-tour-from-las-terrenas-samana-half-day-trip-lunch-at-cano-hondo\/\">Los Haitises National Park Tour from Las Terrenas, Saman\u00e1. Half Day Trip. Lunch at Ca\u00f1o Hondo.<\/a><\/h4>\n\t<span class=\"price\"><del aria-hidden=\"true\"><span class=\"woocommerce-Price-amount amount\"><bdi><span class=\"woocommerce-Price-currencySymbol\">&#36;<\/span>150.00<\/bdi><\/span><\/del> <ins><span class=\"woocommerce-Price-amount amount\"><bdi><span class=\"woocommerce-Price-currencySymbol\">&#36;<\/span>94.99<\/bdi><\/span><\/ins><\/span>\n<\/div><\/li><li class=\"product type-product post-9059 status-publish last instock product_cat-1-punta-cana product_cat-1-sabana-de-la-mar product_cat-boat-trip-los-haitises product_cat-caves product_cat-fees-entrace product_cat-lunch product_cat-mangroves product_cat-natural-pools-los-haitises product_cat-punta-cana-group-tours product_cat-punta-cana-los-haitises product_cat-punta-cana-montana-redonda product_cat-tours-and-excursions product_cat-tours-excursions-punta-cana-dominican-republic product_tag-cano-hondo product_tag-cano-hondo-hotel product_tag-cano-hondo-tours product_tag-caves-los-haitises product_tag-day-tour-cano-hondo product_tag-day-trip-punta-cana product_tag-las-terrenas product_tag-los-haitises product_tag-los-haitises-national-park product_tag-los-haitises-national-park-map product_tag-los-haitises-national-park-tour-from-las-terrenas product_tag-los-haitises-national-park-tours-excursions product_tag-mangroves-los-haitises product_tag-montana-redonda-tours-excursion product_tag-punta-cana product_tag-punta-cana-tours-excursions product_tag-transportation-los-haitises has-post-thumbnail sale sold-individually shipping-taxable product-type-external\">\n\t<div class=\"mkdf-pl-inner\"><div class=\"mkdf-pl-image\"><div class=\"mkdf-pl-text\"><div class=\"mkdf-pl-text-outer\"><div class=\"mkdf-pl-text-inner\"><a href=\"https:\/\/bookingadventures.tours\/booking.php?tour_id=b932097145c8226c01088bd4aaecde46\" data-quantity=\"1\" class=\"button wp-element-button product_type_external\" data-product_id=\"9059\" data-product_sku=\"\" aria-label=\"BOOK NOW\" rel=\"nofollow\">BOOK NOW<\/a><\/div><\/div><\/div><\/div><a href=\"https:\/\/tourwhales.com\/de\/Tours-Excursions\/fees-entrace\/los-haitises-national-park-tour-from-punta-cana-montana-redonda-cano-hondo\/\" class=\"woocommerce-LoopProduct-link woocommerce-loop-product__link\"><\/a><\/div><div class=\"mkdf-pl-text-wrapper\"><div class=\"mkdf-pl-rating-holder\"><\/div><h4 class=\"mkdf-product-list-title\"><a href=\"https:\/\/tourwhales.com\/de\/Tours-Excursions\/fees-entrace\/los-haitises-national-park-tour-from-punta-cana-montana-redonda-cano-hondo\/\">Los Haitises National Park Tour from Punta Cana, Montana Redonda &#038; Ca\u00f1o Hondo<\/a><\/h4>\n\t<span class=\"price\"><del aria-hidden=\"true\"><span class=\"woocommerce-Price-amount amount\"><bdi><span class=\"woocommerce-Price-currencySymbol\">&#36;<\/span>145.00<\/bdi><\/span><\/del> <ins><span class=\"woocommerce-Price-amount amount\"><bdi><span class=\"woocommerce-Price-currencySymbol\">&#36;<\/span>125.00<\/bdi><\/span><\/ins><\/span>\n<\/div><\/li><\/ul>\n<\/div><div class=\"vc_empty_space\"   style=\"height: 64px\"><span class=\"vc_empty_space_inner\"><\/span><\/div><\/div><\/div><\/div><\/div><div data-vc-full-width=\"true\" data-vc-full-width-init=\"false\" data-vc-stretch-content=\"true\" class=\"vc_row wpb_row vc_row-fluid vc_row-no-padding\" ><div class=\"wpb_column vc_column_container vc_col-sm-12\"><div class=\"vc_column-inner\"><div class=\"wpb_wrapper\">\n\t<div  class=\"wpb_single_image wpb_content_element vc_align_center\">\n\t\t\n\t\t<figure class=\"wpb_wrapper vc_figure\">\n\t\t\t<div class=\"vc_single_image-wrapper   vc_box_border_grey\"><img loading=\"lazy\" decoding=\"async\" width=\"96\" height=\"96\" src=\"https:\/\/tourwhales.com\/wp-content\/uploads\/2021\/08\/traveler-s-choice-2021-1-150x150.jpg\" class=\"vc_single_image-img attachment-thumbnail\" alt=\"\" title=\"traveler-s-choice-2021 (1)\" srcset=\"https:\/\/tourwhales.com\/wp-content\/uploads\/2021\/08\/traveler-s-choice-2021-1-150x150.jpg 150w, https:\/\/tourwhales.com\/wp-content\/uploads\/2021\/08\/traveler-s-choice-2021-1-300x300.jpg 300w, https:\/\/tourwhales.com\/wp-content\/uploads\/2021\/08\/traveler-s-choice-2021-1-85x85.jpg 85w, https:\/\/tourwhales.com\/wp-content\/uploads\/2021\/08\/traveler-s-choice-2021-1-100x100.jpg 100w, https:\/\/tourwhales.com\/wp-content\/uploads\/2021\/08\/traveler-s-choice-2021-1-64x64.jpg 64w, https:\/\/tourwhales.com\/wp-content\/uploads\/2021\/08\/traveler-s-choice-2021-1.jpg 450w\" sizes=\"auto, (max-width: 96px) 100vw, 96px\" \/><\/div>\n\t\t<\/figure>\n\t<\/div>\n<div class=\"mkdf-section-title-holder  \" style=\"text-align: center\">\n\t<div class=\"mkdf-st-inner\">\n\t\t\t\t\t<h5 class=\"mkdf-st-subtitle\" >\n\t\t\t\tTripAdvisor Feedback\t\t\t<\/h5>\n\t\t\t\t\t\t\t<h3 class=\"mkdf-st-title\" >\n\t\t\t\tCheck what people say about us!\t\t\t<\/h3>\n\t\t\t\t\t<\/div>\n<\/div><\/div><\/div><\/div><\/div><div class=\"vc_row-full-width vc_clearfix\"><\/div><div class=\"vc_row wpb_row vc_row-fluid\" ><div class=\"wpb_column vc_column_container vc_col-sm-12\"><div class=\"vc_column-inner\"><div class=\"wpb_wrapper\"><div class=\"vc_empty_space\"   style=\"height: 32px\"><span class=\"vc_empty_space_inner\"><\/span><\/div>\n\t<div class=\"wpb_text_column wpb_content_element \" >\n\t\t<div class=\"wpb_wrapper\">\n\t\t\t<p>[wptripadvisor_usetemplate tid=&#8221;1&#8243;]<\/p>\n\n\t\t<\/div>\n\t<\/div>\n<div class=\"vc_empty_space\"   style=\"height: 32px\"><span class=\"vc_empty_space_inner\"><\/span><\/div><\/div><\/div><\/div><\/div>\n<\/section>","protected":false},"excerpt":{"rendered":"Please note: Upon Covid-19, all travelers are required to make a\u00a0reservation prior\u00a0to\u00a0visiting the National park. It is obligatory to visit the National park with a Certificated Guide. Contact a local guide +18097206035 BOOK NOWAltos de Ca\u00f1o Hondo + Mountain Bike Tour &#36;80.00 &#36;74.00 BOOK NOWDay Pass Ca\u00f1o Hondo &#8211; Natural Pools &#038; Lunch Included &#36;40.00 &#36;25.00 BOOK NOWExcursion Whale Watching Saman\u00e1 Bay + Ca\u00f1o Hondo + Los Haitises from Saman\u00e1 port &#36;195.00 &#36;140.00 BOOK NOWLos Haitises National Park + Lunch [...]","protected":false},"author":8,"featured_media":12810,"parent":0,"menu_order":0,"comment_status":"closed","ping_status":"closed","template":"","meta":{"footnotes":""},"class_list":["post-12881","page","type-page","status-publish","has-post-thumbnail","hentry"],"_links":{"self":[{"href":"https:\/\/tourwhales.com\/de\/wp-json\/wp\/v2\/pages\/12881","targetHints":{"allow":["GET"]}}],"collection":[{"href":"https:\/\/tourwhales.com\/de\/wp-json\/wp\/v2\/pages"}],"about":[{"href":"https:\/\/tourwhales.com\/de\/wp-json\/wp\/v2\/types\/page"}],"author":[{"embeddable":true,"href":"https:\/\/tourwhales.com\/de\/wp-json\/wp\/v2\/users\/8"}],"replies":[{"embeddable":true,"href":"https:\/\/tourwhales.com\/de\/wp-json\/wp\/v2\/comments?post=12881"}],"version-history":[{"count":0,"href":"https:\/\/tourwhales.com\/de\/wp-json\/wp\/v2\/pages\/12881\/revisions"}],"wp:featuredmedia":[{"embeddable":true,"href":"https:\/\/tourwhales.com\/de\/wp-json\/wp\/v2\/media\/12810"}],"wp:attachment":[{"href":"https:\/\/tourwhales.com\/de\/wp-json\/wp\/v2\/media?parent=12881"}],"curies":[{"name":"wp","href":"https:\/\/api.w.org\/{rel}","templated":true}]}}