
{"id":9918,"date":"2020-03-29T08:08:03","date_gmt":"2020-03-29T08:08:03","guid":{"rendered":"https:\/\/tourwhales.com\/Tours-Excursions\/uncategorized\/import-placeholder-for-9917\/"},"modified":"2024-10-18T20:29:15","modified_gmt":"2024-10-18T20:29:15","slug":"birdwatching-punta-cana-birding-tours-from-punta-cana-to-los-haitises-national-park","status":"publish","type":"product","link":"https:\/\/tourwhales.com\/cs\/Tours-Excursions\/fees-entrace\/birdwatching-punta-cana-birding-tours-from-punta-cana-to-los-haitises-national-park\/","title":{"rendered":"Pozorov\u00e1n\u00ed ptactva Punta Cana \u2013 Pta\u010d\u00ed v\u00fdlety z Punta Cana do n\u00e1rodn\u00edho parku Los Haitises"},"content":{"rendered":"<section class=\"wpb-content-wrapper\"><div class=\"vc_row wpb_row vc_row-fluid\" ><div class=\"wpb_column vc_column_container vc_col-sm-12\"><div class=\"vc_column-inner\"><div class=\"wpb_wrapper\">\n\t<div class=\"wpb_text_column wpb_content_element\" >\n\t\t<div class=\"wpb_wrapper\">\n\t\t\t<div class=\"vc_row wpb_row vc_row-fluid\">\n<div class=\"wpb_column vc_column_container vc_col-sm-12\">\n<div class=\"vc_column-inner\">\n<div class=\"wpb_wrapper\">\n<div class=\"mkdf-section-title-holder\">\n<div class=\"mkdf-st-inner\">\n<h5 class=\"mkdf-st-subtitle\">Pozorov\u00e1n\u00ed pt\u00e1k\u016f v n\u00e1rodn\u00edm parku Los Haitises<\/h5>\n<h2 class=\"mkdf-st-title\">Pta\u010d\u00ed v\u00fdlety z Punta Cana do n\u00e1rodn\u00edho parku Los Haitises<\/h2>\n<\/div>\n<\/div>\n<\/div>\n<\/div>\n<\/div>\n<\/div>\n<div class=\"vc_row wpb_row vc_row-fluid\">\n<div class=\"wpb_column vc_column_container vc_col-sm-12\">\n<div class=\"vc_column-inner\">\n<div class=\"wpb_wrapper\">\n<div class=\"wpb_text_column wpb_content_element\">\n<div class=\"wpb_wrapper\">\n<h4><b><i>P\u0159ehled<\/i><\/b><\/h4>\n<section><\/section>\n<p>Pouze n\u00e1v\u0161t\u011bvy nab\u00edzen\u00e9 v Dominik\u00e1nsk\u00e9 republice s n\u00e1rodn\u00edmi a m\u00edstn\u00edmi turistick\u00fdmi pr\u016fvodci certifikovan\u00fdmi ministerstvem cestovn\u00edho ruchu v Dominik\u00e1nsk\u00e9 republice. Kontaktujte p\u0159\u00edm\u00e9 m\u00edstn\u00ed odborn\u00edky a nav\u0161tivte n\u00e1rodn\u00ed park Los Haitises. Zat\u00edmco v\u011bt\u0161ina lid\u00ed vyr\u00e1\u017e\u00ed lod\u00ed prozkoumat park a jeho jeskyn\u011b, ostrovy. Zam\u011b\u0159\u00edme se na studium ornitolog\u016f v n\u00e1rodn\u00edm parku Los Haitises. U\u017e\u00edv\u00e1n\u00ed a pozn\u00e1v\u00e1n\u00ed Projekt\u016f na ochranu p\u0159\u00edrody na soukrom\u00fdch cest\u00e1ch.<\/p>\n<p>Chr\u00e1n\u00edme 110 druh\u016f pt\u00e1k\u016f, kter\u00e9 m\u016f\u017eete naj\u00edt v n\u00e1rodn\u00edm parku Los Haitises. Proch\u00e1zka t\u00edmto kouzeln\u00fdm lesem p\u0159i hled\u00e1n\u00ed papou\u0161k\u016f, Todys\u016f, Ridgwayov\u00fdch jest\u0159\u00e1b\u016f, tanager\u016f, kolib\u0159\u00edk\u016f a mnoha dal\u0161\u00edch. Poskytov\u00e1n\u00ed zaj\u00edmav\u00e9 historie o v\u0161ech t\u011bchto pt\u00e1c\u00edch, kter\u00e9 m\u016f\u017eete vid\u011bt na stezce Humit. Zn\u00e1me stanovi\u0161t\u011b skvrn Ridgway&#039;s, Ashy Faced Owls a dal\u0161\u00edch endemick\u00fdch druh\u016f. Tato prohl\u00eddka se zam\u011b\u0159uje na p\u0159\u00edrodu a je v\u00edce zam\u011b\u0159ena na informace o voln\u011b \u017eij\u00edc\u00edch zv\u00ed\u0159atech s o\u010dek\u00e1van\u00fdmi m\u00edstn\u00edmi pr\u016fvodci certifikovan\u00fdmi jako ornitolog.<\/p>\n<p><strong>Obvykle se jedn\u00e1 o soukromou prohl\u00eddku pro skute\u010dn\u011b kvalitn\u00ed z\u00e1\u017eitek.<\/strong><\/p>\n<p>Pod\u00edvejte se zde na seznam nej\u010dast\u011bj\u0161\u00edch pt\u00e1k\u016f na na\u0161ich cest\u00e1ch:\u00a0<a href=\"https:\/\/avibase.bsc-eoc.org\/checklist.jsp?lang=ES&amp;p2=1&amp;list=clements&amp;synlang=EN&amp;region=DO0005&amp;version=text&amp;lifelist=&amp;highlight=0\" target=\"_blank\" rel=\"noopener\"><strong>KLIKN\u011aTE ZDE<\/strong><\/a><\/p>\n<h4><\/h4>\n<h4><b>Zahrnut\u00ed a vylou\u010den\u00ed<\/b><\/h4>\n<p><b>Inkluze<\/b><\/p>\n<ol>\n<li>3 hodiny pta\u010d\u00ed proch\u00e1zky po stezk\u00e1ch v parku<\/li>\n<li>V\u0161echny dan\u011b, poplatky a manipula\u010dn\u00ed poplatky<\/li>\n<li>M\u00edstn\u00ed dan\u011b<\/li>\n<li>Ob\u011bd<\/li>\n<li>\u00da\u0159edn\u00edci Ekologov\u00e9 pr\u016fvodce anglicky\/\u0161pan\u011blsky<\/li>\n<li>Transfer z Punta Cana<\/li>\n<\/ol>\n<p><b>V\u00fdluky<\/b><\/p>\n<ol>\n<li>Spropitn\u00e9<\/li>\n<li>Alkoholick\u00e9 n\u00e1poje<\/li>\n<\/ol>\n<p>&nbsp;<\/p>\n<h4><a id=\"departure-return\" class=\"aal_anchor\" href=\"https:\/\/tourwhales.com\/cs\/Tours-Excursions\/fees-entrace\/birdwatching-punta-cana-birding-tours-from-punta-cana-to-los-haitises-national-park\/#departure-return\" target=\"_blank\" rel=\"noopener\" aria-hidden=\"true\"><\/a><em><strong>Odjezd a n\u00e1vrat<\/strong><\/em><\/h4>\n<p>Prohl\u00eddka organizovan\u00e1 pr\u016fvodci \u201eBooking Adventures locals Ornitologist tour Guides\u201c za\u010d\u00edn\u00e1 na m\u00edst\u011b setk\u00e1n\u00ed s pr\u016fvodcem. Cestovatel z\u00edsk\u00e1 m\u00edsto setk\u00e1n\u00ed po procesu rezervace. Prohl\u00eddky za\u010d\u00ednaj\u00ed a kon\u010d\u00ed na na\u0161ich sch\u016fzk\u00e1ch.<\/p>\n<p>&nbsp;<\/p>\n<h4><a id=\"what-to-expect\" class=\"aal_anchor\" href=\"https:\/\/tourwhales.com\/cs\/Tours-Excursions\/fees-entrace\/birdwatching-punta-cana-birding-tours-from-punta-cana-to-los-haitises-national-park\/#what-to-expect\" target=\"_blank\" rel=\"noopener\" aria-hidden=\"true\"><\/a><b><i>Co \u010dekat?<\/i><\/b><\/h4>\n<p><em><strong>Z\u00edskejte l\u00edstek<\/strong><\/em>\u00a0na pozorov\u00e1n\u00ed pt\u00e1k\u016f v n\u00e1rodn\u00edm parku Los Haitises z Punta Cana. Cesta z Punta cana do n\u00e1rodn\u00edho parku trv\u00e1 p\u0159ibli\u017en\u011b 1:45 minut. Kdy\u017e doraz\u00edte do parku, dostaneme 30 minut p\u011b\u0161\u00ed turistiky a pozorov\u00e1n\u00ed jest\u0159\u00e1b\u016f, m\u00e1me mo\u017enost pokra\u010dovat v proch\u00e1zce po okol\u00ed a hledat papou\u0161ky, piculety a dal\u0161\u00ed endemick\u00e9 druhy v n\u00e1rodn\u00edm parku Los Haitises.<\/p>\n<p>N\u00e1rodn\u00ed park Los Haitises m\u00e1 v Sabana de la Mar jen dv\u011b stezky pro pt\u00e1ky. Cestou do n\u00e1rodn\u00edho parku Los Hiatises zastavujeme na n\u011bkolika m\u00edstech, abychom vid\u011bli v\u00edce pt\u00e1k\u016f.<\/p>\n<p>Po 4 a p\u016fl hodin\u00e1ch pozn\u00e1v\u00e1n\u00ed pt\u00e1k\u016f v n\u00e1rodn\u00edm parku Los Haitises tato exkurze kon\u010d\u00ed na stejn\u00e9m m\u00edst\u011b, kde za\u010dala.<\/p>\n<p><strong>Pozn\u00e1mka: Tyto prohl\u00eddky jsou s turistick\u00fdmi pr\u016fvodci Officials Ecologist. Rezervujte si pros\u00edm v\u010das, proto\u017ee v parku nen\u00ed p\u0159\u00edli\u0161 mnoho odborn\u00edk\u016f.<\/strong><\/p>\n<p>&nbsp;<\/p>\n<h4><a id=\"what-you-should-bring\" class=\"aal_anchor\" href=\"https:\/\/tourwhales.com\/cs\/Tours-Excursions\/fees-entrace\/birdwatching-punta-cana-birding-tours-from-punta-cana-to-los-haitises-national-park\/#what-you-should-bring\" target=\"_blank\" rel=\"noopener\" aria-hidden=\"true\"><\/a><em><strong>Co byste m\u011bli p\u0159in\u00e9st?<\/strong><\/em><\/h4>\n<ul>\n<li>Fotoapar\u00e1t<\/li>\n<li>Binokul\u00e1rn\u00ed<\/li>\n<li>Repelentn\u00ed pupeny<\/li>\n<li>opalovac\u00ed kr\u00e9m<\/li>\n<li>\u010cepice<\/li>\n<li>Pohodln\u00e9 kalhoty<\/li>\n<li>Turistick\u00e9 boty do lesa<\/li>\n<li>Sand\u00e1ly do jarn\u00edch oblast\u00ed.<\/li>\n<li>Plavky<\/li>\n<\/ul>\n<p>&nbsp;<\/p>\n<h4><a id=\"hotel-pickup\" class=\"aal_anchor\" href=\"https:\/\/tourwhales.com\/cs\/Tours-Excursions\/fees-entrace\/birdwatching-punta-cana-birding-tours-from-punta-cana-to-los-haitises-national-park\/#hotel-pickup\" target=\"_blank\" rel=\"noopener\" aria-hidden=\"true\"><\/a><b><i>Pickup Hotel<\/i><\/b><\/h4>\n<p>Pro tento z\u00e1jezd je nab\u00edzeno vyzvednut\u00ed v hotelu.<\/p>\n<p><b>Pozn\u00e1mka:<\/b>\u00a0Pokud provedete rezervaci do 24 hodin od \u010dasu odjezdu z\u00e1jezdu\/exkurze, m\u016f\u017eeme zajistit vyzvednut\u00ed v hotelu v Punta Cana. Jakmile bude v\u00e1\u0161 n\u00e1kup dokon\u010den, za\u0161leme v\u00e1m kompletn\u00ed kontaktn\u00ed informace (telefonn\u00ed \u010d\u00edslo, e-mailovou adresu atd.) pro na\u0161eho m\u00edstn\u00edho pr\u016fvodce, abychom mohli zajistit vyzvednut\u00ed.<\/p>\n<h4><a id=\"additional-info-confirmation\" class=\"aal_anchor\" href=\"https:\/\/tourwhales.com\/cs\/Tours-Excursions\/fees-entrace\/birdwatching-punta-cana-birding-tours-from-punta-cana-to-los-haitises-national-park\/#additional-info-confirmation\" target=\"_blank\" rel=\"noopener\" aria-hidden=\"true\"><\/a><b><i>Potvrzen\u00ed dal\u0161\u00edch informac\u00ed<\/i><\/b><\/h4>\n<ol>\n<li>Vstupenky jsou \u00fa\u010dtenkou po zaplacen\u00ed tohoto z\u00e1jezdu. Platbu m\u016f\u017eete zobrazit na telefonu.<\/li>\n<li>M\u00edsto setk\u00e1n\u00ed bude p\u0159ijato po procesu rezervace.<\/li>\n<li>D\u011bti mus\u00ed b\u00fdt v doprovodu dosp\u011bl\u00e9 osoby.<\/li>\n<li>Bezbari\u00e9rov\u00fd p\u0159\u00edstup<\/li>\n<li>D\u011bti mus\u00ed sed\u011bt na kl\u00edn\u011b<\/li>\n<li>Nedoporu\u010duje se pro cestovatele s probl\u00e9my se z\u00e1dy<\/li>\n<li>Nedoporu\u010duje se t\u011bhotn\u00fdm cestovatel\u016fm<\/li>\n<li>\u017d\u00e1dn\u00e9 probl\u00e9my se srdcem ani jin\u00e9 z\u00e1va\u017en\u00e9 zdravotn\u00ed stavy<\/li>\n<li>Z\u00fa\u010dastnit se m\u016f\u017ee v\u011bt\u0161ina cestovatel\u016f<\/li>\n<\/ol>\n<p>Tato prohl\u00eddka je nab\u00edzena minim\u00e1ln\u011b pro 2 osoby a maxim\u00e1ln\u011b pro 15 osob. V p\u0159\u00edpad\u011b men\u0161\u00edho po\u010dtu lid\u00ed n\u00e1s pros\u00edm kontaktujte.<\/p>\n<h4><a id=\"cancellation-policy\" class=\"aal_anchor\" href=\"https:\/\/tourwhales.com\/cs\/Tours-Excursions\/fees-entrace\/birdwatching-punta-cana-birding-tours-from-punta-cana-to-los-haitises-national-park\/#cancellation-policy\" target=\"_blank\" rel=\"noopener\" aria-hidden=\"true\"><\/a><b><i>Storno podm\u00ednky<\/i><\/b><\/h4>\n<p>Pro vr\u00e1cen\u00ed cel\u00e9 \u010d\u00e1stky zru\u0161te alespo\u0148 24 hodin p\u0159ed datem zah\u00e1jen\u00ed z\u00e1\u017eitku.<\/p>\n<\/div>\n<\/div>\n<\/div>\n<\/div>\n<\/div>\n<\/div>\n<div class=\"vc_row wpb_row vc_row-fluid\">\n<div class=\"wpb_column vc_column_container vc_col-sm-12\">\n<div class=\"vc_column-inner\">\n<div class=\"wpb_wrapper\">\n<div class=\"wpb_text_column wpb_content_element\">\n<div class=\"wpb_wrapper\">\n<h4>Kontaktujte n\u00e1s?<\/h4>\n<h5><em><strong>Rezervace dobrodru\u017estv\u00ed<\/strong><\/em><\/h5>\n<p><em><strong>M\u00edstn\u00ed obyvatel\u00e9<\/strong>\u00a0a\u00a0<strong>st\u00e1tn\u00ed p\u0159\u00edslu\u0161n\u00edci<\/strong>\u00a0Pr\u016fvodci a slu\u017eby pro hosty<\/em><\/p>\n<p><span class=\"text-turquoise\">Rezervace:<\/span>\u00a0Prohl\u00eddky a exkurze v Dom. Rep.<\/p>\n<p>\ud83d\udcde Tel \/ Whatsapp\u00a0\u00a0<a href=\"tel: 1-809-720-6035\">+18494995063<\/a>.<\/p>\n<p>\ud83d\udce9\u00a0<a href=\"mailto:info@bookingadventures.com.do\">info@bookingadventures.com.do<\/a><\/p>\n<p><strong>Flexibiln\u011b nastavujeme soukrom\u00e9 prohl\u00eddky od Whatsapp:\u00a0<a href=\"tel: 18097206035\">+18097206035.<\/a><\/strong><\/p>\n<\/div>\n<\/div>\n<\/div>\n<\/div>\n<\/div>\n<\/div>\n\n\t\t<\/div>\n\t<\/div>\n<\/div><\/div><\/div><\/div><div class=\"wpb_column vc_column_container vc_col-sm-12\"><div class=\"vc_column-inner\"><div class=\"wpb_wrapper\"><\/div><\/div><\/div><div class=\"wpb_column vc_column_container vc_col-sm-12\"><div class=\"vc_column-inner\"><div class=\"wpb_wrapper\"><\/div><\/div><\/div>\n<\/section>","protected":false},"excerpt":{"rendered":"<p><span style=\"vertical-align: inherit;\"><span style=\"vertical-align: inherit;\">Pozorov\u00e1n\u00ed pt\u00e1k\u016f: Cel\u00e9 dopoledne na stezk\u00e1ch de\u0161tn\u00e9ho pralesa n\u00e1rodn\u00edho parku Los Haitises. Tento park m\u00e1 \u0161irokou \u0161k\u00e1lu druh\u016f pt\u00e1k\u016f a zv\u00ed\u0159at a je obl\u00edben\u00fd mezi pozorovateli ptactva. Zat\u00edmco po\u010det vid\u011bn\u00fd m\u016f\u017ee b\u00fdt vy\u0161\u0161\u00ed ne\u017e jinde, poloha Cano Hondo v m\u00edrn\u011b vlhk\u00e9 oblasti zem\u011b znamen\u00e1, \u017ee de\u0161tn\u00fd prales je otev\u0159en\u011bj\u0161\u00ed s men\u0161\u00edm po\u010dtem kakaov\u00fdch a k\u00e1vov\u00fdch plant\u00e1\u017e\u00ed, co\u017e usnad\u0148uje rozpozn\u00e1n\u00ed divok\u00e9 zv\u011b\u0159e.<\/span><\/span><\/p>\n<p>Toto je soukrom\u00fd v\u00fdlet. M\u016f\u017eete si vybrat \u010das, kdy za\u010d\u00edt s pozorov\u00e1n\u00edm pt\u00e1k\u016f, a kdy se vr\u00e1tit do Punta Cana.<\/p>\n<p><strong>Vyberte datum aktivity:<\/strong><\/p>","protected":false},"featured_media":9763,"template":"","meta":[],"product_cat":[948,946,932,168,159,178,927,170,169,773,971,964,253,254,255],"product_tag":[586,237,582,584,628,236,583,625,630,629,585,171,624,209,627,239,238,175,240],"class_list":["post-9918","product","type-product","status-publish","has-post-thumbnail","hentry","product_cat-1-punta-cana","product_cat-1-sabana-de-la-mar","product_cat-birdwatching-los-haitises","product_cat-caves","product_cat-fees-entrace","product_cat-hiking","product_cat-hiking-los-haitises","product_cat-local-tour-guides","product_cat-mangroves","product_cat-private-tours-excursions","product_cat-punta-cana-private-tours","product_cat-punta-cana-los-haitises","product_cat-tours-and-excursions","product_cat-tours-excursions-los-haitises-national-park","product_cat-tours-excursions-samana-bay-dominican-republic","product_tag-biding-sabana-de-la-mar","product_tag-birding","product_tag-birding-dominican-republic","product_tag-birding-in-los-haitises","product_tag-los-haitises-national-park-birding-tour-from-punta-cana","product_tag-birdwatching","product_tag-birdwatching-dominicana","product_tag-birdwtaching","product_tag-carretera-cano-hondo","product_tag-eco-lodge-paraiso-cano-hondo","product_tag-hire-a-guide-in-los-haitises","product_tag-los-haitises","product_tag-los-haitises-birding","product_tag-los-haitises-national-park","product_tag-los-haitises-national-park-cano-hondo","product_tag-nature","product_tag-ridgways-hawk","product_tag-sabana-de-la-mar","product_tag-wildlife"],"_links":{"self":[{"href":"https:\/\/tourwhales.com\/cs\/wp-json\/wp\/v2\/product\/9918","targetHints":{"allow":["GET"]}}],"collection":[{"href":"https:\/\/tourwhales.com\/cs\/wp-json\/wp\/v2\/product"}],"about":[{"href":"https:\/\/tourwhales.com\/cs\/wp-json\/wp\/v2\/types\/product"}],"wp:featuredmedia":[{"embeddable":true,"href":"https:\/\/tourwhales.com\/cs\/wp-json\/wp\/v2\/media\/9763"}],"wp:attachment":[{"href":"https:\/\/tourwhales.com\/cs\/wp-json\/wp\/v2\/media?parent=9918"}],"wp:term":[{"taxonomy":"product_cat","embeddable":true,"href":"https:\/\/tourwhales.com\/cs\/wp-json\/wp\/v2\/product_cat?post=9918"},{"taxonomy":"product_tag","embeddable":true,"href":"https:\/\/tourwhales.com\/cs\/wp-json\/wp\/v2\/product_tag?post=9918"}],"curies":[{"name":"wp","href":"https:\/\/api.w.org\/{rel}","templated":true}]}}