
{"id":9653,"date":"2019-10-15T08:33:05","date_gmt":"2019-10-15T08:33:05","guid":{"rendered":"https:\/\/tourwhales.com\/?post_type=product&#038;p=9653"},"modified":"2024-10-18T20:29:17","modified_gmt":"2024-10-18T20:29:17","slug":"catalina-island-altos-de-chavon-from-punta-cana-snorkeling-with-catamaran-party","status":"publish","type":"product","link":"https:\/\/tourwhales.com\/cs\/Tours-Excursions\/lunch\/catalina-island-altos-de-chavon-from-punta-cana-snorkeling-with-catamaran-party\/","title":{"rendered":"Ostrov Catalina a Altos de Chavon z Punta Cana (\u0161norchlov\u00e1n\u00ed s katamar\u00e1novou p\u00e1rty)"},"content":{"rendered":"<section class=\"wpb-content-wrapper\"><div class=\"vc_row wpb_row vc_row-fluid\" ><div class=\"wpb_column vc_column_container vc_col-sm-12\"><div class=\"vc_column-inner\"><div class=\"wpb_wrapper\"><div class=\"mkdf-section-title-holder\" style=\"text-align: left\">\n\t<div class=\"mkdf-st-inner\">\n\t\t\t\t\t<h5 class=\"mkdf-st-subtitle\" >\n\t\t\t\tP\u016fldenn\u00ed z\u00e1\u017eitek\t\t\t<\/h5>\n\t\t\t\t\t\t\t<h3 class=\"mkdf-st-title\" >\n\t\t\t\tOstrov Catalina a \u0161norchlov\u00e1n\u00ed s katamar\u00e1novou p\u00e1rty z Punta Cana\t\t\t<\/h3>\n\t\t\t\t\t<\/div>\n<\/div><div class=\"vc_btn3-container vc_btn3-inline\" ><button class=\"vc_general vc_btn3 vc_btn3-size-md vc_btn3-shape-rounded vc_btn3-style-modern vc_btn3-color-green\">ZAREZERVOVAT HNED<\/button><\/div><\/div><\/div><\/div><\/div><div class=\"vc_row wpb_row vc_row-fluid\" ><div class=\"wpb_column vc_column_container vc_col-sm-12\"><div class=\"vc_column-inner\"><div class=\"wpb_wrapper\">\n\t<div class=\"wpb_text_column wpb_content_element\" >\n\t\t<div class=\"wpb_wrapper\">\n\t\t\t<div class=\"vc_row wpb_row vc_row-fluid\">\n<div class=\"wpb_column vc_column_container vc_col-sm-12\">\n<div class=\"vc_column-inner\">\n<div class=\"wpb_wrapper\">\n<div class=\"wpb_text_column wpb_content_element\">\n<div class=\"wpb_wrapper\">\n<div class=\"vc_row wpb_row vc_row-fluid\">\n<div class=\"wpb_column vc_column_container vc_col-sm-12\">\n<div class=\"vc_column-inner\">\n<div class=\"wpb_wrapper\">\n<div class=\"wpb_text_column wpb_content_element\">\n<div class=\"wpb_wrapper\">\n<h4><b><i>P\u0159ehled<\/i><\/b><\/h4>\n<p>U\u017e\u00edv\u00e1me si v\u00fdlet katamar\u00e1nem p\u0159es k\u0159i\u0161\u0165\u00e1lov\u011b \u010dist\u00e9 vody na ostrov Catalina, nejzn\u00e1m\u011bj\u0161\u00ed oblast pro \u0161norchlov\u00e1n\u00ed v Dominik\u00e1nsk\u00e9 republice.<\/p>\n<p>V\u00e1\u0161 den za\u010d\u00edn\u00e1 vyzvednut\u00edm v hlavn\u00ed hotelov\u00e9 hale nebo na ur\u010den\u00e9m m\u00edst\u011b setk\u00e1n\u00ed. Pot\u00e9 pokra\u010dujeme na ostrov Catalina, kde si vychutn\u00e1me osv\u011b\u017euj\u00edc\u00ed koupel a n\u011bjak\u00e9 drinky, zat\u00edmco kdo zvl\u00e1dne 2 druhy \u0161norchlov\u00e1n\u00ed s instruktorem a pot\u00e9 si d\u00e1me v\u00fdborn\u00fd ob\u011bd formou bufetu na pl\u00e1\u017ei a d\u00e1me si p\u00e1r lekc\u00ed salsy. a Bachata, zat\u00edmco d\u011bl\u00e1me tak\u00e9 n\u011bjak\u00e9 lahodn\u00e9 n\u00e1poje. Jakmile v\u00e1s omrz\u00ed leno\u0161en\u00ed na pl\u00e1\u017ei, popadn\u011bte vybaven\u00ed na \u0161norchlov\u00e1n\u00ed a obdivujte Catalinin podvodn\u00ed sv\u011bt.<\/p>\n<p>Oce\u00e1n, tak neuv\u011b\u0159iteln\u011b \u010dist\u00fd, a pl\u00e1\u017e s b\u00edl\u00fdm p\u00edskem na v\u00e1s \u010dekaj\u00ed. Relax na leh\u00e1tku nebo \u0161norchlov\u00e1n\u00ed, to v\u0161e je pro v\u00e1s v cen\u011b. U\u017eijete si tam, kde uvid\u00edte tradici na\u0161\u00ed hudby a tance.<\/p>\n<p>Pot\u00e9 jdeme do Altos de Chavon Cattle and River!<\/p>\n<p><strong>Pozn\u00e1mka:<\/strong> Tato prohl\u00eddka nen\u00ed soukrom\u00e1. Pokud si p\u0159ejete nastavit soukromou prohl\u00eddku, kontaktujte n\u00e1s!<\/p>\n<ul>\n<li>\n<div class=\"py-1 inclusions-exclusions-item d-flex\" lang=\"en-x-mtfrom-en\">\n<div class=\"d-inline-block inclusions-exclusions-text\">Soukrom\u00e1 doprava<\/div>\n<\/div>\n<\/li>\n<li>P\u0159\u00edrodn\u00ed koupali\u0161t\u011b pro pozorov\u00e1n\u00ed hv\u011bzdic<\/li>\n<li>\u0160norchlov\u00e1n\u00ed<\/li>\n<li>Ob\u011bd<\/li>\n<li>P\u0159evoz lod\u00ed katamar\u00e1nem<\/li>\n<li>Kapit\u00e1n poskytuje instrukce a dohled<\/li>\n<li>Pr\u016fvodce<\/li>\n<\/ul>\n<p>&nbsp;<\/p>\n<h4><b>Zahrnut\u00ed a vylou\u010den\u00ed<\/b><\/h4>\n<p><b>Inkluze<\/b><\/p>\n<ol>\n<li>Pr\u016fvodce<\/li>\n<li>\u0161norchlov\u00e1n\u00ed<\/li>\n<li>Ob\u011bd<\/li>\n<li>Vyzvednut\u00ed v\u00a0hotelech<\/li>\n<li>Katamar\u00e1n nebo v\u00fdlet lod\u00ed<\/li>\n<li>V\u0161echny dan\u011b, poplatky a manipula\u010dn\u00ed poplatky<\/li>\n<li>M\u00edstn\u00ed dan\u011b<\/li>\n<li>N\u00e1poje<\/li>\n<\/ol>\n<p><b>V\u00fdluky<\/b><\/p>\n<ol>\n<li>Spropitn\u00e9<\/li>\n<li>Fotky<\/li>\n<\/ol>\n<h4><em><strong>Odjezd a n\u00e1vrat<\/strong><\/em><\/h4>\n<p>Cestovatel z\u00edsk\u00e1 m\u00edsto setk\u00e1n\u00ed po procesu rezervace. Prohl\u00eddky za\u010d\u00ednaj\u00ed a kon\u010d\u00ed v na\u0161ich shroma\u017e\u010fovac\u00edch m\u00edstech.<\/p>\n<h3>Ostrov Catalina a \u0161norchlov\u00e1n\u00ed s katamar\u00e1novou p\u00e1rty z Punta Cana \u2013 p\u016fldenn\u00ed z\u00e1\u017eitek.<\/h3>\n<h4><b><i>Co \u010dekat?<\/i><\/b><\/h4>\n<p>B\u011bhem exkurze na ostrov Catalina z Punta Cana budou m\u00edt host\u00e9 mo\u017enost \u0161norchlovat v pulzuj\u00edc\u00edch kor\u00e1lov\u00fdch \u00fatesech v Catalina, plavat mezi \u017eiv\u00fdmi hejny ryb a u\u017e\u00edvat si ohromuj\u00edc\u00ed karibskou podvodn\u00ed faunu.<\/p>\n<p>R\u00e1no zah\u00e1j\u00edme \u0161norchlovac\u00ed v\u00fdlet sm\u011brem na La Romana. B\u011bhem j\u00edzdy projedeme kolem pol\u00ed s cukrovou t\u0159tinou a v\u00e1\u0161 pr\u016fvodce v\u00e1m poskytne zaj\u00edmav\u00e9 informace o historii oblasti, obecn\u00e9 kultu\u0159e a technik\u00e1ch v\u00fdroby rumu v zemi. Po p\u0159\u00edletu do La Romana nastoup\u00edme do na\u0161eho katamar\u00e1nu a odjedeme sm\u011brem na Catalina. Na\u0161\u00ed prvn\u00ed zast\u00e1vkou na ostrov\u011b bude \u201eThe Wall\u201c, majest\u00e1tn\u00ed kor\u00e1lov\u00e1 st\u011bna, kter\u00e1 se t\u00e1hne od ostrova a\u017e po Karibsk\u00e9 mo\u0159e.<\/p>\n<p>Po \u0161norchlov\u00e1n\u00ed budete pokra\u010dovat v cest\u011b na kr\u00e1snou pl\u00e1\u017e Catalina, exkluzivn\u00ed m\u00edsto. Po p\u0159\u00edjezdu budou m\u00edt host\u00e9 p\u0159\u00edstup na 2 km pl\u00e1\u017e\u00ed s b\u00edl\u00fdm p\u00edskem a k\u0159i\u0161\u0165\u00e1lov\u011b \u010distou vodou, pl\u00e1\u017eov\u00fd bar s n\u00e1poji a lahodn\u00fd dominik\u00e1nsk\u00fd ob\u011bd formou bufetu s grilem. Kolem 15:30 nastoup\u00edme do katamar\u00e1nu, abychom se po neuv\u011b\u0159iteln\u00e9m dni \u0161norchlov\u00e1n\u00ed a relaxace na ostrov\u011b Catalina vr\u00e1tili do Punta Cana. OstrovB\u011bhem exkurze na ostrov Catalina z Punta Cana budou m\u00edt host\u00e9 mo\u017enost \u0161norchlovat v pulzuj\u00edc\u00edch kor\u00e1lov\u00fdch \u00fatesech v Catalina, plavat mezi \u017eiv\u00fdmi hejny ryb a u\u017e\u00edvat si ohromuj\u00edc\u00ed karibskou podvodn\u00ed faunu.<\/p>\n<p>R\u00e1no zah\u00e1j\u00edme \u0161norchlovac\u00ed v\u00fdlet sm\u011brem na La Romana. B\u011bhem j\u00edzdy projedeme kolem pol\u00ed s cukrovou t\u0159tinou a v\u00e1\u0161 pr\u016fvodce v\u00e1m poskytne zaj\u00edmav\u00e9 informace o historii oblasti, obecn\u00e9 kultu\u0159e a technik\u00e1ch v\u00fdroby rumu v zemi. Po p\u0159\u00edletu do La Romana nastoup\u00edme do na\u0161eho katamar\u00e1nu a odjedeme sm\u011brem na Catalina.<\/p>\n<p>Na\u0161\u00ed prvn\u00ed zast\u00e1vkou na ostrov\u011b bude \u201eThe Wall\u201c, majest\u00e1tn\u00ed kor\u00e1lov\u00e1 st\u011bna, kter\u00e1 se t\u00e1hne od ostrova a\u017e po Karibsk\u00e9 mo\u0159e. Po \u0161norchlov\u00e1n\u00ed budete pokra\u010dovat v cest\u011b na kr\u00e1snou pl\u00e1\u017e Catalina, exkluzivn\u00ed m\u00edsto. Po p\u0159\u00edjezdu budou m\u00edt host\u00e9 p\u0159\u00edstup na 2 km pl\u00e1\u017e\u00ed s b\u00edl\u00fdm p\u00edskem a k\u0159i\u0161\u0165\u00e1lov\u011b \u010distou vodou, pl\u00e1\u017eov\u00fd bar s n\u00e1poji a lahodn\u00fd dominik\u00e1nsk\u00fd ob\u011bd formou bufetu s grilem. Kolem 15:30 nastoup\u00edme do katamar\u00e1nu, abychom se po neuv\u011b\u0159iteln\u00e9m dni \u0161norchlov\u00e1n\u00ed a relaxace na ostrov\u011b Catalina vr\u00e1tili do Punta Cana.<\/p>\n<div class=\"a-text--first-content _for-copy-large l-hide-for-large\">\n<p>Nech<strong>\u00a0Karibsk\u00fd r\u00e1j na ostrov\u011b Catalina v\u00e1s uchv\u00e1t\u00ed\u00a0<\/strong>a prozkoumat malebnost\u00a0<strong>Altos de Chav\u00f3n<\/strong>\u00a0na tento nep\u0159ehl\u00e9dnuteln\u00fd jednodenn\u00ed v\u00fdlet z La Romana.<\/p>\n<\/div>\n<div id=\"o-slider--activity-detail__container\" class=\"o-slider js-module-slider is-photos\"><\/div>\n<div id=\"l-768-calendar-anchor\"><\/div>\n<div id=\"new-fading-text\" class=\"new-fading-text _loaded u-no-before show-hidden-elements\">\n<div class=\"o-activity-description\">\n<h2>Ostrov Catalina a\u00a0denn\u00ed v\u00fdlet do Altos de Chav\u00f3n<\/h2>\n<p>Pot\u00e9, co v\u00e1s r\u00e1no vyzvednou z hotelu, vyraz\u00edte za dobrodru\u017estv\u00edm a svou prvn\u00ed zast\u00e1vkou\u00a0<strong>Altos de Chav\u00f3n<\/strong>. Na prozkoum\u00e1n\u00ed budete m\u00edt 40 minut<strong>\u00a0kr\u00e1sn\u00e1 rekreace vesnice ve st\u0159edomo\u0159sk\u00e9m stylu<\/strong>\u00a0a obdivovat v\u00fdhled na \u0159eku Chav\u00f3n, kter\u00e1 prot\u00e9k\u00e1 vedle n\u00ed. Opravdu okouzluj\u00edc\u00ed!<\/p>\n<p class=\"new-fading-text__hidden-element\">Pokra\u010dovat v prohl\u00eddce, budete p\u0159evezeni do doku na\u00a0<strong>\u0158eka Salado\u00a0<\/strong>kde va\u0161e\u00a0<strong>katamar\u00e1n\u00a0<\/strong>bude \u010dekat, a\u017e vyplujete na Isla Catalina. B\u011bhem plavby, kter\u00e1 zabere asi 40 minut, si na palub\u011b vychutn\u00e1te drink a budete se kochat\u00a0<strong>pronikav\u00e1 mod\u0159 \u0161umiv\u00e9ho Karibsk\u00e9ho mo\u0159e<\/strong>.<\/p>\n<p class=\"new-fading-text__hidden-element\">Kdy\u017e se budete bl\u00ed\u017eit k c\u00edli, zam\u00ed\u0159\u00edte p\u0159\u00edmo ke kor\u00e1lov\u00e9mu \u00fatesu zn\u00e1m\u00e9mu jako La Pared nebo The Wall, kde budete m\u00edt p\u0159\u00edle\u017eitost\u00a0<strong>zchla\u010fte se osv\u011b\u017euj\u00edc\u00ed koupel\u00ed v mo\u0159i a \u0161norchlov\u00e1n\u00edm mezi neuv\u011b\u0159iteln\u00fdm mo\u0159sk\u00fdm \u017eivotem<\/strong>. V\u011bnujte 40 minut pr\u016fzkumu pod vodou, ne\u017e se vr\u00e1t\u00edte ke katamar\u00e1nu a spust\u00edte kotvu v doku na ostrov\u011b Catalina.<\/p>\n<p class=\"new-fading-text__hidden-element\">S nohama na suchu v\u00e1s zavedou do mal\u00e9 restaurace s \u00fa\u017easn\u00fdm v\u00fdhledem na mo\u0159e, kde v\u00e1s pohost\u00ed.\u00a0<strong>lahodn\u00fd ob\u011bd formou bufetu<\/strong>. S obnovenou energi\u00ed pak budete m\u00edt t\u0159i hodiny voln\u00e9ho \u010dasu, abyste z toho vyt\u011b\u017eili maximum\u00a0<strong>r\u00e1j b\u00edl\u00fdch p\u00edse\u010dn\u00fdch pl\u00e1\u017e\u00ed<\/strong>. A\u0165 u\u017e d\u00e1v\u00e1te p\u0159ednost relaxaci a opalov\u00e1n\u00ed nebo vyzkou\u0161\u00edte z\u00e1bavnou aktivitu, jako je paddle surfing, u\u017eijete si nezapomenuteln\u00e9 odpoledne.<\/p>\n<p class=\"new-fading-text__hidden-element\">Na konci dne se vr\u00e1t\u00edte do katamar\u00e1nu a plujete zp\u011bt do La Romana, kde v\u00e1s vysad\u00ed ve va\u0161em hotelu.<\/p>\n<\/div>\n<\/div>\n<p>&nbsp;<\/p>\n<p><strong>J\u00edzdn\u00ed \u0159\u00e1d:<\/strong><\/p>\n<p>7:00\u201316:30<\/p>\n<p>&nbsp;<\/p>\n<\/div>\n<p>\u010cas se m\u016f\u017ee zm\u011bnit v z\u00e1vislosti na \u010dase odjezdu z hotel\u016f.<\/p>\n<div class=\"wpb_wrapper\">\n<p>&nbsp;<\/p>\n<h4><em><strong>Co byste m\u011bli p\u0159in\u00e9st?<\/strong><\/em><\/h4>\n<ul>\n<li>Fotoapar\u00e1t<\/li>\n<li>Repelentn\u00ed pupeny<\/li>\n<li>opalovac\u00ed kr\u00e9m<\/li>\n<li>\u010cepice<\/li>\n<li>Pohodln\u00e9 kalhoty<\/li>\n<li>Plavky<\/li>\n<li>Pen\u00edze za suven\u00fdry<\/li>\n<\/ul>\n<p>&nbsp;<\/p>\n<h4><b><i>Hotel vyzvednut\u00ed<\/i><\/b><\/h4>\n<p>Pro tento z\u00e1jezd je nab\u00edzeno vyzvednut\u00ed v hotelu. M\u016f\u017eeme to nastavit p\u0159es Whatsapp. Z hotel\u016f La Romana, Punta Cana, Bavaro a Bayahibe.<\/p>\n<p>&nbsp;<\/p>\n<p><b>Pozn\u00e1mka:<\/b> pokud prov\u00e1d\u00edte rezervaci do 24 hodin od \u010dasu odjezdu z\u00e1jezdu\/exkurze, m\u016f\u017eeme za\u0159\u00eddit vyzvednut\u00ed v hotelu za p\u0159\u00edplatek. Jakmile bude v\u00e1\u0161 n\u00e1kup dokon\u010den, za\u0161leme v\u00e1m kompletn\u00ed kontaktn\u00ed informace (telefonn\u00ed \u010d\u00edslo, e-mailovou adresu atd.) pro na\u0161eho m\u00edstn\u00edho pr\u016fvodce, abychom mohli zajistit vyzvednut\u00ed.<\/p>\n<h4><b><i>Potvrzen\u00ed dal\u0161\u00edch informac\u00ed<\/i><\/b><\/h4>\n<ol>\n<li>Vstupenky jsou \u00fa\u010dtenkou po zaplacen\u00ed tohoto z\u00e1jezdu. Platbu m\u016f\u017eete zobrazit na telefonu.<\/li>\n<li>M\u00edsto setk\u00e1n\u00ed bude obdr\u017eeno po procesu rezervace.<\/li>\n<li>D\u011bti mus\u00ed b\u00fdt v doprovodu dosp\u011bl\u00e9 osoby.<\/li>\n<li>bezbari\u00e9rov\u00fd<\/li>\n<li>D\u011bti mus\u00ed sed\u011bt na kl\u00edn\u011b<\/li>\n<li>Z\u00fa\u010dastnit se m\u016f\u017ee v\u011bt\u0161ina cestovatel\u016f<\/li>\n<\/ol>\n<h4><b><i>Storno podm\u00ednky<\/i><\/b><\/h4>\n<p>Chcete-li z\u00edskat plnou n\u00e1hradu, p\u0159e\u010dt\u011bte si na\u0161e storno podm\u00ednky\u00a0<a href=\"https:\/\/tourwhales.com\/cs\/online-booking\/\" target=\"_blank\" rel=\"noopener\" data-saferedirecturl=\"https:\/\/www.google.com\/url?q=https:\/\/tourwhales.com\/online-booking\/&amp;source=gmail&amp;ust=1672532492004000&amp;usg=AOvVaw3ylqI1cdbIPTimEqEWneyd\">Klikn\u011bte zde<\/a>. Prost\u0159edky budou ztraceny, pokud bude rezervace zru\u0161ena ve stejn\u00fd den cesty.<\/p>\n<\/div>\n<\/div>\n<\/div>\n<\/div>\n<\/div>\n<\/div>\n<\/div>\n<\/div>\n<\/div>\n<\/div>\n<\/div>\n<\/div>\n<div class=\"vc_row wpb_row vc_row-fluid\">\n<div class=\"wpb_column vc_column_container vc_col-sm-12\">\n<div class=\"vc_column-inner\">\n<div class=\"wpb_wrapper\">\n<div class=\"vc_empty_space\"><\/div>\n<div class=\"wpb_text_column wpb_content_element\">\n<div class=\"wpb_wrapper\">\n<h4>Kontaktujte n\u00e1s?<\/h4>\n<h5><b><i>Rezervace dobrodru\u017estv\u00ed<\/i><\/b><\/h5>\n<p><em><strong>M\u00edstn\u00ed obyvatel\u00e9<\/strong>\u00a0a\u00a0<strong>st\u00e1tn\u00ed p\u0159\u00edslu\u0161n\u00edci<\/strong>\u00a0Pr\u016fvodci a slu\u017eby pro hosty<\/em><\/p>\n<p><span class=\"text-turquoise\">Rezervace:<\/span>\u00a0Prohl\u00eddky a exkurze v Dom. Rep.<\/p>\n<p><img decoding=\"async\" class=\"emoji\" src=\"https:\/\/s.w.org\/images\/core\/emoji\/11.2.0\/svg\/1f4de.svg\" alt=\"\ud83d\udcde\" \/>\u00a0Tel \/ Whatsapp\u00a0\u00a0<a href=\"tel:+18494995063\">+18494995063<\/a>.<\/p>\n<p><img decoding=\"async\" class=\"emoji\" src=\"https:\/\/s.w.org\/images\/core\/emoji\/11.2.0\/svg\/1f4e9.svg\" alt=\"\ud83d\udce9\" \/>\u00a0<a href=\"mailto:info@bookingadventures.com.do\">info@bookingadventures.com.do<\/a><\/p>\n<p><strong>Flexibiln\u011b nastavujeme soukrom\u00e9 prohl\u00eddky od Whatsapp:\u00a0<a href=\"tel:+18097206035\">+18097206035.<\/a><\/strong><\/p>\n<\/div>\n<\/div>\n<\/div>\n<\/div>\n<\/div>\n<\/div>\n\n\t\t<\/div>\n\t<\/div>\n<div class=\"vc_btn3-container vc_btn3-inline\" ><button class=\"vc_general vc_btn3 vc_btn3-size-md vc_btn3-shape-rounded vc_btn3-style-modern vc_btn3-color-green\">ZAREZERVOVAT HNED<\/button><\/div><\/div><\/div><\/div><\/div><div class=\"vc_row wpb_row vc_row-fluid\" ><div class=\"wpb_column vc_column_container vc_col-sm-12\"><div class=\"vc_column-inner\"><div class=\"wpb_wrapper\"><\/div><\/div><\/div><\/div>\n<\/section>","protected":false},"excerpt":{"rendered":"<p>Mal\u00fd ostrov Catalina (Isla Catalina), jen 2,4 km od pevniny Dominik\u00e1nsk\u00e9 republiky, je idylick\u00e1 p\u00edse\u010dn\u00e1 skvrna v tyrkysov\u00fdch vod\u00e1ch Karibiku. Catalina, zn\u00e1m\u00e1 sv\u00fdmi dob\u0159e os\u00eddlen\u00fdmi kor\u00e1lov\u00fdmi \u00fatesy, je klidn\u00fdm odpo\u010dinkem pro ty, kte\u0159\u00ed cht\u011bj\u00ed uniknout z ru\u0161n\u00fdch Punta Cana a La Romana.<\/p>\n<p>Rezervujte si s n\u00e1mi jednodenn\u00ed v\u00fdlet. Ostrov Catalina v p\u00e1rty katamar\u00e1nu se \u0161norchlov\u00e1n\u00edm!<\/p>\n<p>&nbsp;<\/p>\n<p>Vyberte pros\u00edm datum exkurze:<\/p>","protected":false},"featured_media":9658,"template":"","meta":[],"product_cat":[948,483,160,972,967,349,253,255],"product_tag":[973,974,975,485,976,480,296,471,484],"class_list":["post-9653","product","type-product","status-publish","has-post-thumbnail","hentry","product_cat-1-punta-cana","product_cat-catalina-island-catamaran-and-snorkeling","product_cat-lunch","product_cat-punta-cana-group-tours","product_cat-punta-cana-catalina-island","product_cat-tours-and-excursion-punta-cana","product_cat-tours-and-excursions","product_cat-tours-excursions-samana-bay-dominican-republic","product_tag-catalina-island","product_tag-catalina-island-dominican-republic-snorkeling","product_tag-catalina-island-packages","product_tag-catalina-island-snorkeling-dominican-republic","product_tag-catalina-island-tour","product_tag-cheap-punta-cana-excursions","product_tag-day-trip-punta-cana","product_tag-punta-cana-catamaran-party-with-snorkeling-and-parasailing","product_tag-talina-island-snorkeling"],"_links":{"self":[{"href":"https:\/\/tourwhales.com\/cs\/wp-json\/wp\/v2\/product\/9653","targetHints":{"allow":["GET"]}}],"collection":[{"href":"https:\/\/tourwhales.com\/cs\/wp-json\/wp\/v2\/product"}],"about":[{"href":"https:\/\/tourwhales.com\/cs\/wp-json\/wp\/v2\/types\/product"}],"wp:featuredmedia":[{"embeddable":true,"href":"https:\/\/tourwhales.com\/cs\/wp-json\/wp\/v2\/media\/9658"}],"wp:attachment":[{"href":"https:\/\/tourwhales.com\/cs\/wp-json\/wp\/v2\/media?parent=9653"}],"wp:term":[{"taxonomy":"product_cat","embeddable":true,"href":"https:\/\/tourwhales.com\/cs\/wp-json\/wp\/v2\/product_cat?post=9653"},{"taxonomy":"product_tag","embeddable":true,"href":"https:\/\/tourwhales.com\/cs\/wp-json\/wp\/v2\/product_tag?post=9653"}],"curies":[{"name":"wp","href":"https:\/\/api.w.org\/{rel}","templated":true}]}}