
{"id":9630,"date":"2019-10-14T14:05:44","date_gmt":"2019-10-14T14:05:44","guid":{"rendered":"https:\/\/tourwhales.com\/?post_type=product&#038;p=9630"},"modified":"2024-10-18T20:29:17","modified_gmt":"2024-10-18T20:29:17","slug":"parasailing-tour-from-punta-cana","status":"publish","type":"product","link":"https:\/\/tourwhales.com\/cs\/Tours-Excursions\/tours-and-excursions\/parasailing-tour-from-punta-cana\/","title":{"rendered":"Parasailing Tour z Punta Cana 95 USD."},"content":{"rendered":"<section class=\"wpb-content-wrapper\"><div class=\"vc_row wpb_row vc_row-fluid\" ><div class=\"wpb_column vc_column_container vc_col-sm-12\"><div class=\"vc_column-inner\"><div class=\"wpb_wrapper\"><div class=\"mkdf-section-title-holder\" style=\"text-align: left\">\n\t<div class=\"mkdf-st-inner\">\n\t\t\t\t\t<h5 class=\"mkdf-st-subtitle\" >\n\t\t\t\tZ hotel\u016f Punta Cana\t\t\t<\/h5>\n\t\t\t\t\t\t\t<h3 class=\"mkdf-st-title\" >\n\t\t\t\tParasailing Tour z Punta Cana\t\t\t<\/h3>\n\t\t\t\t\t\t\t<p class=\"mkdf-st-text\" >\n\t\t\t\tPozn\u00e1mka: Tato prohl\u00eddka za\u010d\u00edn\u00e1 v 7:00 hodin. V z\u00e1vislosti na tom, kde je \u010das vyzvednut\u00ed hotel\u016f, se m\u016f\u017ee zm\u011bnit. P\u0159\u00edplatky za vyzvednut\u00ed v oblastech, kter\u00e9 nejsou uvedeny v na\u0161em popisu.\t\t\t<\/p>\n\t\t\t<\/div>\n<\/div><\/div><\/div><\/div><\/div><div class=\"vc_row wpb_row vc_row-fluid\" ><div class=\"wpb_column vc_column_container vc_col-sm-12\"><div class=\"vc_column-inner\"><div class=\"wpb_wrapper\"><div class=\"vc_empty_space\"   style=\"height: 32px\"><span class=\"vc_empty_space_inner\"><\/span><\/div><\/div><\/div><\/div><\/div><div class=\"vc_row wpb_row vc_row-fluid\" ><div class=\"wpb_column vc_column_container vc_col-sm-12\"><div class=\"vc_column-inner\"><div class=\"wpb_wrapper\"><div class=\"vc_btn3-container vc_btn3-inline\" ><button class=\"vc_general vc_btn3 vc_btn3-size-md vc_btn3-shape-rounded vc_btn3-style-modern vc_btn3-color-green\">ZAREZERVOVAT HNED<\/button><\/div>\n\t<div class=\"wpb_text_column wpb_content_element\" >\n\t\t<div class=\"wpb_wrapper\">\n\t\t\t<h4><b><i>P\u0159ehled <\/i><\/b><\/h4>\n<div>\n<p>nParasail p\u0159es pob\u0159e\u017e\u00ed Punta Cana\/Bavaro b\u011bhem t\u00e9to 40minutov\u00e9 aktivity s odletem z Punta Cana. Vyu\u017eijte odborn\u00fdch znalost\u00ed jedn\u00e9 z nejzku\u0161en\u011bj\u0161\u00edch parasailov\u00fdch spole\u010dnost\u00ed v Dominik\u00e1nsk\u00e9 republice, kter\u00e1 od roku 2001 provedla v\u00edce ne\u017e 60 000 let\u016f. Z\u00edskejte dechberouc\u00ed v\u00fdhled na pl\u00e1\u017ee, tyrkysov\u00e9 vody a rozlehl\u00e1 letoviska, kter\u00e1 lemuj\u00ed pob\u0159e\u017e\u00ed, a p\u0159itom let\u011bte stovky stop vzduchem. S sebou opalovac\u00ed kr\u00e9m, plavky a smysl pro dobrodru\u017estv\u00ed. Vyhl\u00eddkov\u00e1 leteck\u00e1 prohl\u00eddka Cestujte lod\u00ed a prohl\u00e9dn\u011bte si pam\u00e1tky z vody V\u00fdb\u011br rann\u00edho nebo odpoledn\u00edho odletu Zdarma vyzvednut\u00ed a odvoz z hotelu v cen\u011b<\/p>\n<\/div>\n<ul class=\"vcs-highlights\">\n<li>V\u00fdb\u011br z n\u011bkolika odjezd\u016f b\u011bhem dne<\/li>\n<li>U\u017eijte si fantastick\u00e9 leteck\u00e9 v\u00fdhledy<\/li>\n<li>Vhodn\u00e9 pro rodiny<\/li>\n<li>Vyzvednut\u00ed z centr\u00e1ln\u011b um\u00edst\u011bn\u00e9ho m\u00edsta setk\u00e1n\u00ed<\/li>\n<li>Romantick\u00fd z\u00e1\u017eitek, ide\u00e1ln\u00ed pro p\u00e1ry<\/li>\n<\/ul>\n<p>&nbsp;<\/p>\n<h4><b>Zahrnut\u00ed a vylou\u010den\u00ed<\/b><\/h4>\n<p>&nbsp;<\/p>\n<p><b>Inkluze<\/b><\/p>\n<p>&nbsp;<\/p>\n<ol>\n<li>Parasaling Tour<\/li>\n<li>Vyzvednut\u00ed autobusem z va\u0161eho hotelu<\/li>\n<li style=\"font-weight: 400;\"><span style=\"font-weight: 400;\">V\u0161echny dan\u011b, poplatky a manipula\u010dn\u00ed poplatky<\/span><\/li>\n<li style=\"font-weight: 400;\"><span style=\"font-weight: 400;\">M\u00edstn\u00ed dan\u011b<\/span><\/li>\n<li style=\"font-weight: 400;\"><span style=\"font-weight: 400;\">N\u00e1poje<\/span><\/li>\n<\/ol>\n<p><b> V\u00fdluky<\/b><\/p>\n<ol>\n<li style=\"font-weight: 400;\"><span style=\"font-weight: 400;\">Spropitn\u00e9<\/span><\/li>\n<li>Ob\u011bd<\/li>\n<\/ol>\n<p>&nbsp;<\/p>\n<h4><em><strong>Odjezd a n\u00e1vrat<\/strong><\/em><\/h4>\n<p><span style=\"font-weight: 400;\">Cestovatel z\u00edsk\u00e1 m\u00edsto setk\u00e1n\u00ed po procesu rezervace. Prohl\u00eddky za\u010d\u00ednaj\u00ed a kon\u010d\u00ed v m\u00edstech setk\u00e1n\u00ed.<\/span><\/p>\n<p>&nbsp;<\/p>\n<h4><b><i>Co \u010dekat?<\/i><\/b><\/h4>\n<p>nP\u0159edstavte si, \u017ee jste zvednuti 150 stop do vzduchu, chladn\u00fd v\u00edtr v\u00e1s hlad\u00ed po tv\u00e1\u0159i a p\u0159itom relaxujete s n\u00e1dhern\u00fdm v\u00fdhledem na pob\u0159e\u017e\u00ed Bavaro \u2013 Punta Cana. P\u0159esta\u0148te si p\u0159edstavovat a p\u0159ipojte se k n\u00e1m na vzru\u0161uj\u00edc\u00ed j\u00edzdu parasailingu, opravdu nezapomenuteln\u00fd z\u00e1\u017eitek. Pot\u0159ebujete pouze opalovac\u00ed kr\u00e9m a plavky, zat\u00edmco si u\u017e\u00edv\u00e1te vzru\u0161en\u00ed z j\u00edzdy. Le\u0165te s premi\u00e9rovou parasail spole\u010dnost\u00ed Dominik\u00e1nsk\u00e9 republiky. S v\u00edce ne\u017e 60 000 lety od roku 2001 pat\u0159\u00ed na\u0161i zku\u0161en\u00ed kapit\u00e1ni a pos\u00e1dka k nejzku\u0161en\u011bj\u0161\u00edm v oboru.<\/p>\n<p><strong>J\u00edzdn\u00ed \u0159\u00e1d:<\/strong><\/p>\n<p>7:00 \u2013 19:00\u2026 Zm\u011bna \u010dasu v z\u00e1vislosti na tom, kde se nach\u00e1z\u00edte v Punta Cana.<\/p>\n<p>&nbsp;<\/p>\n<h4><em><strong>Co byste m\u011bli p\u0159in\u00e9st?<\/strong><\/em><\/h4>\n<ul>\n<li style=\"font-weight: 400;\"><span style=\"font-weight: 400;\">Fotoapar\u00e1t<\/span><\/li>\n<li style=\"font-weight: 400;\"><span style=\"font-weight: 400;\">Repelentn\u00ed pupeny<\/span><\/li>\n<li style=\"font-weight: 400;\"><span style=\"font-weight: 400;\">opalovac\u00ed kr\u00e9m<\/span><\/li>\n<li style=\"font-weight: 400;\"><span style=\"font-weight: 400;\">\u010cepice<\/span><\/li>\n<li style=\"font-weight: 400;\"><span style=\"font-weight: 400;\">Pohodln\u00e9 kalhoty<\/span><\/li>\n<li style=\"font-weight: 400;\"><span style=\"font-weight: 400;\">Turistick\u00e9 boty do lesa<\/span><\/li>\n<li style=\"font-weight: 400;\"><span style=\"font-weight: 400;\">Sand\u00e1ly na pl\u00e1\u017e<\/span><\/li>\n<li style=\"font-weight: 400;\"><span style=\"font-weight: 400;\">Plavky<\/span><\/li>\n<li>Pen\u00edze za suven\u00fdry<\/li>\n<\/ul>\n<p>&nbsp;<\/p>\n<h4><b><i>Hotel vyzvednut\u00ed <\/i><\/b><\/h4>\n<p><span style=\"font-weight: 400;\">Nab\u00edz\u00ed se cestovn\u00ed vyzvednut\u00ed!<\/span><\/p>\n<p><span style=\"font-weight: 400;\">Vyzved\u00e1v\u00e1me ze v\u0161ech hotel\u016f v Punta Cana. M\u00edsto vyzvednut\u00ed je hotelov\u00e1 lobby<br \/>\nPokud bydl\u00edte v byt\u011b v t\u00e9to oblasti, vyzvedneme v\u00e1s v byt\u011b nebo u vchodu do nejbli\u017e\u0161\u00edho resortu. Nastavili jsme vyzvednut\u00ed, aby n\u00e1s kontaktovalo p\u0159es Whatsapp.<\/span><\/p>\n<p><b>Pozn\u00e1mka:<\/b><span style=\"font-weight: 400;\"> pokud prov\u00e1d\u00edte rezervaci do 24 hodin od \u010dasu odjezdu z\u00e1jezdu\/exkurze, m\u016f\u017eeme za\u0159\u00eddit vyzvednut\u00ed v hotelu za p\u0159\u00edplatek. Jakmile bude v\u00e1\u0161 n\u00e1kup dokon\u010den, za\u0161leme v\u00e1m kompletn\u00ed kontaktn\u00ed informace (telefonn\u00ed \u010d\u00edslo, e-mailovou adresu atd.) pro na\u0161eho m\u00edstn\u00edho pr\u016fvodce, abychom mohli zajistit vyzvednut\u00ed.<\/span><\/p>\n<h4><b><i>Potvrzen\u00ed dal\u0161\u00edch informac\u00ed <\/i><\/b><\/h4>\n<ol>\n<li>Vstupenky jsou \u00fa\u010dtenkou po zaplacen\u00ed tohoto z\u00e1jezdu. Platbu m\u016f\u017eete zobrazit na telefonu.<\/li>\n<li style=\"font-weight: 400;\"><span style=\"font-weight: 400;\">M\u00edsto setk\u00e1n\u00ed bude obdr\u017eeno po procesu rezervace.<\/span><\/li>\n<li style=\"font-weight: 400;\"><span style=\"font-weight: 400;\">D\u011bti mus\u00ed b\u00fdt v doprovodu dosp\u011bl\u00e9 osoby.<\/span><\/li>\n<li style=\"font-weight: 400;\"><span style=\"font-weight: 400;\">bezbari\u00e9rov\u00fd <\/span><\/li>\n<li style=\"font-weight: 400;\"><span style=\"font-weight: 400;\">D\u011bti mus\u00ed sed\u011bt na kl\u00edn\u011b <\/span><\/li>\n<li style=\"font-weight: 400;\"><span style=\"font-weight: 400;\">Z\u00fa\u010dastnit se m\u016f\u017ee v\u011bt\u0161ina cestovatel\u016f<\/span><\/li>\n<\/ol>\n<h4><b><i>Storno podm\u00ednky<\/i><\/b><\/h4>\n<p>Chcete-li z\u00edskat plnou n\u00e1hradu, p\u0159e\u010dt\u011bte si na\u0161e storno podm\u00ednky\u00a0<a href=\"https:\/\/tourwhales.com\/cs\/online-booking\/\" target=\"_blank\" rel=\"noopener\" data-saferedirecturl=\"https:\/\/www.google.com\/url?q=https:\/\/tourwhales.com\/online-booking\/&amp;source=gmail&amp;ust=1672532492004000&amp;usg=AOvVaw3ylqI1cdbIPTimEqEWneyd\">Klikn\u011bte zde<\/a>. Prost\u0159edky budou ztraceny, pokud bude rezervace zru\u0161ena ve stejn\u00fd den cesty.<\/p>\n\n\t\t<\/div>\n\t<\/div>\n<\/div><\/div><\/div><\/div><div class=\"vc_row wpb_row vc_row-fluid\" ><div class=\"wpb_column vc_column_container vc_col-sm-12\"><div class=\"vc_column-inner\"><div class=\"wpb_wrapper\">\n\t<div class=\"wpb_text_column wpb_content_element\" >\n\t\t<div class=\"wpb_wrapper\">\n\t\t\t<h4>Kontaktujte n\u00e1s?<\/h4>\n<h5><em><strong>Rezervace dobrodru\u017estv\u00ed<\/strong><\/em><\/h5>\n<p><em><strong>M\u00edstn\u00ed obyvatel\u00e9<\/strong> a <strong>st\u00e1tn\u00ed p\u0159\u00edslu\u0161n\u00edci<\/strong> Pr\u016fvodci a slu\u017eby pro hosty<\/em><\/p>\n<p><span class=\"text-turquoise\">Rezervace:<\/span> Prohl\u00eddky a exkurze v Dom. Rep.<\/p>\n\n\t\t<\/div>\n\t<\/div>\n<\/div><\/div><\/div><\/div><div class=\"vc_row wpb_row vc_row-fluid\" ><\/div><div class=\"wpb_column vc_column_container vc_col-sm-12\"><div class=\"vc_column-inner\"><div class=\"wpb_wrapper\"><\/div><\/div><\/div><div class=\"vc_empty_space\"   style=\"height: 32px\"><span class=\"vc_empty_space_inner\"><\/span><\/div><div class=\"vc_row wpb_row vc_row-fluid\" ><div class=\"wpb_column vc_column_container vc_col-sm-12\"><div class=\"vc_column-inner\"><div class=\"wpb_wrapper\"><div class=\"vc_btn3-container vc_btn3-inline\" ><button class=\"vc_general vc_btn3 vc_btn3-size-md vc_btn3-shape-rounded vc_btn3-style-modern vc_btn3-color-green\">ZAREZERVOVAT HNED<\/button><\/div><\/div><\/div><\/div><\/div>\n<\/section>","protected":false},"excerpt":{"rendered":"<p>Parasailing v Punta Cana je \u00fa\u017easn\u00e9 dobrodru\u017estv\u00ed a jedna z nejlep\u0161\u00edch v\u011bc\u00ed v Punta Cana. Pob\u0159e\u017e\u00ed z v\u00fd\u0161ky 200 stop ve vzduchu p\u0159i plavb\u011b je naprosto \u00fa\u017easn\u00e9.<\/p>\n<p>Parasailing je jednoduch\u00fd a z\u00e1bavn\u00fd z\u00e1\u017eitek pro v\u0161echny \u010dleny rodiny. Jako p\u0159edn\u00ed parasailingov\u00e1 a dobrodru\u017en\u00e1 spole\u010dnost v Dominik\u00e1nsk\u00e9 republice pat\u0159\u00ed n\u00e1\u0161 parasailingov\u00fd t\u00fdm mezi nejzku\u0161en\u011bj\u0161\u00ed v Punta Cana s v\u00edce ne\u017e 16 lety zku\u0161enost\u00ed s l\u00e9t\u00e1n\u00edm.<span style=\"vertical-align: inherit;\"><span style=\"vertical-align: inherit;\">.<\/span><\/span><\/p>\n<p>M\u016f\u017eete si u\u017e\u00edt asi 15 minut letu a u\u017e\u00edt si n\u00e1dhern\u00fd panoramatick\u00fd v\u00fdhled.<\/p>\n<p><strong>Vyberte si term\u00edn prohl\u00eddky:\u00a0<\/strong><\/p>","protected":false},"featured_media":9634,"template":"","meta":[],"product_cat":[948,468,972,349,253,294],"product_tag":[242,470,469,222,471,313,243],"class_list":["post-9630","product","type-product","status-publish","has-post-thumbnail","hentry","product_cat-1-punta-cana","product_cat-parasaling","product_cat-punta-cana-group-tours","product_cat-tours-and-excursion-punta-cana","product_cat-tours-and-excursions","product_cat-tours-excursions-punta-cana-dominican-republic","product_tag-catamaran","product_tag-parasail-punta-cana","product_tag-parasailing-in-punta-cana","product_tag-punta-cana","product_tag-punta-cana-catamaran-party-with-snorkeling-and-parasailing","product_tag-punta-cana-tours","product_tag-saona-island"],"_links":{"self":[{"href":"https:\/\/tourwhales.com\/cs\/wp-json\/wp\/v2\/product\/9630","targetHints":{"allow":["GET"]}}],"collection":[{"href":"https:\/\/tourwhales.com\/cs\/wp-json\/wp\/v2\/product"}],"about":[{"href":"https:\/\/tourwhales.com\/cs\/wp-json\/wp\/v2\/types\/product"}],"wp:featuredmedia":[{"embeddable":true,"href":"https:\/\/tourwhales.com\/cs\/wp-json\/wp\/v2\/media\/9634"}],"wp:attachment":[{"href":"https:\/\/tourwhales.com\/cs\/wp-json\/wp\/v2\/media?parent=9630"}],"wp:term":[{"taxonomy":"product_cat","embeddable":true,"href":"https:\/\/tourwhales.com\/cs\/wp-json\/wp\/v2\/product_cat?post=9630"},{"taxonomy":"product_tag","embeddable":true,"href":"https:\/\/tourwhales.com\/cs\/wp-json\/wp\/v2\/product_tag?post=9630"}],"curies":[{"name":"wp","href":"https:\/\/api.w.org\/{rel}","templated":true}]}}