
{"id":9613,"date":"2019-10-11T07:35:12","date_gmt":"2019-10-11T07:35:12","guid":{"rendered":"https:\/\/tourwhales.com\/?post_type=product&#038;p=9613"},"modified":"2024-10-18T20:29:18","modified_gmt":"2024-10-18T20:29:18","slug":"samana-day-trip-from-punta-cana-el-limon-waterfall-and-bacardi-island","status":"publish","type":"product","link":"https:\/\/tourwhales.com\/cs\/Tours-Excursions\/horse-riding-to-waterfalls\/samana-day-trip-from-punta-cana-el-limon-waterfall-and-bacardi-island\/","title":{"rendered":"Punta Cana: Celodenn\u00ed v\u00fdlet Saman\u00e1 \u2013 vodop\u00e1d El Lim\u00f3n a ostrov Bacardi"},"content":{"rendered":"<section class=\"wpb-content-wrapper\"><div class=\"vc_row wpb_row vc_row-fluid\" ><div class=\"wpb_column vc_column_container vc_col-sm-12\"><div class=\"vc_column-inner\"><div class=\"wpb_wrapper\"><div class=\"mkdf-section-title-holder\" style=\"text-align: left\">\n\t<div class=\"mkdf-st-inner\">\n\t\t\t\t\t<h5 class=\"mkdf-st-subtitle\" >\n\t\t\t\t(Vyzvednut\u00ed v Punta Cana)\t\t\t<\/h5>\n\t\t\t\t\t\t\t<h3 class=\"mkdf-st-title\" >\n\t\t\t\tJednodenn\u00ed v\u00fdlet Samana z Punta Cana - vodop\u00e1d El Limon a ostrov Bacardi\t\t\t<\/h3>\n\t\t\t\t\t<\/div>\n<\/div><div class=\"vc_empty_space\"   style=\"height: 32px\"><span class=\"vc_empty_space_inner\"><\/span><\/div>\n\t<div class=\"wpb_text_column wpb_content_element\" >\n\t\t<div class=\"wpb_wrapper\">\n\t\t\t<div class=\"vc_row wpb_row vc_row-fluid\">\n<div class=\"wpb_column vc_column_container vc_col-sm-12\">\n<div class=\"vc_column-inner\">\n<div class=\"wpb_wrapper\">\n<div class=\"mkdf-section-title-holder\">\n<div class=\"mkdf-st-inner\">\n<h5 class=\"mkdf-st-subtitle\">(Vyzvednut\u00ed v Punta Cana)<\/h5>\n<h3 class=\"mkdf-st-title\">Celodenn\u00ed v\u00fdlet Samana z Punta Cana \u2013 vodop\u00e1d El Limon a ostrov Bacardi<\/h3>\n<\/div>\n<\/div>\n<\/div>\n<\/div>\n<\/div>\n<\/div>\n<div class=\"vc_row wpb_row vc_row-fluid\"><\/div>\n<div class=\"wpb_column vc_column_container vc_col-sm-12\">\n<div class=\"vc_column-inner\">\n<div class=\"wpb_wrapper\"><\/div>\n<\/div>\n<\/div>\n<div class=\"wpb_text_column wpb_content_element\">\n<div class=\"wpb_wrapper\"><\/div>\n<\/div>\n<h4><a id=\"overview\" class=\"aal_anchor\" href=\"https:\/\/bookingadventures.com.do\/dominicantour\/samana-day-trip-from-punta-cana-el-limon-waterfall-and-bacardi-island\/#overview\" aria-hidden=\"true\"><\/a><b><i>P\u0159ehled<\/i><\/b><\/h4>\n<p>Pokud jste v Bayahibe, Punta Cana nebo Bavaru a chcete m\u00edt jednodenn\u00ed v\u00fdlet s ni\u017e\u0161\u00ed cenou ne\u017e obvykle, pokra\u010dujte a zarezervujte si tento v\u00fdlet. V r\u00e1mci tohoto v\u00fdletu v\u00e1s zavezeme do Samany, kde se na katamar\u00e1nu dostanete do Sabana de la Mar, m\u011bste\u010dka Hato Mayor, domu n\u00e1rodn\u00edho parku Los Haitises. Tato cesta zahrnuje n\u00e1v\u0161t\u011bvu komunit Samana a El Limon, kde si budete moci hned po p\u0159ekro\u010den\u00ed z\u00e1livu Samana zajezdit na koni nebo p\u011b\u0161\u00ed turistiku k vodop\u00e1du. Ob\u011bd se bude pod\u00e1vat na ostrov\u011b Bacardi. V\u00fdlety za\u010d\u00ednaj\u00ed v 6:00 a kon\u010d\u00ed v 18:30. Ud\u011blejte si rezervaci hned te\u010f!<\/p>\n<p>Po t\u00e9to zku\u0161enosti v\u00e1s vysad\u00edme ve va\u0161em hotelu.<\/p>\n<ul>\n<li>Poplatky v cen\u011b<\/li>\n<li>Ob\u011bd na pl\u00e1\u017ei v cen\u011b<\/li>\n<li>Transfer v cen\u011b<\/li>\n<li>Pr\u016fvodce poskytuje instrukce a supervizi<\/li>\n<\/ul>\n<p>&nbsp;<\/p>\n<h4><a id=\"inclusions-exclusions\" class=\"aal_anchor\" href=\"https:\/\/bookingadventures.com.do\/dominicantour\/samana-day-trip-from-punta-cana-el-limon-waterfall-and-bacardi-island\/#inclusions-exclusions\" aria-hidden=\"true\"><\/a><b>Zahrnut\u00ed a vylou\u010den\u00ed<\/b><\/h4>\n<p>&nbsp;<\/p>\n<p><b>Inkluze<\/b><\/p>\n<p>&nbsp;<\/p>\n<ol>\n<li>Vyzvednut\u00ed v hotelu<\/li>\n<li>Z\u00e1toka Saman\u00e1<\/li>\n<li>Ostrov Bacardi, pl\u00e1\u017e a ob\u011bd<\/li>\n<li>Safari do El Lim\u00f3n<\/li>\n<li>J\u00edzda na koni nebo p\u011b\u0161\u00ed turistika k vodop\u00e1d\u016fm<\/li>\n<li>Dominik\u00e1nsk\u00e9 koktejly<\/li>\n<li>V\u0161echny dan\u011b, poplatky a manipula\u010dn\u00ed poplatky<\/li>\n<li>M\u00edstn\u00ed dan\u011b<\/li>\n<li>N\u00e1poje<\/li>\n<li>V\u0161echny aktivity<\/li>\n<li>M\u00edstn\u00ed pr\u016fvodce<\/li>\n<\/ol>\n<p><b>V\u00fdluky<\/b><\/p>\n<ol>\n<li>Spropitn\u00e9<\/li>\n<li>Alkoholick\u00e9 n\u00e1poje po koktejlech<\/li>\n<\/ol>\n<p>&nbsp;<\/p>\n<h4><a id=\"departure-return\" class=\"aal_anchor\" href=\"https:\/\/bookingadventures.com.do\/dominicantour\/samana-day-trip-from-punta-cana-el-limon-waterfall-and-bacardi-island\/#departure-return\" aria-hidden=\"true\"><\/a><em><strong>Odjezd a n\u00e1vrat<\/strong><\/em><\/h4>\n<p>Cestovatel z\u00edsk\u00e1 m\u00edsto setk\u00e1n\u00ed po procesu rezervace. Prohl\u00eddky za\u010d\u00ednaj\u00ed a kon\u010d\u00ed v m\u00edstech setk\u00e1n\u00ed.<\/p>\n<p>&nbsp;<\/p>\n<h3><a id=\"samana-day-trip-from-punta-cana-el-limon-waterfall-and-bacardi-island\" class=\"aal_anchor\" href=\"https:\/\/bookingadventures.com.do\/dominicantour\/samana-day-trip-from-punta-cana-el-limon-waterfall-and-bacardi-island\/#samana-day-trip-from-punta-cana-el-limon-waterfall-and-bacardi-island\" aria-hidden=\"true\"><\/a>Celodenn\u00ed v\u00fdlet Samana z Punta Cana \u2013 vodop\u00e1d El Limon a ostrov Bacardi<\/h3>\n<h4><a id=\"what-to-expect\" class=\"aal_anchor\" href=\"https:\/\/bookingadventures.com.do\/dominicantour\/samana-day-trip-from-punta-cana-el-limon-waterfall-and-bacardi-island\/#what-to-expect\" aria-hidden=\"true\"><\/a><b><i>Co \u010dekat?<\/i><\/b><\/h4>\n<p>&nbsp;<\/p>\n<p><strong>Z\u00edskejte l\u00edstky hned te\u010f<\/strong>. \u010cekaj\u00ed na v\u00e1s vodop\u00e1dy, j\u00edzda na koni, p\u011b\u0161\u00ed turistika a safari, koup\u00e1n\u00ed v p\u0159\u00edrodn\u00edch pramenech, ob\u011bd na ostrov\u011b Bacardi a dal\u0161\u00ed z\u00e1bavn\u00e9 aktivity.<\/p>\n<p>Po odjezdu autobusem z Punta Cana zam\u00ed\u0159\u00edme do p\u0159\u00edstavu Samana Bay. Jakmile budeme v p\u0159\u00edstavu, nalod\u00edme se na lo\u010f nebo katamar\u00e1n s m\u00edstn\u00edmi pr\u016fvodci, kte\u0159\u00ed v\u00e1s nasm\u011bruj\u00ed do komunity Samana. Safari Tour v\u00e1s v t\u00e9to komunit\u011b provede a nau\u010d\u00ed v\u00e1s historii tohoto m\u011bsta. Ale to nen\u00ed v\u0161e, na \u0159ad\u011b je vodop\u00e1d El Limon, zde si budete moci zaplavat, proch\u00e1zet se nebo jezdit na koni. Vodop\u00e1d El Limon je fantastick\u00e1 p\u0159\u00edrodn\u00ed pam\u00e1tka s tropick\u00fdm pralesem a \u010dist\u00fdmi p\u0159\u00edrodn\u00edmi prameny. Na zp\u00e1te\u010dn\u00ed cest\u011b do Samany se zastav\u00edme na ostrov\u011b Bacardi, kde se bude pod\u00e1vat ob\u011bd a budete si moci zaplavat v jednom z nejp\u0159irozen\u011bj\u0161\u00edch baz\u00e9n\u016f Dominik\u00e1nsk\u00e9 republiky.<\/p>\n<p>&nbsp;<\/p>\n<p>V p\u0159\u00edpad\u011b, \u017ee byste cht\u011bli tuto cestu upravit tak, aby byla krat\u0161\u00ed nebo del\u0161\u00ed, kontaktujte n\u00e1s.<\/p>\n<p>&nbsp;<\/p>\n<h4><a id=\"what-you-should-bring\" class=\"aal_anchor\" href=\"https:\/\/bookingadventures.com.do\/dominicantour\/samana-day-trip-from-punta-cana-el-limon-waterfall-and-bacardi-island\/#what-you-should-bring\" aria-hidden=\"true\"><\/a><em><strong>Co byste m\u011bli p\u0159in\u00e9st?<\/strong><\/em><\/h4>\n<ul>\n<li>Fotoapar\u00e1t<\/li>\n<li>Repelentn\u00ed pupeny<\/li>\n<li>opalovac\u00ed kr\u00e9m<\/li>\n<li>\u010cepice<\/li>\n<li>Pohodln\u00e9 kalhoty<\/li>\n<li>Turistick\u00e9 boty do lesa<\/li>\n<li>Sand\u00e1ly do jarn\u00edch oblast\u00ed.<\/li>\n<li>Plavky<\/li>\n<\/ul>\n<p>&nbsp;<\/p>\n<h4><a id=\"hotel-pickup\" class=\"aal_anchor\" href=\"https:\/\/bookingadventures.com.do\/dominicantour\/samana-day-trip-from-punta-cana-el-limon-waterfall-and-bacardi-island\/#hotel-pickup\" aria-hidden=\"true\"><\/a><b><i>Hotel vyzvednut\u00ed<\/i><\/b><\/h4>\n<p>Nab\u00edz\u00ed se cestovn\u00ed vyzvednut\u00ed!<\/p>\n<p>Vyzved\u00e1v\u00e1me ze v\u0161ech hotel\u016f v Punta Cana. M\u00edsto vyzvednut\u00ed je hotelov\u00e1 lobby<br \/>\nPokud bydl\u00edte v byt\u011b v t\u00e9to oblasti, vyzvedneme v\u00e1s v byt\u011b nebo u vchodu do nejbli\u017e\u0161\u00edho resortu. Nastavili jsme vyzvednut\u00ed, aby n\u00e1s kontaktovalo p\u0159es Whatsapp.<\/p>\n<p><b>Pozn\u00e1mka:<\/b>\u00a0pokud prov\u00e1d\u00edte rezervaci do 24 hodin od \u010dasu odjezdu z\u00e1jezdu\/exkurze, m\u016f\u017eeme za\u0159\u00eddit vyzvednut\u00ed v hotelu za p\u0159\u00edplatek. Jakmile bude v\u00e1\u0161 n\u00e1kup dokon\u010den, za\u0161leme v\u00e1m kompletn\u00ed kontaktn\u00ed informace (telefonn\u00ed \u010d\u00edslo, e-mailovou adresu atd.) pro na\u0161eho m\u00edstn\u00edho pr\u016fvodce, abychom mohli zajistit vyzvednut\u00ed.<\/p>\n<h4><a id=\"additional-info-confirmation\" class=\"aal_anchor\" href=\"https:\/\/bookingadventures.com.do\/dominicantour\/samana-day-trip-from-punta-cana-el-limon-waterfall-and-bacardi-island\/#additional-info-confirmation\" aria-hidden=\"true\"><\/a><b><i>Potvrzen\u00ed dal\u0161\u00edch informac\u00ed<\/i><\/b><\/h4>\n<ol>\n<li>Vstupenky jsou \u00fa\u010dtenkou po zaplacen\u00ed tohoto z\u00e1jezdu. Platbu m\u016f\u017eete zobrazit na telefonu.<\/li>\n<li>M\u00edsto setk\u00e1n\u00ed bude obdr\u017eeno po procesu rezervace.<\/li>\n<li>D\u011bti mus\u00ed b\u00fdt v doprovodu dosp\u011bl\u00e9 osoby.<\/li>\n<li>Bezbari\u00e9rov\u00fd p\u0159\u00edstup<\/li>\n<li>D\u011bti mus\u00ed sed\u011bt na kl\u00edn\u011b<\/li>\n<li>Nedoporu\u010duje se pro cestovatele s probl\u00e9my se z\u00e1dy<\/li>\n<li>Nedoporu\u010duje se t\u011bhotn\u00fdm cestovatel\u016fm<\/li>\n<li>\u017d\u00e1dn\u00e9 probl\u00e9my se srdcem ani jin\u00e9 z\u00e1va\u017en\u00e9 zdravotn\u00ed stavy<\/li>\n<li>Z\u00fa\u010dastnit se m\u016f\u017ee v\u011bt\u0161ina cestovatel\u016f<\/li>\n<\/ol>\n\n\t\t<\/div>\n\t<\/div>\n<\/div><\/div><\/div><\/div><div class=\"wpb_column vc_column_container vc_col-sm-12\"><div class=\"vc_column-inner\"><div class=\"wpb_wrapper\"><\/div><\/div><\/div><div class=\"wpb_column vc_column_container vc_col-sm-12\"><div class=\"vc_column-inner\"><div class=\"wpb_wrapper\"><\/div><\/div><\/div>\n<\/section>","protected":false},"excerpt":{"rendered":"<p>Pokud jste v Punta Cana nebo Bavaru a chcete si ud\u011blat jednodenn\u00ed v\u00fdlet s ni\u017e\u0161\u00ed cenou ne\u017e obvykle, zarezervujte si tento v\u00fdlet. V r\u00e1mci tohoto v\u00fdletu v\u00e1s zavedeme do Samany, kde v\u00e1s na katamar\u00e1nu odvezeme do Sabana de la Mar, obce Hato Mayor, domova n\u00e1rodn\u00edho parku Los Haitises. Tento v\u00fdlet zahrnuje Safari Tour, Catamaran, Waterfall &amp; Beach Swim a dal\u0161\u00ed. V\u00fdlet za\u010d\u00edn\u00e1 v 6:00 a kon\u010d\u00ed v 18:30.<\/p>\n<p><strong>Vyberte datum prohl\u00eddky\u00a0<\/strong><\/p>","protected":false},"featured_media":11580,"template":"","meta":[],"product_cat":[948,456,961,959,189,972,963,190,307,253,254,255],"product_tag":[184,183,384,223,382,380,185,381,222,175,383,186,458,457,200,187],"class_list":["post-9613","product","type-product","status-publish","has-post-thumbnail","hentry","product_cat-1-punta-cana","product_cat-day-trips","product_cat-el-limon-horseback-riding","product_cat-el-limon-punta-cana","product_cat-horse-riding-to-waterfalls","product_cat-punta-cana-group-tours","product_cat-punta-cana-samana-day-trips","product_cat-safari-samana","product_cat-salto-el-limon-and-bacardi-island","product_cat-tours-and-excursions","product_cat-tours-excursions-los-haitises-national-park","product_cat-tours-excursions-samana-bay-dominican-republic","product_tag-bacardi-island","product_tag-beach-time","product_tag-cascada-el-limon-salto-el-limon-samana-republica-dominicana","product_tag-cayo-levantado","product_tag-el-limon-waterfall-bacardi-island-from-punta-cana","product_tag-el-limon-waterfall-and-bacardi-island-tour-from-punta-cana","product_tag-el-limon-waterfalls","product_tag-guided-adventures","product_tag-punta-cana","product_tag-sabana-de-la-mar","product_tag-salto-de-limon-punta-cana","product_tag-samana","product_tag-samana-day-trip-from-punta-cana","product_tag-samana-day-trip-from-punta-cana-el-limon-waterfall-and-bacardi-island","product_tag-samana-excursions","product_tag-samana-tours"],"_links":{"self":[{"href":"https:\/\/tourwhales.com\/cs\/wp-json\/wp\/v2\/product\/9613","targetHints":{"allow":["GET"]}}],"collection":[{"href":"https:\/\/tourwhales.com\/cs\/wp-json\/wp\/v2\/product"}],"about":[{"href":"https:\/\/tourwhales.com\/cs\/wp-json\/wp\/v2\/types\/product"}],"wp:featuredmedia":[{"embeddable":true,"href":"https:\/\/tourwhales.com\/cs\/wp-json\/wp\/v2\/media\/11580"}],"wp:attachment":[{"href":"https:\/\/tourwhales.com\/cs\/wp-json\/wp\/v2\/media?parent=9613"}],"wp:term":[{"taxonomy":"product_cat","embeddable":true,"href":"https:\/\/tourwhales.com\/cs\/wp-json\/wp\/v2\/product_cat?post=9613"},{"taxonomy":"product_tag","embeddable":true,"href":"https:\/\/tourwhales.com\/cs\/wp-json\/wp\/v2\/product_tag?post=9613"}],"curies":[{"name":"wp","href":"https:\/\/api.w.org\/{rel}","templated":true}]}}