
{"id":9463,"date":"2019-09-25T10:00:51","date_gmt":"2019-09-25T10:00:51","guid":{"rendered":"https:\/\/tourwhales.com\/?post_type=product&#038;p=9463"},"modified":"2024-10-18T20:29:18","modified_gmt":"2024-10-18T20:29:18","slug":"miches-whales-watching-half-day-experience-media-luna-half-moon","status":"publish","type":"product","link":"https:\/\/tourwhales.com\/cs\/Tours-Excursions\/tours-excursions-samana-bay-dominican-republic\/miches-whales-watching-half-day-experience-media-luna-half-moon\/","title":{"rendered":"Miches Whales Watching Half Day Experience \u2013 Media Luna (Half-Moon)."},"content":{"rendered":"<section class=\"wpb-content-wrapper\"><div class=\"vc_row wpb_row vc_row-fluid\" ><div class=\"wpb_column vc_column_container vc_col-sm-12\"><div class=\"vc_column-inner\"><div class=\"wpb_wrapper\"><div class=\"vc_btn3-container vc_btn3-inline\" ><button class=\"vc_general vc_btn3 vc_btn3-size-md vc_btn3-shape-rounded vc_btn3-style-modern vc_btn3-color-green\">ZAREZERVOVAT HNED<\/button><\/div><div class=\"mkdf-section-title-holder\" style=\"text-align: left\">\n\t<div class=\"mkdf-st-inner\">\n\t\t\t\t\t<h5 class=\"mkdf-st-subtitle\" >\n\t\t\t\tMedia Luna (p\u016flm\u011bs\u00edc) v cen\u011b.\t\t\t<\/h5>\n\t\t\t\t\t\t\t<h3 class=\"mkdf-st-title\" >\n\t\t\t\tMiches Whales Watching Half Day Experience\t\t\t<\/h3>\n\t\t\t\t\t<\/div>\n<\/div><div class=\"vc_empty_space\"   style=\"height: 32px\"><span class=\"vc_empty_space_inner\"><\/span><\/div>\n\t<div class=\"wpb_text_column wpb_content_element\" >\n\t\t<div class=\"wpb_wrapper\">\n\t\t\t<div class=\"vc_row wpb_row vc_row-fluid\">\n<div class=\"wpb_column vc_column_container vc_col-sm-12\">\n<div class=\"vc_column-inner\">\n<div class=\"wpb_wrapper\">\n<div class=\"mkdf-section-title-holder\">\n<div class=\"mkdf-st-inner\">\n<h5 class=\"mkdf-st-subtitle\">Media Luna (p\u016flm\u011bs\u00edc) v cen\u011b.<\/h5>\n<h3 class=\"mkdf-st-title\">Miches Whales Watching Half Day Experience<\/h3>\n<\/div>\n<\/div>\n<\/div>\n<\/div>\n<\/div>\n<\/div>\n<div class=\"vc_row wpb_row vc_row-fluid\"><\/div>\n<div class=\"wpb_column vc_column_container vc_col-sm-12\">\n<div class=\"vc_column-inner\">\n<div class=\"wpb_wrapper\"><\/div>\n<\/div>\n<\/div>\n<div class=\"wpb_text_column wpb_content_element\">\n<div class=\"wpb_wrapper\"><\/div>\n<\/div>\n<div class=\"vc_row wpb_row vc_row-fluid\">\n<div class=\"wpb_column vc_column_container vc_col-sm-12\">\n<div class=\"vc_column-inner\">\n<div class=\"wpb_wrapper\">\n<div class=\"wpb_text_column wpb_content_element\">\n<div class=\"wpb_wrapper\">\n<div class=\"vc_row wpb_row vc_row-fluid\">\n<div class=\"wpb_column vc_column_container vc_col-sm-12\">\n<div class=\"vc_column-inner\">\n<div class=\"wpb_wrapper\">\n<div class=\"wpb_text_column wpb_content_element\">\n<div class=\"wpb_wrapper\">\n<h4><a id=\"overview\" class=\"aal_anchor\" href=\"https:\/\/bookingadventures.com.do\/be\/dominicantour\/miches-whales-watching-half-day-experience-media-luna-half-moon\/#overview\" aria-hidden=\"true\"><\/a><b><i>P\u0159ehled \ud83d\udc33<\/i><\/b><\/h4>\n<p>P\u0159eru\u0161ujeme na\u0161i lo\u010f, abychom nav\u0161t\u00edvili keporkaky v jejich vlastn\u00edm prost\u0159ed\u00ed. Tento z\u00e1\u017eitek zahrnuje p\u0159\u00edrodn\u00ed koupali\u0161t\u011b pro mo\u0159sk\u00e9 hv\u011bzdy a ryby. Je povoleno vz\u00edt si s sebou \u0161norchlov\u00e1n\u00ed do p\u0159\u00edrodn\u00edch koupali\u0161\u0165.<strong>\u00a0Pozn\u00e1mka:<\/strong>\u00a0Ne na plav\u00e1n\u00ed s velrybami. Sledov\u00e1n\u00ed Na\u0161i kapit\u00e1ni jsou vycvi\u010deni, aby se ujistili, \u017ee vid\u00edte velryby.<\/p>\n<p>Od 9:00 do 13:00. Observato\u0159 na pozorov\u00e1n\u00ed velryb a Po tomto v\u00fdletu za velrybou Whatchig se vr\u00e1t\u00edme do p\u0159\u00edstavu Miches.<\/p>\n<p><strong>Pozn\u00e1mka:<\/strong>\u00a0Tato prohl\u00eddka nen\u00ed soukrom\u00e1. Pokud si p\u0159ejete nastavit soukromou prohl\u00eddku, kontaktujte n\u00e1s!<\/p>\n<ul>\n<li>V\u00fdlet za pozorov\u00e1n\u00edm velryb<\/li>\n<li>P\u0159\u00edrodn\u00ed koupali\u0161t\u011b pro pozorov\u00e1n\u00ed hv\u011bzdn\u00fdch ryb<\/li>\n<li>Lodn\u00ed katamarn transfer<\/li>\n<li>Kapit\u00e1n poskytuje instrukce a dohled<\/li>\n<li>Pr\u016fvodce<\/li>\n<\/ul>\n<p>&nbsp;<\/p>\n<h4><a id=\"inclusions-exclusions\" class=\"aal_anchor\" href=\"https:\/\/bookingadventures.com.do\/be\/dominicantour\/miches-whales-watching-half-day-experience-media-luna-half-moon\/#inclusions-exclusions\" aria-hidden=\"true\"><\/a><b>Zahrnut\u00ed a vylou\u010den\u00ed<\/b><\/h4>\n<p>&nbsp;<\/p>\n<p><b>Inkluze<\/b><\/p>\n<ol>\n<li>Pr\u016fvodce<\/li>\n<li>Katamar\u00e1n nebo v\u00fdlet lod\u00ed<\/li>\n<li>V\u0161echny dan\u011b, poplatky a manipula\u010dn\u00ed poplatky<\/li>\n<li>M\u00edstn\u00ed dan\u011b<\/li>\n<li>N\u00e1poje<\/li>\n<li>Dramamine tablety (voliteln\u00e9)<\/li>\n<li>Vstupn\u00e9 do Santuary. (N\u00e1ramek)<\/li>\n<\/ol>\n<p><b>V\u00fdluky<\/b><\/p>\n<ol>\n<li>Spropitn\u00e9<\/li>\n<li>Transfer Car<\/li>\n<li>Alkoholick\u00e9 n\u00e1poje<\/li>\n<\/ol>\n<p>&nbsp;<\/p>\n<h4><a id=\"departure-return\" class=\"aal_anchor\" href=\"https:\/\/bookingadventures.com.do\/be\/dominicantour\/miches-whales-watching-half-day-experience-media-luna-half-moon\/#departure-return\" aria-hidden=\"true\"><\/a><em><strong>Odjezd a n\u00e1vrat<\/strong><\/em><\/h4>\n<p>Cestovatel z\u00edsk\u00e1 m\u00edsto setk\u00e1n\u00ed po procesu rezervace. Prohl\u00eddky za\u010d\u00ednaj\u00ed a kon\u010d\u00ed v na\u0161ich shroma\u017e\u010fovac\u00edch m\u00edstech.<\/p>\n<h3><a id=\"miches-whales-watching-half-day-experience-media-luna-half-moon\" class=\"aal_anchor\" href=\"https:\/\/bookingadventures.com.do\/be\/dominicantour\/miches-whales-watching-half-day-experience-media-luna-half-moon\/#miches-whales-watching-half-day-experience-media-luna-half-moon\" aria-hidden=\"true\"><\/a>Miches Whales Watching Half Day Experience \u2013 Media Luna (Half-Moon).<\/h3>\n<h4><a id=\"what-to-expect\" class=\"aal_anchor\" href=\"https:\/\/bookingadventures.com.do\/be\/dominicantour\/miches-whales-watching-half-day-experience-media-luna-half-moon\/#what-to-expect\" aria-hidden=\"true\"><\/a><b><i>Co \u010dekat?<\/i><\/b><\/h4>\n<p>&nbsp;<\/p>\n<p><em><strong>Z\u00edskejte vstupenky<\/strong><\/em>\u00a0na p\u016fldenn\u00ed v\u00fdlet Pozorov\u00e1n\u00ed velryb v z\u00e1toce Saman\u00e1 od Miches.<\/p>\n<p>P\u016fldenn\u00ed v\u00fdlet za pozorov\u00e1n\u00edm velryb, organizovan\u00fd \u201eBooking Adventures\u201c, za\u010d\u00edn\u00e1 na m\u00edst\u011b setk\u00e1n\u00ed s pr\u016fvodcem. Tento v\u00fdlet nav\u0161t\u00edv\u00ed Media Luna (p\u016flm\u011bs\u00edc). Ob\u011bd na pl\u00e1\u017ei je\u00a0<strong>ne<\/strong>\u00a0zahrnout do t\u00e9to prohl\u00eddky.<\/p>\n<p><strong>Co je to Media Luna?<\/strong><\/p>\n<p>Je to m\u00edsto, kde hladina vody z\u00e1vis\u00ed na horizontu p\u0159\u00edlivu a odlivu nebo mo\u0159sk\u00fdch proud\u016f, kter\u00fd se p\u0159i vysok\u00e9 prohlubuje a p\u0159i n\u00edzk\u00e9m pr\u016ftok baz\u00e9nu kles\u00e1. Vzhledem k tomu, \u017ee je skryto a m\u00e1 p\u0159\u00edstup k mo\u0159i, je to magick\u00e9 a panensk\u00e9 m\u00edsto pro ty, kte\u0159\u00ed ho nav\u0161t\u00edv\u00ed, necht\u011bj\u00ed opustit. Zde nejsou \u017e\u00e1dn\u00e9 stromy, kter\u00e9 by se chr\u00e1nily p\u0159ed sluncem, ale voda je studen\u00e1 kol\u00e9b\u00e1n\u00edm nebo kol\u00e9b\u00e1n\u00edm pas\u00e1t\u016f v t\u00e9to oblasti.<\/p>\n<p>D\u00e1 se shrnout, \u017ee jde o p\u0159\u00edrodn\u00ed lagunu v Atlantsk\u00e9m oce\u00e1nu, kter\u00e1 za sv\u016fj n\u00e1zev vd\u011b\u010d\u00ed tomu, \u017ee pozorovan\u00e1 shora p\u0159ipom\u00edn\u00e1 srpek. M\u00edstn\u00ed ji naz\u00fdvaj\u00ed tak\u00e9 Cayo de la Media Luna, tvo\u0159enou kor\u00e1lov\u00fdmi \u00fatesy a b\u00edl\u00fdm p\u00edskem, z krystalick\u00e9 vody poset\u00e9 v\u0161ude, aby rozb\u00edjela p\u0159irozen\u00e9 vlny, kter\u00e9 uklid\u0148uj\u00ed jej\u00ed vody. Kdy\u017e je p\u0159\u00edliv stabiln\u00ed, jeho hloubka nep\u0159esahuje t\u0159i stopy, d\u00edky \u010demu\u017e si d\u011bti i dosp\u011bl\u00ed u\u017e\u00edvaj\u00ed toto nebesk\u00e9 m\u00edsto se slanou vodou.<\/p>\n<p>&nbsp;<\/p>\n<p><strong>J\u00edzdn\u00ed \u0159\u00e1d:<\/strong><\/p>\n<p>8:45\u201312:30<\/p>\n<p>&nbsp;<\/p>\n<\/div>\n<p>\u010cas se m\u016f\u017ee zm\u011bnit v z\u00e1vislosti na tom, kolik velryb uvid\u00edme.<\/p>\n<div class=\"wpb_wrapper\">\n<p>&nbsp;<\/p>\n<h4><a id=\"what-you-should-bring\" class=\"aal_anchor\" href=\"https:\/\/bookingadventures.com.do\/be\/dominicantour\/miches-whales-watching-half-day-experience-media-luna-half-moon\/#what-you-should-bring\" aria-hidden=\"true\"><\/a><em><strong>Co byste m\u011bli p\u0159in\u00e9st?<\/strong><\/em><\/h4>\n<ul>\n<li>Fotoapar\u00e1t<\/li>\n<li>Repelentn\u00ed pupeny<\/li>\n<li>opalovac\u00ed kr\u00e9m<\/li>\n<li>\u010cepice<\/li>\n<li>Pohodln\u00e9 kalhoty<\/li>\n<li>Plavky<\/li>\n<li>Pen\u00edze za suven\u00fdry<\/li>\n<\/ul>\n<p>&nbsp;<\/p>\n<h4><a id=\"hotel-pickup\" class=\"aal_anchor\" href=\"https:\/\/bookingadventures.com.do\/be\/dominicantour\/miches-whales-watching-half-day-experience-media-luna-half-moon\/#hotel-pickup\" aria-hidden=\"true\"><\/a><b><i>Hotel vyzvednut\u00ed<\/i><\/b><\/h4>\n<p>Vyzvednut\u00ed v hotelu nen\u00ed pro tento z\u00e1jezd nab\u00edzeno. M\u016f\u017eeme to nastavit p\u0159es Whatsapp.<\/p>\n<p>&nbsp;<\/p>\n<p><b>Pozn\u00e1mka:<\/b>\u00a0pokud prov\u00e1d\u00edte rezervaci do 24 hodin od \u010dasu odjezdu z\u00e1jezdu\/exkurze, m\u016f\u017eeme za\u0159\u00eddit vyzvednut\u00ed v hotelu za p\u0159\u00edplatek. Jakmile bude v\u00e1\u0161 n\u00e1kup dokon\u010den, za\u0161leme v\u00e1m kompletn\u00ed kontaktn\u00ed informace (telefonn\u00ed \u010d\u00edslo, e-mailovou adresu atd.) pro na\u0161eho m\u00edstn\u00edho pr\u016fvodce, abychom mohli zajistit vyzvednut\u00ed.<\/p>\n<h4><a id=\"additional-info-confirmation\" class=\"aal_anchor\" href=\"https:\/\/bookingadventures.com.do\/be\/dominicantour\/miches-whales-watching-half-day-experience-media-luna-half-moon\/#additional-info-confirmation\" aria-hidden=\"true\"><\/a><b><i>Potvrzen\u00ed dal\u0161\u00edch informac\u00ed<\/i><\/b><\/h4>\n<ol>\n<li>Vstupenky jsou \u00fa\u010dtenkou po zaplacen\u00ed tohoto z\u00e1jezdu. Platbu m\u016f\u017eete zobrazit na telefonu.<\/li>\n<li>M\u00edsto setk\u00e1n\u00ed bude obdr\u017eeno po procesu rezervace.<\/li>\n<li>D\u011bti mus\u00ed b\u00fdt v doprovodu dosp\u011bl\u00e9 osoby.<\/li>\n<li>bezbari\u00e9rov\u00fd<\/li>\n<li>D\u011bti mus\u00ed sed\u011bt na kl\u00edn\u011b<\/li>\n<li>Z\u00fa\u010dastnit se m\u016f\u017ee v\u011bt\u0161ina cestovatel\u016f<\/li>\n<\/ol>\n<h4><a id=\"cancellation-policy\" class=\"aal_anchor\" href=\"https:\/\/bookingadventures.com.do\/be\/dominicantour\/miches-whales-watching-half-day-experience-media-luna-half-moon\/#cancellation-policy\" aria-hidden=\"true\"><\/a><b><i>Storno podm\u00ednky<\/i><\/b><\/h4>\n<p>Pro vr\u00e1cen\u00ed cel\u00e9 \u010d\u00e1stky zru\u0161te alespo\u0148 24 hodin p\u0159ed datem zah\u00e1jen\u00ed z\u00e1\u017eitku.<\/p>\n<\/div>\n<\/div>\n<\/div>\n<\/div>\n<\/div>\n<\/div>\n<\/div>\n<\/div>\n<\/div>\n<\/div>\n<\/div>\n<\/div>\n\n\t\t<\/div>\n\t<\/div>\n<\/div><\/div><\/div><\/div><div class=\"vc_row wpb_row vc_row-fluid\" ><\/div><div class=\"wpb_column vc_column_container vc_col-sm-12\"><div class=\"vc_column-inner\"><div class=\"wpb_wrapper\"><\/div><\/div><\/div><div class=\"vc_row wpb_row vc_row-fluid\" ><div class=\"wpb_column vc_column_container vc_col-sm-12\"><div class=\"vc_column-inner\"><div class=\"wpb_wrapper\"><div class=\"vc_btn3-container vc_btn3-inline\" ><button class=\"vc_general vc_btn3 vc_btn3-size-md vc_btn3-shape-rounded vc_btn3-style-modern vc_btn3-color-green\">ZAREZERVOVAT HNED<\/button><\/div><\/div><\/div><\/div><\/div>\n<\/section>","protected":false},"excerpt":{"rendered":"<p>P\u016fldenn\u00ed pozorov\u00e1n\u00ed velryb v Samana Bay, Dominik\u00e1nsk\u00e1 republika. Pozorov\u00e1n\u00ed velryb z p\u0159\u00edstavu Miches na pohodln\u00e9m katamar\u00e1nu nebo lodi. Rezervujte si r\u00e1no po sn\u00eddani a nav\u0161tivte Media Luna (Half Moon) a pozorov\u00e1n\u00ed velryb. Rezervujte si tuto exkurzi v z\u00e1livu Samana ji\u017e nyn\u00ed, abyste m\u011bli dobr\u00fd z\u00e1\u017eitek z pozorov\u00e1n\u00ed velryb a cestov\u00e1n\u00ed po mo\u0159i.<\/p>\n<p><strong>Vyberte si term\u00edn prohl\u00eddky:<\/strong><\/p>","protected":false},"featured_media":12019,"template":"","meta":[],"product_cat":[427,255,937],"product_tag":[428,429,228,393,327,199,342,276,277,274,389,388,275],"class_list":["post-9463","product","type-product","status-publish","has-post-thumbnail","hentry","product_cat-miches-whale-watching-and-media-luna","product_cat-tours-excursions-samana-bay-dominican-republic","product_cat-whale-watching-miches","product_tag-half-day-whale-watching-miches","product_tag-media-luna-miches","product_tag-miches","product_tag-miches-whale-watching","product_tag-private-tours-samana","product_tag-samana-bay","product_tag-samana-whale-watching","product_tag-whale-samana","product_tag-whale-tours","product_tag-whale-watching-dominican-republic","product_tag-whale-watching-las-galeras","product_tag-whale-watching-las-terrenas","product_tag-whale-watching-samana"],"_links":{"self":[{"href":"https:\/\/tourwhales.com\/cs\/wp-json\/wp\/v2\/product\/9463","targetHints":{"allow":["GET"]}}],"collection":[{"href":"https:\/\/tourwhales.com\/cs\/wp-json\/wp\/v2\/product"}],"about":[{"href":"https:\/\/tourwhales.com\/cs\/wp-json\/wp\/v2\/types\/product"}],"wp:featuredmedia":[{"embeddable":true,"href":"https:\/\/tourwhales.com\/cs\/wp-json\/wp\/v2\/media\/12019"}],"wp:attachment":[{"href":"https:\/\/tourwhales.com\/cs\/wp-json\/wp\/v2\/media?parent=9463"}],"wp:term":[{"taxonomy":"product_cat","embeddable":true,"href":"https:\/\/tourwhales.com\/cs\/wp-json\/wp\/v2\/product_cat?post=9463"},{"taxonomy":"product_tag","embeddable":true,"href":"https:\/\/tourwhales.com\/cs\/wp-json\/wp\/v2\/product_tag?post=9463"}],"curies":[{"name":"wp","href":"https:\/\/api.w.org\/{rel}","templated":true}]}}