
{"id":9395,"date":"2019-09-11T08:14:56","date_gmt":"2019-09-11T08:14:56","guid":{"rendered":"https:\/\/tourwhales.com\/?post_type=product&#038;p=9395"},"modified":"2024-10-18T20:29:19","modified_gmt":"2024-10-18T20:29:19","slug":"half-day-whale-watching-samana-in-catamaran-morning-or-afternoon","status":"publish","type":"product","link":"https:\/\/tourwhales.com\/cs\/Tours-Excursions\/tours-excursions-samana-bay-dominican-republic\/half-day-whale-watching-samana-in-catamaran-morning-or-afternoon\/","title":{"rendered":"P\u016fldenn\u00ed pozorov\u00e1n\u00ed velryb Saman\u00e1 v katamar\u00e1nu r\u00e1no"},"content":{"rendered":"<section class=\"wpb-content-wrapper\"><div class=\"vc_row wpb_row vc_row-fluid\" ><div class=\"wpb_column vc_column_container vc_col-sm-12\"><div class=\"vc_column-inner\"><div class=\"wpb_wrapper\"><div class=\"mkdf-section-title-holder\" style=\"text-align: left\">\n\t<div class=\"mkdf-st-inner\">\n\t\t\t\t\t<h5 class=\"mkdf-st-subtitle\" >\n\t\t\t\tR\u00e1no nebo odpoledne\t\t\t<\/h5>\n\t\t\t\t\t\t\t<h3 class=\"mkdf-st-title\" >\n\t\t\t\tP\u016fldenn\u00ed pozorov\u00e1n\u00ed velryb Samana v katamar\u00e1nu\t\t\t<\/h3>\n\t\t\t\t\t<\/div>\n<\/div><div class=\"vc_empty_space\"   style=\"height: 32px\"><span class=\"vc_empty_space_inner\"><\/span><\/div><div class=\"vc_message_box vc_message_box-standard vc_message_box-rounded vc_color-info\" ><div class=\"vc_message_box-icon\"><i class=\"fas fa-info-circle\"><\/i><\/div><p><strong>Cena nezahrnuje ob\u011bd. pokud chcete, uve\u010fte v\u0161echny:\u00a0 <a href=\"https:\/\/tourwhales.com\/cs\/Tours-Excursions\/tours-and-excursions\/samana-whale-watching-cayo-levantado\/\">Klikn\u011bte zde\u00a0<\/a><\/strong><\/p>\n<\/div><div class=\"vc_empty_space\"   style=\"height: 32px\"><span class=\"vc_empty_space_inner\"><\/span><\/div><\/div><\/div><\/div><\/div><div class=\"vc_row wpb_row vc_row-fluid\" ><div class=\"wpb_column vc_column_container vc_col-sm-12\"><div class=\"vc_column-inner\"><div class=\"wpb_wrapper\"><div class=\"vc_btn3-container vc_btn3-inline\" ><button class=\"vc_general vc_btn3 vc_btn3-size-md vc_btn3-shape-rounded vc_btn3-style-modern vc_btn3-color-green\">ZAREZERVOVAT HNED<\/button><\/div>\n\t<div class=\"wpb_text_column wpb_content_element\" >\n\t\t<div class=\"wpb_wrapper\">\n\t\t\t<div class=\"vc_row wpb_row vc_row-fluid\">\n<div class=\"wpb_column vc_column_container vc_col-sm-12\">\n<div class=\"vc_column-inner\">\n<div class=\"wpb_wrapper\">\n<div class=\"wpb_text_column wpb_content_element\">\n<div class=\"wpb_wrapper\">\n<div class=\"vc_row wpb_row vc_row-fluid\">\n<div class=\"wpb_column vc_column_container vc_col-sm-12\">\n<div class=\"vc_column-inner\">\n<div class=\"wpb_wrapper\">\n<div class=\"wpb_text_column wpb_content_element\">\n<div class=\"wpb_wrapper\">\n<h4><b><i>P\u0159ehled<img decoding=\"async\" class=\"emoji\" draggable=\"false\" src=\"https:\/\/s.w.org\/images\/core\/emoji\/12.0.0-1\/svg\/1f433.svg\" alt=\"\ud83d\udc33\" \/><\/i><\/b><\/h4>\n<p>nPo p\u0159eru\u0161en\u00ed na\u0161\u00ed lodi nav\u0161t\u00edvit velryby v jejich vlastn\u00edm prost\u0159ed\u00ed. Na\u0161i kapit\u00e1ni jsou vycvi\u010deni, aby zajistili, \u017ee uvid\u00edte velryby.<\/p>\n<p>Od 9:00 do 12:00 nebo Soukrom\u00e9 minim\u00e1ln\u011b 4 osoby od 13:00 do 15:30. Observato\u0159 pro pozorov\u00e1n\u00ed velryb a Po tomto v\u00fdletu za velrybou Whatchig se vr\u00e1t\u00edme do hlavn\u00edho p\u0159\u00edstavu Samana.<\/p>\n<p><strong>Pozn\u00e1mka:<\/strong> Tato prohl\u00eddka nen\u00ed soukrom\u00e1. Pokud si p\u0159ejete nastavit soukromou prohl\u00eddku, kontaktujte n\u00e1s!<\/p>\n<ul>\n<li>V\u00fdlet za pozorov\u00e1n\u00edm velryb<\/li>\n<li>Lodn\u00ed katamarn transfer<\/li>\n<li>Kapit\u00e1n poskytuje instrukce a dohled<\/li>\n<li>Pr\u016fvodce<\/li>\n<\/ul>\n<p>&nbsp;<\/p>\n<h4><b>Zahrnut\u00ed a vylou\u010den\u00ed<\/b><\/h4>\n<p>&nbsp;<\/p>\n<p><b>Inkluze<\/b><\/p>\n<ol>\n<li>Pr\u016fvodce<\/li>\n<li>Katamar\u00e1n nebo v\u00fdlet lod\u00ed<\/li>\n<li>V\u0161echny dan\u011b, poplatky a manipula\u010dn\u00ed poplatky<\/li>\n<li>M\u00edstn\u00ed dan\u011b<\/li>\n<\/ol>\n<p><b>V\u00fdluky<\/b><\/p>\n<ol>\n<li>Spropitn\u00e9<\/li>\n<li>Transfer Car<\/li>\n<li>Alkoholick\u00e9 n\u00e1poje<\/li>\n<li>N\u00e1poje<\/li>\n<li>Dramamine tablety (voliteln\u00e9)<\/li>\n<li>Vstupn\u00e9 do Sanctuary. (N\u00e1ramek)<\/li>\n<\/ol>\n<p>&nbsp;<\/p>\n<h4><em><strong>Odjezd a n\u00e1vrat<\/strong><\/em><\/h4>\n<p>Cestovatel z\u00edsk\u00e1 m\u00edsto setk\u00e1n\u00ed po procesu rezervace. Prohl\u00eddky za\u010d\u00ednaj\u00ed a kon\u010d\u00ed v na\u0161ich shroma\u017e\u010fovac\u00edch m\u00edstech.<\/p>\n<h3>P\u016fldenn\u00ed pozorov\u00e1n\u00ed velryb Samana v katamar\u00e1nu<\/h3>\n<h4><b><i>Co \u010dekat?<\/i><\/b><\/h4>\n<p>&nbsp;<\/p>\n<p><em><strong>Z\u00edskejte vstupenky<\/strong><\/em> na p\u016fldenn\u00ed v\u00fdlet Pozorov\u00e1n\u00ed velryb v z\u00e1toce Saman\u00e1.<\/p>\n<p>P\u016fldenn\u00ed v\u00fdlet za pozorov\u00e1n\u00edm velryb, organizovan\u00fd \u201eBooking Adventures\u201c, za\u010d\u00edn\u00e1 na m\u00edst\u011b setk\u00e1n\u00ed s pr\u016fvodcem. Ob\u011bd na pl\u00e1\u017ei je <strong>ne<\/strong> zahrnout do t\u00e9to prohl\u00eddky.<\/p>\n<p>&nbsp;<\/p>\n<p><strong>J\u00edzdn\u00ed \u0159\u00e1d:<\/strong><\/p>\n<p>9:00\u201312:30<\/p>\n<p>13:00\u201315:30. (V\u011bt\u0161inou se jedn\u00e1 o soukrom\u00fd v\u00fdlet minim\u00e1ln\u011b 4 osoby nebo n\u00e1s kontaktujte).<\/p>\n<\/div>\n<p>\u010cas se m\u016f\u017ee zm\u011bnit v z\u00e1vislosti na tom, kolik velryb uvid\u00edme.<\/p>\n<div class=\"wpb_wrapper\">\n<p>&nbsp;<\/p>\n<h4><em><strong>Co byste m\u011bli p\u0159in\u00e9st?<\/strong><\/em><\/h4>\n<ul>\n<li>Fotoapar\u00e1t<\/li>\n<li>Repelentn\u00ed pupeny<\/li>\n<li>opalovac\u00ed kr\u00e9m<\/li>\n<li>\u010cepice<\/li>\n<li>Pohodln\u00e9 kalhoty<\/li>\n<li>Plavky<\/li>\n<li>Pen\u00edze za suven\u00fdry<\/li>\n<\/ul>\n<p>&nbsp;<\/p>\n<h4><b><i>Hotel vyzvednut\u00ed<\/i><\/b><\/h4>\n<p>Vyzvednut\u00ed v hotelu nen\u00ed pro tento z\u00e1jezd nab\u00edzeno.<\/p>\n<p>&nbsp;<\/p>\n<p><b>Pozn\u00e1mka:<\/b>\u00a0pokud prov\u00e1d\u00edte rezervaci do 24 hodin od \u010dasu odjezdu z\u00e1jezdu\/exkurze, m\u016f\u017eeme za\u0159\u00eddit vyzvednut\u00ed v hotelu za p\u0159\u00edplatek. Jakmile bude v\u00e1\u0161 n\u00e1kup dokon\u010den, za\u0161leme v\u00e1m kompletn\u00ed kontaktn\u00ed informace (telefonn\u00ed \u010d\u00edslo, e-mailovou adresu atd.) pro na\u0161eho m\u00edstn\u00edho pr\u016fvodce, abychom mohli zajistit vyzvednut\u00ed.<\/p>\n<h4><b><i>Potvrzen\u00ed dal\u0161\u00edch informac\u00ed<\/i><\/b><\/h4>\n<ol>\n<li>Vstupenky jsou \u00fa\u010dtenkou po zaplacen\u00ed tohoto z\u00e1jezdu. Platbu m\u016f\u017eete zobrazit na telefonu.<\/li>\n<li>M\u00edsto setk\u00e1n\u00ed bude obdr\u017eeno po procesu rezervace.<\/li>\n<li>D\u011bti mus\u00ed b\u00fdt v doprovodu dosp\u011bl\u00e9 osoby.<\/li>\n<li>bezbari\u00e9rov\u00fd<\/li>\n<li>D\u011bti mus\u00ed sed\u011bt na kl\u00edn\u011b<\/li>\n<li>Z\u00fa\u010dastnit se m\u016f\u017ee v\u011bt\u0161ina cestovatel\u016f<\/li>\n<\/ol>\n<h4><b><i>Storno podm\u00ednky<\/i><\/b><\/h4>\n<p>Chcete-li z\u00edskat plnou n\u00e1hradu, p\u0159e\u010dt\u011bte si na\u0161e storno podm\u00ednky\u00a0<a href=\"https:\/\/tourwhales.com\/cs\/online-booking\/\" target=\"_blank\" rel=\"noopener\" data-saferedirecturl=\"https:\/\/www.google.com\/url?q=https:\/\/tourwhales.com\/online-booking\/&amp;source=gmail&amp;ust=1672449202351000&amp;usg=AOvVaw1yAeVAPktmaVCqDujgUn90\">Klikn\u011bte zde<\/a>. Prost\u0159edky budou ztraceny, pokud bude rezervace zru\u0161ena ve stejn\u00fd den cesty.<\/p>\n<\/div>\n<\/div>\n<\/div>\n<\/div>\n<\/div>\n<\/div>\n<\/div>\n<\/div>\n<\/div>\n<\/div>\n<\/div>\n<\/div>\n<div class=\"vc_row wpb_row vc_row-fluid\">\n<div class=\"wpb_column vc_column_container vc_col-sm-12\">\n<div class=\"vc_column-inner\">\n<div class=\"wpb_wrapper\">\n<div class=\"vc_empty_space\"><\/div>\n<div class=\"wpb_text_column wpb_content_element\">\n<div class=\"wpb_wrapper\">\n<h4>Kontaktujte n\u00e1s?<\/h4>\n<h5><b><i>PROHL\u00cdDKA VELRYB SAMANA<\/i><\/b><\/h5>\n<p><em><strong>M\u00edstn\u00ed obyvatel\u00e9<\/strong>\u00a0a\u00a0<strong>st\u00e1tn\u00ed p\u0159\u00edslu\u0161n\u00edci<\/strong>\u00a0Pr\u016fvodci a slu\u017eby pro hosty<\/em><\/p>\n<p><span class=\"text-turquoise\">Rezervace:<\/span>\u00a0Prohl\u00eddky a exkurze v Dom. Rep.<\/p>\n<p><img decoding=\"async\" class=\"emoji\" draggable=\"false\" src=\"https:\/\/s.w.org\/images\/core\/emoji\/11.2.0\/svg\/1f4de.svg\" alt=\"\ud83d\udcde\" \/>\u00a0Tel \/ Whatsapp\u00a0\u00a0<a href=\"tel:+18494995063\">+18494995063<\/a>.<\/p>\n<p><img decoding=\"async\" class=\"emoji\" draggable=\"false\" src=\"https:\/\/s.w.org\/images\/core\/emoji\/11.2.0\/svg\/1f4e9.svg\" alt=\"\ud83d\udce9\" \/>\u00a0<a href=\"mailto:info@bookingadventures.com.do\">info@bookingadventures.com.do<\/a><\/p>\n<p><strong>Flexibiln\u011b nastavujeme soukrom\u00e9 prohl\u00eddky od Whatsapp:\u00a0<a href=\"tel:+18097206035\">+18097206035.<\/a><\/strong><\/p>\n<\/div>\n<\/div>\n<\/div>\n<\/div>\n<\/div>\n<\/div>\n\n\t\t<\/div>\n\t<\/div>\n<div class=\"vc_message_box vc_message_box-standard vc_message_box-rounded vc_color-info\" ><div class=\"vc_message_box-icon\"><i class=\"fas fa-info-circle\"><\/i><\/div><p><strong>Cena nezahrnuje ob\u011bd. pokud chcete, uve\u010fte v\u0161echny:\u00a0 <a href=\"https:\/\/tourwhales.com\/cs\/Tours-Excursions\/tours-and-excursions\/samana-whale-watching-cayo-levantado\/\">Klikn\u011bte zde\u00a0<\/a><\/strong><\/p>\n<\/div><\/div><\/div><\/div><\/div><div class=\"vc_row wpb_row vc_row-fluid\" ><div class=\"wpb_column vc_column_container vc_col-sm-12\"><div class=\"vc_column-inner\"><div class=\"wpb_wrapper\"><div class=\"vc_btn3-container vc_btn3-inline\" ><button class=\"vc_general vc_btn3 vc_btn3-size-md vc_btn3-shape-rounded vc_btn3-style-modern vc_btn3-color-green\">ZAREZERVOVAT HNED<\/button><\/div><\/div><\/div><\/div><\/div>\n<\/section>","protected":false},"excerpt":{"rendered":"<p>P\u016fldenn\u00ed pozorov\u00e1n\u00ed velryb Samana Bay, Dominik\u00e1nsk\u00e1 republika. Pozorov\u00e1n\u00ed velryb z p\u0159\u00edstavu Saman\u00e1 v pohodln\u00e9m katamar\u00e1nu. Rezervujte si rann\u00ed nebo odpoledn\u00ed v\u00fdlety na pozorov\u00e1n\u00ed velryb. Zarezervujte si tuto exkurzi v z\u00e1toce Samana, abyste m\u011bli dobr\u00fd z\u00e1\u017eitek z v\u00fdletu s pozorov\u00e1n\u00edm velryb.<\/p>\n<p><strong>Cena nezahrnuje ob\u011bd. Pokud chcete v\u0161echny, uve\u010fte pros\u00edm:\u00a0 <a href=\"https:\/\/tourwhales.com\/cs\/Tours-Excursions\/tours-and-excursions\/samana-whale-watching-cayo-levantado\/\">Klikn\u011bte zde\u00a0<\/a><\/strong><\/p>\n<p>&nbsp;<\/p>","protected":false},"featured_media":12055,"template":"","meta":[],"product_cat":[655,385,255,273],"product_tag":[387,327,342,276,277,274,389,388,275],"class_list":["post-9395","product","type-product","status-publish","has-post-thumbnail","hentry","product_cat-1-samana","product_cat-half-day-whale-watching-samana-in-catamaran","product_cat-tours-excursions-samana-bay-dominican-republic","product_cat-whale-watching-samana","product_tag-half-day-whale-watching-samana-in-catamaran-morning-or-afternoon","product_tag-private-tours-samana","product_tag-samana-whale-watching","product_tag-whale-samana","product_tag-whale-tours","product_tag-whale-watching-dominican-republic","product_tag-whale-watching-las-galeras","product_tag-whale-watching-las-terrenas","product_tag-whale-watching-samana"],"_links":{"self":[{"href":"https:\/\/tourwhales.com\/cs\/wp-json\/wp\/v2\/product\/9395","targetHints":{"allow":["GET"]}}],"collection":[{"href":"https:\/\/tourwhales.com\/cs\/wp-json\/wp\/v2\/product"}],"about":[{"href":"https:\/\/tourwhales.com\/cs\/wp-json\/wp\/v2\/types\/product"}],"wp:featuredmedia":[{"embeddable":true,"href":"https:\/\/tourwhales.com\/cs\/wp-json\/wp\/v2\/media\/12055"}],"wp:attachment":[{"href":"https:\/\/tourwhales.com\/cs\/wp-json\/wp\/v2\/media?parent=9395"}],"wp:term":[{"taxonomy":"product_cat","embeddable":true,"href":"https:\/\/tourwhales.com\/cs\/wp-json\/wp\/v2\/product_cat?post=9395"},{"taxonomy":"product_tag","embeddable":true,"href":"https:\/\/tourwhales.com\/cs\/wp-json\/wp\/v2\/product_tag?post=9395"}],"curies":[{"name":"wp","href":"https:\/\/api.w.org\/{rel}","templated":true}]}}