
{"id":8237,"date":"2019-03-17T11:06:09","date_gmt":"2019-03-17T11:06:09","guid":{"rendered":"https:\/\/tourwhales.com\/?post_type=product&#038;p=8237"},"modified":"2024-10-18T20:29:21","modified_gmt":"2024-10-18T20:29:21","slug":"kayaking-in-los-haitises-with-tour-guide-from-cano-hondo-2","status":"publish","type":"product","link":"https:\/\/tourwhales.com\/cs\/Tours-Excursions\/caves\/kayaking-in-los-haitises-with-tour-guide-from-cano-hondo-2\/","title":{"rendered":"2 hodiny na kajaku Los Haitises"},"content":{"rendered":"<section class=\"wpb-content-wrapper\"><div class=\"vc_row wpb_row vc_row-fluid\" ><div class=\"wpb_column vc_column_container vc_col-sm-12\"><div class=\"vc_column-inner\"><div class=\"wpb_wrapper\"><div class=\"vc_btn3-container vc_btn3-inline\" ><a class=\"vc_general vc_btn3 vc_btn3-size-md vc_btn3-shape-rounded vc_btn3-style-modern vc_btn3-color-green\" href=\"https:\/\/bookingadventures.tours\/booking.php?tour_id=76244158e4bf48f84872b711d82fa754\" title=\"\">ZAREZERVOVAT HNED<\/a><\/div><div class=\"mkdf-section-title-holder\" style=\"text-align: left\">\n\t<div class=\"mkdf-st-inner\">\n\t\t\t\t\t<h5 class=\"mkdf-st-subtitle\" >\n\t\t\t\tKajaky a m\u00edstn\u00ed pr\u016fvodce\t\t\t<\/h5>\n\t\t\t\t\t\t\t<h3 class=\"mkdf-st-title\" >\n\t\t\t\tJ\u00edzda na kajaku v n\u00e1rodn\u00edm parku Los Haitises s pr\u016fvodcem z Ca\u00f1o Hondo 2 hodiny\t\t\t<\/h3>\n\t\t\t\t\t<\/div>\n<\/div><\/div><\/div><\/div><\/div><div class=\"vc_row wpb_row vc_row-fluid\" ><div class=\"wpb_column vc_column_container vc_col-sm-12\"><div class=\"vc_column-inner\"><div class=\"wpb_wrapper\"><div class=\"vc_empty_space\"   style=\"height: 32px\"><span class=\"vc_empty_space_inner\"><\/span><\/div><\/div><\/div><\/div><\/div><div class=\"vc_row wpb_row vc_row-fluid\" ><div class=\"wpb_column vc_column_container vc_col-sm-12\"><div class=\"vc_column-inner\"><div class=\"wpb_wrapper\">\n\t<div class=\"wpb_text_column wpb_content_element\" >\n\t\t<div class=\"wpb_wrapper\">\n\t\t\t<h4><b><i>P\u0159ehled <\/i><\/b><\/h4>\n<p>J\u00edzda na kajaku po mangrovech v n\u00e1rodn\u00edm parku Los Haitises s m\u00edstn\u00edm pr\u016fvodcem 2 hodiny. N\u00e1v\u0161t\u011bva mangrov\u016f v \u0159ece Cano Hondo plus p\u0159ehled z\u00e1toky San Lorenzo v n\u00e1rodn\u00edm parku Los Haitises, oblast Sabana de la mar Cano Hondo. V p\u0159\u00edpad\u011b, \u017ee se v\u00e1m bude l\u00edbit d\u00e9le: <a href=\"https:\/\/tourwhales.com\/cs\/Tours-Excursions\/kayaking\/kayaking-in-los-haitises-with-tour-guide-from-cano-hondo-4-hours\/\"><strong>4 hodiny j\u00edzdy na kajaku v Los Haitises.<\/strong><\/a><\/p>\n<ul>\n<li style=\"font-weight: 400;\"><span style=\"font-weight: 400;\">Pr\u016fvodce poskytuje instrukce a supervizi<\/span><\/li>\n<li>Kajaky a p\u00e1dla k dispozici doble pro dv\u011b osoby a jednoduch\u00e9 pouze pro jednu osobu.<\/li>\n<\/ul>\n<p>&nbsp;<\/p>\n<h4><b>Zahrnut\u00ed a vylou\u010den\u00ed<\/b><\/h4>\n<p>&nbsp;<\/p>\n<p><b>Inkluze<\/b><\/p>\n<p>&nbsp;<\/p>\n<ol>\n<li style=\"font-weight: 400;\">V\u00fdlet na kajaku<\/li>\n<li style=\"font-weight: 400;\"><span style=\"font-weight: 400;\">V\u0161echny dan\u011b, poplatky a manipula\u010dn\u00ed poplatky<\/span><\/li>\n<li style=\"font-weight: 400;\"><span style=\"font-weight: 400;\">M\u00edstn\u00ed dan\u011b<\/span><\/li>\n<li style=\"font-weight: 400;\"><span style=\"font-weight: 400;\">M\u00edstn\u00ed pr\u016fvodce<\/span><\/li>\n<\/ol>\n<p><b> V\u00fdluky<\/b><\/p>\n<ol>\n<li style=\"font-weight: 400;\"><span style=\"font-weight: 400;\">Spropitn\u00e9<\/span><\/li>\n<li style=\"font-weight: 400;\"><span style=\"font-weight: 400;\">P\u0159evod<\/span><\/li>\n<li>Ob\u011bd nen\u00ed v cen\u011b<\/li>\n<li>Jeskyn\u011b nejsou zahrnuty<\/li>\n<li style=\"font-weight: 400;\"><span style=\"font-weight: 400;\">Alkoholick\u00e9 n\u00e1poje<\/span><\/li>\n<\/ol>\n<p>&nbsp;<\/p>\n<h4><em><strong>Odjezd a n\u00e1vrat<\/strong><\/em><\/h4>\n<p><span style=\"font-weight: 400;\">Cestovatel z\u00edsk\u00e1 m\u00edsto setk\u00e1n\u00ed po procesu rezervace. Prohl\u00eddky za\u010d\u00ednaj\u00ed a kon\u010d\u00ed v m\u00edstech setk\u00e1n\u00ed.<\/span><\/p>\n<p>&nbsp;<\/p>\n<h4><b><i>Co \u010dekat?<\/i><\/b><\/h4>\n<p>&nbsp;<\/p>\n<p><em><strong>Z\u00edskejte vstupenky<\/strong><\/em> za n\u00e1v\u0161t\u011bvu 2 hodin j\u00edzdy na kajaku po \u0159ece Ca\u00f1o Hondo (mangrovy) s m\u00edstn\u00edmi pr\u016fvodci.<\/p>\n<p>Kdy\u017e z\u00edsk\u00e1me v\u0161echny typy vybaven\u00ed pot\u0159ebn\u00e9 pro va\u0161i bezpe\u010dnost (z\u00e1chrann\u00e9 vesty atd.), za\u010dn\u011bte s kajakem z p\u0159\u00edstavu Ca\u00f1o Hondo River.<\/p>\n<p><span style=\"font-weight: 400;\">Prohl\u00eddka organizovan\u00e1 \u201eBooking Adventures\u201c za\u010d\u00edn\u00e1 na m\u00edst\u011b setk\u00e1n\u00ed s pr\u016fvodcem. <\/span>Je\u010fte na kajaku a proplouvejte mangrovov\u00fdmi ba\u017einami, kolem starov\u011bk\u00fdch pir\u00e1tsk\u00fdch jeskyn\u00ed a do chr\u00e1n\u011bn\u00fdch les\u016f v t\u00e9to malebn\u00e9 rezervaci za\u010d\u00ednaj\u00edc\u00ed od oblasti Cano Hondo Hotels nebo od Sabana de la Mar,<\/p>\n<div class=\"body-description secondary\">\n<p>P\u0159ij\u010fte s Booking Adventures a za\u010dn\u011bte si prohl\u00ed\u017eet mangrovy pln\u00e9 pt\u00e1k\u016f, zvln\u011bn\u00e9 kopce bujn\u00e9 vegetace a jeskyn\u011b <em><strong>N\u00e1rodn\u00ed park Los Haitises<\/strong><\/em>. V\u00fdlet na kajakech od \u0159eky Cano Hondo, Sabana de la Mar. Mangrovov\u00fdmi porosty a pevninou v otev\u0159en\u00e9 z\u00e1toce San Lorenzo, odkud m\u016f\u017eete fotografovat drsnou lesn\u00ed krajinu. Pod\u00edvejte se na vodu, abyste ji na\u0161li <em><strong>Manatees<\/strong><\/em>, kor\u00fd\u0161i a <em><strong>delf\u00edny.<\/strong><\/em><\/p>\n<p>V p\u0159\u00edpad\u011b, \u017ee se v\u00e1m tento v\u00fdlet bude l\u00edbit d\u00e9le, m\u00e1me druhou mo\u017enost: <a href=\"https:\/\/tourwhales.com\/cs\/Tours-Excursions\/kayaking\/kayaking-in-los-haitises-with-tour-guide-from-cano-hondo-4-hours\/\"><em><strong>J\u00edzda na kajaku v Los Haitises 4 hodiny<\/strong><\/em><\/a><\/p>\n<p>Tour kon\u010d\u00ed na v\u00fdchoz\u00edm m\u00edst\u011b v n\u00e1rodn\u00edm parku Los Haitises. Tento v\u00fdlet doporu\u010dujeme v 6:00 v p\u0159\u00edpad\u011b, \u017ee se budete cht\u00edt pod\u00edvat <em><strong>Manatees<\/strong><\/em>, kor\u00fd\u0161i a <em><strong>delf\u00edny.<\/strong><\/em><\/p>\n<\/div>\n<p><em><strong>6:00<\/strong><\/em> je brzy, tak\u017ee v n\u00e1rodn\u00edm parku Los Haitises je\u0161t\u011b nejsou lod\u011b.<\/p>\n<h4><em><strong>Co byste m\u011bli p\u0159in\u00e9st?<\/strong><\/em><\/h4>\n<ul>\n<li style=\"font-weight: 400;\"><span style=\"font-weight: 400;\">Fotoapar\u00e1t<\/span><\/li>\n<li style=\"font-weight: 400;\"><span style=\"font-weight: 400;\">Repelentn\u00ed pupeny<\/span><\/li>\n<li style=\"font-weight: 400;\"><span style=\"font-weight: 400;\">opalovac\u00ed kr\u00e9m<\/span><\/li>\n<li style=\"font-weight: 400;\"><span style=\"font-weight: 400;\">\u010cepice<\/span><\/li>\n<li style=\"font-weight: 400;\"><span style=\"font-weight: 400;\">Pohodln\u00e9 kalhoty<\/span><\/li>\n<li style=\"font-weight: 400;\"><span style=\"font-weight: 400;\">Sand\u00e1ly\u00a0<\/span><\/li>\n<li style=\"font-weight: 400;\"><span style=\"font-weight: 400;\">Plavky<\/span><\/li>\n<\/ul>\n<p>&nbsp;<\/p>\n<h4><b><i>Hotel vyzvednut\u00ed <\/i><\/b><\/h4>\n<p><span style=\"font-weight: 400;\">Vyzvednut\u00ed v hotelu nen\u00ed pro tento z\u00e1jezd nab\u00edzeno. <\/span><\/p>\n<p>&nbsp;<\/p>\n<p><b>Pozn\u00e1mka:<\/b><span style=\"font-weight: 400;\"> pokud prov\u00e1d\u00edte rezervaci do 24 hodin od \u010dasu odjezdu z\u00e1jezdu\/exkurze, m\u016f\u017eeme za\u0159\u00eddit vyzvednut\u00ed v hotelu za p\u0159\u00edplatek. Jakmile bude v\u00e1\u0161 n\u00e1kup dokon\u010den, za\u0161leme v\u00e1m kompletn\u00ed kontaktn\u00ed informace (telefonn\u00ed \u010d\u00edslo, e-mailovou adresu atd.) pro na\u0161eho m\u00edstn\u00edho pr\u016fvodce, abychom mohli zajistit vyzvednut\u00ed.<\/span><\/p>\n<h4><b><i>Potvrzen\u00ed dal\u0161\u00edch informac\u00ed <\/i><\/b><\/h4>\n<ol>\n<li>Vstupenky jsou \u00fa\u010dtenkou po zaplacen\u00ed tohoto z\u00e1jezdu. Platbu m\u016f\u017eete zobrazit na telefonu.<\/li>\n<li style=\"font-weight: 400;\"><span style=\"font-weight: 400;\">M\u00edsto setk\u00e1n\u00ed bude obdr\u017eeno po procesu rezervace.<\/span><\/li>\n<li style=\"font-weight: 400;\"><span style=\"font-weight: 400;\">D\u011bti mus\u00ed b\u00fdt v doprovodu dosp\u011bl\u00e9 osoby.<\/span><\/li>\n<li style=\"font-weight: 400;\"><span style=\"font-weight: 400;\"> Bezbari\u00e9rov\u00fd p\u0159\u00edstup <\/span><\/li>\n<li style=\"font-weight: 400;\"><span style=\"font-weight: 400;\">D\u011bti mus\u00ed sed\u011bt na kl\u00edn\u011b <\/span><\/li>\n<li style=\"font-weight: 400;\"><span style=\"font-weight: 400;\">Nedoporu\u010duje se pro cestovatele s probl\u00e9my se z\u00e1dy<\/span><\/li>\n<li style=\"font-weight: 400;\"><span style=\"font-weight: 400;\">Nedoporu\u010duje se t\u011bhotn\u00fdm cestovatel\u016fm <\/span><\/li>\n<li style=\"font-weight: 400;\"><span style=\"font-weight: 400;\"> \u017d\u00e1dn\u00e9 probl\u00e9my se srdcem ani jin\u00e9 z\u00e1va\u017en\u00e9 zdravotn\u00ed stavy <\/span><\/li>\n<li style=\"font-weight: 400;\"><span style=\"font-weight: 400;\">Z\u00fa\u010dastnit se m\u016f\u017ee v\u011bt\u0161ina cestovatel\u016f<\/span><\/li>\n<\/ol>\n<h4><b><i>Storno podm\u00ednky<\/i><\/b><\/h4>\n<p>Chcete-li z\u00edskat plnou n\u00e1hradu, p\u0159e\u010dt\u011bte si na\u0161e storno podm\u00ednky\u00a0<a href=\"https:\/\/tourwhales.com\/cs\/online-booking\/\" target=\"_blank\" rel=\"noopener\" data-saferedirecturl=\"https:\/\/www.google.com\/url?q=https:\/\/tourwhales.com\/online-booking\/&amp;source=gmail&amp;ust=1672532492004000&amp;usg=AOvVaw3ylqI1cdbIPTimEqEWneyd\">Klikn\u011bte zde<\/a>. Prost\u0159edky budou ztraceny, pokud bude rezervace zru\u0161ena ve stejn\u00fd den cesty.<\/p>\n\n\t\t<\/div>\n\t<\/div>\n\n\t<div class=\"wpb_video_widget wpb_content_element vc_clearfix   vc_video-aspect-ratio-169 vc_video-el-width-100 vc_video-align-left\" >\n\t\t<div class=\"wpb_wrapper\">\n\t\t\t<h2 class=\"wpb_heading wpb_video_heading\">V\u00fdlety na kajaku Los Haitises<\/h2>\n\t\t\t<div class=\"wpb_video_wrapper\"><iframe loading=\"lazy\" title=\"J\u00edzda na kajaku a speleologie v n\u00e1rodn\u00edm parku Los Haitises, Dominik\u00e1nsk\u00e1 republika\" width=\"1100\" height=\"619\" src=\"https:\/\/www.youtube.com\/embed\/ucU1uwB57wQ?feature=oembed\" frameborder=\"0\" allow=\"accelerometer; autoplay; clipboard-write; encrypted-media; gyroscope; picture-in-picture; web-share\" allowfullscreen><\/iframe><\/div>\n\t\t<\/div>\n\t<\/div>\n<div class=\"vc_btn3-container vc_btn3-inline\" ><a class=\"vc_general vc_btn3 vc_btn3-size-md vc_btn3-shape-rounded vc_btn3-style-modern vc_btn3-color-green\" href=\"https:\/\/bookingadventures.tours\/booking.php?tour_id=76244158e4bf48f84872b711d82fa754\" title=\"\">ZAREZERVOVAT HNED<\/a><\/div><\/div><\/div><\/div><\/div><div class=\"vc_row wpb_row vc_row-fluid\" ><div class=\"wpb_column vc_column_container vc_col-sm-12\"><div class=\"vc_column-inner\"><div class=\"wpb_wrapper\"><\/div><\/div><\/div><\/div><div class=\"vc_row wpb_row vc_row-fluid\" ><div class=\"wpb_column vc_column_container vc_col-sm-12\"><div class=\"vc_column-inner\"><div class=\"wpb_wrapper\"><div class=\"vc_empty_space\"   style=\"height: 32px\"><span class=\"vc_empty_space_inner\"><\/span><\/div>\n\t<div class=\"wpb_text_column wpb_content_element\" >\n\t\t<div class=\"wpb_wrapper\">\n\t\t\t<h4>Kontaktujte n\u00e1s?<\/h4>\n<h5><em><strong>Rezervace dobrodru\u017estv\u00ed<\/strong><\/em><\/h5>\n<p><em><strong>M\u00edstn\u00ed obyvatel\u00e9<\/strong> a <strong>st\u00e1tn\u00ed p\u0159\u00edslu\u0161n\u00edci<\/strong> Pr\u016fvodci a slu\u017eby pro hosty<\/em><\/p>\n<p><span class=\"text-turquoise\">Rezervace:<\/span> Prohl\u00eddky a exkurze v Dom. Rep.<\/p>\n<p><img decoding=\"async\" class=\"emoji\" draggable=\"false\" src=\"https:\/\/s.w.org\/images\/core\/emoji\/11.2.0\/svg\/1f4de.svg\" alt=\"\ud83d\udcde\" \/> Tel \/ Whatsapp\u00a0 <a href=\"tel:+18494995063\">+18494995063<\/a>.<\/p>\n<p><img decoding=\"async\" class=\"emoji\" draggable=\"false\" src=\"https:\/\/s.w.org\/images\/core\/emoji\/11.2.0\/svg\/1f4e9.svg\" alt=\"\ud83d\udce9\" \/> <a href=\"mailto:info@bookingadventures.com.do\">info@bookingadventures.com.do<\/a><\/p>\n<p><strong>Flexibiln\u011b nastavujeme soukrom\u00e9 prohl\u00eddky od Whatsapp: <a href=\"tel:+18097206035\">+18097206035.<\/a><\/strong><\/p>\n\n\t\t<\/div>\n\t<\/div>\n<div class=\"vc_empty_space\"   style=\"height: 32px\"><span class=\"vc_empty_space_inner\"><\/span><\/div><\/div><\/div><\/div><\/div><div class=\"vc_row wpb_row vc_row-fluid\" ><div class=\"wpb_column vc_column_container vc_col-sm-12\"><div class=\"vc_column-inner\"><div class=\"wpb_wrapper\"><div class=\"vc_btn3-container vc_btn3-inline\" ><a class=\"vc_general vc_btn3 vc_btn3-size-md vc_btn3-shape-rounded vc_btn3-style-modern vc_btn3-color-green\" href=\"https:\/\/bookingadventures.tours\/booking.php?tour_id=76244158e4bf48f84872b711d82fa754\" title=\"\">ZAREZERVOVAT HNED<\/a><\/div><\/div><\/div><\/div><\/div>\n<\/section>","protected":false},"excerpt":{"rendered":"<p>V\u00fdlet do n\u00e1rodn\u00edho parku Los Haitises od Sabana de la Mar nebo Ca\u00f1o Hondo Hotels. J\u00edzda na kajaku po mangrovech v n\u00e1rodn\u00edm parku Los Haitises s m\u00edstn\u00edm pr\u016fvodcem. N\u00e1v\u0161t\u011bva mangrov\u016f v \u0159ece Ca\u00f1o Hondo plus p\u0159ehled z\u00e1toky San Lorenzo v n\u00e1rodn\u00edm parku Los Haitises, oblast Sabana de la Mar Ca\u00f1o Hondo. Pokud m\u00e1te z\u00e1jem nav\u0161t\u00edvit tak\u00e9 jeskyn\u011b, zarezervujte si 4 hodiny j\u00edzdy na kajaku <a href=\"https:\/\/tourwhales.com\/cs\/Tours-Excursions\/kayaking\/kayaking-in-los-haitises-with-tour-guide-from-cano-hondo-4-hours\/\">v\u00fdlet sem.<\/a><\/p>\n<ul>\n<li style=\"font-weight: 400;\"><span style=\"font-weight: 400;\">Pr\u016fvodce poskytuje instrukce a supervizi<\/span><\/li>\n<li>Kajaky a p\u00e1dla k dispozici doble pro dv\u011b osoby a jednoduch\u00e9 pouze pro jednu osobu.<\/li>\n<\/ul>\n<p>&nbsp;<\/p>\n<p>Napl\u00e1nujte si tuto prohl\u00eddku s turistickou stezkou a seznamte se s histori\u00ed n\u00e1rodn\u00edho parku Los Haitises s m\u00edstn\u00edmi obyvateli.<\/p>\n<p>&nbsp;<\/p>\n<p><strong>Vyberte pros\u00edm datum turn\u00e9\u00a0<\/strong><\/p>","protected":false},"featured_media":8238,"template":"","meta":[],"product_cat":[946,168,178,218,934,170,169,191,253,254,255],"product_tag":[176,211,442,192,319,318,317,316,171,209,175,200,187],"class_list":["post-8237","product","type-product","status-publish","has-post-thumbnail","hentry","product_cat-1-sabana-de-la-mar","product_cat-caves","product_cat-hiking","product_cat-kayaking","product_cat-kayaking-los-haitises","product_cat-local-tour-guides","product_cat-mangroves","product_cat-swimming-natural-springs","product_cat-tours-and-excursions","product_cat-tours-excursions-los-haitises-national-park","product_cat-tours-excursions-samana-bay-dominican-republic","product_tag-cano-hondo","product_tag-cano-hondo-hotel","product_tag-cano-hondo-river","product_tag-day-tour-cano-hondo","product_tag-kayak-dominican-republic","product_tag-kayak-los-haitises","product_tag-kayak-tour","product_tag-kayaking","product_tag-los-haitises","product_tag-los-haitises-national-park","product_tag-sabana-de-la-mar","product_tag-samana-excursions","product_tag-samana-tours"],"_links":{"self":[{"href":"https:\/\/tourwhales.com\/cs\/wp-json\/wp\/v2\/product\/8237","targetHints":{"allow":["GET"]}}],"collection":[{"href":"https:\/\/tourwhales.com\/cs\/wp-json\/wp\/v2\/product"}],"about":[{"href":"https:\/\/tourwhales.com\/cs\/wp-json\/wp\/v2\/types\/product"}],"wp:featuredmedia":[{"embeddable":true,"href":"https:\/\/tourwhales.com\/cs\/wp-json\/wp\/v2\/media\/8238"}],"wp:attachment":[{"href":"https:\/\/tourwhales.com\/cs\/wp-json\/wp\/v2\/media?parent=8237"}],"wp:term":[{"taxonomy":"product_cat","embeddable":true,"href":"https:\/\/tourwhales.com\/cs\/wp-json\/wp\/v2\/product_cat?post=8237"},{"taxonomy":"product_tag","embeddable":true,"href":"https:\/\/tourwhales.com\/cs\/wp-json\/wp\/v2\/product_tag?post=8237"}],"curies":[{"name":"wp","href":"https:\/\/api.w.org\/{rel}","templated":true}]}}