
{"id":23692,"date":"2024-11-17T17:11:25","date_gmt":"2024-11-17T17:11:25","guid":{"rendered":"https:\/\/tourwhales.com\/?post_type=product&#038;p=23692"},"modified":"2024-11-17T17:11:27","modified_gmt":"2024-11-17T17:11:27","slug":"jarabacoa-baiguate-waterfall-atv-tour-with-entry-ticket","status":"publish","type":"product","link":"https:\/\/tourwhales.com\/cs\/Tours-Excursions\/dominican-republic\/jarabacoa-baiguate-waterfall-atv-tour-with-entry-ticket\/","title":{"rendered":"Jarabacoa: Baiguate Waterfall ATV Tour with Entry Ticket"},"content":{"rendered":"<p>Kdy\u017e mluv\u00edme o bugin\u00e1ch, mluv\u00edme o ter\u00e9nn\u00edm vozidle, kter\u00e9 nab\u00edz\u00ed bezpe\u010dnost a snadnou ovladatelnost a z\u00e1rove\u0148 umo\u017e\u0148uje u\u017eivateli v\u011bt\u0161\u00ed kontakt s ter\u00e9nem a p\u0159\u00edrodou, kter\u00e1 ho b\u011bhem j\u00edzdy obklopuje. C\u00edtit v\u00e1nek, slunce, d\u00e9\u0161\u0165, vid\u011bt krajinu po sv\u00e9m boku v pohodln\u00e9m a bezpe\u010dn\u00e9m za\u0159\u00edzen\u00ed navr\u017een\u00e9m tak, abyste si u\u017eili lesn\u00ed cestu i off-road.<\/p>\n<p>A\u017e budou v\u0161ichni p\u0159ipraveni, zah\u00e1j\u00edme na\u0161i j\u00edzdu do n\u011bkter\u00fdch venkovsk\u00fdch oblast\u00ed m\u011bsta Jarabacoa, p\u0159i j\u00edzd\u011b ve va\u0161\u00ed bugin\u011b v\u00e1m hrbolat\u00e9 silnice a horsk\u00fd vzduch na venkov\u011b ze st\u0159edn\u00edho severu zem\u011b uk\u00e1\u017eou kr\u00e1su a p\u0159\u00edrodu prost\u0159ednictv\u00edm tohoto dobrodru\u017estv\u00ed.<\/p>\n<p>N\u011bkter\u00e1 z m\u00edst, kter\u00e1 b\u011bhem t\u00e9to cesty nav\u0161t\u00edv\u00edte, jsou La Confluencia, kde se setk\u00e1vaj\u00ed \u0159eky Jimenoa a Yaque Del Norte, Cieneguita a Monte Arriba.<\/p>\n<p>Po ujet\u00ed asi 30 kilometr\u016f se vyd\u00e1me k vodop\u00e1du Baiguate na 10 minutovou t\u00faru a koup\u00e1n\u00ed v p\u0159\u00edrodn\u00edch koupali\u0161t\u00edch.<\/p>\n<p>During this part of your trip, you will be able to go swimming for about 1 hour and take a break to try out some fresh fruits harvested from Jarabacoa farmer\u2019s land every day. Baiguate has an 82 feet high fall and is the perfect place to relax a bit before going back to town.<\/p>\n<div class=\"toggle-content__content toggle-content__content--expanded toggle-content__content--packable\" data-v-59485d64=\"\">\n<div data-test-id=\"activity-full-description-text\" data-v-5835c99c=\"\">During this part of your trip, you will be able to go swimming for about 1 hour and take a break to try out some fresh fruits harvested from Jarabacoa farmer\u2019s land every day. Baiguate has an 82 feet high fall and is the perfect place to relax a bit before going back to town.<\/div>\n<\/div>\n<div class=\"toggle-content__label-placeholder\" data-v-59485d64=\"\"><\/div>","protected":false},"excerpt":{"rendered":"<div data-track=\"overview\" data-v-83a2b402=\"\">\n<section id=\"activity-overview\" class=\"activity-overview\" data-component=\"overview\" data-v-83a2b402=\"\" data-v-f3236c42=\"\">\n<p class=\"activity-overview__content\" data-test-id=\"activity-overview-content\" data-v-f3236c42=\"\">Explore the mountains of Jarabacoa on an ATV tour and go swimming with an entry ticket for Baiguate Waterfall. Splash in the water and enjoy freshly harvested fruits afterward.<\/p>\n<\/section>\n<\/div>\n<div data-track=\"key-details\" data-v-83a2b402=\"\"><\/div>","protected":false},"featured_media":23693,"template":"","meta":[],"product_cat":[1134],"product_tag":[173,1135],"class_list":["post-23692","product","type-product","status-publish","has-post-thumbnail","hentry","product_cat-dominican-republic","product_tag-excursion","product_tag-tour"],"_links":{"self":[{"href":"https:\/\/tourwhales.com\/cs\/wp-json\/wp\/v2\/product\/23692","targetHints":{"allow":["GET"]}}],"collection":[{"href":"https:\/\/tourwhales.com\/cs\/wp-json\/wp\/v2\/product"}],"about":[{"href":"https:\/\/tourwhales.com\/cs\/wp-json\/wp\/v2\/types\/product"}],"wp:featuredmedia":[{"embeddable":true,"href":"https:\/\/tourwhales.com\/cs\/wp-json\/wp\/v2\/media\/23693"}],"wp:attachment":[{"href":"https:\/\/tourwhales.com\/cs\/wp-json\/wp\/v2\/media?parent=23692"}],"wp:term":[{"taxonomy":"product_cat","embeddable":true,"href":"https:\/\/tourwhales.com\/cs\/wp-json\/wp\/v2\/product_cat?post=23692"},{"taxonomy":"product_tag","embeddable":true,"href":"https:\/\/tourwhales.com\/cs\/wp-json\/wp\/v2\/product_tag?post=23692"}],"curies":[{"name":"wp","href":"https:\/\/api.w.org\/{rel}","templated":true}]}}