
{"id":22853,"date":"2024-11-17T15:08:24","date_gmt":"2024-11-17T15:08:24","guid":{"rendered":"https:\/\/tourwhales.com\/?post_type=product&#038;p=22853"},"modified":"2024-11-17T15:08:29","modified_gmt":"2024-11-17T15:08:29","slug":"from-samana-baiguate-waterfall-and-jarabacoa-buggy-tour","status":"publish","type":"product","link":"https:\/\/tourwhales.com\/cs\/Tours-Excursions\/dominican-republic\/from-samana-baiguate-waterfall-and-jarabacoa-buggy-tour\/","title":{"rendered":"From Saman\u00e1: Baiguate Waterfall and Jarabacoa Buggy Tour"},"content":{"rendered":"<p>P\u0159idejte se k n\u00e1m a cestujte s m\u00edstn\u00edm odborn\u00edkem z Jarabacoa a z\u00edskejte jedine\u010dn\u00fd z\u00e1\u017eitek z n\u00e1v\u0161t\u011bvy nejlep\u0161\u00edch m\u00edst z hlavn\u00edho m\u011bsta ekoturistiky po\u010d\u00ednaje Jarabacoa, tato prohl\u00eddka v\u00e1s provede pohledem na kr\u00e1snou krajinu nejv\u011bt\u0161\u00edho horsk\u00e9ho ran\u010de Dominik\u00e1nsk\u00e9 republiky. Kdy\u017e pojedete do r\u016fzn\u00fdch m\u00edst, budete c\u00edtit horsk\u00fd vzduch a u\u017e\u00edvat si kr\u00e1sy krajiny.<\/p>\n<p>We can get to the different locations for this tour. Buy your ticket online now and let\u2019s have fun learning about Jarabacoa and Dominican Republic culture as you travel around to the best locations of the town.<\/p>\n<p>Jarabacoa is the city of the eternal spring break because of the weather and the second most important municipality from la Vega province. According to history, Jarabacoa means \u201cplace of much water\u201d, On September 27, 1858, Jarabacoa began its life as a municipality, a category obtained after a career that came from the beginning of the 19th century. Travel with us and get to know more about the mountains, nature, culture, and people of the northern region of the Dominican Republic.<\/p>","protected":false},"excerpt":{"rendered":"<div data-track=\"overview\" data-v-83a2b402=\"\">\n<section id=\"activity-overview\" class=\"activity-overview\" data-component=\"overview\" data-v-83a2b402=\"\" data-v-f3236c42=\"\">\n<p class=\"activity-overview__content\" data-test-id=\"activity-overview-content\" data-v-f3236c42=\"\">Drive from Samana to Jarabacoa and swim at Baiguate Waterfall, then speed around on a buggy tour. Try some local food and admire the landscape of the biggest mountain range in the country.<\/p>\n<\/section>\n<\/div>\n<div data-track=\"key-details\" data-v-83a2b402=\"\"><\/div>","protected":false},"featured_media":22854,"template":"","meta":[],"product_cat":[1134],"product_tag":[173,1135],"class_list":["post-22853","product","type-product","status-publish","has-post-thumbnail","hentry","product_cat-dominican-republic","product_tag-excursion","product_tag-tour"],"_links":{"self":[{"href":"https:\/\/tourwhales.com\/cs\/wp-json\/wp\/v2\/product\/22853","targetHints":{"allow":["GET"]}}],"collection":[{"href":"https:\/\/tourwhales.com\/cs\/wp-json\/wp\/v2\/product"}],"about":[{"href":"https:\/\/tourwhales.com\/cs\/wp-json\/wp\/v2\/types\/product"}],"wp:featuredmedia":[{"embeddable":true,"href":"https:\/\/tourwhales.com\/cs\/wp-json\/wp\/v2\/media\/22854"}],"wp:attachment":[{"href":"https:\/\/tourwhales.com\/cs\/wp-json\/wp\/v2\/media?parent=22853"}],"wp:term":[{"taxonomy":"product_cat","embeddable":true,"href":"https:\/\/tourwhales.com\/cs\/wp-json\/wp\/v2\/product_cat?post=22853"},{"taxonomy":"product_tag","embeddable":true,"href":"https:\/\/tourwhales.com\/cs\/wp-json\/wp\/v2\/product_tag?post=22853"}],"curies":[{"name":"wp","href":"https:\/\/api.w.org\/{rel}","templated":true}]}}