
{"id":22395,"date":"2024-11-17T14:33:01","date_gmt":"2024-11-17T14:33:01","guid":{"rendered":"https:\/\/tourwhales.com\/?post_type=product&#038;p=22395"},"modified":"2024-11-17T14:33:05","modified_gmt":"2024-11-17T14:33:05","slug":"las-terrenas-private-coffee-trail-atv-tour-in-samana","status":"publish","type":"product","link":"https:\/\/tourwhales.com\/cs\/Tours-Excursions\/dominican-republic\/las-terrenas-private-coffee-trail-atv-tour-in-samana\/","title":{"rendered":"Las Terrenas: Private Coffee Trail ATV Tour in Samana"},"content":{"rendered":"<p>Las Terrenas: Private Coffee Trail ATV Tour in Samana<\/p>\n<p>The tour will take you through country roads boarded by cacao and coffee fields, spectacular views over the Samana bay, and local farms. We\u2019ll stop at a classic mountain farm, sharing some time with a family of farmers. You\u2019ll be able to see some of the products they produce and visit their farm, learning about organic farming and plants.<\/p>\n<p>You\u2019ll witness the difference between Las Terrenas, a busy beach destination, and the countryside, with its clean air and slow-paced way of life.<\/p>\n<p>If you want, the farmers will show you how coffee or cacao is made, from the tree to your table. You can then sip on a cup of coffee or hot cocoa.<\/p>\n<p>Don\u2019t worry, if you don\u2019t speak Spanish, our local tour guide will translate everything for you.<\/p>\n<p>Next stop is a small beach on the Samana Bay where you can take a dip and cool off for a while. On the way, we\u2019ll pass through many fields, farms, and viewpoints.<\/p>\n<div class=\"toggle-content__content toggle-content__content--expanded toggle-content__content--packable\" data-v-59485d64=\"\">\n<div data-test-id=\"activity-full-description-text\" data-v-5835c99c=\"\">V\u011bt\u0161inu cesty jede po poln\u00edch cest\u00e1ch, j\u00edzda na \u010dty\u0159kolce tam je velk\u00e1 z\u00e1bava, nahoru a dol\u016f, p\u0159es nerovnosti a d\u00edry. Pokud se v\u00e1m neda\u0159\u00ed 100% \u0159\u00eddit \u010dty\u0159kolku nebo pokud rychlost nen\u00ed va\u0161e v\u011bc, nebojte se, m\u016f\u017eete bu\u010f jet pomalu (v\u00edce \u010dasu na koch\u00e1n\u00ed se v\u00fdhledem!) nebo m\u016f\u017eete jet s n\u011bk\u00fdm, v\u011bt\u0161ina \u010dty\u0159kolek m\u016f\u017ee sed\u011bt dva lid\u00e9. \u0158\u00edzen\u00ed \u010dty\u0159kolky je docela p\u0159\u00edmo\u010dar\u00e9 a i kdy\u017e je to poprv\u00e9, m\u011bli byste si to rychle osvojit.<\/div>\n<\/div>\n<div class=\"toggle-content__label-placeholder\" data-v-59485d64=\"\"><\/div>","protected":false},"excerpt":{"rendered":"<div data-track=\"overview\" data-v-83a2b402=\"\">\n<section id=\"activity-overview\" class=\"activity-overview\" data-component=\"overview\" data-v-83a2b402=\"\" data-v-f3236c42=\"\">\n<p class=\"activity-overview__content\" data-test-id=\"activity-overview-content\" data-v-f3236c42=\"\">Get to know Dominican culture and the influence of coffee on a private ATV tour from Las Terrenas. Follow your guide down country roads, through cocoa and coffee fields, and into a mountain farm.<\/p>\n<\/section>\n<\/div>\n<div data-track=\"key-details\" data-v-83a2b402=\"\"><\/div>","protected":false},"featured_media":22396,"template":"","meta":[],"product_cat":[1134],"product_tag":[173,1135],"class_list":["post-22395","product","type-product","status-publish","has-post-thumbnail","hentry","product_cat-dominican-republic","product_tag-excursion","product_tag-tour"],"_links":{"self":[{"href":"https:\/\/tourwhales.com\/cs\/wp-json\/wp\/v2\/product\/22395","targetHints":{"allow":["GET"]}}],"collection":[{"href":"https:\/\/tourwhales.com\/cs\/wp-json\/wp\/v2\/product"}],"about":[{"href":"https:\/\/tourwhales.com\/cs\/wp-json\/wp\/v2\/types\/product"}],"wp:featuredmedia":[{"embeddable":true,"href":"https:\/\/tourwhales.com\/cs\/wp-json\/wp\/v2\/media\/22396"}],"wp:attachment":[{"href":"https:\/\/tourwhales.com\/cs\/wp-json\/wp\/v2\/media?parent=22395"}],"wp:term":[{"taxonomy":"product_cat","embeddable":true,"href":"https:\/\/tourwhales.com\/cs\/wp-json\/wp\/v2\/product_cat?post=22395"},{"taxonomy":"product_tag","embeddable":true,"href":"https:\/\/tourwhales.com\/cs\/wp-json\/wp\/v2\/product_tag?post=22395"}],"curies":[{"name":"wp","href":"https:\/\/api.w.org\/{rel}","templated":true}]}}