
{"id":21837,"date":"2024-11-15T15:32:57","date_gmt":"2024-11-15T15:32:57","guid":{"rendered":"https:\/\/tourwhales.com\/?post_type=product&#038;p=21837"},"modified":"2024-11-15T15:32:59","modified_gmt":"2024-11-15T15:32:59","slug":"from-punta-cana-zip-line-canopy-adventure-tour-with-pickup","status":"publish","type":"product","link":"https:\/\/tourwhales.com\/cs\/Tours-Excursions\/dominican-republic\/from-punta-cana-zip-line-canopy-adventure-tour-with-pickup\/","title":{"rendered":"From Punta Cana: Zip Line Canopy Adventure Tour with Pickup"},"content":{"rendered":"<section class=\"full-description activity-experience__item\" data-test-id=\"activity-full-description\" data-v-2760aec9=\"\" data-v-5835c99c=\"\">\n<div class=\"activity-accordion-item\" data-v-5835c99c=\"\">\n<div class=\"activity-accordion-item__content--hidden activity-accordion-item__content\">\n<section class=\"toggle-content\" data-v-5835c99c=\"\" data-v-59485d64=\"\">\n<div class=\"toggle-content__content\" data-v-59485d64=\"\">\n<div data-test-id=\"activity-full-description-text\" data-v-5835c99c=\"\">Pro maxim\u00e1ln\u00ed dobrodru\u017estv\u00ed v Punta Cana vyzkou\u0161ejte n\u00e1\u0161 12-\u0159\u00e1dkov\u00fd zip line kurz! Na\u0161e horsk\u00e9 h\u0159i\u0161t\u011b m\u00e1 tak\u00e9 18 n\u00e1stupi\u0161\u0165 a je domovem dvou nejdel\u0161\u00edch trat\u00ed v Dominik\u00e1nsk\u00e9 republice a v Karibiku. S horolezeck\u00fdm vybaven\u00edm jste bezpe\u010dn\u011b p\u0159ipojeni k dvojit\u00fdm lan\u016fm, p\u0159i\u010dem\u017e nejdel\u0161\u00ed z nich je dlouh\u00fd 800 metr\u016f!<\/div>\n<\/div>\n<\/section>\n<\/div>\n<\/div>\n<\/section>\n<section class=\"activity-includes activity-experience__item\" data-test-id=\"activity-includes-section\" data-v-2760aec9=\"\" data-v-7976cbc6=\"\">\n<div class=\"activity-accordion-item\" data-v-7976cbc6=\"\">\n<div class=\"activity-accordion-item-header\"><\/div>\n<\/div>\n<\/section>","protected":false},"excerpt":{"rendered":"<div data-track=\"overview\" data-v-83a2b402=\"\">\n<section id=\"activity-overview\" class=\"activity-overview\" data-component=\"overview\" data-v-83a2b402=\"\" data-v-f3236c42=\"\">\n<p class=\"activity-overview__content\" data-test-id=\"activity-overview-content\" data-v-f3236c42=\"\">Enjoy an exhilarating ride on the longest zip lines in the Dominican Republic. Embark on a 12-line zip line course with added side-by-side cable, stunning views over the terrain, and hotel pickup.<\/p>\n<\/section>\n<\/div>\n<div data-track=\"key-details\" data-v-83a2b402=\"\"><\/div>","protected":false},"featured_media":21838,"template":"","meta":[],"product_cat":[1134],"product_tag":[173,1135],"class_list":["post-21837","product","type-product","status-publish","has-post-thumbnail","hentry","product_cat-dominican-republic","product_tag-excursion","product_tag-tour"],"_links":{"self":[{"href":"https:\/\/tourwhales.com\/cs\/wp-json\/wp\/v2\/product\/21837","targetHints":{"allow":["GET"]}}],"collection":[{"href":"https:\/\/tourwhales.com\/cs\/wp-json\/wp\/v2\/product"}],"about":[{"href":"https:\/\/tourwhales.com\/cs\/wp-json\/wp\/v2\/types\/product"}],"wp:featuredmedia":[{"embeddable":true,"href":"https:\/\/tourwhales.com\/cs\/wp-json\/wp\/v2\/media\/21838"}],"wp:attachment":[{"href":"https:\/\/tourwhales.com\/cs\/wp-json\/wp\/v2\/media?parent=21837"}],"wp:term":[{"taxonomy":"product_cat","embeddable":true,"href":"https:\/\/tourwhales.com\/cs\/wp-json\/wp\/v2\/product_cat?post=21837"},{"taxonomy":"product_tag","embeddable":true,"href":"https:\/\/tourwhales.com\/cs\/wp-json\/wp\/v2\/product_tag?post=21837"}],"curies":[{"name":"wp","href":"https:\/\/api.w.org\/{rel}","templated":true}]}}