
{"id":18629,"date":"2024-11-15T11:11:33","date_gmt":"2024-11-15T11:11:33","guid":{"rendered":"https:\/\/tourwhales.com\/?post_type=product&#038;p=18629"},"modified":"2024-11-15T13:16:15","modified_gmt":"2024-11-15T13:16:15","slug":"punta-cana-santo-domingo-day-trip-with-tickets-and-lunch","status":"publish","type":"product","link":"https:\/\/tourwhales.com\/cs\/Tours-Excursions\/dominican-republic\/punta-cana-santo-domingo-day-trip-with-tickets-and-lunch\/","title":{"rendered":"Punta Cana: Santo Domingo Day Trip with Tickets and Lunch"},"content":{"rendered":"<h4 class=\"activity__title js-title\" data-track=\"activity-title\" data-test-id=\"activity-title\">Punta Cana: Santo Domingo Day Trip with Tickets and Lunch<\/h4>\n<p>Santo Domingo is a magical city, full of history, culture, and amazing landscapes. Explore the oldest Capital of the \u201cNew\u201d World, Santo Domingo, the first city founded in America.<\/p>\n<p>This sightseeing tour shows you a city full of history and culture. A great activity for the whole family.<\/p>\n<p>&#8211; We will pick you up at your Hotel to start an incredible trip to Santo Domingo, during the trip you will see incredible details about the Culture of the Dominican Republic.<\/p>\n<p>&#8211; Upon arrival in Santo Domingo you will visit the incredible cenotes of Los Tres Ojos National Park, especially natural and magical.<\/p>\n<p>&#8211; You will visit the most important monuments of the City: The 1st Cathedral of America, the Alc\u00e1zar de Col\u00f3n and the National Pantheon, El Faro a Col\u00f3n.<\/p>\n<p>&#8211; We will take a walk through the Colonial Zone, a romantic street, the first in America, \u201cThe Ladies\u201d. Enjoying an ancient but picturesque panoramic view.<\/p>\n<p>It operates every day. Its approximate duration is 10 hours.<\/p>","protected":false},"excerpt":{"rendered":"<div data-track=\"overview\" data-v-56a1a938=\"\">\n<section id=\"activity-overview\" class=\"activity-overview\" data-component=\"overview\" data-v-56a1a938=\"\" data-v-f3236c42=\"\">\n<p class=\"activity-overview__content\" data-test-id=\"activity-overview-content\" data-v-f3236c42=\"\">Discover the history, culture, and landscapes of Santo Domingo on this day tour from Punta Cana. Visit the Three Eyes National Park cenotes, America&#8217;s first cathedral, and the National Pantheon.<\/p>\n<\/section>\n<\/div>\n<div data-track=\"key-details\" data-v-56a1a938=\"\"><\/div>","protected":false},"featured_media":18759,"template":"","meta":[],"product_cat":[1134],"product_tag":[173,1135],"class_list":["post-18629","product","type-product","status-publish","has-post-thumbnail","hentry","product_cat-dominican-republic","product_tag-excursion","product_tag-tour"],"_links":{"self":[{"href":"https:\/\/tourwhales.com\/cs\/wp-json\/wp\/v2\/product\/18629","targetHints":{"allow":["GET"]}}],"collection":[{"href":"https:\/\/tourwhales.com\/cs\/wp-json\/wp\/v2\/product"}],"about":[{"href":"https:\/\/tourwhales.com\/cs\/wp-json\/wp\/v2\/types\/product"}],"wp:featuredmedia":[{"embeddable":true,"href":"https:\/\/tourwhales.com\/cs\/wp-json\/wp\/v2\/media\/18759"}],"wp:attachment":[{"href":"https:\/\/tourwhales.com\/cs\/wp-json\/wp\/v2\/media?parent=18629"}],"wp:term":[{"taxonomy":"product_cat","embeddable":true,"href":"https:\/\/tourwhales.com\/cs\/wp-json\/wp\/v2\/product_cat?post=18629"},{"taxonomy":"product_tag","embeddable":true,"href":"https:\/\/tourwhales.com\/cs\/wp-json\/wp\/v2\/product_tag?post=18629"}],"curies":[{"name":"wp","href":"https:\/\/api.w.org\/{rel}","templated":true}]}}