
{"id":16734,"date":"2023-11-25T10:05:43","date_gmt":"2023-11-25T10:05:43","guid":{"rendered":"https:\/\/tourwhales.com\/?post_type=product&#038;p=16734"},"modified":"2024-10-17T23:39:10","modified_gmt":"2024-10-17T23:39:10","slug":"saona-miches","status":"publish","type":"product","link":"https:\/\/tourwhales.com\/cs\/Tours-Excursions\/saona-island-tour-excursion\/saona-miches\/","title":{"rendered":"Miches: Prohl\u00eddka ostrova Saona z Miches"},"content":{"rendered":"<section class=\"wpb-content-wrapper\"><div class=\"vc_row wpb_row vc_row-fluid\" ><div class=\"wpb_column vc_column_container vc_col-sm-12\"><div class=\"vc_column-inner\"><div class=\"wpb_wrapper\"><div class=\"mkdf-section-title-holder\" style=\"text-align: left\">\n\t<div class=\"mkdf-st-inner\">\n\t\t\t\t\t<h5 class=\"mkdf-st-subtitle\" >\n\t\t\t\tZ Bayahibe\t\t\t<\/h5>\n\t\t\t\t\t\t\t<h3 class=\"mkdf-st-title\" >\n\t\t\t\tostrov Saona\t\t\t<\/h3>\n\t\t\t\t\t\t\t<p class=\"mkdf-st-text\" >\n\t\t\t\tPozn\u00e1mka: Tato prohl\u00eddka za\u010d\u00edn\u00e1 v 9:00 z p\u0159\u00edstavu Bayahibe. Kontaktujte n\u00e1s, pokud jste v Punta Cana nebo Santo Domingo a pot\u0159ebujete transfer.\t\t\t<\/p>\n\t\t\t<\/div>\n<\/div><\/div><\/div><\/div><\/div><div class=\"vc_row wpb_row vc_row-fluid\" ><div class=\"wpb_column vc_column_container vc_col-sm-12\"><div class=\"vc_column-inner\"><div class=\"wpb_wrapper\"><div class=\"vc_empty_space\"   style=\"height: 32px\"><span class=\"vc_empty_space_inner\"><\/span><\/div><\/div><\/div><\/div><\/div><div class=\"vc_row wpb_row vc_row-fluid\" ><div class=\"wpb_column vc_column_container vc_col-sm-12\"><div class=\"vc_column-inner\"><div class=\"wpb_wrapper\"><div class=\"vc_btn3-container vc_btn3-inline\" ><a class=\"vc_general vc_btn3 vc_btn3-size-md vc_btn3-shape-rounded vc_btn3-style-modern vc_btn3-color-green\" href=\"https:\/\/bookingadventures.tours\/booking.php?slug=_Saona_Island_Tour_From_Miches\" title=\"\">ZAREZERVOVAT HNED<\/a><\/div>\n\t<div class=\"wpb_text_column wpb_content_element\" >\n\t\t<div class=\"wpb_wrapper\">\n\t\t\t<h1><span style=\"font-weight: 400;\">Miches: Prohl\u00eddka ostrova Saona z Miches<\/span><\/h1>\n<p>&nbsp;<\/p>\n<p><b>P\u0159ehled<\/b><span style=\"font-weight: 400;\">\u00a0<\/span><\/p>\n<p>&nbsp;<\/p>\n<p><span style=\"font-weight: 400;\">Saona Island is a stunning natural paradise located off the coast of the Dominican Republic. With its crystal-clear turquoise waters, white sandy beaches, and abundance of wildlife, it&#8217;s a must-visit destination for nature lovers. The island is part of the East National Park, which is a protected area that showcases the region&#8217;s unique ecology.\u00a0<\/span><\/p>\n<p><span style=\"font-weight: 400;\">Saona Island is home to a variety of plant and animal species, including colorful coral reefs, tropical fish, and endangered sea turtles. Visitors can explore the island&#8217;s natural wonders by snorkeling, diving, or taking a boat tour around its coastline. The island also offers opportunities for bird watching, as it&#8217;s a habitat for numerous bird species, including the vibrant pink flamingos. Saona Island&#8217;s untouched beauty and serene atmosphere make it a perfect escape from the hustle and bustle of everyday life. Whether you&#8217;re lounging on the beach, swimming in its crystal waters, or simply enjoying the stunning views, Saona Island is a nature lover&#8217;s dream come true.<\/span><\/p>\n<p>&nbsp;<\/p>\n<p><span style=\"font-weight: 400;\">During this experience from Miches area you will get a ride to Sabana de la Mar before heading to Bayahibe where we are starting this excursion, the activity is taking around the southeast coast of Dominican Republic, while navigating on your speed boat or Catamaran enjoy the crystal water of the Caribbean Sea, here you will get to snorkel and have some fresh Dominican lunch.<\/span><\/p>\n<p>&nbsp;<\/p>\n<p><b>Inkluze<\/b><\/p>\n<p><span style=\"font-weight: 400;\">V\u0161echny dan\u011b, poplatky a manipula\u010dn\u00ed poplatky<\/span><\/p>\n<p><span style=\"font-weight: 400;\">M\u00edstn\u00ed dan\u011b<\/span><\/p>\n<p><span style=\"font-weight: 400;\">\u00da\u0159edn\u00edci Ekologov\u00e9 pr\u016fvodce anglicky\/\u0161pan\u011blsky<\/span><\/p>\n<p><span style=\"font-weight: 400;\">M\u00edstn\u00ed doprava<\/span><\/p>\n<p><span style=\"font-weight: 400;\">Rychl\u00fd \u010dlun<\/span><\/p>\n<p><span style=\"font-weight: 400;\">Catamar\u00e1n\u00a0\u00a0<\/span><\/p>\n<p><span style=\"font-weight: 400;\">M\u00edstn\u00ed ob\u011bd\u00a0<\/span><\/p>\n<p>&nbsp;<\/p>\n<p><b>V\u00fdluky<\/b><\/p>\n<p>&nbsp;<\/p>\n<p><span style=\"font-weight: 400;\">Spropitn\u00e9<\/span><\/p>\n<p><span style=\"font-weight: 400;\">N\u00e1poj<\/span><\/p>\n<p><span style=\"font-weight: 400;\">\u00a0<\/span><\/p>\n<p>&nbsp;<\/p>\n<p><b>Odjezd a n\u00e1vrat<\/b><\/p>\n<p>&nbsp;<\/p>\n<p><span style=\"font-weight: 400;\">Prohl\u00eddka organizovan\u00e1 \u201eBooking Adventures\u201c za\u010d\u00edn\u00e1 na m\u00edst\u011b setk\u00e1n\u00ed s pr\u016fvodcem. Cestovatel z\u00edsk\u00e1 m\u00edsto setk\u00e1n\u00ed po procesu rezervace. Prohl\u00eddky za\u010d\u00ednaj\u00ed a kon\u010d\u00ed v na\u0161ich shroma\u017e\u010fovac\u00edch m\u00edstech.<\/span><\/p>\n<p>&nbsp;<\/p>\n<p><b>Co \u010dekat?<\/b><\/p>\n<p>&nbsp;<\/p>\n<p><span style=\"font-weight: 400;\">Get your ticket for Searching For The\u00a0 Samana: Saona Island Tour From Samana , this experience will give you the opportunity to see most of the biodiversity of the island.\u00a0<\/span><\/p>\n<p>&nbsp;<\/p>\n<p><span style=\"font-weight: 400;\">Tato aktivita za\u010dne va\u0161\u00edm vyzvednut\u00edm z va\u0161eho ubytov\u00e1n\u00ed v kter\u00e9koli z t\u011bchto oblast\u00ed:<\/span><\/p>\n<ul>\n<li style=\"font-weight: 400;\" aria-level=\"1\"><span style=\"font-weight: 400;\">Samana<\/span><\/li>\n<li style=\"font-weight: 400;\" aria-level=\"1\"><span style=\"font-weight: 400;\">Miches<\/span><\/li>\n<li style=\"font-weight: 400;\" aria-level=\"1\"><span style=\"font-weight: 400;\">La Romana\u00a0<\/span><\/li>\n<li style=\"font-weight: 400;\" aria-level=\"1\"><span style=\"font-weight: 400;\">Bayahibe\u00a0<\/span><\/li>\n<li style=\"font-weight: 400;\" aria-level=\"1\"><span style=\"font-weight: 400;\">Sabana de la Mar<\/span><\/li>\n<\/ul>\n<h4><b>Pl\u00e1n<\/b><b>\u00a0<\/b><\/h4>\n<p>&nbsp;<\/p>\n<p><b>Bayahibe, Catamaran Ride and Hotel Pick Up\u00a0<\/b><\/p>\n<p>&nbsp;<\/p>\n<p><span style=\"font-weight: 400;\">Hotel pick up: 7:00 am<\/span><\/p>\n<p>&nbsp;<\/p>\n<p><span style=\"font-weight: 400;\">This is going to be an early morning to pick you up from your hotel and drive you to Sabana de la Mar before heading to Bayahibe, here we might be meeting more people who are doing the same trip., when we get to Sabana de la Mar our local expert will go over the itinerary for the rest of the day. A second ride will be taking us to Bayahibe where finally we are taking the catamaran, the ride from Sabana de la Mar to Bayahibe is two hours.<\/span><\/p>\n<p><span style=\"font-weight: 400;\">Once we get to Bayahibe we\u2019ll board our Catamaran and head to Saona Island during this ride you will be surrounded by crystal water blue color unique to the magic from the Caribbean sea. At the island is where you\u2019ll be having some fresh local lunch, snorkeling and some time for a siesta.\u00a0<\/span><\/p>\n<p>&nbsp;<\/p>\n<p><span style=\"font-weight: 400;\">After a break we are going aboard a Catamaran and heading to the Natural Pools jump one last time in the water before heading back to Bayahibe. This activity will take you from the northeast to the southeast of the country, getting to explore two different regions of the country.<\/span><\/p>\n<p>&nbsp;<\/p>\n<p><span style=\"font-weight: 400;\">When you finish the Catamaran we take you back to your original place, which means our staff stay with you until the end of the day.\u00a0<\/span><\/p>\n<p>&nbsp;<\/p>\n<p><span style=\"font-weight: 400;\">Dny a aktivity itiner\u00e1\u0159e se mohou bez upozorn\u011bn\u00ed zm\u011bnit z d\u016fvodu nep\u0159edv\u00eddan\u00fdch okolnost\u00ed nebo ud\u00e1lost\u00ed. Dal\u0161\u00ed informace naleznete v \u00fapln\u00fdch podm\u00ednk\u00e1ch.<\/span><\/p>\n<h4><b><i>Hotel vyzvednut\u00ed <\/i><\/b><\/h4>\n<p><span style=\"font-weight: 400;\">Hotel pick-up is offered for this tour in Miches areas.\u00a0<\/span><\/p>\n<p>&nbsp;<\/p>\n<p><b>Pozn\u00e1mka:<\/b><span style=\"font-weight: 400;\"> pokud prov\u00e1d\u00edte rezervaci do 24 hodin od \u010dasu odjezdu z\u00e1jezdu\/exkurze, m\u016f\u017eeme za\u0159\u00eddit vyzvednut\u00ed v hotelu za p\u0159\u00edplatek. Jakmile bude v\u00e1\u0161 n\u00e1kup dokon\u010den, za\u0161leme v\u00e1m kompletn\u00ed kontaktn\u00ed informace (telefonn\u00ed \u010d\u00edslo, e-mailovou adresu atd.) pro na\u0161eho m\u00edstn\u00edho pr\u016fvodce, abychom mohli zajistit vyzvednut\u00ed.<\/span><\/p>\n<h4><b><i>Potvrzen\u00ed dal\u0161\u00edch informac\u00ed <\/i><\/b><\/h4>\n<ol>\n<li>Vstupenky jsou \u00fa\u010dtenkou po zaplacen\u00ed tohoto z\u00e1jezdu. Platbu m\u016f\u017eete zobrazit na telefonu.<\/li>\n<li style=\"font-weight: 400;\"><span style=\"font-weight: 400;\">M\u00edsto setk\u00e1n\u00ed bude obdr\u017eeno po procesu rezervace.<\/span><\/li>\n<li style=\"font-weight: 400;\"><span style=\"font-weight: 400;\">D\u011bti mus\u00ed b\u00fdt v doprovodu dosp\u011bl\u00e9 osoby.<\/span><\/li>\n<li style=\"font-weight: 400;\"><span style=\"font-weight: 400;\">bezbari\u00e9rov\u00fd <\/span><\/li>\n<li style=\"font-weight: 400;\"><span style=\"font-weight: 400;\">D\u011bti mus\u00ed sed\u011bt na kl\u00edn\u011b <\/span><\/li>\n<li style=\"font-weight: 400;\"><span style=\"font-weight: 400;\">Z\u00fa\u010dastnit se m\u016f\u017ee v\u011bt\u0161ina cestovatel\u016f<\/span><\/li>\n<\/ol>\n<h4><b><i>Storno podm\u00ednky<\/i><\/b><\/h4>\n<p>Chcete-li z\u00edskat plnou n\u00e1hradu, p\u0159e\u010dt\u011bte si na\u0161e storno podm\u00ednky\u00a0<a href=\"https:\/\/tourwhales.com\/cs\/online-booking\/\" target=\"_blank\" rel=\"noopener\" data-saferedirecturl=\"https:\/\/www.google.com\/url?q=https:\/\/tourwhales.com\/online-booking\/&amp;source=gmail&amp;ust=1672529771100000&amp;usg=AOvVaw2NIGJBZ0qjB5RhPUl5Obc7\">Klikn\u011bte zde<\/a>. Prost\u0159edky budou ztraceny, pokud bude rezervace zru\u0161ena ve stejn\u00fd den cesty.<\/p>\n\n\t\t<\/div>\n\t<\/div>\n<\/div><\/div><\/div><\/div><div class=\"vc_row wpb_row vc_row-fluid\" ><div class=\"wpb_column vc_column_container vc_col-sm-12\"><div class=\"vc_column-inner\"><div class=\"wpb_wrapper\"><div class=\"vc_btn3-container vc_btn3-inline\" ><a class=\"vc_general vc_btn3 vc_btn3-size-md vc_btn3-shape-rounded vc_btn3-style-modern vc_btn3-color-green\" href=\"https:\/\/bookingadventures.tours\/booking.php?slug=_Saona_Island_Tour_From_Miches\" title=\"\">ZAREZERVOVAT HNED<\/a><\/div><\/div><\/div><\/div><\/div><div class=\"vc_row wpb_row vc_row-fluid\" ><div class=\"wpb_column vc_column_container vc_col-sm-12\"><div class=\"vc_column-inner\"><div class=\"wpb_wrapper\"><div class=\"vc_empty_space\"   style=\"height: 32px\"><span class=\"vc_empty_space_inner\"><\/span><\/div>\n\t<div class=\"wpb_video_widget wpb_content_element vc_clearfix   vc_video-aspect-ratio-169 vc_video-el-width-100 vc_video-align-left\" >\n\t\t<div class=\"wpb_wrapper\">\n\t\t\t<h2 class=\"wpb_heading wpb_video_heading\">Video v\u00fdlety a exkurze na ostrov Saona:<\/h2>\n\t\t\t<div class=\"wpb_video_wrapper\"><iframe loading=\"lazy\" title=\"Ostrov Saola Cel\u00fd den od Booking Adventures, cestov\u00e1n\u00ed Dominik\u00e1nsk\u00e1 republika\" width=\"1100\" height=\"619\" src=\"https:\/\/www.youtube.com\/embed\/sas91N4zMHo?feature=oembed\" frameborder=\"0\" allow=\"accelerometer; autoplay; encrypted-media; gyroscope; picture-in-picture\" allowfullscreen><\/iframe><\/div>\n\t\t<\/div>\n\t<\/div>\n<div class=\"vc_empty_space\"   style=\"height: 32px\"><span class=\"vc_empty_space_inner\"><\/span><\/div><\/div><\/div><\/div><\/div><div class=\"vc_row wpb_row vc_row-fluid\" ><\/div><div class=\"wpb_column vc_column_container vc_col-sm-12\"><div class=\"vc_column-inner\"><div class=\"wpb_wrapper\"><\/div><\/div><\/div><div class=\"vc_empty_space\"   style=\"height: 32px\"><span class=\"vc_empty_space_inner\"><\/span><\/div><div class=\"vc_empty_space\"   style=\"height: 32px\"><span class=\"vc_empty_space_inner\"><\/span><\/div>\n<\/section>","protected":false},"excerpt":{"rendered":"<p>A day pass to Saona Island from Miches to Bayahibe Port. Lunch and natural pools included. This activity has been collected in Miches. In case of need, transfer from anywhere in the Dominican Republic. Just contact us and let&#8217;s have the best experience on Saona Island.<\/p>\n<p><strong>Vyberte si term\u00edn prohl\u00eddky:<\/strong><\/p>","protected":false},"featured_media":8690,"template":"","meta":[],"product_cat":[948,258],"product_tag":[400,244,242,395,272,222,241,243,315,398,397,314],"class_list":["post-16734","product","type-product","status-publish","has-post-thumbnail","hentry","product_cat-1-punta-cana","product_cat-saona-island-tour-excursion","product_tag-all-inclusive-trip-to-saona-island-by-speedboat-catamaran","product_tag-bayahibe","product_tag-catamaran","product_tag-how-to-get-to-saona-island","product_tag-isla-saona","product_tag-punta-cana","product_tag-saona","product_tag-saona-island","product_tag-saona-island-excursion","product_tag-saona-island-hotels","product_tag-saona-island-snorkeling","product_tag-saona-island-tour"],"_links":{"self":[{"href":"https:\/\/tourwhales.com\/cs\/wp-json\/wp\/v2\/product\/16734","targetHints":{"allow":["GET"]}}],"collection":[{"href":"https:\/\/tourwhales.com\/cs\/wp-json\/wp\/v2\/product"}],"about":[{"href":"https:\/\/tourwhales.com\/cs\/wp-json\/wp\/v2\/types\/product"}],"wp:featuredmedia":[{"embeddable":true,"href":"https:\/\/tourwhales.com\/cs\/wp-json\/wp\/v2\/media\/8690"}],"wp:attachment":[{"href":"https:\/\/tourwhales.com\/cs\/wp-json\/wp\/v2\/media?parent=16734"}],"wp:term":[{"taxonomy":"product_cat","embeddable":true,"href":"https:\/\/tourwhales.com\/cs\/wp-json\/wp\/v2\/product_cat?post=16734"},{"taxonomy":"product_tag","embeddable":true,"href":"https:\/\/tourwhales.com\/cs\/wp-json\/wp\/v2\/product_tag?post=16734"}],"curies":[{"name":"wp","href":"https:\/\/api.w.org\/{rel}","templated":true}]}}