
{"id":16552,"date":"2023-10-29T11:41:45","date_gmt":"2023-10-29T11:41:45","guid":{"rendered":"https:\/\/tourwhales.com\/?post_type=product&#038;p=16552"},"modified":"2024-10-17T23:39:10","modified_gmt":"2024-10-17T23:39:10","slug":"cano-hondo-sabana-de-la-mar","status":"publish","type":"product","link":"https:\/\/tourwhales.com\/cs\/Tours-Excursions\/tours-excursions-los-haitises-national-park\/cano-hondo-sabana-de-la-mar\/","title":{"rendered":"N\u00e1rodn\u00ed park Los Haitises + ob\u011bd v Ca\u00f1o Hondo ze Sabana de la Mar"},"content":{"rendered":"<section class=\"wpb-content-wrapper\"><div class=\"wpb_column vc_column_container vc_col-sm-12\"><div class=\"vc_column-inner\"><div class=\"wpb_wrapper\"><\/div><\/div><\/div><div class=\"wpb_column vc_column_container vc_col-sm-12\"><div class=\"vc_column-inner\"><div class=\"wpb_wrapper\"><\/div><\/div><\/div><div class=\"wpb_column vc_column_container vc_col-sm-12\"><div class=\"vc_column-inner\"><div class=\"wpb_wrapper\"><\/div><\/div><\/div><div class=\"vc_row wpb_row vc_row-fluid\" ><div class=\"wpb_column vc_column_container vc_col-sm-12\"><div class=\"vc_column-inner\"><div class=\"wpb_wrapper\">\n\t<div class=\"wpb_text_column wpb_content_element\" >\n\t\t<div class=\"wpb_wrapper\">\n\t\t\t<div class=\"vc_row wpb_row vc_row-fluid\">\n<div class=\"wpb_column vc_column_container vc_col-sm-12\">\n<div class=\"vc_column-inner\">\n<div class=\"wpb_wrapper\">\n<div class=\"mkdf-section-title-holder\">\n<div class=\"mkdf-st-inner\">\n<h5 class=\"mkdf-st-subtitle\">Ob\u011bd a koup\u00e1n\u00ed v p\u0159\u00edrodn\u00edch pramenech<\/h5>\n<h3 class=\"mkdf-st-title\">N\u00e1rodn\u00ed park Los Haitises + ob\u011bd v Cano Hondo ze Sabana de la Mar<\/h3>\n<\/div>\n<\/div>\n<\/div>\n<\/div>\n<\/div>\n<\/div>\n<div class=\"vc_row wpb_row vc_row-fluid\">\n<div class=\"wpb_column vc_column_container vc_col-sm-12\">\n<div class=\"vc_column-inner\">\n<div class=\"wpb_wrapper\">\n<div class=\"vc_empty_space\"><\/div>\n<\/div>\n<\/div>\n<\/div>\n<\/div>\n<div class=\"vc_row wpb_row vc_row-fluid\"><\/div>\n<div class=\"wpb_column vc_column_container vc_col-sm-12\">\n<div class=\"vc_column-inner\">\n<div class=\"wpb_wrapper\"><\/div>\n<\/div>\n<\/div>\n<div class=\"wpb_text_column wpb_content_element\">\n<div class=\"wpb_wrapper\"><\/div>\n<\/div>\n<h4><b><i>P\u0159ehled<\/i><\/b><\/h4>\n<p>Celodenn\u00ed v\u00fdlet do n\u00e1rodn\u00edho parku Los Haitises a ob\u011bd v Ca\u00f1o Hondo plus koup\u00e1n\u00ed v p\u0159\u00edrodn\u00edch pramenech. Poj\u010fte s n\u00e1mi nav\u0161t\u00edvit nejkr\u00e1sn\u011bj\u0161\u00ed n\u00e1rodn\u00ed park Dominik\u00e1nsk\u00e9 republiky, n\u00e1v\u0161t\u011bva mangrov\u016f, jeskyn\u00ed a z\u00e1livu San Lorenzo. Zp\u00e1tky do p\u0159\u00edstavu Ca\u00f1o Hondo na t\u00faru 15 minut a u\u017e\u00edt si typick\u00fd ob\u011bd s v\u00fdhledem na mo\u0159e do n\u00e1rodn\u00edho parku Los Haitises. Po tomto Koup\u00e1n\u00ed v p\u0159\u00edrodn\u00edm prameni do 16:30.<\/p>\n<p>Po tomto z\u00e1\u017eitku dostanete sv\u016fj \u010das na pl\u00e1\u017ei plus m\u00edstn\u00ed ob\u011bd na pl\u00e1\u017ei.<\/p>\n<ul>\n<li>Zahrnuje ob\u011bd formou bufetu<\/li>\n<li>Koup\u00e1n\u00ed v p\u0159\u00edrodn\u00edch pramenech<\/li>\n<li>Poplatky v cen\u011b<\/li>\n<li>Pr\u016fvodce poskytuje instrukce a supervizi<\/li>\n<\/ul>\n<p>&nbsp;<\/p>\n<h4><b>Zahrnut\u00ed a vylou\u010den\u00ed<\/b><\/h4>\n<p>&nbsp;<\/p>\n<p><b>Inkluze<\/b><\/p>\n<ol>\n<li>\u00a0ob\u011bd v Ecolodge<\/li>\n<li>Prohl\u00eddka Los Haitises + jeskyn\u011b a piktogramy<\/li>\n<li>V\u0161echny dan\u011b, poplatky a manipula\u010dn\u00ed poplatky<\/li>\n<li>M\u00edstn\u00ed dan\u011b<\/li>\n<li>N\u00e1poje<\/li>\n<li>V\u0161echny aktivity<\/li>\n<li>M\u00edstn\u00ed pr\u016fvodce<\/li>\n<\/ol>\n<p><b>V\u00fdluky<\/b><\/p>\n<ol>\n<li>Spropitn\u00e9<\/li>\n<li>P\u0159evod<\/li>\n<li>Alkoholick\u00e9 n\u00e1poje<\/li>\n<\/ol>\n<p>&nbsp;<\/p>\n<h4><em><strong>Odjezd a n\u00e1vrat<\/strong><\/em><\/h4>\n<p>Cestovatel z\u00edsk\u00e1 m\u00edsto setk\u00e1n\u00ed po procesu rezervace. Prohl\u00eddky za\u010d\u00ednaj\u00ed a kon\u010d\u00ed v m\u00edstech setk\u00e1n\u00ed.<\/p>\n<p>&nbsp;<\/p>\n<h4><b><i>Co \u010dekat?<\/i><\/b><\/h4>\n<p>&nbsp;<\/p>\n<p><em><strong>Z\u00edskejte vstupenky<\/strong><\/em>\u00a0za n\u00e1v\u0161t\u011bvu n\u00e1rodn\u00edho parku Los Haitises s \u00fa\u017easn\u00fdm ob\u011bdem v Cano Hondo a koup\u00e1n\u00edm v p\u0159\u00edrodn\u00edch pramenech. Ud\u011blejte si v\u00fdlet lod\u00ed p\u0159es mangrovov\u00e9 ba\u017einy, kolem starov\u011bk\u00fdch pir\u00e1tsk\u00fdch jeskyn\u00ed a do chr\u00e1n\u011bn\u00fdch les\u016f v t\u00e9to malebn\u00e9 rezervaci po\u010d\u00ednaje oblast\u00ed Ca\u00f1o Hondo Hotels nebo Sabana de la Mar.<\/p>\n<p>Prohl\u00eddka organizovan\u00e1 \u201eBooking Adventures\u201c za\u010d\u00edn\u00e1 na m\u00edst\u011b setk\u00e1n\u00ed s pr\u016fvodcem. P\u0159ij\u010fte s Booking Adventures a za\u010dn\u011bte si prohl\u00ed\u017eet mangrovy pln\u00e9 pt\u00e1k\u016f, zvln\u011bn\u00e9 kopce bujn\u00e9 vegetace a jeskyn\u011b\u00a0<em><strong>N\u00e1rodn\u00ed park Los Haitises<\/strong><\/em>. Plavba lod\u00ed V\u00fdlet z \u0159eky Ca\u00f1o Hondo, Sabana de la Mar.<\/p>\n<p>P\u0159es mangrovy a Land u otev\u0159en\u00e9ho z\u00e1livu San Lorenzo, odkud m\u016f\u017eete fotografovat drsnou lesn\u00ed krajinu. Pod\u00edvejte se na vodu, abyste ji na\u0161li\u00a0<em><strong>Manatees<\/strong><\/em>, kor\u00fd\u0161i a\u00a0<em><strong>delf\u00edny.<\/strong><\/em><\/p>\n<div class=\"body-description secondary\">\n<p>N\u00e1zev n\u00e1rodn\u00edho parku poch\u00e1z\u00ed od jeho p\u016fvodn\u00edch obyvatel, indi\u00e1n\u016f Taino. V jejich jazyce \u201ehaitises\u201c znamen\u00e1 vyso\u010diny nebo kopce, co\u017e je odkaz na strm\u00e9 geologick\u00e9 \u00fatvary pob\u0159e\u017e\u00ed s v\u00e1penci. Vydejte se hloub\u011bji do parku a prozkoumejte jeskyn\u011b, jako je Cueva San Gabriel,\u00a0<em><strong>Cueva de la Arena<\/strong><\/em>\u00a0a\u00a0<strong><em>Cueva de la linea.<\/em><\/strong>\u00a0Jeskyn\u011b v rezervaci byly vyu\u017e\u00edv\u00e1ny jako \u00fakryt indi\u00e1ny Taino a pozd\u011bji i \u00fakryty pir\u00e1t\u016f. Hledejte kresby indi\u00e1n\u016f, kter\u00e9 zdob\u00ed n\u011bkter\u00e9 st\u011bny. Po n\u00e1v\u0161t\u011bv\u011b n\u00e1rodn\u00edho parku Los Haitises se vyd\u00e1me do Ca\u00f1o Hondo. V Ca\u00f1o Hondo se dozv\u00edte o historii t\u00e9to ekolodge a o ob\u011bd\u011b s typick\u00fdm j\u00eddlem z komunity Sabana de la Mar.<\/p>\n<p>Ob\u011bd bude v\u00fdborn\u00fd, ale je\u0161t\u011b jsme neskon\u010dili. Po ob\u011bd\u011b se vykoupeme v p\u0159\u00edrodn\u00edm prameni od \u0159eky Jibales, vytrval\u00e9 \u0159eky, po \u0159eku Ca\u00f1o Hondo. Pokud chcete, z\u016fsta\u0148te v Ca\u00f1o Hondo do 18:00.<\/p>\n<\/div>\n<p>V Pools Natural Spring m\u016f\u017eete z\u016fstat tak dlouho, jak chcete, koup\u00e1n\u00edm a p\u011b\u0161\u00ed turistikou. Pokud jste vegan, m\u016f\u017eeme pro v\u00e1s tak\u00e9 p\u0159ipravit n\u011bjak\u00e9 j\u00eddlo.<\/p>\n<p>&nbsp;<\/p>\n<h4><em><strong>Co byste m\u011bli p\u0159in\u00e9st?<\/strong><\/em><\/h4>\n<ul>\n<li>Fotoapar\u00e1t<\/li>\n<li>Repelentn\u00ed pupeny<\/li>\n<li>opalovac\u00ed kr\u00e9m<\/li>\n<li>\u010cepice<\/li>\n<li>Pohodln\u00e9 kalhoty<\/li>\n<li>Turistick\u00e9 boty do lesa<\/li>\n<li>Sand\u00e1ly do jarn\u00edch oblast\u00ed.<\/li>\n<li>Plavky<\/li>\n<\/ul>\n<p>&nbsp;<\/p>\n<h4><b><i>Hotel vyzvednut\u00ed<\/i><\/b><\/h4>\n<p>Vyzvednut\u00ed v hotelu nen\u00ed pro tento z\u00e1jezd nab\u00edzeno.<\/p>\n<p>&nbsp;<\/p>\n<p><b>Pozn\u00e1mka:<\/b>\u00a0pokud prov\u00e1d\u00edte rezervaci do 24 hodin od \u010dasu odjezdu z\u00e1jezdu\/exkurze, m\u016f\u017eeme za\u0159\u00eddit vyzvednut\u00ed v hotelu za p\u0159\u00edplatek. Jakmile bude v\u00e1\u0161 n\u00e1kup dokon\u010den, za\u0161leme v\u00e1m kompletn\u00ed kontaktn\u00ed informace (telefonn\u00ed \u010d\u00edslo, e-mailovou adresu atd.) pro na\u0161eho m\u00edstn\u00edho pr\u016fvodce, abychom mohli zajistit vyzvednut\u00ed.<\/p>\n<h4><b><i>Potvrzen\u00ed dal\u0161\u00edch informac\u00ed<\/i><\/b><\/h4>\n<ol>\n<li>Vstupenky jsou \u00fa\u010dtenkou po zaplacen\u00ed tohoto z\u00e1jezdu. Platbu m\u016f\u017eete zobrazit na telefonu.<\/li>\n<li>M\u00edsto setk\u00e1n\u00ed bude obdr\u017eeno po procesu rezervace.<\/li>\n<li>D\u011bti mus\u00ed b\u00fdt v doprovodu dosp\u011bl\u00e9 osoby.<\/li>\n<li>Bezbari\u00e9rov\u00fd p\u0159\u00edstup<\/li>\n<li>D\u011bti mus\u00ed sed\u011bt na kl\u00edn\u011b<\/li>\n<li>Nedoporu\u010duje se pro cestovatele s probl\u00e9my se z\u00e1dy<\/li>\n<li>Nedoporu\u010duje se t\u011bhotn\u00fdm cestovatel\u016fm<\/li>\n<li>\u017d\u00e1dn\u00e9 probl\u00e9my se srdcem ani jin\u00e9 z\u00e1va\u017en\u00e9 zdravotn\u00ed stavy<\/li>\n<li>Z\u00fa\u010dastnit se m\u016f\u017ee v\u011bt\u0161ina cestovatel\u016f<\/li>\n<\/ol>\n\n\t\t<\/div>\n\t<\/div>\n<\/div><\/div><\/div><\/div>\n<\/section>","protected":false},"excerpt":{"rendered":"<p>Exkurze do n\u00e1rodn\u00edho parku Los Haitises ze Sabana de la Mar, n\u00e1v\u0161t\u011bva mangrov\u016f, jeskyn\u00ed, piktogram\u016f + ob\u011bd v Can\u00f1o Hondo, prohl\u00eddky a baz\u00e9ny.<\/p>\n<p>Vytvo\u0159te si tuto prohl\u00eddku s turistickou stezkou a dozv\u00edte se o historii n\u00e1rodn\u00edho parku Los Haitises od m\u00edstn\u00edch obyvatel.<\/p>\n<p>&nbsp;<\/p>\n<p><strong>Vyberte si term\u00edn prohl\u00eddky:\u00a0<\/strong><\/p>","protected":false},"featured_media":12271,"template":"","meta":[],"product_cat":[946,928,933,254,255],"product_tag":[176,211,210,192,215,214,171,209,212,175,213],"class_list":["post-16552","product","type-product","status-publish","has-post-thumbnail","hentry","product_cat-1-sabana-de-la-mar","product_cat-boat-trip-los-haitises","product_cat-natural-pools-los-haitises","product_cat-tours-excursions-los-haitises-national-park","product_cat-tours-excursions-samana-bay-dominican-republic","product_tag-cano-hondo","product_tag-cano-hondo-hotel","product_tag-cano-hondo-tours","product_tag-day-tour-cano-hondo","product_tag-la-arena-cave","product_tag-line-cave","product_tag-los-haitises","product_tag-los-haitises-national-park","product_tag-mangroves-los-haitises","product_tag-sabana-de-la-mar","product_tag-san-lorenzo-bay"],"_links":{"self":[{"href":"https:\/\/tourwhales.com\/cs\/wp-json\/wp\/v2\/product\/16552","targetHints":{"allow":["GET"]}}],"collection":[{"href":"https:\/\/tourwhales.com\/cs\/wp-json\/wp\/v2\/product"}],"about":[{"href":"https:\/\/tourwhales.com\/cs\/wp-json\/wp\/v2\/types\/product"}],"wp:featuredmedia":[{"embeddable":true,"href":"https:\/\/tourwhales.com\/cs\/wp-json\/wp\/v2\/media\/12271"}],"wp:attachment":[{"href":"https:\/\/tourwhales.com\/cs\/wp-json\/wp\/v2\/media?parent=16552"}],"wp:term":[{"taxonomy":"product_cat","embeddable":true,"href":"https:\/\/tourwhales.com\/cs\/wp-json\/wp\/v2\/product_cat?post=16552"},{"taxonomy":"product_tag","embeddable":true,"href":"https:\/\/tourwhales.com\/cs\/wp-json\/wp\/v2\/product_tag?post=16552"}],"curies":[{"name":"wp","href":"https:\/\/api.w.org\/{rel}","templated":true}]}}