
{"id":14291,"date":"2022-11-02T08:35:02","date_gmt":"2022-11-02T08:35:02","guid":{"rendered":"https:\/\/tourwhales.com\/?post_type=product&#038;p=14291"},"modified":"2024-10-17T23:39:11","modified_gmt":"2024-10-17T23:39:11","slug":"punta-cana-los-haitises-national-park-yanigua-waterfalls-montana-redonda","status":"publish","type":"product","link":"https:\/\/tourwhales.com\/cs\/Tours-Excursions\/caves\/punta-cana-los-haitises-national-park-yanigua-waterfalls-montana-redonda\/","title":{"rendered":"Punta Cana: N\u00e1rodn\u00ed park Los Haitises, vodop\u00e1dy Yanigua a Montana Redonda"},"content":{"rendered":"<section class=\"wpb-content-wrapper\"><div class=\"vc_row wpb_row vc_row-fluid\" ><div class=\"wpb_column vc_column_container vc_col-sm-12\"><div class=\"vc_column-inner\"><div class=\"wpb_wrapper\"><div class=\"mkdf-section-title-holder\" style=\"text-align: left\">\n\t<div class=\"mkdf-st-inner\">\n\t\t\t\t\t<h5 class=\"mkdf-st-subtitle\" >\n\t\t\t\tDoprava a ob\u011bd v cen\u011b\t\t\t<\/h5>\n\t\t\t\t\t\t\t<h3 class=\"mkdf-st-title\" >\n\t\t\t\tPunta Cana: N\u00e1rodn\u00ed park Los Haitises, vodop\u00e1dy Yanigua a Montana Redonda\t\t\t<\/h3>\n\t\t\t\t\t<\/div>\n<\/div><\/div><\/div><\/div><\/div><div class=\"vc_row wpb_row vc_row-fluid\" ><div class=\"wpb_column vc_column_container vc_col-sm-12\"><div class=\"vc_column-inner\"><div class=\"wpb_wrapper\"><div class=\"vc_btn3-container vc_btn3-inline\" ><a class=\"vc_general vc_btn3 vc_btn3-size-md vc_btn3-shape-rounded vc_btn3-style-modern vc_btn3-color-green\" href=\"https:\/\/bookingadventures.tours\/booking.php?tour_id=8081df21d5fc51981b39e270d99ab5ab\" title=\"\">ZAREZERVOVAT HNED <\/a><\/div>\n\t<div class=\"wpb_text_column wpb_content_element\" >\n\t\t<div class=\"wpb_wrapper\">\n\t\t\t<h3>Punta Cana: N\u00e1rodn\u00ed park Los Haitises, vodop\u00e1dy Yanigua a Montana Redonda<\/h3>\n<h4><b><i>P\u0159ehled <\/i><\/b><\/h4>\n<p>Prohl\u00eddka n\u00e1rodn\u00edho parku Los Haitises z celodenn\u00edho v\u00fdletu Punta Cana. Po\u010d\u00ednaje va\u0161\u00edm hotelem v Punta Cana nebo Bavaro. Pojedeme s na\u0161\u00edm pr\u016fvodcem do Montana Redonda. Kde m\u00e1te \u010das po\u0159\u00eddit \u00fa\u017easn\u00e9 fotografie z jednoho z nejp\u016fsobiv\u011bj\u0161\u00edch v\u00fdhled\u016f v Dominik\u00e1nsk\u00e9 republice. Po t\u00e9to prvn\u00ed zast\u00e1vce pokra\u010dujeme v n\u00e1v\u0161t\u011bv\u011b n\u00e1rodn\u00edho parku Los Haitises, sva\u010din\u011b a typick\u00fdch n\u00e1poj\u00edch, zat\u00edmco obch\u00e1z\u00edme mangrovy, jeskyn\u011b a zn\u00e1m\u00e9 skalnat\u00e9 ostrovy jako v Jursk\u00e9m parku. Po n\u00e1v\u0161t\u011bv\u011b n\u00e1rodn\u00edho parku Los Haitises n\u00e1s \u010dek\u00e1 ob\u011bd ve vodop\u00e1dech Yanigua. Po m\u00edstn\u00edm a gastronomick\u00e9m m\u00edstn\u00edm ob\u011bd\u011b si mus\u00edte m\u00edt \u010das zaplavat v unik\u00e1tn\u00edch p\u0159\u00edrodn\u00edch baz\u00e9nech, voda poch\u00e1z\u00ed z n\u00e1rodn\u00edho parku Los Haitises.<\/p>\n<p>Po t\u00e9to zku\u0161enosti se dostanete zp\u011bt do komunity Punta Cana, odkud v\u00e1s vyzvedneme.<\/p>\n<ul>\n<li style=\"font-weight: 400;\">Poplatky v cen\u011b<\/li>\n<li>Ob\u011bd<\/li>\n<li>Ob\u010derstven\u00ed<\/li>\n<li style=\"font-weight: 400;\">M\u00edstn\u00ed pr\u016fvodce v angli\u010dtin\u011b nebo francouz\u0161tin\u011b<\/li>\n<li>P\u0159eprava<\/li>\n<li>V\u00fdlet na lodi<\/li>\n<li>Montana Redonda<\/li>\n<li>Vodop\u00e1d Yanigua<\/li>\n<\/ul>\n<p>&nbsp;<\/p>\n<h4><b>Zahrnut\u00ed a vylou\u010den\u00ed<\/b><\/h4>\n<p>&nbsp;<\/p>\n<p><b>Inkluze<\/b><\/p>\n<ol>\n<li style=\"font-weight: 400;\">Prohl\u00eddka Los Haitises + jeskyn\u011b a piktogramy<\/li>\n<li>Montana Redonda<\/li>\n<li>Vodop\u00e1dy Yanigua<\/li>\n<li>Ob\u011bd<\/li>\n<li>Hotely Pick Up v oblastech Punta Cana.<\/li>\n<li style=\"font-weight: 400;\"><span style=\"font-weight: 400;\">V\u0161echny dan\u011b, poplatky a manipula\u010dn\u00ed poplatky<\/span><\/li>\n<li style=\"font-weight: 400;\"><span style=\"font-weight: 400;\">M\u00edstn\u00ed dan\u011b<\/span><\/li>\n<li style=\"font-weight: 400;\"><span style=\"font-weight: 400;\">N\u00e1poje<\/span><\/li>\n<li>Ob\u010derstven\u00ed<\/li>\n<li style=\"font-weight: 400;\"><span style=\"font-weight: 400;\">V\u0161echny aktivity<\/span><\/li>\n<li style=\"font-weight: 400;\"><span style=\"font-weight: 400;\">M\u00edstn\u00ed pr\u016fvodce<\/span><\/li>\n<\/ol>\n<p><b> V\u00fdluky<\/b><\/p>\n<ol>\n<li style=\"font-weight: 400;\"><span style=\"font-weight: 400;\">Spropitn\u00e9<\/span><\/li>\n<li style=\"font-weight: 400;\"><span style=\"font-weight: 400;\">Alkoholick\u00e9 n\u00e1poje<\/span><\/li>\n<\/ol>\n<p>&nbsp;<\/p>\n<h4><em><strong>Odjezd a n\u00e1vrat<\/strong><\/em><\/h4>\n<p><span style=\"font-weight: 400;\">Cestovatel z\u00edsk\u00e1 m\u00edsto setk\u00e1n\u00ed po procesu rezervace. Prohl\u00eddky za\u010d\u00ednaj\u00ed a kon\u010d\u00ed v m\u00edstech setk\u00e1n\u00ed.<\/span><\/p>\n<h4><\/h4>\n<h3>Punta Cana: N\u00e1rodn\u00ed park Los Haitises, vodop\u00e1dy Yanigua a Montana Redonda<\/h3>\n<h4><b><i>Co \u010dekat?<\/i><\/b><\/h4>\n<p><em><strong>Z\u00edskejte vstupenky<\/strong><\/em> za n\u00e1v\u0161t\u011bvu n\u00e1rodn\u00edho parku Los Haitises Tour z Punta Cana.<\/p>\n<p>The\u00a0<strong>tropick\u00e1 p\u0159\u00edroda Dominik\u00e1nsk\u00e9 republiky<\/strong>\u00a0je jedn\u00edm z hlavn\u00edch\u00a0<strong>turistick\u00e9 atrakce<\/strong>\u00a0v zemi. Dnes v\u00e1m chceme navrhnout a\u00a0<strong>unik\u00e1tn\u00ed exkurze<\/strong>\u00a0kter\u00e9 m\u016f\u017eete ud\u011blat z Punta Cana, a to zahrnuje n\u00e1v\u0161t\u011bvu t\u0159\u00ed m\u00edst, kde v\u00e1s krajina nech\u00e1 beze slov.<\/p>\n<p>Prvn\u00ed z nich je\u00a0<em>Kulat\u00e1 hora<\/em>, m\u00edsto, kter\u00e9 se v posledn\u00edch letech proslavilo sv\u00fdm\u00a0<strong>panoramatick\u00fd v\u00fdhled<\/strong>\u00a0nad Karibikem, kde\u00a0<strong>momentky na houpa\u010dce<\/strong>\u00a0kter\u00fd se d\u00edv\u00e1 k obzoru z n\u011bj ud\u011blal jeden z\u00a0<strong>nejfotografovan\u011bj\u0161\u00ed m\u00edsta v Dominik\u00e1nsk\u00e9 republice<\/strong>.<\/p>\n<p><strong>N\u00e1rodn\u00ed park Los Haitises<\/strong>\u00a0je n\u00e1\u0161 dal\u0161\u00ed c\u00edl na map\u011b, oblast, kde\u00a0<strong>mo\u0159e, mangrovy, d\u017eungle<\/strong>\u00a0a dokonce\u00a0<strong>archeologick\u00e9 poz\u016fstatky<\/strong>\u00a0skryt\u00e9 v jeskyn\u00edch, odhalit v\u0161echny\u00a0<strong>p\u0159\u00edrodn\u00ed kouzlo, kter\u00e9 zem\u011b nab\u00edz\u00ed<\/strong>. Jeho mal\u00e9 kopce pln\u00e9 vegetace jsou tak\u00e9 perfektn\u00edm m\u00edstem pro pozorov\u00e1n\u00ed pt\u00e1k\u016f, kter\u00e9 najdete pouze zde.<\/p>\n<p>Uvnit\u0159 parku je dal\u0161\u00ed\u00a0<strong>kouzeln\u00e9 m\u00edsto: Vodop\u00e1dy Yanigua Ranch<\/strong>. Tento velkolep\u00fd vodop\u00e1d je\u00a0<strong>ide\u00e1ln\u00ed m\u00edsto k odpojen\u00ed<\/strong>\u00a0od turistick\u00fdch dav\u016f Punta Cany, obklopen\u00e9 hustou vegetac\u00ed, kter\u00e1 n\u00e1s nut\u00ed si myslet, \u017ee jsme v\u00edce ne\u017e 100 kilometr\u016f od nejbli\u017e\u0161\u00edho m\u011bsta, i kdy\u017e to tak opravdu nen\u00ed.<\/p>\n<div class=\"body-description secondary\">\n<p>Po ob\u011bd\u011b se vrac\u00edme do Punta Cana!!<\/p>\n<h2 id=\"headline-62-1277\" class=\"ct-headline\">Itiner\u00e1\u0159 z\u00e1jezdu<\/h2>\n<div id=\"_rich_text-77-1277\" class=\"oxy-rich-text\">\n<p>Itiner\u00e1\u0159 t\u00e9to exkurze je n\u00e1sleduj\u00edc\u00ed:<\/p>\n<ul>\n<li><strong>06:50<\/strong>\u00a0\u2013 Vyzvedn\u011bte v\u00e1s ve va\u0161em hotelu.<\/li>\n<li><strong>08:30<\/strong>\u00a0\u2013 P\u0159\u00edjezd na kulatou horu, jedine\u010dnou krajinu v cel\u00e9 zemi.<\/li>\n<li><strong>10:30<\/strong>\u00a0\u2013 Odj\u00ed\u017ed\u00ed ze Sabana de la Mar do n\u00e1rodn\u00edho parku Haitises motorov\u00fdm \u010dlunem. Po cest\u011b uvid\u00edme\u00a0<strong>exotick\u00e9 ptactvo<\/strong>, a my doraz\u00edme na\u00a0<strong>jeskyn\u011b<\/strong>\u00a0kde m\u016f\u017eete vid\u011bt\u00a0<strong>domorod\u00e9 malby<\/strong>.<\/li>\n<li><strong>12:30<\/strong>\u00a0<strong>odpoledne\u00a0<\/strong>\u2013 Jd\u011bte hluboko do d\u017eungle, dokud nedoraz\u00edme k vodop\u00e1d\u016fm Yanigua Ranch Waterfalls, perfektn\u00edmu m\u00edstu na ob\u011bd a koup\u00e1n\u00ed. M\u016f\u017eete si tak\u00e9 dop\u0159\u00e1t l\u00e9\u010debn\u00e9 bahenn\u00ed koupele.<\/li>\n<li><strong>02:00<\/strong>\u00a0<strong>odpoledne<\/strong>\u00a0\u2013 M\u016f\u017eete ochutnat\u00a0<strong>k\u00e1vu a kakao<\/strong>\u00a0z m\u00edstn\u00edch farem a ran\u010d\u016f.<\/li>\n<li><strong>03:00<\/strong>\u00a0<strong>odpoledne<\/strong>- Nav\u0161tivte\u00a0<strong>modr\u00fd jantarov\u00fd d\u016fl<\/strong>.<\/li>\n<li><strong>16:30<\/strong>\u00a0\u2013 Zastavte se na fotografick\u00e9 vyhl\u00eddce, kde m\u016f\u017eete vid\u011bt n\u00e1dheru n\u00e1rodn\u00edho parku Haitises.<\/li>\n<li><strong>17:00<\/strong>\u00a0\u2013 Nakonec n\u00e1s pr\u016fvodce zavede na jednu z nejkuri\u00f3zn\u011bj\u0161\u00edch staveb m\u00edsta,\u00a0<em>Tarzan\u016fv d\u016fm<\/em>, kter\u00fd se nach\u00e1z\u00ed na strom\u011b vysok\u00e9m p\u0159es 100 stop.<\/li>\n<li><strong>18:00<\/strong>\u00a0\u2013 N\u00e1vrat do hotel\u016f na\u0161\u00ed dopravou.<\/li>\n<\/ul>\n<p><em>* V\u00fd\u0161e uveden\u00e9 \u010dasy jsou p\u0159ibli\u017en\u00e9<\/em><\/p>\n<\/div>\n<\/div>\n<p>V p\u0159\u00edpad\u011b, \u017ee se v\u00e1m tento v\u00fdlet bude l\u00edbit del\u0161\u00ed nebo krat\u0161\u00ed, kontaktujte n\u00e1s.<\/p>\n<p>&nbsp;<\/p>\n<h4><em><strong>Co byste m\u011bli p\u0159in\u00e9st?<\/strong><\/em><\/h4>\n<ul>\n<li style=\"font-weight: 400;\"><span style=\"font-weight: 400;\">Fotoapar\u00e1t<\/span><\/li>\n<li style=\"font-weight: 400;\"><span style=\"font-weight: 400;\">Repelentn\u00ed pupeny<\/span><\/li>\n<li style=\"font-weight: 400;\"><span style=\"font-weight: 400;\">Opalovac\u00ed kr\u00e9m<\/span><\/li>\n<li style=\"font-weight: 400;\"><span style=\"font-weight: 400;\">\u010cepice<\/span><\/li>\n<li style=\"font-weight: 400;\"><span style=\"font-weight: 400;\">Pohodln\u00e9 kalhoty<\/span><\/li>\n<li style=\"font-weight: 400;\"><span style=\"font-weight: 400;\">Turistick\u00e9 boty do lesa<\/span><\/li>\n<li style=\"font-weight: 400;\"><span style=\"font-weight: 400;\">Sand\u00e1ly do jarn\u00edch oblast\u00ed.<\/span><\/li>\n<li style=\"font-weight: 400;\"><span style=\"font-weight: 400;\">Plavky<\/span><\/li>\n<\/ul>\n<p>&nbsp;<\/p>\n<h4><b><i>Hotel vyzvednut\u00ed <\/i><\/b><\/h4>\n<p><span style=\"font-weight: 400;\">Pro tento z\u00e1jezd je nab\u00edzeno vyzvednut\u00ed v hotelu. Zde vyberte n\u00e1zev hotelu a \u010das. V p\u0159\u00edpad\u011b, \u017ee v\u00e1\u0161 hotel nen\u00ed na seznamu, kontaktujte n\u00e1s.<\/span><\/p>\n<p>&nbsp;<\/p>\n<p><b>Pozn\u00e1mka:<\/b><span style=\"font-weight: 400;\"> pokud prov\u00e1d\u00edte rezervaci do 24 hodin od \u010dasu odjezdu z\u00e1jezdu\/exkurze, m\u016f\u017eeme za\u0159\u00eddit vyzvednut\u00ed v hotelu za p\u0159\u00edplatek. Jakmile bude v\u00e1\u0161 n\u00e1kup dokon\u010den, za\u0161leme v\u00e1m kompletn\u00ed kontaktn\u00ed informace (telefonn\u00ed \u010d\u00edslo, e-mailovou adresu atd.) pro na\u0161eho m\u00edstn\u00edho pr\u016fvodce, abychom mohli zajistit vyzvednut\u00ed.<\/span><\/p>\n<h4><b><i>Potvrzen\u00ed dal\u0161\u00edch informac\u00ed <\/i><\/b><\/h4>\n<ol>\n<li>Vstupenky jsou \u00fa\u010dtenkou po zaplacen\u00ed tohoto z\u00e1jezdu. Platbu m\u016f\u017eete zobrazit na telefonu.<\/li>\n<li style=\"font-weight: 400;\"><span style=\"font-weight: 400;\">M\u00edsto setk\u00e1n\u00ed bude obdr\u017eeno po procesu rezervace.<\/span><\/li>\n<li style=\"font-weight: 400;\"><span style=\"font-weight: 400;\">D\u011bti mus\u00ed b\u00fdt v doprovodu dosp\u011bl\u00e9 osoby.<\/span><\/li>\n<li style=\"font-weight: 400;\"><span style=\"font-weight: 400;\"> Bezbari\u00e9rov\u00fd p\u0159\u00edstup <\/span><\/li>\n<li style=\"font-weight: 400;\"><span style=\"font-weight: 400;\">D\u011bti mus\u00ed sed\u011bt na kl\u00edn\u011b <\/span><\/li>\n<li style=\"font-weight: 400;\"><span style=\"font-weight: 400;\">Nedoporu\u010duje se pro cestovatele s probl\u00e9my se z\u00e1dy<\/span><\/li>\n<li style=\"font-weight: 400;\"><span style=\"font-weight: 400;\">Nedoporu\u010duje se t\u011bhotn\u00fdm cestovatel\u016fm <\/span><\/li>\n<li style=\"font-weight: 400;\"><span style=\"font-weight: 400;\"> \u017d\u00e1dn\u00e9 probl\u00e9my se srdcem ani jin\u00e9 z\u00e1va\u017en\u00e9 zdravotn\u00ed stavy <\/span><\/li>\n<li style=\"font-weight: 400;\"><span style=\"font-weight: 400;\">Z\u00fa\u010dastnit se m\u016f\u017ee v\u011bt\u0161ina cestovatel\u016f<\/span><\/li>\n<\/ol>\n<h4><b><i>Storno podm\u00ednky<\/i><\/b><\/h4>\n<p>Chcete-li z\u00edskat plnou n\u00e1hradu, p\u0159e\u010dt\u011bte si na\u0161e storno podm\u00ednky\u00a0<a href=\"https:\/\/tourwhales.com\/cs\/online-booking\/\" target=\"_blank\" rel=\"noopener\" data-saferedirecturl=\"https:\/\/www.google.com\/url?q=https:\/\/tourwhales.com\/online-booking\/&amp;source=gmail&amp;ust=1672308980019000&amp;usg=AOvVaw26v5FL8g3-3hyHN76KOvdD\">Klikn\u011bte zde<\/a>. Prost\u0159edky budou ztraceny, pokud bude rezervace zru\u0161ena ve stejn\u00fd den cesty.<\/p>\n\n\t\t<\/div>\n\t<\/div>\n<div class=\"vc_btn3-container vc_btn3-inline\" ><a class=\"vc_general vc_btn3 vc_btn3-size-md vc_btn3-shape-rounded vc_btn3-style-modern vc_btn3-color-green\" href=\"https:\/\/bookingadventures.tours\/booking.php?tour_id=8081df21d5fc51981b39e270d99ab5ab\" title=\"\">ZAREZERVOVAT HNED <\/a><\/div><\/div><\/div><\/div><\/div><div class=\"vc_row wpb_row vc_row-fluid\" ><div class=\"wpb_column vc_column_container vc_col-sm-12\"><div class=\"vc_column-inner\"><div class=\"wpb_wrapper\"><div class=\"vc_empty_space\"   style=\"height: 32px\"><span class=\"vc_empty_space_inner\"><\/span><\/div>\n\t<div class=\"wpb_video_widget wpb_content_element vc_clearfix   vc_video-aspect-ratio-169 vc_video-el-width-100 vc_video-align-left\" >\n\t\t<div class=\"wpb_wrapper\">\n\t\t\t<h2 class=\"wpb_heading wpb_video_heading\">Video z n\u00e1rodn\u00edho parku Los Haitises:<\/h2>\n\t\t\t<div class=\"wpb_video_wrapper\"><iframe loading=\"lazy\" title=\"N\u00e1rodn\u00ed park Los Haitises, v\u00fdlety a exkurze ze Samany nebo Sabany de la Mar. Rezervujte zde:\" src=\"https:\/\/player.vimeo.com\/video\/346508015?dnt=1&amp;app_id=122963\" width=\"1100\" height=\"619\" frameborder=\"0\" allow=\"autoplay; fullscreen\" allowfullscreen><\/iframe><\/div>\n\t\t<\/div>\n\t<\/div>\n<div class=\"vc_empty_space\"   style=\"height: 32px\"><span class=\"vc_empty_space_inner\"><\/span><\/div><\/div><\/div><\/div><\/div><div class=\"vc_row wpb_row vc_row-fluid\" ><div class=\"wpb_column vc_column_container vc_col-sm-12\"><div class=\"vc_column-inner\"><div class=\"wpb_wrapper\"><div class=\"vc_empty_space\"   style=\"height: 32px\"><span class=\"vc_empty_space_inner\"><\/span><\/div>\n\t<div class=\"wpb_text_column wpb_content_element\" >\n\t\t<div class=\"wpb_wrapper\">\n\t\t\t<h4>Kontaktujte n\u00e1s?<\/h4>\n<h5><em><strong>Rezervace dobrodru\u017estv\u00ed<\/strong><\/em><\/h5>\n<p><em><strong>M\u00edstn\u00ed obyvatel\u00e9<\/strong>\u00a0a\u00a0<strong>st\u00e1tn\u00ed p\u0159\u00edslu\u0161n\u00edci<\/strong>\u00a0Pr\u016fvodci a slu\u017eby pro hosty<\/em><\/p>\n<p><span class=\"text-turquoise\">Rezervace:<\/span>\u00a0Prohl\u00eddky a exkurze v Dom. Rep.<\/p>\n<p><img decoding=\"async\" class=\"emoji\" draggable=\"false\" src=\"https:\/\/s.w.org\/images\/core\/emoji\/11.2.0\/svg\/1f4de.svg\" alt=\"\ud83d\udcde\" \/>\u00a0Tel \/ Whatsapp\u00a0\u00a0<a href=\"tel:+18494995063\">+18494995063<\/a>.<\/p>\n<p><img decoding=\"async\" class=\"emoji\" draggable=\"false\" src=\"https:\/\/s.w.org\/images\/core\/emoji\/11.2.0\/svg\/1f4e9.svg\" alt=\"\ud83d\udce9\" \/>\u00a0<a href=\"mailto:info@bookingadventures.com.do\">info@bookingadventures.com.do<\/a><\/p>\n<p><strong>Flexibiln\u011b nastavujeme soukrom\u00e9 prohl\u00eddky od Whatsapp:\u00a0<a href=\"tel:+18097206035\">+18097206035.<\/a><\/strong><\/p>\n\n\t\t<\/div>\n\t<\/div>\n<div class=\"vc_empty_space\"   style=\"height: 32px\"><span class=\"vc_empty_space_inner\"><\/span><\/div><\/div><\/div><\/div><\/div>\n<\/section>","protected":false},"excerpt":{"rendered":"<p>V\u00fdlet z Punta Cana: N\u00e1rodn\u00ed park Los Haitises, vodop\u00e1dy Yanigua a Montana Redonda. Zahrnuje ob\u011bd a dopravu na n\u00e1v\u0161t\u011bvu 3 hlavn\u00edch jeskyn\u00ed, pr\u016fzkum 2 r\u016fzn\u00fdch mangrovov\u00fdch ekosyst\u00e9m\u016f, v\u00fdhledy a Simming Pools.<\/p>\n<p>Celodenn\u00ed v\u00fdlet do n\u00e1rodn\u00edho parku Los Haitises s m\u00edstn\u00edm pr\u016fvodcem. N\u00e1v\u0161t\u011bva Cays v n\u00e1rodn\u00edm parku Los Haitises, mangrovy, vegetace, pt\u00e1ci, jeskyn\u011b, piktogramy a historick\u00e9 oblasti Sabana de la Mar v n\u00e1rodn\u00edm parku Los Haitises. \u00da\u017easn\u00e9 v\u00fdhledy v Montana Redonda a ob\u011bd plus baz\u00e9ny ve vodop\u00e1dech Yanigua.<\/p>\n<p>&nbsp;<\/p>\n<p><strong>Vyberte pros\u00edm datum prohl\u00eddky:\u00a0<\/strong><\/p>","protected":false},"featured_media":14278,"template":"","meta":[],"product_cat":[948,946,928,168,1050,1049],"product_tag":[268,296,267,171,209,440,441,299,1052,212,297,222,298,269,1053,1051],"class_list":["post-14291","product","type-product","status-publish","has-post-thumbnail","hentry","product_cat-1-punta-cana","product_cat-1-sabana-de-la-mar","product_cat-boat-trip-los-haitises","product_cat-caves","product_cat-waterfalls-los-haitises","product_cat-yanigua-waterfalls-montana-redonda","product_tag-caves-los-haitises","product_tag-day-trip-punta-cana","product_tag-las-terrenas","product_tag-los-haitises","product_tag-los-haitises-national-park","product_tag-los-haitises-national-park-map","product_tag-los-haitises-national-park-tour-from-las-terrenas","product_tag-los-haitises-national-park-tours-excursions","product_tag-los-haitises-waterfall","product_tag-mangroves-los-haitises","product_tag-montana-redonda-tours-excursion","product_tag-punta-cana","product_tag-punta-cana-tours-excursions","product_tag-transportation-los-haitises","product_tag-waterfalls-dominican-republic","product_tag-yanigua-waterfalls"],"_links":{"self":[{"href":"https:\/\/tourwhales.com\/cs\/wp-json\/wp\/v2\/product\/14291","targetHints":{"allow":["GET"]}}],"collection":[{"href":"https:\/\/tourwhales.com\/cs\/wp-json\/wp\/v2\/product"}],"about":[{"href":"https:\/\/tourwhales.com\/cs\/wp-json\/wp\/v2\/types\/product"}],"wp:featuredmedia":[{"embeddable":true,"href":"https:\/\/tourwhales.com\/cs\/wp-json\/wp\/v2\/media\/14278"}],"wp:attachment":[{"href":"https:\/\/tourwhales.com\/cs\/wp-json\/wp\/v2\/media?parent=14291"}],"wp:term":[{"taxonomy":"product_cat","embeddable":true,"href":"https:\/\/tourwhales.com\/cs\/wp-json\/wp\/v2\/product_cat?post=14291"},{"taxonomy":"product_tag","embeddable":true,"href":"https:\/\/tourwhales.com\/cs\/wp-json\/wp\/v2\/product_tag?post=14291"}],"curies":[{"name":"wp","href":"https:\/\/api.w.org\/{rel}","templated":true}]}}