
{"id":12607,"date":"2021-07-16T05:50:21","date_gmt":"2021-07-16T05:50:21","guid":{"rendered":"https:\/\/tourwhales.com\/?post_type=product&#038;p=12607"},"modified":"2024-10-17T23:39:16","modified_gmt":"2024-10-17T23:39:16","slug":"los-haitises-kayaking-boat-trip-caves-and-swimming-at-private-beach-all-in-one","status":"publish","type":"product","link":"https:\/\/tourwhales.com\/cs\/Tours-Excursions\/tours-excursions-los-haitises-national-park\/los-haitises-kayaking-boat-trip-caves-and-swimming-at-private-beach-all-in-one\/","title":{"rendered":"Los Haitises J\u00edzda na kajaku + v\u00fdlet lod\u00ed + jeskyn\u011b a koup\u00e1n\u00ed na soukrom\u00e9 pl\u00e1\u017ei (v\u0161e v jednom)."},"content":{"rendered":"<section class=\"wpb-content-wrapper\"><div class=\"vc_row wpb_row vc_row-fluid\" ><div class=\"wpb_column vc_column_container vc_col-sm-12\"><div class=\"vc_column-inner\"><div class=\"wpb_wrapper\"><div class=\"vc_btn3-container vc_btn3-inline\" ><button class=\"vc_general vc_btn3 vc_btn3-size-md vc_btn3-shape-rounded vc_btn3-style-modern vc_btn3-color-green\">ZAREZERVOVAT HNED<\/button><\/div>\n\t<div class=\"wpb_text_column wpb_content_element\" >\n\t\t<div class=\"wpb_wrapper\">\n\t\t\t<h4><b><i>P\u0159ehled <\/i><\/b><\/h4>\n<p><span style=\"font-weight: 400;\">Unikn\u011bte z m\u011bsta a pono\u0159te se do ekoturistiky provincie Hato Mayor, prvn\u00ed ekoturistick\u00e9 provincie Dominik\u00e1nsk\u00e9 republiky. Poje\u010fte s n\u00e1mi a u\u017eijte si sladk\u00e9 vody jedn\u00e9 z neprozkouman\u00fdch pl\u00e1\u017e\u00ed Los Haitises, kde se nach\u00e1z\u00ed z\u00e1toka San Lorenzo. M\u00edsto je dostupn\u00e9 lod\u00ed, obklopen\u00e9 de\u0161tn\u00fdm pralesem a mangrovov\u00fdm lesem. P\u0159i plavb\u011b se dostanete do kontaktu s p\u0159\u00edrodou a nezapomenutelnou krajinou tohoto n\u00e1rodn\u00edho parku. Tato prohl\u00eddka bude kombinac\u00ed j\u00edzdy na kajaku, plavby lod\u00ed, n\u00e1v\u0161t\u011bvy jedn\u00e9 jeskyn\u011b a koup\u00e1n\u00ed v jednom z nejd\u016fle\u017eit\u011bj\u0161\u00edch n\u00e1rodn\u00edch park\u016f zem\u011b, zde je v\u011bt\u0161ina biodiverzity ostrova a druh\u00fd nejv\u011bt\u0161\u00ed mangrovov\u00fd les s v\u00edce ne\u017e 98 km2.\u00a0<\/span><\/p>\n<p>&nbsp;<\/p>\n<p><span style=\"font-weight: 400;\">N\u00e1\u0161 m\u00edstn\u00ed a odborn\u00fd person\u00e1l se postar\u00e1 o to, abyste skute\u010dn\u011b poznali kulturu Tainos, jejich historii v Los Haitises a jejich spojen\u00ed s p\u0159\u00edrodou. Tato prohl\u00eddka je v re\u017eimu ekoturistiky, kde komunita hraje velmi d\u016fle\u017eitou roli, jsou to pr\u016fvodci, kapit\u00e1ni lod\u00ed a \u0159idi\u010di.<\/span><\/p>\n<p>&nbsp;<\/p>\n<p><span style=\"font-weight: 400;\">Prioritou Booking Adventure je zajistit, abyste z\u00edskali to nejlep\u0161\u00ed z nejlep\u0161\u00edho, od okam\u017eiku zakoupen\u00ed letenky a\u017e do dokon\u010den\u00ed cesty. Na\u0161e z\u00e1jezdy jsou zam\u011b\u0159eny na environment\u00e1ln\u00ed vzd\u011bl\u00e1v\u00e1n\u00ed, dobrodru\u017estv\u00ed a m\u00edstn\u00ed historii a b\u011bhem tohoto v\u00fdletu uvid\u00edte od v\u0161eho trochu.\u00a0<\/span><\/p>\n<h3><span style=\"font-weight: 400;\">Zahrnut\u00ed a vylou\u010den\u00ed<\/span><\/h3>\n<h6><strong>Inkluze<\/strong><\/h6>\n<ul>\n<li><span style=\"font-weight: 400;\">Lo\u010f a kapit\u00e1n\u00a0<\/span><\/li>\n<li><span style=\"font-weight: 400;\">Kajaky\u00a0<\/span><\/li>\n<li><span style=\"font-weight: 400;\">Sva\u010diny (voda, ovoce, sendvi\u010de a soda)<\/span><\/li>\n<li><span style=\"font-weight: 400;\">V\u0161echny dan\u011b, poplatky a manipula\u010dn\u00ed poplatky<\/span><\/li>\n<li><span style=\"font-weight: 400;\">M\u00edstn\u00ed dan\u011b<\/span><\/li>\n<li><span style=\"font-weight: 400;\">\u00da\u0159edn\u00edci Ekologov\u00e9 pr\u016fvodce anglicky\/\u0161pan\u011blsky<\/span><\/li>\n<li><span style=\"font-weight: 400;\">P\u0159\u00edrodn\u00ed koupali\u0161t\u011b a neprozkouman\u00e1 pl\u00e1\u017e\u00a0<\/span><\/li>\n<li><span style=\"font-weight: 400;\">Jedna jeskyn\u011b\u00a0<\/span><\/li>\n<\/ul>\n<p>&nbsp;<\/p>\n<h6><strong>V\u00fdluky<\/strong><\/h6>\n<p>&nbsp;<\/p>\n<ul>\n<li><span style=\"font-weight: 400;\">Spropitn\u00e9<\/span><\/li>\n<li><span style=\"font-weight: 400;\">N\u00e1poj<\/span><\/li>\n<li><span style=\"font-weight: 400;\">P\u0159evod\u00a0<\/span><\/li>\n<\/ul>\n<p><span style=\"font-weight: 400;\">\u00a0<\/span><\/p>\n<h6><strong>Odjezd a n\u00e1vrat<\/strong><\/h6>\n<p>&nbsp;<\/p>\n<p><span style=\"font-weight: 400;\">Prohl\u00eddka organizovan\u00e1 \u201eBooking Adventures\u201c za\u010d\u00edn\u00e1 na m\u00edst\u011b setk\u00e1n\u00ed s pr\u016fvodcem nebo zam\u011bstnancem. Cestovatel z\u00edsk\u00e1 m\u00edsto setk\u00e1n\u00ed po procesu rezervace. Prohl\u00eddky za\u010d\u00ednaj\u00ed a kon\u010d\u00ed na na\u0161ich m\u00edstech setk\u00e1n\u00ed.<\/span><\/p>\n<h2>Los Haitises J\u00edzda na kajaku + v\u00fdlet lod\u00ed + jeskyn\u011b a pl\u00e1\u017e s koup\u00e1n\u00edm (v\u0161e v jednom).<\/h2>\n<p><span style=\"font-weight: 400;\">Co \u010dekat?<\/span><\/p>\n<p>&nbsp;<\/p>\n<p><span style=\"font-weight: 400;\">Z\u00edskejte vstupenku na Eco-Adventure Tour Los Haitises National Park All In One\u00a0<\/span><\/p>\n<p>&nbsp;<\/p>\n<p><span style=\"font-weight: 400;\">Tato exkurze za\u010d\u00edn\u00e1 na m\u00edst\u011b setk\u00e1n\u00ed, kter\u00e9 mus\u00edte potvrdit na\u0161im cestovn\u00edm kancel\u00e1\u0159\u00edm nebo pr\u016fvodci, ne\u017e se vyd\u00e1te na jak\u00e9koli m\u00edsto. Jakmile se setk\u00e1te se sv\u00fdm pr\u016fvodcem, budete m\u00edt p\u0159ehled o prohl\u00eddce a v\u0161em, co souvis\u00ed s va\u0161\u00edm dnem.<\/span><\/p>\n<p>&nbsp;<\/p>\n<p><span style=\"font-weight: 400;\">Kdy\u017e jsou v\u0161ichni p\u0159ipraveni a vyzvedneme si kajaky, zam\u00ed\u0159\u00edme na prvn\u00ed m\u00edsto, kter\u00fdm je Playita Las Almejas, kde jsou p\u0159\u00edrodn\u00ed koupali\u0161t\u011b, zat\u00edmco proplouv\u00e1me mangrovov\u00fdm lesem a porostem z\u00e1livu San Lorenzo, pod\u011bl\u00edme se s v\u00e1mi o p\u0159\u00edb\u011bhy o Los Haitises, Geologii a projd\u011bte si druhy mangrov\u016f s okol\u00edm San Lorenzo Bay.\u00a0<\/span><\/p>\n<p>&nbsp;<\/p>\n<p><span style=\"font-weight: 400;\">Kdy\u017e doraz\u00edme na prvn\u00ed m\u00edsto, m\u011bli byste si p\u0159ipravit plavky, abyste mohli j\u00edt na kajak a p\u00e1dlovat do Cave of the line s va\u0161\u00edm pr\u016fvodcem, zbytek person\u00e1lu na v\u00e1s po\u010dk\u00e1, dokud nedokon\u010d\u00edte prvn\u00ed \u010d\u00e1st aktivity.<\/span><\/p>\n<p>&nbsp;<\/p>\n<p><span style=\"font-weight: 400;\">B\u011bhem t\u00e9to \u010d\u00e1sti sv\u00e9 cesty budete moci proj\u00edt kolem star\u00e9ho p\u0159\u00edstavu Las Perlas, kter\u00fd je jednou z prvn\u00edch staveb postaven\u00fdch Evropany v t\u00e9to oblasti, asi v roce 1866, a byl spojen s vlakovou trat\u00ed, kter\u00e1 slou\u017eila k p\u0159eprav\u011b. k\u00e1va, ban\u00e1ny a v\u0161e, co tato skupina Evropan\u016f p\u011bstovala na \u00fazem\u00ed dne\u0161n\u00edho Los Haitises.\u00a0<\/span><\/p>\n<p>&nbsp;<\/p>\n<p><span style=\"font-weight: 400;\">V jeskyni, kterou nav\u0161t\u00edv\u00edte, je v\u00edce ne\u017e 1200 piktogram\u016f namalovan\u00fdch Tainos, to byl zp\u016fsob, jak se vyj\u00e1d\u0159it, a dnes n\u00e1m tato um\u011bleck\u00e1 d\u00edla vypr\u00e1v\u011bj\u00ed p\u0159\u00edb\u011bhy, o kter\u00fdch jsme si ani nemysleli, \u017ee je dnes najdeme. A\u017e tady skon\u010d\u00edte, vr\u00e1t\u00edme se zp\u011bt do Playa de las Almejas na ob\u010derstven\u00ed a koup\u00e1n\u00ed.\u00a0<\/span><\/p>\n<p>&nbsp;<\/p>\n<p><span style=\"font-weight: 400;\">Po koup\u00e1n\u00ed v p\u0159\u00edrodn\u00edm koupali\u0161ti se vr\u00e1t\u00edme do hlavn\u00edho p\u0159\u00edstavu v oblasti Cano Hondo, toto je 5hodinov\u00e1 prohl\u00eddka, kter\u00e1 v\u00e1m d\u00e1v\u00e1 p\u0159\u00edle\u017eitost dohl\u00e9dnout na v\u011bt\u0161inu Sabana de la Mar a n\u00e1rodn\u00edho parku Los Haitises, tato exkurze kon\u010d\u00ed v na stejn\u00e9m m\u00edst\u011b, kde to za\u010dalo.<\/span><\/p>\n<p>&nbsp;<\/p>\n<p><span style=\"font-weight: 400;\">Pozn\u00e1mka: Tyto prohl\u00eddky jsou s turistick\u00fdmi pr\u016fvodci Officials Ecologist. Rezervujte si pros\u00edm v\u010das, proto\u017ee v parku nen\u00ed p\u0159\u00edli\u0161 mnoho odborn\u00edk\u016f.<\/span><\/p>\n<p>&nbsp;<\/p>\n<h6><strong>Co byste si m\u011bli p\u0159in\u00e9st?<\/strong><\/h6>\n<ul>\n<li style=\"font-weight: 400;\" aria-level=\"1\"><span style=\"font-weight: 400;\">Fotoapar\u00e1t<\/span><\/li>\n<li style=\"font-weight: 400;\" aria-level=\"1\"><span style=\"font-weight: 400;\">Sprej proti hmyzu\u00a0<\/span><\/li>\n<li style=\"font-weight: 400;\" aria-level=\"1\"><span style=\"font-weight: 400;\">Opalovac\u00ed kr\u00e9m<\/span><\/li>\n<li style=\"font-weight: 400;\" aria-level=\"1\"><span style=\"font-weight: 400;\">Pohodln\u00e9 kalhoty<\/span><\/li>\n<li style=\"font-weight: 400;\" aria-level=\"1\"><span style=\"font-weight: 400;\">B\u011b\u017eeck\u00e9 boty<\/span><\/li>\n<li style=\"font-weight: 400;\" aria-level=\"1\"><span style=\"font-weight: 400;\">Bunda do de\u0161t\u011b\u00a0<\/span><\/li>\n<li style=\"font-weight: 400;\" aria-level=\"1\"><span style=\"font-weight: 400;\">plavky\u00a0<\/span><\/li>\n<li style=\"font-weight: 400;\" aria-level=\"1\"><span style=\"font-weight: 400;\">Ru\u010dn\u00edk\u00a0<\/span><\/li>\n<\/ul>\n<h4><b><i>Hotel vyzvednut\u00ed <\/i><\/b><\/h4>\n<p><span style=\"font-weight: 400;\">Vyzvednut\u00ed v hotelu nen\u00ed pro tento z\u00e1jezd nab\u00edzeno. Sta\u010d\u00ed, kdy\u017e jste v Cano Hondo Hotel nebo Hotels v oblasti Sabana de la mar.<\/span><\/p>\n<p><b>Pozn\u00e1mka:<\/b><span style=\"font-weight: 400;\"> Pokud provedete rezervaci do 24 hodin od \u010dasu odjezdu z\u00e1jezdu\/exkurze, m\u016f\u017eeme za\u0159\u00eddit vyzvednut\u00ed v hotelu za p\u0159\u00edplatek z kter\u00e9hokoli m\u00edsta Dominik\u00e1nsk\u00e9 republiky. Jakmile bude v\u00e1\u0161 n\u00e1kup dokon\u010den, za\u0161leme v\u00e1m kompletn\u00ed kontaktn\u00ed informace (telefonn\u00ed \u010d\u00edslo, e-mailovou adresu atd.) pro na\u0161eho m\u00edstn\u00edho pr\u016fvodce, abychom mohli zajistit vyzvednut\u00ed.<\/span><\/p>\n<h4><b><i>Potvrzen\u00ed dal\u0161\u00edch informac\u00ed <\/i><\/b><\/h4>\n<ol>\n<li>Vstupenky jsou \u00fa\u010dtenkou po zaplacen\u00ed tohoto z\u00e1jezdu. Platbu m\u016f\u017eete zobrazit na telefonu.<\/li>\n<li style=\"font-weight: 400;\"><span style=\"font-weight: 400;\">M\u00edsto setk\u00e1n\u00ed bude obdr\u017eeno po procesu rezervace.<\/span><\/li>\n<li style=\"font-weight: 400;\"><span style=\"font-weight: 400;\">D\u011bti mus\u00ed b\u00fdt v doprovodu dosp\u011bl\u00e9 osoby.<\/span><\/li>\n<li style=\"font-weight: 400;\"><span style=\"font-weight: 400;\"> Bezbari\u00e9rov\u00fd p\u0159\u00edstup <\/span><\/li>\n<li style=\"font-weight: 400;\"><span style=\"font-weight: 400;\">D\u011bti mus\u00ed sed\u011bt na kl\u00edn\u011b <\/span><\/li>\n<li style=\"font-weight: 400;\"><span style=\"font-weight: 400;\">Nedoporu\u010duje se pro cestovatele s probl\u00e9my se z\u00e1dy<\/span><\/li>\n<li style=\"font-weight: 400;\"><span style=\"font-weight: 400;\">Nedoporu\u010duje se t\u011bhotn\u00fdm cestovatel\u016fm <\/span><\/li>\n<li style=\"font-weight: 400;\"><span style=\"font-weight: 400;\"> \u017d\u00e1dn\u00e9 probl\u00e9my se srdcem ani jin\u00e9 z\u00e1va\u017en\u00e9 zdravotn\u00ed stavy <\/span><\/li>\n<li style=\"font-weight: 400;\"><span style=\"font-weight: 400;\">Z\u00fa\u010dastnit se m\u016f\u017ee v\u011bt\u0161ina cestovatel\u016f<\/span><\/li>\n<\/ol>\n<h4><b><i>Storno podm\u00ednky<\/i><\/b><\/h4>\n<p>Chcete-li z\u00edskat plnou n\u00e1hradu, p\u0159e\u010dt\u011bte si na\u0161e storno podm\u00ednky\u00a0<a href=\"https:\/\/tourwhales.com\/cs\/online-booking\/\" target=\"_blank\" rel=\"noopener\" data-saferedirecturl=\"https:\/\/www.google.com\/url?q=https:\/\/tourwhales.com\/online-booking\/&amp;source=gmail&amp;ust=1672449202351000&amp;usg=AOvVaw1yAeVAPktmaVCqDujgUn90\">Klikn\u011bte zde<\/a>. Prost\u0159edky budou ztraceny, pokud bude rezervace zru\u0161ena ve stejn\u00fd den cesty.<\/p>\n\n\t\t<\/div>\n\t<\/div>\n<\/div><\/div><\/div><\/div><div class=\"vc_row wpb_row vc_row-fluid\" ><div class=\"wpb_column vc_column_container vc_col-sm-12\"><div class=\"vc_column-inner\"><div class=\"wpb_wrapper\"><\/div><\/div><\/div><\/div><div class=\"vc_row wpb_row vc_row-fluid\" ><div class=\"wpb_column vc_column_container vc_col-sm-12\"><div class=\"vc_column-inner\"><div class=\"wpb_wrapper\"><\/div><\/div><\/div><\/div><div class=\"wpb_column vc_column_container vc_col-sm-12\"><div class=\"vc_column-inner\"><div class=\"wpb_wrapper\"><\/div><\/div><\/div><div class=\"vc_row wpb_row vc_row-fluid\" ><div class=\"wpb_column vc_column_container vc_col-sm-12\"><div class=\"vc_column-inner\"><div class=\"wpb_wrapper\">\n\t<div class=\"wpb_video_widget wpb_content_element vc_clearfix   vc_video-aspect-ratio-169 vc_video-el-width-100 vc_video-align-left\" >\n\t\t<div class=\"wpb_wrapper\">\n\t\t\t<h2 class=\"wpb_heading wpb_video_heading\">Kajaky Los Haitises<\/h2>\n\t\t\t<div class=\"wpb_video_wrapper\"><iframe loading=\"lazy\" title=\"J\u00edzda na kajaku a speleologie v n\u00e1rodn\u00edm parku Los Haitises, Dominik\u00e1nsk\u00e1 republika\" width=\"1100\" height=\"619\" src=\"https:\/\/www.youtube.com\/embed\/ucU1uwB57wQ?feature=oembed\" frameborder=\"0\" allow=\"accelerometer; autoplay; clipboard-write; encrypted-media; gyroscope; picture-in-picture; web-share\" allowfullscreen><\/iframe><\/div>\n\t\t<\/div>\n\t<\/div>\n<div class=\"vc_btn3-container vc_btn3-inline\" ><button class=\"vc_general vc_btn3 vc_btn3-size-md vc_btn3-shape-rounded vc_btn3-style-modern vc_btn3-color-green\">ZAREZERVOVAT HNED<\/button><\/div><\/div><\/div><\/div><\/div>\n<\/section>","protected":false},"excerpt":{"rendered":"<div>Kajak + j\u00edzda lod\u00ed + jeskyn\u011b a pl\u00e1\u017e na koup\u00e1n\u00ed (v\u0161e v jednom). N\u00e1rodn\u00ed park Los Haitises s m\u00edstn\u00edm pr\u016fvodcem ze Sabana de la Mar. N\u00e1v\u0161t\u011bva de\u0161tn\u00e9ho pralesa, mal\u00e9 soukrom\u00e9 pl\u00e1\u017ee, oblast\u00ed s kokosem, k\u00e1vou a kakaem. Pozn\u00e1v\u00e1n\u00ed p\u016fvodn\u00ed historie n\u00e1rodn\u00edho parku Los Haitises.<\/div>\n<div><\/div>\n<div>Vyberte datum pro dobrodru\u017en\u00fd v\u00fdlet v\u0161e v jednom:<\/div>","protected":false},"featured_media":13254,"template":"","meta":[],"product_cat":[946,928,456,934,862,254,255],"product_tag":[422,268,174,173,577,576,571,570,569,317,316,206,209,575,441,574,572,499,175,498,200,187,573],"class_list":["post-12607","product","type-product","status-publish","has-post-thumbnail","hentry","product_cat-1-sabana-de-la-mar","product_cat-boat-trip-los-haitises","product_cat-day-trips","product_cat-kayaking-los-haitises","product_cat-los-haitises-national-park","product_cat-tours-excursions-los-haitises-national-park","product_cat-tours-excursions-samana-bay-dominican-republic","product_tag-cano-hondo-sabana-de-la-mar","product_tag-caves-los-haitises","product_tag-eco-tours","product_tag-excursion","product_tag-hike-kayak","product_tag-hike-kayak-los-haitises-national-park","product_tag-hiking-los-haitises","product_tag-hiking-sabana-de-la-mar","product_tag-hiking-samana","product_tag-kayak-tour","product_tag-kayaking","product_tag-kayaking-los-haitises","product_tag-los-haitises-national-park","product_tag-los-haitises-national-park-entrance-fee","product_tag-los-haitises-national-park-tour-from-las-terrenas","product_tag-los-haitises-national-park-tour-from-santo-domingo","product_tag-los-haitises-national-park-weather","product_tag-los-haitises-sabana-de-la-mar","product_tag-sabana-de-la-mar","product_tag-sabana-de-la-mar-tour","product_tag-samana-excursions","product_tag-samana-tours","product_tag-secrets-of-los-haitises"],"_links":{"self":[{"href":"https:\/\/tourwhales.com\/cs\/wp-json\/wp\/v2\/product\/12607","targetHints":{"allow":["GET"]}}],"collection":[{"href":"https:\/\/tourwhales.com\/cs\/wp-json\/wp\/v2\/product"}],"about":[{"href":"https:\/\/tourwhales.com\/cs\/wp-json\/wp\/v2\/types\/product"}],"wp:featuredmedia":[{"embeddable":true,"href":"https:\/\/tourwhales.com\/cs\/wp-json\/wp\/v2\/media\/13254"}],"wp:attachment":[{"href":"https:\/\/tourwhales.com\/cs\/wp-json\/wp\/v2\/media?parent=12607"}],"wp:term":[{"taxonomy":"product_cat","embeddable":true,"href":"https:\/\/tourwhales.com\/cs\/wp-json\/wp\/v2\/product_cat?post=12607"},{"taxonomy":"product_tag","embeddable":true,"href":"https:\/\/tourwhales.com\/cs\/wp-json\/wp\/v2\/product_tag?post=12607"}],"curies":[{"name":"wp","href":"https:\/\/api.w.org\/{rel}","templated":true}]}}