
{"id":12454,"date":"2021-03-28T05:56:11","date_gmt":"2021-03-28T05:56:11","guid":{"rendered":"https:\/\/tourwhales.com\/?post_type=product&#038;p=12454"},"modified":"2024-10-17T23:39:17","modified_gmt":"2024-10-17T23:39:17","slug":"altos-de-cano-hondo-mountain-bike-tour","status":"publish","type":"product","link":"https:\/\/tourwhales.com\/cs\/Tours-Excursions\/altos-de-cano-hondo\/altos-de-cano-hondo-mountain-bike-tour\/","title":{"rendered":"Altos de Ca\u00f1o Hondo + v\u00fdlet na horsk\u00fdch kolech"},"content":{"rendered":"<section class=\"wpb-content-wrapper\"><div class=\"vc_row wpb_row vc_row-fluid\" ><div class=\"wpb_column vc_column_container vc_col-sm-12\"><div class=\"vc_column-inner\"><div class=\"wpb_wrapper\"><div class=\"vc_empty_space\"   style=\"height: 32px\"><span class=\"vc_empty_space_inner\"><\/span><\/div><\/div><\/div><\/div><\/div><div class=\"vc_row wpb_row vc_row-fluid\" ><div class=\"wpb_column vc_column_container vc_col-sm-12\"><div class=\"vc_column-inner\"><div class=\"wpb_wrapper\"><div class=\"vc_btn3-container vc_btn3-inline\" ><button class=\"vc_general vc_btn3 vc_btn3-size-md vc_btn3-shape-rounded vc_btn3-style-modern vc_btn3-color-green\">ZAREZERVOVAT HNED<\/button><\/div>\n\t<div class=\"wpb_text_column wpb_content_element\" >\n\t\t<div class=\"wpb_wrapper\">\n\t\t\t<h2 class=\"serp-title capitalize\">Altos de Cano Hondo a v\u00fdlet na horsk\u00fdch kolech<\/h2>\n<h4><b><i>P\u0159ehled<\/i><\/b><\/h4>\n<p><span style=\"font-weight: 400;\">Cestujte s m\u00edstn\u00edm odborn\u00edkem a z\u00edskejte jedine\u010dn\u00fd z\u00e1\u017eitek z j\u00edzdy na kole po\u010d\u00ednaje Sabana de la Mar, tato prohl\u00eddka v\u00e1s provede kolem a uvid\u00edte kr\u00e1snou krajinu venkova Dominik\u00e1nsk\u00e9 republiky. Kdy\u017e budete jezdit na kole, budete moci pozdravit! farm\u00e1\u0159\u016fm jedouc\u00edm na kon\u00edch nebo na motorce na jejich pozemek a b\u011bhem prohl\u00eddky se budete moci vyno\u0159it v dobrodru\u017estv\u00ed a m\u00edstn\u00ed kultu\u0159e ze Sabana de la Mar. Toto m\u011bsto bylo ofici\u00e1ln\u011b zalo\u017eeno v roce 1756 asi jeden\u00e1cti (11) rodinami, kter\u00e9 sem p\u0159ijely z Kan\u00e1rsk\u00fdch ostrov\u016f ve \u0160pan\u011blsku. Hlavn\u00ed ekonomick\u00e9 aktivity Sabana de la Mar jsou zem\u011bd\u011blstv\u00ed, ekoturistika a rybolov.\u00a0<\/span><\/p>\n<p>&nbsp;<\/p>\n<p><span style=\"font-weight: 400;\">Zahrnut\u00ed a vylou\u010den\u00ed<\/span><\/p>\n<p>&nbsp;<\/p>\n<p><span style=\"font-weight: 400;\">Inkluze<\/span><\/p>\n<p>&nbsp;<\/p>\n<p><span style=\"font-weight: 400;\">J\u00edzda na kole<\/span><\/p>\n<p>Ob\u011bd s m\u00edstn\u00edmi<\/p>\n<p><span style=\"font-weight: 400;\">Altos de Ca\u00f1o Hondo a p\u0159\u00edrodn\u00ed koupali\u0161t\u011b<\/span><\/p>\n<p><span style=\"font-weight: 400;\">V\u0161echny dan\u011b, poplatky a manipula\u010dn\u00ed poplatky<\/span><\/p>\n<p><span style=\"font-weight: 400;\">M\u00edstn\u00ed dan\u011b<\/span><\/p>\n<p><span style=\"font-weight: 400;\">\u00da\u0159edn\u00edci Ekologov\u00e9 pr\u016fvodce anglicky\/\u0161pan\u011blsky<\/span><\/p>\n<p>&nbsp;<\/p>\n<p><span style=\"font-weight: 400;\">V\u00fdluky<\/span><\/p>\n<p>&nbsp;<\/p>\n<p><span style=\"font-weight: 400;\">Spropitn\u00e9<\/span><\/p>\n<p><span style=\"font-weight: 400;\">P\u0159evod<\/span><\/p>\n<p><span style=\"font-weight: 400;\">N\u00e1poj<\/span><\/p>\n<p>&nbsp;<\/p>\n<p><span style=\"font-weight: 400;\">Odjezd a n\u00e1vrat<\/span><\/p>\n<p>&nbsp;<\/p>\n<p><span style=\"font-weight: 400;\">Prohl\u00eddka organizovan\u00e1 \u201eBooking Adventures\u201c za\u010d\u00edn\u00e1 na m\u00edst\u011b setk\u00e1n\u00ed s pr\u016fvodcem nebo zam\u011bstnancem. Cestovatel z\u00edsk\u00e1 m\u00edsto setk\u00e1n\u00ed po procesu rezervace. Prohl\u00eddky za\u010d\u00ednaj\u00ed a kon\u010d\u00ed na na\u0161ich m\u00edstech setk\u00e1n\u00ed.<\/span><\/p>\n<p>&nbsp;<\/p>\n<p><span style=\"font-weight: 400;\">Co \u010dekat?<\/span><\/p>\n<p><span style=\"font-weight: 400;\">Z\u00edskejte vstupenku na cyklistiku a Altos de Cano Hondo a p\u0159\u00edrodn\u00ed baz\u00e9ny ze Sabana de la Mar<\/span><\/p>\n<p>&nbsp;<\/p>\n<p><span style=\"font-weight: 400;\">Tato exkurze za\u010d\u00edn\u00e1 na m\u00edst\u011b setk\u00e1n\u00ed, kter\u00e9 mus\u00edte potvrdit na\u0161im cestovn\u00edm kancel\u00e1\u0159\u00edm nebo pr\u016fvodci, ne\u017e se vyd\u00e1te na jak\u00e9koli m\u00edsto. Jakmile se setk\u00e1te se sv\u00fdm pr\u016fvodcem, budete m\u00edt p\u0159ehled o prohl\u00eddce a v\u0161em, co souvis\u00ed s va\u0161\u00edm dnem.<\/span><\/p>\n<p><span style=\"font-weight: 400;\">A\u017e budou v\u0161ichni p\u0159ipraveni, zam\u00ed\u0159\u00edme do Altos de Cano Hondo a Natural Pools, kde zah\u00e1j\u00edte p\u011b\u0161\u00ed prohl\u00eddku jedn\u00e9 z 10 nejlep\u0161\u00edch destinac\u00ed pro ekoturistiku na sv\u011bt\u011b podle \u010dasopisu Forbes b\u011bhem tohoto dobrodru\u017estv\u00ed se dozv\u00edte o jedine\u010dn\u00e9 architektu\u0159e. tohoto ekolodge.\u00a0<\/span><\/p>\n<p><span style=\"font-weight: 400;\">Cano Hondo je jm\u00e9no dan\u00e9 m\u00edstn\u00edmi farm\u00e1\u0159i v t\u00e9to oblasti a toto jm\u00e9no poch\u00e1z\u00ed z typu geografie m\u00edsta, toto m\u00edsto je pod hladinou mo\u0159e a jsou zde mal\u00e9 prameny jako Jivales a Cano Hondo, kter\u00e9 vych\u00e1zej\u00ed z podzemn\u00ed \u0159eky p\u0159\u00edmo z Hora Los Haitises.\u00a0<\/span><\/p>\n<p><span style=\"font-weight: 400;\">B\u011bhem t\u00e9to \u010d\u00e1sti v\u00fdletu nav\u0161t\u00edv\u00edte Altos de Cano Hondo, kter\u00fd je vedle n\u00e1rodn\u00edho parku Los Haitises jedn\u00edm z nejv\u011bt\u0161\u00edch n\u00e1rodn\u00edch park\u016f v zemi s v\u00edce ne\u017e 1600 km2 a jedn\u00edm z nejv\u011bt\u0161\u00edch sv\u011btov\u00fdch v\u00e1pencov\u00fdch \u00fatvar\u016f.\u00a0<\/span><\/p>\n<p>&nbsp;<\/p>\n<p><span style=\"font-weight: 400;\">Po proch\u00e1zce po Altos de Cano Hondo se p\u0159ed ob\u011bdem p\u0159ipravte na skok do p\u0159\u00edrodn\u00edch baz\u00e9n\u016f a po ob\u011bd\u011b se vyd\u00e1te zp\u011bt do Sabana de la Mar. Po 4 hodin\u00e1ch a p\u016fl hodin\u00e1ch aktivit v Cano Hondo za\u010d\u00edn\u00e1me jezdit na horu na kole zp\u011bt do Sabana de la Mar, tato exkurze kon\u010d\u00ed na stejn\u00e9m m\u00edst\u011b, kde za\u010dala.<\/span><\/p>\n<p>&nbsp;<\/p>\n<p><span style=\"font-weight: 400;\">Pozn\u00e1mka: Tyto prohl\u00eddky jsou s turistick\u00fdmi pr\u016fvodci Officials Ecologist. Rezervujte si pros\u00edm v\u010das, proto\u017ee v parku nen\u00ed p\u0159\u00edli\u0161 mnoho odborn\u00edk\u016f.<\/span><\/p>\n<p>&nbsp;<\/p>\n<p>&nbsp;<\/p>\n<p><span style=\"font-weight: 400;\">Co byste m\u011bli p\u0159in\u00e9st?<\/span><\/p>\n<ul>\n<li style=\"font-weight: 400;\" aria-level=\"1\"><span style=\"font-weight: 400;\">Fotoapar\u00e1t<\/span><\/li>\n<li style=\"font-weight: 400;\" aria-level=\"1\"><span style=\"font-weight: 400;\">Repelentn\u00ed pupeny<\/span><\/li>\n<li style=\"font-weight: 400;\" aria-level=\"1\"><span style=\"font-weight: 400;\">opalovac\u00ed kr\u00e9m<\/span><\/li>\n<li style=\"font-weight: 400;\" aria-level=\"1\"><span style=\"font-weight: 400;\">Pohodln\u00e9 kalhoty<\/span><\/li>\n<li style=\"font-weight: 400;\" aria-level=\"1\"><span style=\"font-weight: 400;\">B\u011b\u017eeck\u00e9 boty\u00a0<\/span><\/li>\n<\/ul>\n<p>&nbsp;<\/p>\n<h4><b><i>Hotel vyzvednut\u00ed <\/i><\/b><\/h4>\n<p><span style=\"font-weight: 400;\">Vyzvednut\u00ed v hotelu nen\u00ed pro tento z\u00e1jezd nab\u00edzeno. <\/span><\/p>\n<p><b>Pozn\u00e1mka:<\/b><span style=\"font-weight: 400;\"> pokud prov\u00e1d\u00edte rezervaci do 24 hodin od \u010dasu odjezdu z\u00e1jezdu\/exkurze, m\u016f\u017eeme za\u0159\u00eddit vyzvednut\u00ed v hotelu za p\u0159\u00edplatek. Jakmile bude v\u00e1\u0161 n\u00e1kup dokon\u010den, za\u0161leme v\u00e1m kompletn\u00ed kontaktn\u00ed informace (telefonn\u00ed \u010d\u00edslo, e-mailovou adresu atd.) pro na\u0161eho m\u00edstn\u00edho pr\u016fvodce, abychom mohli zajistit vyzvednut\u00ed.<\/span><\/p>\n<h4><b><i>Potvrzen\u00ed dal\u0161\u00edch informac\u00ed <\/i><\/b><\/h4>\n<ol>\n<li>Vstupenky jsou \u00fa\u010dtenkou po zaplacen\u00ed tohoto z\u00e1jezdu. Platbu m\u016f\u017eete zobrazit na telefonu.<\/li>\n<li style=\"font-weight: 400;\"><span style=\"font-weight: 400;\">M\u00edsto setk\u00e1n\u00ed bude obdr\u017eeno po procesu rezervace.<\/span><\/li>\n<li style=\"font-weight: 400;\"><span style=\"font-weight: 400;\">D\u011bti mus\u00ed b\u00fdt v doprovodu dosp\u011bl\u00e9 osoby.<\/span><\/li>\n<li style=\"font-weight: 400;\"><span style=\"font-weight: 400;\"> Bezbari\u00e9rov\u00fd p\u0159\u00edstup <\/span><\/li>\n<li style=\"font-weight: 400;\"><span style=\"font-weight: 400;\">D\u011bti mus\u00ed sed\u011bt na kl\u00edn\u011b <\/span><\/li>\n<li style=\"font-weight: 400;\"><span style=\"font-weight: 400;\">Nedoporu\u010duje se pro cestovatele s probl\u00e9my se z\u00e1dy<\/span><\/li>\n<li style=\"font-weight: 400;\"><span style=\"font-weight: 400;\">Nedoporu\u010duje se t\u011bhotn\u00fdm cestovatel\u016fm <\/span><\/li>\n<li style=\"font-weight: 400;\"><span style=\"font-weight: 400;\"> \u017d\u00e1dn\u00e9 probl\u00e9my se srdcem ani jin\u00e9 z\u00e1va\u017en\u00e9 zdravotn\u00ed stavy <\/span><\/li>\n<li style=\"font-weight: 400;\"><span style=\"font-weight: 400;\">Z\u00fa\u010dastnit se m\u016f\u017ee v\u011bt\u0161ina cestovatel\u016f<\/span><\/li>\n<\/ol>\n<h4><b><i>Storno podm\u00ednky<\/i><\/b><\/h4>\n<p>Chcete-li z\u00edskat plnou n\u00e1hradu, p\u0159e\u010dt\u011bte si na\u0161e storno podm\u00ednky\u00a0<a href=\"https:\/\/tourwhales.com\/cs\/online-booking\/\" target=\"_blank\" rel=\"noopener\" data-saferedirecturl=\"https:\/\/www.google.com\/url?q=https:\/\/tourwhales.com\/online-booking\/&amp;source=gmail&amp;ust=1672449202351000&amp;usg=AOvVaw1yAeVAPktmaVCqDujgUn90\">Klikn\u011bte zde<\/a>. Prost\u0159edky budou ztraceny, pokud bude rezervace zru\u0161ena ve stejn\u00fd den cesty.<\/p>\n\n\t\t<\/div>\n\t<\/div>\n<\/div><\/div><\/div><\/div><div class=\"vc_row wpb_row vc_row-fluid\" ><div class=\"wpb_column vc_column_container vc_col-sm-12\"><div class=\"vc_column-inner\"><div class=\"wpb_wrapper\"><div class=\"vc_empty_space\"   style=\"height: 32px\"><span class=\"vc_empty_space_inner\"><\/span><\/div>\n\t<div class=\"wpb_text_column wpb_content_element\" >\n\t\t<div class=\"wpb_wrapper\">\n\t\t\t<h4>Kontaktujte n\u00e1s?<\/h4>\n<h5>Rezervace dobrodru\u017estv\u00ed<\/h5>\n<p><em><strong>M\u00edstn\u00ed obyvatel\u00e9<\/strong>\u00a0a\u00a0<strong>st\u00e1tn\u00ed p\u0159\u00edslu\u0161n\u00edci<\/strong>\u00a0Pr\u016fvodci a slu\u017eby pro hosty<\/em><\/p>\n<p><span class=\"text-turquoise\">Rezervace:<\/span>\u00a0Prohl\u00eddky a exkurze v Dom. Rep.<\/p>\n<p><img decoding=\"async\" class=\"emoji\" draggable=\"false\" src=\"https:\/\/s.w.org\/images\/core\/emoji\/11.2.0\/svg\/1f4de.svg\" alt=\"\ud83d\udcde\" \/>\u00a0Tel \/ Whatsapp\u00a0\u00a0<a href=\"tel:+18494995063\">+18494995063<\/a>.<\/p>\n<p><img decoding=\"async\" class=\"emoji\" draggable=\"false\" src=\"https:\/\/s.w.org\/images\/core\/emoji\/11.2.0\/svg\/1f4e9.svg\" alt=\"\ud83d\udce9\" \/>\u00a0<a href=\"mailto:info@bookingadventures.com.do\">info@bookingadventures.com.do<\/a><\/p>\n<p><strong>Flexibiln\u011b nastavujeme soukrom\u00e9 prohl\u00eddky od Whatsapp:\u00a0<a href=\"tel:+18097206035\">+18097206035.<\/a><\/strong><\/p>\n\n\t\t<\/div>\n\t<\/div>\n<div class=\"vc_empty_space\"   style=\"height: 32px\"><span class=\"vc_empty_space_inner\"><\/span><\/div><\/div><\/div><\/div><\/div><div class=\"vc_row wpb_row vc_row-fluid\" ><div class=\"wpb_column vc_column_container vc_col-sm-12\"><div class=\"vc_column-inner\"><div class=\"wpb_wrapper\"><div class=\"vc_btn3-container vc_btn3-inline\" ><button class=\"vc_general vc_btn3 vc_btn3-size-md vc_btn3-shape-rounded vc_btn3-style-modern vc_btn3-color-green\">ZAREZERVOVAT HNED<\/button><\/div><\/div><\/div><\/div><\/div>\n<\/section>","protected":false},"excerpt":{"rendered":"<p><span style=\"font-weight: 400;\">Cano Hondo je jm\u00e9no dan\u00e9 m\u00edstn\u00edmi farm\u00e1\u0159i v t\u00e9to oblasti a toto jm\u00e9no poch\u00e1z\u00ed z typu geografie m\u00edsta, toto m\u00edsto je pod hladinou mo\u0159e a jsou zde mal\u00e9 prameny jako Jivales a Cano Hondo, kter\u00e9 vych\u00e1zej\u00ed z podzemn\u00ed \u0159eky p\u0159\u00edmo z Hora Los Haitises.\u00a0<\/span><\/p>\n<p>B\u011bhem t\u00e9to \u010d\u00e1sti va\u0161eho v\u00fdletu nav\u0161t\u00edv\u00edte Altos de Cano Hondo, kter\u00fd se nach\u00e1z\u00ed vedle n\u00e1rodn\u00edho parku Los Haitises, jednoho z nejv\u011bt\u0161\u00edch n\u00e1rodn\u00edch park\u016f v zemi s v\u00edce ne\u017e 1600 km2 a jednoho z nejv\u011bt\u0161\u00edch v\u00e1pencov\u00fdch \u00fatvar\u016f na sv\u011bt\u011b.<\/p>\n<p>Po va\u0161\u00ed p\u011b\u0161\u00ed prohl\u00eddce Altos de Cano Hondo se p\u0159ipravte na skok do p\u0159\u00edrodn\u00edch baz\u00e9n\u016f p\u0159ed ob\u011bdem a po ob\u011bd\u011b se vr\u00e1t\u00edte do Sabana de la Mar. Po 4 a p\u016fl hodin\u00e1ch aktivit v Cano Hondo se vr\u00e1t\u00edme do <span style=\"font-weight: 400;\"><span style=\"vertical-align: inherit;\"><span style=\"vertical-align: inherit;\">Sabana. de la Mar<\/span><\/span><\/span><\/p>\n<p>&nbsp;<\/p>\n<p><em><strong>Vyberte datum turn\u00e9:<\/strong><\/em><\/p>","protected":false},"featured_media":13214,"template":"","meta":[],"product_cat":[946,878,930,933],"product_tag":[879,176,211,868,869,192,319,208,206,207,171,877,209,426,837,327,175,199,200],"class_list":["post-12454","product","type-product","status-publish","has-post-thumbnail","hentry","product_cat-1-sabana-de-la-mar","product_cat-altos-de-cano-hondo","product_cat-mountain-bike-los-haitises","product_cat-natural-pools-los-haitises","product_tag-altos-de-cano-hondo","product_tag-cano-hondo","product_tag-cano-hondo-hotel","product_tag-canoes","product_tag-canoes-dominican-republic","product_tag-day-tour-cano-hondo","product_tag-kayak-dominican-republic","product_tag-kayaking-dominican-republic","product_tag-kayaking-los-haitises","product_tag-kayaks","product_tag-los-haitises","product_tag-los-haitises-mountain-bike","product_tag-los-haitises-national-park","product_tag-los-haitises-tours","product_tag-mangroves-reforestation-in-los-haitises-with-locals","product_tag-private-tours-samana","product_tag-sabana-de-la-mar","product_tag-samana-bay","product_tag-samana-excursions"],"_links":{"self":[{"href":"https:\/\/tourwhales.com\/cs\/wp-json\/wp\/v2\/product\/12454","targetHints":{"allow":["GET"]}}],"collection":[{"href":"https:\/\/tourwhales.com\/cs\/wp-json\/wp\/v2\/product"}],"about":[{"href":"https:\/\/tourwhales.com\/cs\/wp-json\/wp\/v2\/types\/product"}],"wp:featuredmedia":[{"embeddable":true,"href":"https:\/\/tourwhales.com\/cs\/wp-json\/wp\/v2\/media\/13214"}],"wp:attachment":[{"href":"https:\/\/tourwhales.com\/cs\/wp-json\/wp\/v2\/media?parent=12454"}],"wp:term":[{"taxonomy":"product_cat","embeddable":true,"href":"https:\/\/tourwhales.com\/cs\/wp-json\/wp\/v2\/product_cat?post=12454"},{"taxonomy":"product_tag","embeddable":true,"href":"https:\/\/tourwhales.com\/cs\/wp-json\/wp\/v2\/product_tag?post=12454"}],"curies":[{"name":"wp","href":"https:\/\/api.w.org\/{rel}","templated":true}]}}