
{"id":12453,"date":"2021-03-27T19:17:04","date_gmt":"2021-03-27T19:17:04","guid":{"rendered":"https:\/\/tourwhales.com\/?post_type=product&#038;p=12453"},"modified":"2024-10-17T23:39:17","modified_gmt":"2024-10-17T23:39:17","slug":"los-haitises-tainos-canoe-mountain-bike-tour","status":"publish","type":"product","link":"https:\/\/tourwhales.com\/cs\/Tours-Excursions\/tours-excursions-los-haitises-national-park\/los-haitises-tainos-canoe-mountain-bike-tour\/","title":{"rendered":"Horsk\u00e1 kola + k\u00e1noe Taino Los Haitises"},"content":{"rendered":"<section class=\"wpb-content-wrapper\"><div class=\"vc_row wpb_row vc_row-fluid\" ><div class=\"wpb_column vc_column_container vc_col-sm-12\"><div class=\"vc_column-inner\"><div class=\"wpb_wrapper\"><div class=\"vc_btn3-container vc_btn3-inline\" ><button class=\"vc_general vc_btn3 vc_btn3-size-md vc_btn3-shape-rounded vc_btn3-style-modern vc_btn3-color-green\">ZAREZERVOVAT HNED<\/button><\/div>\n\t<div class=\"wpb_text_column wpb_content_element\" >\n\t\t<div class=\"wpb_wrapper\">\n\t\t\t<p><span style=\"vertical-align: inherit;\"><span style=\"vertical-align: inherit;\"><\/p>\n\n\t\t<\/div>\n\t<\/div>\n\n\t<div class=\"wpb_text_column wpb_content_element\" >\n\t\t<div class=\"wpb_wrapper\">\n\t\t\t<p><\/span><\/span><\/p>\n<h2>Horsk\u00e1 kola + k\u00e1noe Taino Los Haitises<\/h2>\n<p>&nbsp;<\/p>\n<p>Cestujte s m\u00edstn\u00edm odborn\u00edkem a z\u00edskejte jedine\u010dn\u00fd z\u00e1\u017eitek z j\u00edzdy na kole po\u010d\u00ednaje Sabana de la Mar. Tato prohl\u00eddka v\u00e1s provede pohledem na kr\u00e1snou krajinu venkova Dominik\u00e1nsk\u00e9 republiky. Kdy\u017e budete jezdit na kole, budete moci pozdravit! k farm\u00e1\u0159\u016fm jedouc\u00edm na kon\u00edch nebo na motorce na jejich pozemek a b\u011bhem prohl\u00eddky se budete moci vyno\u0159it v dobrodru\u017estv\u00ed a m\u00edstn\u00ed kultu\u0159e ze Sabana de la Mar. N\u011bkolik fakt\u016f o Los Haitises: je jedn\u00edm z nejv\u011bt\u0161\u00edch v\u00e1pencov\u00fdch \u00fatvar\u016f na sv\u011bt\u011b, m\u00edsto pro ochranu endemick\u00fdch druh\u016f, lokalita s v\u011bt\u0161inou biodiverzity ostrova, je zde jeden z nejv\u011bt\u0161\u00edch mangrovov\u00fdch les\u016f Quisqueya a jeskyn\u011b s nejv\u00edce piktogramem v Karibiku.<\/p>\n<p>Zaj\u00edm\u00e1 v\u00e1s ka\u017edodenn\u00ed \u017eivot Tainos? S aktivitou Taino Adventure se p\u0159enesete zp\u011bt v \u010dase a za\u017eijete sv\u011bt domorod\u00fdch obyvatel Dominik\u00e1nsk\u00e9 republiky.<\/p>\n<p>Kanoe byla pravd\u011bpodobn\u011b nejd\u016fle\u017eit\u011bj\u0161\u00ed sou\u010d\u00e1st\u00ed \u017eivota Tainos. S n\u00edm ryba\u0159ili, cestovali na men\u0161\u00ed ostrovy, komunikovali s jin\u00fdmi kmeny a nav\u0161t\u011bvovali \u0161amany kv\u016fli ritu\u00e1l\u016fm, l\u00e9\u010den\u00ed a prorokov\u00e1n\u00ed. V Booking Adventures v\u00e1s chceme pono\u0159it do sv\u011bta Tainos.<\/p>\n<p>&nbsp;<\/p>\n<h4><a id=\"inclusions-exclusions\" class=\"aal_anchor\" href=\"https:\/\/bookingadventures.com.do\/dominicantour\/mountain-bikes-tainos-canoe-los-haitises\/#inclusions-exclusions\" aria-hidden=\"true\"><\/a><b>Zahrnut\u00ed a vylou\u010den\u00ed<\/b><\/h4>\n<p><b>Inkluze<\/b><\/p>\n<ol>\n<li>V\u00fdlet na k\u00e1no\u00edch<\/li>\n<li>horsk\u00e1 kola<\/li>\n<li>Zdarma tri\u010dko s Tainov\u00fdm piktogramem<\/li>\n<li>Chu\u0165 chleba Casabe<\/li>\n<li>Prohl\u00eddky jeskyn\u00ed<\/li>\n<li>V\u0161echny dan\u011b, poplatky a manipula\u010dn\u00ed poplatky<\/li>\n<li>M\u00edstn\u00ed dan\u011b<\/li>\n<li>M\u00edstn\u00ed pr\u016fvodce<\/li>\n<\/ol>\n<p><b>V\u00fdluky<\/b><\/p>\n<ol>\n<li>Spropitn\u00e9<\/li>\n<li>P\u0159evod<\/li>\n<li>Ob\u011bd nen\u00ed v cen\u011b<\/li>\n<li>Alkoholick\u00e9 n\u00e1poje<\/li>\n<\/ol>\n<p>&nbsp;<\/p>\n<h4><a id=\"departure-return\" class=\"aal_anchor\" href=\"https:\/\/bookingadventures.com.do\/dominicantour\/mountain-bikes-tainos-canoe-los-haitises\/#departure-return\" aria-hidden=\"true\"><\/a><em><strong>Odjezd a n\u00e1vrat<\/strong><\/em><\/h4>\n<p>Cestovatel z\u00edsk\u00e1 m\u00edsto setk\u00e1n\u00ed po procesu rezervace. Prohl\u00eddky za\u010d\u00ednaj\u00ed a kon\u010d\u00ed na na\u0161ich m\u00edstech setk\u00e1n\u00ed.<\/p>\n<h4><a id=\"what-to-expect\" class=\"aal_anchor\" href=\"https:\/\/bookingadventures.com.do\/dominicantour\/mountain-bikes-tainos-canoe-los-haitises\/#what-to-expect\" aria-hidden=\"true\"><\/a><b><i>Co \u010dekat?<\/i><\/b><\/h4>\n<p>V t\u00e9to aktivit\u011b se vyd\u00e1te na ru\u010dn\u011b vyr\u00e1b\u011bn\u00e9 k\u00e1noe, stejn\u011b jako to d\u011blali Tainos. Usly\u0161\u00edte mnoho zvuk\u016f, kter\u00e9 poznamenaly jejich spojen\u00ed s p\u0159\u00edrodou: vol\u00e1n\u00ed je\u0159\u00e1b\u016f, pono\u0159en\u00ed krab\u016f do vody a jemn\u00e9 plesk\u00e1n\u00ed vln o p\u0159\u00edrodn\u00ed skaln\u00ed \u00fatvary. Oblouky mangrovov\u00fdch ko\u0159en\u016f v\u00e1m budou p\u0159ipom\u00ednat katedr\u00e1ly a skute\u010dn\u011b, Tainos (a\u010d nem\u011bli kostely) byli hluboce duchovn\u00ed. Jakmile se vyd\u00e1te s na\u0161\u00edm pr\u016fvodcem, u\u017eijete si bohatou \u0161k\u00e1lu pt\u00e1k\u016f, plaz\u016f a ryb mangrovov\u00fdch porost\u016f. Oslnilo jisk\u0159\u00edc\u00ed vlny mrkaj\u00edc\u00ed v rann\u00edm sv\u011btle, hory Saman\u00e1 v d\u00e1lce a smaragdov\u011b zele\u0148 kym\u00e1cej\u00edc\u00edch se palem.<\/p>\n<p>D\u00e1le budete moci nav\u0161t\u00edvit n\u011bkter\u00e9 z jeskyn\u00ed, kter\u00e9 byly pro Tainos obzvl\u00e1\u0161t\u011b d\u016fle\u017eit\u00e9. Cestovali z jeskyn\u011b do jeskyn\u011b, nav\u0161t\u011bvovali moudr\u00e9 mu\u017ee, ukr\u00fdvali se p\u0159ed hurik\u00e1ny a jako m\u00edsta setk\u00e1n\u00ed s jin\u00fdmi kmeny. Jakmile budete v jeskyn\u00edch, budete moci ocenit ticho a posv\u00e1tnou auru vesm\u00edru. Uvid\u00edte n\u011bkter\u00e9 ze skaln\u00edch rytin, naz\u00fdvan\u00fdch petroglyfy, kter\u00e9 p\u0159edstavuj\u00ed jejich bo\u017estva a duchy. Nakonec budete moci ochutnat n\u011bco ze stejn\u00e9ho tropick\u00e9ho ovoce, kter\u00e9 nasb\u00edral Ta\u00ednos, ne\u017e se vyd\u00e1te zp\u011bt na m\u00edsto setk\u00e1n\u00ed.<\/p>\n<p>V t\u00e9to prohl\u00eddce na\u0161i odborn\u00ed pr\u016fvodci pop\u00ed\u0161\u00ed mnoho zp\u016fsob\u016f vyu\u017eit\u00ed k\u00e1noe, jak \u017eili Tainos p\u0159ed Kolumbovou dobou a jak je mangrovov\u00fd les nezbytn\u00fd pro zdrav\u00ed \u017eivotn\u00edho prost\u0159ed\u00ed.<\/p>\n<p>&nbsp;<\/p>\n<h4><a id=\"what-you-should-bring\" class=\"aal_anchor\" href=\"https:\/\/bookingadventures.com.do\/dominicantour\/mountain-bikes-tainos-canoe-los-haitises\/#what-you-should-bring\" aria-hidden=\"true\"><\/a><em><strong>Co byste m\u011bli p\u0159in\u00e9st?<\/strong><\/em><\/h4>\n<ul>\n<li>Fotoapar\u00e1t<\/li>\n<li>Repelentn\u00ed pupeny<\/li>\n<li>opalovac\u00ed kr\u00e9m<\/li>\n<li>\u010cepice<\/li>\n<li>Pohodln\u00e9 kalhoty<\/li>\n<li>Sand\u00e1ly nebo boty do bahnit\u00fdch oblast\u00ed.<\/li>\n<li>Plavky<\/li>\n<\/ul>\n<p>&nbsp;<\/p>\n<h4><a id=\"hotel-pickup\" class=\"aal_anchor\" href=\"https:\/\/bookingadventures.com.do\/dominicantour\/mountain-bikes-tainos-canoe-los-haitises\/#hotel-pickup\" aria-hidden=\"true\"><\/a><b><i>Hotel vyzvednut\u00ed<\/i><\/b><\/h4>\n<p>Vyzvednut\u00ed v hotelu nen\u00ed pro tento z\u00e1jezd nab\u00edzeno.<\/p>\n<p><b>Pozn\u00e1mka:<\/b>\u00a0pokud prov\u00e1d\u00edte rezervaci do 24 hodin od \u010dasu odjezdu z\u00e1jezdu\/exkurze, m\u016f\u017eeme za\u0159\u00eddit vyzvednut\u00ed v hotelu za p\u0159\u00edplatek. Jakmile bude v\u00e1\u0161 n\u00e1kup dokon\u010den, za\u0161leme v\u00e1m kompletn\u00ed kontaktn\u00ed informace (telefonn\u00ed \u010d\u00edslo, e-mailovou adresu atd.) pro na\u0161eho m\u00edstn\u00edho pr\u016fvodce, abychom mohli zajistit vyzvednut\u00ed.<\/p>\n<h4><a id=\"additional-info-confirmation\" class=\"aal_anchor\" href=\"https:\/\/bookingadventures.com.do\/dominicantour\/mountain-bikes-tainos-canoe-los-haitises\/#additional-info-confirmation\" aria-hidden=\"true\"><\/a><b><i>Potvrzen\u00ed dal\u0161\u00edch informac\u00ed<\/i><\/b><\/h4>\n<ol>\n<li>Vstupenky jsou \u00fa\u010dtenkou po zaplacen\u00ed tohoto z\u00e1jezdu. Platbu m\u016f\u017eete zobrazit na telefonu.<\/li>\n<li>M\u00edsto setk\u00e1n\u00ed bude obdr\u017eeno po procesu rezervace.<\/li>\n<li>D\u011bti mus\u00ed b\u00fdt v doprovodu dosp\u011bl\u00e9 osoby.<\/li>\n<li>Bezbari\u00e9rov\u00fd p\u0159\u00edstup<\/li>\n<li>D\u011bti mus\u00ed sed\u011bt na kl\u00edn\u011b<\/li>\n<li>Nedoporu\u010duje se pro cestovatele s probl\u00e9my se z\u00e1dy<\/li>\n<li>Nedoporu\u010duje se t\u011bhotn\u00fdm cestovatel\u016fm<\/li>\n<li>\u017d\u00e1dn\u00e9 probl\u00e9my se srdcem ani jin\u00e9 z\u00e1va\u017en\u00e9 zdravotn\u00ed stavy<\/li>\n<li>Z\u00fa\u010dastnit se m\u016f\u017ee v\u011bt\u0161ina cestovatel\u016f<\/li>\n<\/ol>\n\n\t\t<\/div>\n\t<\/div>\n<\/div><\/div><\/div><\/div><div class=\"wpb_column vc_column_container vc_col-sm-12\"><div class=\"vc_column-inner\"><div class=\"wpb_wrapper\"><\/div><\/div><\/div><div class=\"wpb_column vc_column_container vc_col-sm-12\"><div class=\"vc_column-inner\"><div class=\"wpb_wrapper\"><\/div><\/div><\/div><div class=\"wpb_column vc_column_container vc_col-sm-12\"><div class=\"vc_column-inner\"><div class=\"wpb_wrapper\"><\/div><\/div><\/div><div class=\"wpb_column vc_column_container vc_col-sm-12\"><div class=\"vc_column-inner\"><div class=\"wpb_wrapper\"><\/div><\/div><\/div><div class=\"wpb_column vc_column_container vc_col-sm-12\"><div class=\"vc_column-inner\"><div class=\"wpb_wrapper\"><\/div><\/div><\/div>\n<\/section>","protected":false},"excerpt":{"rendered":"<p><span style=\"font-weight: 400;\"><span style=\"vertical-align: inherit;\"><span style=\"vertical-align: inherit;\">P\u0159i t\u00e9to aktivit\u011b vyraz\u00edte na ru\u010dn\u011b vyroben\u00fdch k\u00e1no\u00edch, stejn\u011b jako to d\u011blali Tainos. Usly\u0161\u00edte mnoho zvuk\u016f, kter\u00e9 poznamenaly jejich spojen\u00ed s p\u0159\u00edrodou: vol\u00e1n\u00ed je\u0159\u00e1b\u016f, pono\u0159en\u00ed krab\u016f do vody a jemn\u00e9 \u0161plouch\u00e1n\u00ed vln o p\u0159\u00edrodn\u00ed skaln\u00ed \u00fatvary. Oblouky mangrovov\u00fdch ko\u0159en\u016f v\u00e1m budou p\u0159ipom\u00ednat katedr\u00e1ly a ve skute\u010dnosti byli Tainos (a\u010dkoli nem\u011bli kostely) hluboce duchovn\u00ed. <\/span><\/span><\/span><\/p>\n<p><span style=\"font-weight: 400;\"><span style=\"vertical-align: inherit;\"><span style=\"vertical-align: inherit;\"> Jakmile se vyd\u00e1te s na\u0161\u00edm pr\u016fvodcem, u\u017eijete si bohatou \u0161k\u00e1lu pt\u00e1k\u016f, plaz\u016f a ryb v mangrovov\u00fdch porostech. Osln\u011bni jisk\u0159en\u00edm vln, kter\u00e9 se m\u00edhaj\u00ed v rann\u00edm sv\u011btle, horami Samana v d\u00e1lce a smaragdov\u011b zelen\u00fdm kym\u00e1cej\u00edc\u00edm se palmami.\u00a0<\/span><\/span><\/span><\/p>\n<p><strong>Vyberte datum turn\u00e9:<\/strong><\/p>","protected":false},"featured_media":12221,"template":"","meta":[],"product_cat":[946,867,838,930,926,254,255],"product_tag":[176,211,868,869,192,319,208,206,207,171,877,209,426,837,327,175,199,200],"class_list":["post-12453","product","type-product","status-publish","has-post-thumbnail","hentry","product_cat-1-sabana-de-la-mar","product_cat-los-haitises","product_cat-mangroves-projects","product_cat-mountain-bike-los-haitises","product_cat-tainos-canoes","product_cat-tours-excursions-los-haitises-national-park","product_cat-tours-excursions-samana-bay-dominican-republic","product_tag-cano-hondo","product_tag-cano-hondo-hotel","product_tag-canoes","product_tag-canoes-dominican-republic","product_tag-day-tour-cano-hondo","product_tag-kayak-dominican-republic","product_tag-kayaking-dominican-republic","product_tag-kayaking-los-haitises","product_tag-kayaks","product_tag-los-haitises","product_tag-los-haitises-mountain-bike","product_tag-los-haitises-national-park","product_tag-los-haitises-tours","product_tag-mangroves-reforestation-in-los-haitises-with-locals","product_tag-private-tours-samana","product_tag-sabana-de-la-mar","product_tag-samana-bay","product_tag-samana-excursions"],"_links":{"self":[{"href":"https:\/\/tourwhales.com\/cs\/wp-json\/wp\/v2\/product\/12453","targetHints":{"allow":["GET"]}}],"collection":[{"href":"https:\/\/tourwhales.com\/cs\/wp-json\/wp\/v2\/product"}],"about":[{"href":"https:\/\/tourwhales.com\/cs\/wp-json\/wp\/v2\/types\/product"}],"wp:featuredmedia":[{"embeddable":true,"href":"https:\/\/tourwhales.com\/cs\/wp-json\/wp\/v2\/media\/12221"}],"wp:attachment":[{"href":"https:\/\/tourwhales.com\/cs\/wp-json\/wp\/v2\/media?parent=12453"}],"wp:term":[{"taxonomy":"product_cat","embeddable":true,"href":"https:\/\/tourwhales.com\/cs\/wp-json\/wp\/v2\/product_cat?post=12453"},{"taxonomy":"product_tag","embeddable":true,"href":"https:\/\/tourwhales.com\/cs\/wp-json\/wp\/v2\/product_tag?post=12453"}],"curies":[{"name":"wp","href":"https:\/\/api.w.org\/{rel}","templated":true}]}}