
{"id":12436,"date":"2021-03-24T09:58:12","date_gmt":"2021-03-24T09:58:12","guid":{"rendered":"https:\/\/tourwhales.com\/?post_type=product&#038;p=12436"},"modified":"2024-10-17T23:39:17","modified_gmt":"2024-10-17T23:39:17","slug":"saona-island-rentals-rent-a-private-boat","status":"publish","type":"product","link":"https:\/\/tourwhales.com\/cs\/Tours-Excursions\/rent-private-boat-saona-island\/saona-island-rentals-rent-a-private-boat\/","title":{"rendered":"Saona Island Rentals \u2013 Pronajm\u011bte si soukromou lo\u010f"},"content":{"rendered":"<section class=\"wpb-content-wrapper\"><div class=\"vc_row wpb_row vc_row-fluid\" > <div class=\"wpb_column vc_column_container vc_col-sm-12\"><div class=\"vc_column-inner\"><div class=\"wpb_wrapper\"> \n\t<div class=\"wpb_text_column wpb_content_element\" >\n\t\t<div class=\"wpb_wrapper\">\n\t\t\t\n\t\t<\/div>\n\t<\/div>\n <\/div><\/div><\/div> <\/div> <div class=\"wpb_column vc_column_container vc_col-sm-12\"><div class=\"vc_column-inner\"><div class=\"wpb_wrapper\"> <div class=\"vc_btn3-container vc_btn3-inline\" ><button class=\"vc_general vc_btn3 vc_btn3-size-md vc_btn3-shape-rounded vc_btn3-style-modern vc_btn3-color-green\">ZAREZERVOVAT HNED<\/button><\/div> <\/div><\/div><\/div> <div class=\"vc_tta-container\" data-vc-action=\"collapse\"><div class=\"vc_general vc_tta vc_tta-tabs vc_tta-color-grey vc_tta-style-classic vc_tta-shape-rounded vc_tta-spacing-1 vc_tta-tabs-position-top vc_tta-controls-align-left\"><div class=\"vc_tta-tabs-container\"><ul class=\"vc_tta-tabs-list\"><\/ul><\/div><div class=\"vc_tta-panels-container\"><div class=\"vc_tta-panels\"> <\/div><\/div><\/div><\/div> <div class=\"vc_tta-panel vc_active\" id=\"1616582286467-74629ea8-fd69\" data-vc-content=\".vc_tta-panel-body\"><div class=\"vc_tta-panel-heading\"><h4 class=\"vc_tta-panel-title\"><a href=\"#1616582286467-74629ea8-fd69\" data-vc-accordion data-vc-container=\".vc_tta-container\"><span class=\"vc_tta-title-text\">Popis<\/span><\/a><\/h4><\/div><div class=\"vc_tta-panel-body\"> \n\t<div class=\"wpb_text_column wpb_content_element\" >\n\t\t<div class=\"wpb_wrapper\">\n\t\t\t<div class=\"custom-left\">\n<div class=\"row\">\n<div class=\"col-md-12 cust-clas\">\n<div class=\"product-header alignleft\">\n<p>OSTROV SAONA \u2013 LOD\u011a \u2013 P\u016eJ\u010cOVNA<\/p>\n<p>CELODENN\u00cd PRIV\u00c1TN\u00cd CHARTER NA OSTROV SAONA<\/p>\n<p>FLEXIBILN\u00cd D\u00c9LKA \u2013 POND\u011aL\u00cd A\u017d NED\u011aLE<\/p>\n<\/div>\n<\/div>\n<\/div>\n<\/div>\n<div class=\"custom-left para-p\">\n<div class=\"info_content_label\">\n<p>&nbsp;<\/p>\n<p>&nbsp;<\/p>\n<p>&nbsp;<\/p>\n<p>&nbsp;<\/p>\n<p>Pronajm\u011bte si tuto b\u00e1je\u010dnou lo\u010f na cel\u00fd den a\u017e pro 16 osob a nav\u0161tivte ostrov Saona.<\/p>\n<p><strong>ZAHRNUTA<\/strong><\/p>\n<ul>\n<li>Pos\u00e1dka (kapit\u00e1n a asistent kapit\u00e1na)<\/li>\n<li>Palivo<\/li>\n<li>Ledov\u00fd chladi\u010d s ledem<\/li>\n<\/ul>\n<p>J\u00eddlo je k dispozici za p\u0159\u00edplatek:<\/p>\n<p><strong>Podrobnosti o tradi\u010dn\u00edm ob\u011bd\u011b formou bufetu, $15 USD p\/p:<\/strong><\/p>\n<p>-Zelen\u00fd sal\u00e1t, rusk\u00fd sal\u00e1t<\/p>\n<p>-Ryt\u00ed\u0159<\/p>\n<p>-Moro de Guandule (r\u00fd\u017ee na dominik\u00e1nsk\u00fd zp\u016fsob) s kokosem<\/p>\n<p>-T\u011bstoviny v raj\u010datov\u00e9 om\u00e1\u010dce - kasavy<\/p>\n<p>-Ryba a grilovan\u00e9 ku\u0159e (dorado) + voliteln\u011b om\u00e1\u010dka z kokosov\u00e9ho ml\u00e9ka<\/p>\n<p>-\u010cerstv\u00e9 ovoce-1 nealkoholick\u00fd n\u00e1poj (nealkoholick\u00fd n\u00e1poj nebo voda)<br \/>\n-J\u00eddelna<\/p>\n<p><strong>Dodate\u010dn\u00e1 slu\u017eba humra + kokosov\u00fd fond\u00e1n $19 USD (p\u0159\u00edplatkov\u00fd).<\/strong><\/p>\n<\/div>\n<p><strong><label>Nen\u00ed v cen\u011b:<\/label><\/strong> N\u00e1poje a j\u00eddlo NEJSOU zahrnuty a lze je zajistit za p\u0159\u00edplatek.<\/p>\n<p>&nbsp;<\/p>\n<\/div>\n<p>If you need more information or have any questions, do not hesitate to contact us by Whatsapp: +18494995063 or live chat. We offer the best price online!<\/p>\n<p>&nbsp;<\/p>\n<h4><b><i>Storno podm\u00ednky<\/i><\/b><\/h4>\n<p>Chcete-li z\u00edskat plnou n\u00e1hradu, p\u0159e\u010dt\u011bte si na\u0161e storno podm\u00ednky <a href=\"https:\/\/tourwhales.com\/cs\/online-booking\/\" target=\"_blank\" rel=\"noopener\" data-saferedirecturl=\"https:\/\/www.google.com\/url?q=https:\/\/tourwhales.com\/online-booking\/&amp;source=gmail&amp;ust=1672449202351000&amp;usg=AOvVaw1yAeVAPktmaVCqDujgUn90\">Klikn\u011bte zde<\/a>. Prost\u0159edky propadnou, pokud bude rezervace zru\u0161ena ve stejn\u00fd den cesty. <\/p>\n\n\t\t<\/div>\n\t<\/div>\n <\/div><\/div> <div class=\"vc_tta-panel\" id=\"1616580432722-00be9baf-46e3\" data-vc-content=\".vc_tta-panel-body\"><div class=\"vc_tta-panel-heading\"><h4 class=\"vc_tta-panel-title\"><a href=\"#1616580432722-00be9baf-46e3\" data-vc-accordion data-vc-container=\".vc_tta-container\"><span class=\"vc_tta-title-text\">Ceny<\/span><\/a><\/h4><\/div><div class=\"vc_tta-panel-body\"> <\/div><\/div> <div class=\"mkdf-section-title-holder\" style=\"text-align: center\">\n\t<div class=\"mkdf-st-inner\">\n\t\t\t\t\t\t\t<h3 class=\"mkdf-st-title\" >\n\t\t\t\tCENY\t\t\t<\/h3>\n\t\t\t\t\t<\/div>\n<\/div> <div class=\"vc_empty_space\"   style=\"height: 32px\"><span class=\"vc_empty_space_inner\"><\/span><\/div> <div class=\"vc_row wpb_row vc_row-fluid\" > <div class=\"wpb_column vc_column_container vc_col-sm-12\"><div class=\"vc_column-inner\"><div class=\"wpb_wrapper\"> <div class=\"vc_btn3-container vc_btn3-inline\" ><button class=\"vc_general vc_btn3 vc_btn3-size-md vc_btn3-shape-rounded vc_btn3-style-modern vc_btn3-color-green\">ZAREZERVOVAT HNED<\/button><\/div> <\/div><\/div><\/div> <\/div>\n<\/section>","protected":false},"excerpt":{"rendered":"<p>Pron\u00e1jem \u010dlun\u016f na ostrov\u011b Saona \u2013 Pronajm\u011bte si soukrom\u00fd \u010dlun, jachtu, plachetnici, katamar\u00e1n a prozkoumejte ostrov Saona. Saona Top Boat Tours &amp; Catamaran Excursions z Bayahibe Port v Dominik\u00e1nsk\u00e9 republice\u2026 Na za\u010d\u00e1tku to byla spole\u010dnost pro p\u016fj\u010dov\u00e1n\u00ed lod\u00ed pro m\u00edstn\u00ed cestovn\u00ed ruch.<\/p>\n<p><strong>Rezervujte si svou soukromou lo\u010f:\u00a0<\/strong><\/p>","protected":false},"featured_media":11544,"template":"","meta":[],"product_cat":[871],"product_tag":[874,875,872,876,873],"class_list":["post-12436","product","type-product","status-publish","has-post-thumbnail","hentry","product_cat-rent-private-boat-saona-island","product_tag-saona-island-boat-rent","product_tag-saona-island-boat-rentals","product_tag-saona-island-boat-renting","product_tag-saona-island-private-boat","product_tag-saona-island-rentals"],"_links":{"self":[{"href":"https:\/\/tourwhales.com\/cs\/wp-json\/wp\/v2\/product\/12436","targetHints":{"allow":["GET"]}}],"collection":[{"href":"https:\/\/tourwhales.com\/cs\/wp-json\/wp\/v2\/product"}],"about":[{"href":"https:\/\/tourwhales.com\/cs\/wp-json\/wp\/v2\/types\/product"}],"wp:featuredmedia":[{"embeddable":true,"href":"https:\/\/tourwhales.com\/cs\/wp-json\/wp\/v2\/media\/11544"}],"wp:attachment":[{"href":"https:\/\/tourwhales.com\/cs\/wp-json\/wp\/v2\/media?parent=12436"}],"wp:term":[{"taxonomy":"product_cat","embeddable":true,"href":"https:\/\/tourwhales.com\/cs\/wp-json\/wp\/v2\/product_cat?post=12436"},{"taxonomy":"product_tag","embeddable":true,"href":"https:\/\/tourwhales.com\/cs\/wp-json\/wp\/v2\/product_tag?post=12436"}],"curies":[{"name":"wp","href":"https:\/\/api.w.org\/{rel}","templated":true}]}}