
{"id":12421,"date":"2021-03-21T19:42:24","date_gmt":"2021-03-21T19:42:24","guid":{"rendered":"https:\/\/tourwhales.com\/?post_type=product&#038;p=12421"},"modified":"2024-10-17T23:39:18","modified_gmt":"2024-10-17T23:39:18","slug":"los-haitises-mountain-bike-kayaks","status":"publish","type":"product","link":"https:\/\/tourwhales.com\/cs\/Tours-Excursions\/kayaking\/los-haitises-mountain-bike-kayaks\/","title":{"rendered":"Horsk\u00e1 kola + 4 hodiny kajak\u016f Los Haitises"},"content":{"rendered":"<section class=\"wpb-content-wrapper\"><div class=\"vc_row wpb_row vc_row-fluid\" ><div class=\"wpb_column vc_column_container vc_col-sm-12\"><div class=\"vc_column-inner\"><div class=\"wpb_wrapper\"><div class=\"vc_empty_space\"   style=\"height: 32px\"><span class=\"vc_empty_space_inner\"><\/span><\/div><\/div><\/div><\/div><\/div><div class=\"vc_row wpb_row vc_row-fluid\" ><div class=\"wpb_column vc_column_container vc_col-sm-12\"><div class=\"vc_column-inner\"><div class=\"wpb_wrapper\"><div class=\"mkdf-section-title-holder\" style=\"text-align: left\">\n\t<div class=\"mkdf-st-inner\">\n\t\t\t\t\t<h5 class=\"mkdf-st-subtitle\" >\n\t\t\t\tKolo, mangrovy, kajaky, jeskyn\u011b a dal\u0161\u00ed.\t\t\t<\/h5>\n\t\t\t\t\t\t\t<h3 class=\"mkdf-st-title\" >\n\t\t\t\tHorsk\u00e9 kolo Los Haitises + kajaky\t\t\t<\/h3>\n\t\t\t\t\t<\/div>\n<\/div><\/div><\/div><\/div><\/div><div class=\"vc_row wpb_row vc_row-fluid\" ><div class=\"wpb_column vc_column_container vc_col-sm-12\"><div class=\"vc_column-inner\"><div class=\"wpb_wrapper\"><div class=\"vc_empty_space\"   style=\"height: 32px\"><span class=\"vc_empty_space_inner\"><\/span><\/div><\/div><\/div><\/div><\/div><div class=\"vc_row wpb_row vc_row-fluid\" ><div class=\"wpb_column vc_column_container vc_col-sm-12\"><div class=\"vc_column-inner\"><div class=\"wpb_wrapper\"><div class=\"vc_btn3-container vc_btn3-inline\" ><button class=\"vc_general vc_btn3 vc_btn3-size-md vc_btn3-shape-rounded vc_btn3-style-modern vc_btn3-color-green\">ZAREZERVOVAT HNED<\/button><\/div>\n\t<div class=\"wpb_text_column wpb_content_element\" >\n\t\t<div class=\"wpb_wrapper\">\n\t\t\t<h5><strong>P\u0159ehled<\/strong><\/h5>\n<p><span style=\"font-weight: 400;\">Cestujte s m\u00edstn\u00edm odborn\u00edkem a z\u00edskejte jedine\u010dn\u00fd z\u00e1\u017eitek z j\u00edzdy na kole po\u010d\u00ednaje Sabana de la Mar, tato prohl\u00eddka v\u00e1s provede kolem a uvid\u00edte kr\u00e1snou krajinu venkova Dominik\u00e1nsk\u00e9 republiky. Kdy\u017e budete jezdit na kole, budete moci pozdravit! farm\u00e1\u0159i jedouc\u00ed na kon\u00edch nebo na motorce na sv\u016fj pozemek a b\u011bhem prohl\u00eddky se budete moci vyno\u0159it v dobrodru\u017estv\u00ed a m\u00edstn\u00ed kultu\u0159e ze Sabana de la Mar. N\u011bkolik fakt\u016f o Los Haitises: je jedn\u00edm z nejv\u011bt\u0161\u00edch v\u00e1pencov\u00fdch \u00fatvar\u016f na sv\u011bt\u011b, a m\u00edsto pro ochranu endemick\u00fdch druh\u016f, lokalita s v\u011bt\u0161inou biologick\u00e9 rozmanitosti ostrova a je zde jeden z nejv\u011bt\u0161\u00edch mangrovov\u00fdch les\u016f Quisqueya.<\/span><\/p>\n<p>&nbsp;<\/p>\n<p><strong>Zahrnut\u00ed a vylou\u010den\u00ed<\/strong><\/p>\n<p>&nbsp;<\/p>\n<p><strong>Inkluze<\/strong><\/p>\n<p><span style=\"font-weight: 400;\">J\u00edzda na kole<\/span><\/p>\n<p><span style=\"font-weight: 400;\">J\u00edzda na kajaku<\/span><\/p>\n<p><span style=\"font-weight: 400;\">Ob\u010derstven\u00ed<\/span><\/p>\n<p><span style=\"font-weight: 400;\">1 L\u00e1hev na vodu\u00a0<\/span><\/p>\n<p><span style=\"font-weight: 400;\">Souprava prvn\u00ed pomoci\u00a0<\/span><\/p>\n<p><span style=\"font-weight: 400;\">V\u0161echny dan\u011b, poplatky a manipula\u010dn\u00ed poplatky<\/span><\/p>\n<p><span style=\"font-weight: 400;\">M\u00edstn\u00ed dan\u011b<\/span><\/p>\n<p><span style=\"font-weight: 400;\">\u00da\u0159edn\u00edci Ekologov\u00e9 pr\u016fvodce anglicky\/\u0161pan\u011blsky<\/span><\/p>\n<p>&nbsp;<\/p>\n<p><strong>V\u00fdluky<\/strong><\/p>\n<p><span style=\"font-weight: 400;\">Spropitn\u00e9<\/span><\/p>\n<p><span style=\"font-weight: 400;\">P\u0159evod<\/span><\/p>\n<p><span style=\"font-weight: 400;\">N\u00e1poj<\/span><\/p>\n<p><span style=\"font-weight: 400;\">\u00a0<\/span><\/p>\n<p>&nbsp;<\/p>\n<p><span style=\"font-weight: 400;\">Odjezd a n\u00e1vrat<\/span><\/p>\n<p>&nbsp;<\/p>\n<p><span style=\"font-weight: 400;\">Prohl\u00eddka organizovan\u00e1 \u201eBooking Adventures\u201c za\u010d\u00edn\u00e1 na m\u00edst\u011b setk\u00e1n\u00ed s pr\u016fvodcem nebo zam\u011bstnancem. Cestovatel z\u00edsk\u00e1 m\u00edsto setk\u00e1n\u00ed po procesu rezervace. Prohl\u00eddky za\u010d\u00ednaj\u00ed a kon\u010d\u00ed na na\u0161ich m\u00edstech setk\u00e1n\u00ed.<\/span><\/p>\n<p>&nbsp;<\/p>\n<p><span style=\"font-weight: 400;\">Co \u010dekat?<\/span><\/p>\n<p>&nbsp;<\/p>\n<p><span style=\"font-weight: 400;\">Z\u00edskejte l\u00edstek na j\u00edzdu na kole a kajaku ze Sabana de la Mar\u00a0<\/span><\/p>\n<p>&nbsp;<\/p>\n<p><span style=\"font-weight: 400;\">Tato exkurze za\u010d\u00edn\u00e1 na m\u00edst\u011b setk\u00e1n\u00ed, kter\u00e9 mus\u00edte potvrdit na\u0161im cestovn\u00edm kancel\u00e1\u0159\u00edm nebo pr\u016fvodci, ne\u017e se vyd\u00e1te na jak\u00e9koli m\u00edsto. Jakmile se setk\u00e1te se sv\u00fdm pr\u016fvodcem, budete m\u00edt p\u0159ehled o prohl\u00eddce a v\u0161em, co souvis\u00ed s va\u0161\u00edm dnem.<\/span><\/p>\n<p>&nbsp;<\/p>\n<p><span style=\"font-weight: 400;\">Kdy\u017e jsou v\u0161ichni p\u0159ipraveni, zam\u00ed\u0159\u00edme do p\u0159\u00edstavu n\u00e1rodn\u00edho parku Los Haitises, kde za\u010dnete kajak na \u0159ece Cano Hondo, kter\u00e1 kon\u010d\u00ed v z\u00e1livu San Lorenzo, je to mal\u00e1 z\u00e1toka o rozloze pouh\u00fdch 10 km2 a na dv\u011b hodiny se vyno\u0159\u00edte sami. v r\u016fzn\u00fdch ekosyst\u00e9mech Los Haitises.\u00a0<\/span><\/p>\n<p>&nbsp;<\/p>\n<p><span style=\"font-weight: 400;\">B\u011bhem t\u00e9to \u010d\u00e1sti v\u00fdletu budete p\u00e1dlovat kolem mangrovov\u00e9ho lesa, kter\u00fd je druh\u00fd nejv\u011bt\u0161\u00ed na ostrov\u011b s v\u00edce ne\u017e 90 km2, a kdy\u017e se dostanete do z\u00e1toky San Lorenzo, uvid\u00edte poloostrov a z\u00e1liv Samana.\u00a0<\/span><\/p>\n<p>&nbsp;<\/p>\n<p><span style=\"font-weight: 400;\">P\u0159i j\u00edzd\u011b na kajaku je mo\u017enost vid\u011bt delf\u00edny, pt\u00e1ky jako volavku modrou, volavku popelavou, vr\u00e1nu, pelik\u00e1n hn\u011bd\u00fd, ryb\u00e1k kr\u00e1lovsk\u00fd, fregatu velkolepou a jedine\u010dn\u00fd v\u00fdhled na n\u00e1rodn\u00ed park Los Haitises. Po 4 hodin\u00e1ch a p\u016fl hodin\u00e1ch aktivit v n\u00e1rodn\u00edm parku Los Haitises a Sabana de la Mar tato exkurze kon\u010d\u00ed na stejn\u00e9m m\u00edst\u011b, kde za\u010dala.<\/span><\/p>\n<p>&nbsp;<\/p>\n<p><span style=\"font-weight: 400;\">Pozn\u00e1mka: Tyto prohl\u00eddky jsou s turistick\u00fdmi pr\u016fvodci Officials Ecologist. Rezervujte si pros\u00edm v\u010das, proto\u017ee v parku nen\u00ed p\u0159\u00edli\u0161 mnoho odborn\u00edk\u016f.<\/span><\/p>\n<p>&nbsp;<\/p>\n<p><span style=\"font-weight: 400;\">\u00a0<\/span><\/p>\n<p>&nbsp;<\/p>\n<p><span style=\"font-weight: 400;\">Co byste m\u011bli p\u0159in\u00e9st?<\/span><\/p>\n<ul>\n<li style=\"font-weight: 400;\" aria-level=\"1\"><span style=\"font-weight: 400;\">Fotoapar\u00e1t<\/span><\/li>\n<li style=\"font-weight: 400;\" aria-level=\"1\"><span style=\"font-weight: 400;\">Repelentn\u00ed pupeny<\/span><\/li>\n<li style=\"font-weight: 400;\" aria-level=\"1\"><span style=\"font-weight: 400;\">opalovac\u00ed kr\u00e9m<\/span><\/li>\n<li style=\"font-weight: 400;\" aria-level=\"1\"><span style=\"font-weight: 400;\">\u010cepice<\/span><\/li>\n<li style=\"font-weight: 400;\" aria-level=\"1\"><span style=\"font-weight: 400;\">Pohodln\u00e9 kalhoty<\/span><\/li>\n<li style=\"font-weight: 400;\" aria-level=\"1\"><span style=\"font-weight: 400;\">B\u011b\u017eeck\u00e9 boty\u00a0<\/span><\/li>\n<li style=\"font-weight: 400;\" aria-level=\"1\"><span style=\"font-weight: 400;\">Sand\u00e1ly na kajak\u00a0<\/span><\/li>\n<li style=\"font-weight: 400;\" aria-level=\"1\"><span style=\"font-weight: 400;\">Plavky<\/span><\/li>\n<li style=\"font-weight: 400;\" aria-level=\"1\"><span style=\"font-weight: 400;\">Ru\u010dn\u00edky\u00a0<\/span><\/li>\n<\/ul>\n<p>&nbsp;<\/p>\n<h4><b><i>Hotel vyzvednut\u00ed <\/i><\/b><\/h4>\n<p><span style=\"font-weight: 400;\">Vyzvednut\u00ed v hotelu nen\u00ed pro tento z\u00e1jezd nab\u00edzeno. <\/span><\/p>\n<p>&nbsp;<\/p>\n<p><b>Pozn\u00e1mka:<\/b><span style=\"font-weight: 400;\"> pokud prov\u00e1d\u00edte rezervaci do 24 hodin od \u010dasu odjezdu z\u00e1jezdu\/exkurze, m\u016f\u017eeme za\u0159\u00eddit vyzvednut\u00ed v hotelu za p\u0159\u00edplatek. Jakmile bude v\u00e1\u0161 n\u00e1kup dokon\u010den, za\u0161leme v\u00e1m kompletn\u00ed kontaktn\u00ed informace (telefonn\u00ed \u010d\u00edslo, e-mailovou adresu atd.) pro na\u0161eho m\u00edstn\u00edho pr\u016fvodce, abychom mohli zajistit vyzvednut\u00ed.<\/span><\/p>\n<h4><b><i>Potvrzen\u00ed dal\u0161\u00edch informac\u00ed <\/i><\/b><\/h4>\n<ol>\n<li>Vstupenky jsou \u00fa\u010dtenkou po zaplacen\u00ed tohoto z\u00e1jezdu. Platbu m\u016f\u017eete zobrazit na telefonu.<\/li>\n<li style=\"font-weight: 400;\"><span style=\"font-weight: 400;\">M\u00edsto setk\u00e1n\u00ed bude obdr\u017eeno po procesu rezervace.<\/span><\/li>\n<li style=\"font-weight: 400;\"><span style=\"font-weight: 400;\">D\u011bti mus\u00ed b\u00fdt v doprovodu dosp\u011bl\u00e9 osoby.<\/span><\/li>\n<li style=\"font-weight: 400;\"><span style=\"font-weight: 400;\"> Bezbari\u00e9rov\u00fd p\u0159\u00edstup <\/span><\/li>\n<li style=\"font-weight: 400;\"><span style=\"font-weight: 400;\">D\u011bti mus\u00ed sed\u011bt na kl\u00edn\u011b <\/span><\/li>\n<li style=\"font-weight: 400;\"><span style=\"font-weight: 400;\">Nedoporu\u010duje se pro cestovatele s probl\u00e9my se z\u00e1dy<\/span><\/li>\n<li style=\"font-weight: 400;\"><span style=\"font-weight: 400;\">Nedoporu\u010duje se t\u011bhotn\u00fdm cestovatel\u016fm <\/span><\/li>\n<li style=\"font-weight: 400;\"><span style=\"font-weight: 400;\"> \u017d\u00e1dn\u00e9 probl\u00e9my se srdcem ani jin\u00e9 z\u00e1va\u017en\u00e9 zdravotn\u00ed stavy <\/span><\/li>\n<li style=\"font-weight: 400;\"><span style=\"font-weight: 400;\">Z\u00fa\u010dastnit se m\u016f\u017ee v\u011bt\u0161ina cestovatel\u016f<\/span><\/li>\n<\/ol>\n<h4><b><i>Storno podm\u00ednky<\/i><\/b><\/h4>\n<p>Chcete-li z\u00edskat plnou n\u00e1hradu, p\u0159e\u010dt\u011bte si na\u0161e storno podm\u00ednky\u00a0<a href=\"https:\/\/tourwhales.com\/cs\/online-booking\/\" target=\"_blank\" rel=\"noopener\" data-saferedirecturl=\"https:\/\/www.google.com\/url?q=https:\/\/tourwhales.com\/online-booking\/&amp;source=gmail&amp;ust=1672449202351000&amp;usg=AOvVaw1yAeVAPktmaVCqDujgUn90\">Klikn\u011bte zde<\/a>. Prost\u0159edky budou ztraceny, pokud bude rezervace zru\u0161ena ve stejn\u00fd den cesty.<\/p>\n\n\t\t<\/div>\n\t<\/div>\n<\/div><\/div><\/div><\/div><div class=\"vc_row wpb_row vc_row-fluid\" ><\/div><div class=\"wpb_column vc_column_container vc_col-sm-12\"><div class=\"vc_column-inner\"><div class=\"wpb_wrapper\"><\/div><\/div><\/div><div class=\"vc_empty_space\"   style=\"height: 32px\"><span class=\"vc_empty_space_inner\"><\/span><\/div><div class=\"vc_empty_space\"   style=\"height: 32px\"><span class=\"vc_empty_space_inner\"><\/span><\/div><div class=\"vc_row wpb_row vc_row-fluid\" ><div class=\"wpb_column vc_column_container vc_col-sm-12\"><div class=\"vc_column-inner\"><div class=\"wpb_wrapper\">\n\t<div class=\"wpb_video_widget wpb_content_element vc_clearfix   vc_video-aspect-ratio-169 vc_video-el-width-100 vc_video-align-left\" >\n\t\t<div class=\"wpb_wrapper\">\n\t\t\t<h2 class=\"wpb_heading wpb_video_heading\">Los Haitises J\u00edzda na kajaku <\/h2>\n\t\t\t<div class=\"wpb_video_wrapper\"><iframe loading=\"lazy\" title=\"J\u00edzda na kajaku a speleologie v n\u00e1rodn\u00edm parku Los Haitises, Dominik\u00e1nsk\u00e1 republika\" width=\"1100\" height=\"619\" src=\"https:\/\/www.youtube.com\/embed\/ucU1uwB57wQ?feature=oembed\" frameborder=\"0\" allow=\"accelerometer; autoplay; clipboard-write; encrypted-media; gyroscope; picture-in-picture; web-share\" allowfullscreen><\/iframe><\/div>\n\t\t<\/div>\n\t<\/div>\n<div class=\"vc_btn3-container vc_btn3-inline\" ><button class=\"vc_general vc_btn3 vc_btn3-size-md vc_btn3-shape-rounded vc_btn3-style-modern vc_btn3-color-green\">ZAREZERVOVAT HNED<\/button><\/div><\/div><\/div><\/div><\/div>\n<\/section>","protected":false},"excerpt":{"rendered":"<p>Cestujte s m\u00edstn\u00edm odborn\u00edkem a z\u00edskejte jedine\u010dn\u00fd z\u00e1\u017eitek z j\u00edzdy na kole po\u010d\u00ednaje Sabana de la Mar, tento v\u00fdlet v\u00e1s zavede do n\u00e1dhern\u00e9 scen\u00e9rie venkova Dominik\u00e1nsk\u00e9 republiky. Kdy\u017e budete jezdit na kole, budete moci pozdravit! farm\u00e1\u0159i jezd\u00ed na sv\u00fdch kon\u00edch nebo motocyklech na sv\u016fj pozemek a b\u011bhem prohl\u00eddky se budete moci vyno\u0159it do dobrodru\u017estv\u00ed a m\u00edstn\u00ed kultury Sabana de la Mar. Jedine\u010dn\u00fd z\u00e1\u017eitek na horsk\u00e9m kole!<\/p>\n<p>Vyberte datum turn\u00e9:<\/p>","protected":false},"featured_media":12747,"template":"","meta":[],"product_cat":[946,218,934,838,930,254,255],"product_tag":[176,211,192,319,208,206,207,171,209,426,327,175,199,200],"class_list":["post-12421","product","type-product","status-publish","has-post-thumbnail","hentry","product_cat-1-sabana-de-la-mar","product_cat-kayaking","product_cat-kayaking-los-haitises","product_cat-mangroves-projects","product_cat-mountain-bike-los-haitises","product_cat-tours-excursions-los-haitises-national-park","product_cat-tours-excursions-samana-bay-dominican-republic","product_tag-cano-hondo","product_tag-cano-hondo-hotel","product_tag-day-tour-cano-hondo","product_tag-kayak-dominican-republic","product_tag-kayaking-dominican-republic","product_tag-kayaking-los-haitises","product_tag-kayaks","product_tag-los-haitises","product_tag-los-haitises-national-park","product_tag-los-haitises-tours","product_tag-private-tours-samana","product_tag-sabana-de-la-mar","product_tag-samana-bay","product_tag-samana-excursions"],"_links":{"self":[{"href":"https:\/\/tourwhales.com\/cs\/wp-json\/wp\/v2\/product\/12421","targetHints":{"allow":["GET"]}}],"collection":[{"href":"https:\/\/tourwhales.com\/cs\/wp-json\/wp\/v2\/product"}],"about":[{"href":"https:\/\/tourwhales.com\/cs\/wp-json\/wp\/v2\/types\/product"}],"wp:featuredmedia":[{"embeddable":true,"href":"https:\/\/tourwhales.com\/cs\/wp-json\/wp\/v2\/media\/12747"}],"wp:attachment":[{"href":"https:\/\/tourwhales.com\/cs\/wp-json\/wp\/v2\/media?parent=12421"}],"wp:term":[{"taxonomy":"product_cat","embeddable":true,"href":"https:\/\/tourwhales.com\/cs\/wp-json\/wp\/v2\/product_cat?post=12421"},{"taxonomy":"product_tag","embeddable":true,"href":"https:\/\/tourwhales.com\/cs\/wp-json\/wp\/v2\/product_tag?post=12421"}],"curies":[{"name":"wp","href":"https:\/\/api.w.org\/{rel}","templated":true}]}}