
{"id":12004,"date":"2021-01-16T16:21:26","date_gmt":"2021-01-16T16:21:26","guid":{"rendered":"https:\/\/tourwhales.com\/Tours-Excursions\/uncategorized\/import-placeholder-for-8658\/"},"modified":"2024-10-17T23:39:18","modified_gmt":"2024-10-17T23:39:18","slug":"excursion-whale-watching-cayo-levantado-from-cap-cana-private-tour","status":"publish","type":"product","link":"https:\/\/tourwhales.com\/cs\/Tours-Excursions\/1-samana\/excursion-whale-watching-cayo-levantado-from-cap-cana-private-tour\/","title":{"rendered":"Punta Cana \/ Cap Cana: V\u00fdletn\u00ed pozorov\u00e1n\u00ed velryb + Cayo Levantado (soukrom\u00e1 prohl\u00eddka)"},"content":{"rendered":"<section class=\"wpb-content-wrapper\"><div class=\"wpb_column vc_column_container vc_col-sm-12\"><div class=\"vc_column-inner\"><div class=\"wpb_wrapper\"><div class=\"vc_btn3-container vc_btn3-inline\" ><a class=\"vc_general vc_btn3 vc_btn3-size-md vc_btn3-shape-rounded vc_btn3-style-modern vc_btn3-color-green\" href=\"https:\/\/bookingadventures.tours\/booking.php?tour_id=6ed21424a849c63fc6398949d1f80266\" title=\"\">ZAREZERVOVAT HNED<\/a><\/div><\/div><\/div><\/div><div class=\"vc_row wpb_row vc_row-fluid\" ><div class=\"wpb_column vc_column_container vc_col-sm-12\"><div class=\"vc_column-inner\"><div class=\"wpb_wrapper\">\n\t<div class=\"wpb_text_column wpb_content_element\" >\n\t\t<div class=\"wpb_wrapper\">\n\t\t\t<div class=\"vc_row wpb_row vc_row-fluid\">\n<div class=\"wpb_column vc_column_container vc_col-sm-12\">\n<div class=\"vc_column-inner\">\n<div class=\"wpb_wrapper\">\n<div class=\"wpb_text_column wpb_content_element\">\n<div class=\"wpb_wrapper\">\n<h3>Exkurze Pozorov\u00e1n\u00ed velryb + Cayo Levantado z Punta Cana\/Cap Cana (soukrom\u00e1 prohl\u00eddka)<\/h3>\n<p>Pozorov\u00e1n\u00ed velryb v z\u00e1livu Samana od hotel\u016f Punta Cana\/Cap Cana v soukrom\u00e9 doprav\u011b. Tento v\u00fdlet za\u010d\u00edn\u00e1 mezi 6:00 \u2013 8:00 a kon\u010d\u00ed kolem 19:00. Po p\u0159eru\u0161en\u00ed na\u0161\u00ed lodi nav\u0161t\u00edvit velryby v jejich vlastn\u00edm prost\u0159ed\u00ed. Po tomto v\u00fdletu za velrybami nav\u0161t\u00edv\u00edme ostrov Bacardi \/ Cayo Levantado (fakultativn\u011b). Na ostrov\u011b Bacardi bude zaji\u0161t\u011bn ob\u011bd formou bufetu v typick\u00e9m dominik\u00e1nsk\u00e9m stylu. Po ob\u011bd\u011b m\u016f\u017eete plavat do 16:00. Prohl\u00eddka bude ukon\u010dena ve stejn\u00e9m p\u0159\u00edstavu, odkud v 17:00 za\u010dne. Pot\u00e9 v\u00e1s odvezeme zp\u011bt do va\u0161eho hotelu.<\/p>\n<p>Pozn\u00e1mka: Jedn\u00e1 se o soukromou prohl\u00eddku s minim\u00e1ln\u00ed platbou 540 USD. Pokud m\u00e1te m\u00e9n\u011b ne\u017e 4 osoby, kontaktujte n\u00e1s a my v\u00e1m za\u0161leme odkaz, kde si m\u016f\u017eete tuto prohl\u00eddku zarezervovat.\u00a0<strong><em>Chcete-li se p\u0159ipojit ke skupin\u011b na pozorov\u00e1n\u00ed velryb s vyzvednut\u00edm ve va\u0161em hotelu, pros\u00edm<\/em>\u00a0<\/strong><a href=\"https:\/\/tourwhales.com\/cs\/Tours-Excursions\/tours-excursions-samana-bay-dominican-republic\/whale-watching-2020-in-punta-cana-to-samana-bay-cayo-levantado-bacardi-island-from-hotels\/\" data-mil=\"12004\">KLIKN\u011aTE ZDE.<\/a><\/p>\n<ul>\n<li>Pozorov\u00e1n\u00ed velryb Soukrom\u00fd v\u00fdlet<\/li>\n<li>Vstupn\u00e9 do hv\u011bzd\u00e1rny<\/li>\n<li>Zahrnuje ob\u011bd formou bufetu na pl\u00e1\u017ei<\/li>\n<li>Soukrom\u00fd transfer z hotel\u016f<\/li>\n<li>Soukrom\u00e1 doprava lod\u00ed<\/li>\n<li>Kapit\u00e1n poskytuje instrukce a dohled<\/li>\n<li>Pr\u016fvodce<\/li>\n<\/ul>\n<p>&nbsp;<\/p>\n<h4><b>Zahrnut\u00ed a vylou\u010den\u00ed<\/b><\/h4>\n<p>&nbsp;<\/p>\n<p><b>Inkluze<\/b><\/p>\n<ol>\n<li>Ob\u011bd formou bufetu na pl\u00e1\u017ei<\/li>\n<li>Pr\u016fvodce<\/li>\n<li>Transfer Car<\/li>\n<li>V\u00fdlet na lodi<\/li>\n<li>V\u0161echny dan\u011b, poplatky a manipula\u010dn\u00ed poplatky<\/li>\n<li>M\u00edstn\u00ed dan\u011b<\/li>\n<li>N\u00e1poje<\/li>\n<\/ol>\n<p><b>V\u00fdluky<\/b><\/p>\n<ol>\n<li>Spropitn\u00e9<\/li>\n<li>Alkoholick\u00e9 n\u00e1poje<\/li>\n<\/ol>\n<p>&nbsp;<\/p>\n<h4><em><strong>Odjezd a n\u00e1vrat<\/strong><\/em><\/h4>\n<p>Cestovatel z\u00edsk\u00e1 m\u00edsto setk\u00e1n\u00ed po procesu rezervace. Prohl\u00eddky za\u010d\u00ednaj\u00ed a kon\u010d\u00ed v m\u00edst\u011b setk\u00e1n\u00ed.<\/p>\n<p>&nbsp;<\/p>\n<h4><b><i>Co \u010dekat?<\/i><\/b><\/h4>\n<p>&nbsp;<\/p>\n<p><em><strong>Z\u00edskejte vstupenky<\/strong><\/em>\u00a0na den Soukrom\u00e9 pozorov\u00e1n\u00ed velryb z Cap Cana do z\u00e1toky Samana plus skv\u011bl\u00fd ob\u011bd a \u010das na pl\u00e1\u017ei.<\/p>\n<p>V\u00fdlety za pozorov\u00e1n\u00edm velryb organizuje \u201eBooking Adventures\u201c a za\u010d\u00edn\u00e1 na m\u00edst\u011b setk\u00e1n\u00ed s pr\u016fvodcem. Ob\u011bd na pl\u00e1\u017ei a m\u016f\u017eete z\u016fstat tak dlouho, jak chcete, koup\u00e1n\u00ed. Pokud jste vegan, m\u016f\u017eeme pro v\u00e1s tak\u00e9 p\u0159ipravit n\u011bjak\u00e9 j\u00eddlo.<\/p>\n<p><strong>J\u00edzdn\u00ed \u0159\u00e1d:<\/strong><\/p>\n<p>Flexibiln\u00ed<\/p>\n<p>&nbsp;<\/p>\n<h4><em><strong>Co byste m\u011bli p\u0159in\u00e9st?<\/strong><\/em><\/h4>\n<ul>\n<li>Fotoapar\u00e1t<\/li>\n<li>Repelentn\u00ed pupeny<\/li>\n<li>Opalovac\u00ed kr\u00e9m<\/li>\n<li>\u010cepice<\/li>\n<li>Pohodln\u00e9 kalhoty<\/li>\n<li>Sand\u00e1ly na pl\u00e1\u017e<\/li>\n<li>Plavky<\/li>\n<li>Pen\u00edze za suven\u00fdry<\/li>\n<\/ul>\n<p>&nbsp;<\/p>\n<h4><b><i>Hotel vyzvednut\u00ed<\/i><\/b><\/h4>\n<p>V cen\u011b tohoto z\u00e1jezdu je vyzvednut\u00ed v hotelu. Vyzvedneme v jak\u00e9mkoli hotelu v oblasti Punta Cana \/ Cap Cana.<\/p>\n<p>&nbsp;<\/p>\n<p><b>Pozn\u00e1mka:<\/b>\u00a0pokud prov\u00e1d\u00edte rezervaci do 24 hodin od \u010dasu odjezdu z\u00e1jezdu\/exkurze, m\u016f\u017eeme za\u0159\u00eddit vyzvednut\u00ed v hotelu za p\u0159\u00edplatek. Jakmile bude v\u00e1\u0161 n\u00e1kup dokon\u010den, za\u0161leme v\u00e1m kompletn\u00ed kontaktn\u00ed informace (telefonn\u00ed \u010d\u00edslo, e-mailovou adresu atd.) pro na\u0161eho m\u00edstn\u00edho pr\u016fvodce, abychom mohli zajistit vyzvednut\u00ed.<\/p>\n<h4><b><i>Potvrzen\u00ed dal\u0161\u00edch informac\u00ed<\/i><\/b><\/h4>\n<ol>\n<li>Vstupenky jsou \u00fa\u010dtenkou po zaplacen\u00ed tohoto z\u00e1jezdu. Platbu m\u016f\u017eete zobrazit na telefonu.<\/li>\n<li>M\u00edsto setk\u00e1n\u00ed bude obdr\u017eeno po procesu rezervace.<\/li>\n<li>D\u011bti mus\u00ed b\u00fdt v doprovodu dosp\u011bl\u00e9 osoby.<\/li>\n<li>bezbari\u00e9rov\u00fd<\/li>\n<li>D\u011bti mus\u00ed sed\u011bt na kl\u00edn\u011b<\/li>\n<li>Z\u00fa\u010dastnit se m\u016f\u017ee v\u011bt\u0161ina cestovatel\u016f<\/li>\n<\/ol>\n<h4><b><i>Storno podm\u00ednky<\/i><\/b><\/h4>\n<p>Pro vr\u00e1cen\u00ed cel\u00e9 \u010d\u00e1stky zru\u0161te alespo\u0148 24 hodin p\u0159ed datem zah\u00e1jen\u00ed z\u00e1\u017eitku.<\/p>\n<\/div>\n<\/div>\n<\/div>\n<\/div>\n<\/div>\n<\/div>\n<div class=\"vc_row wpb_row vc_row-fluid\">\n<div class=\"wpb_column vc_column_container vc_col-sm-12\">\n<div class=\"vc_column-inner\">\n<div class=\"wpb_wrapper\">\n<div class=\"wpb_text_column wpb_content_element\">\n<div class=\"wpb_wrapper\">\n<h4>Kontaktujte n\u00e1s?<\/h4>\n<h5><b><i>PROHL\u00cdDKA VELRYB SAMANA<\/i><\/b><\/h5>\n<p><em><strong>M\u00edstn\u00ed obyvatel\u00e9<\/strong>\u00a0a\u00a0<strong>st\u00e1tn\u00ed p\u0159\u00edslu\u0161n\u00edci<\/strong>\u00a0Pr\u016fvodci a slu\u017eby pro hosty<\/em><\/p>\n<p><span class=\"text-turquoise\">Rezervace:<\/span>\u00a0\u00a0Tours y Excursiones en Dom. Z\u00e1stupci.<\/p>\n<p><img decoding=\"async\" class=\"emoji\" draggable=\"false\" src=\"https:\/\/s.w.org\/images\/core\/emoji\/11.2.0\/svg\/1f4de.svg\" alt=\"\ud83d\udcde\" \/>\u00a0Tel \/ Whatsapp\u00a0\u00a0\u00a0<a href=\"tel:+18494995063\">+ 1-809-720-6035<\/a>\u00a0.<\/p>\n<p data-wp-editing=\"1\"><a href=\"mailto:Reservabatour@gmail.com\"><img decoding=\"async\" class=\"emoji\" draggable=\"false\" src=\"https:\/\/s.w.org\/images\/core\/emoji\/11.2.0\/svg\/1f4e9.svg\" alt=\"\ud83d\udce9\" \/> Reservabatour@gmail.com<\/a><\/p>\n<p>&nbsp;<\/p>\n<\/div>\n<\/div>\n<\/div>\n<\/div>\n<\/div>\n<\/div>\n\n\t\t<\/div>\n\t<\/div>\n<div class=\"vc_btn3-container vc_btn3-inline\" ><a class=\"vc_general vc_btn3 vc_btn3-size-md vc_btn3-shape-rounded vc_btn3-style-modern vc_btn3-color-green\" href=\"https:\/\/bookingadventures.tours\/booking.php?tour_id=6ed21424a849c63fc6398949d1f80266\" title=\"\">ZAREZERVOVAT HNED<\/a><\/div><\/div><\/div><\/div><\/div>\n<\/section>","protected":false},"excerpt":{"rendered":"<p>Zarezervujte si sv\u016fj v\u00fdlet za pozorov\u00e1n\u00edm velryb po\u010d\u00ednaje Cap Cana na soukrom\u00e9m v\u00fdletu s profesion\u00e1ln\u00edmi ekologick\u00fdmi pr\u016fvodci. Pokud byste n\u00e1s cht\u011bli kontaktovat pro radu, po\u0161lete n\u00e1m e-mail, Whatsapp nebo Calls Available. Vstupenky si pros\u00edm rezervujte p\u0159edem. Ve velryb\u00ed sez\u00f3n\u011b je mnoho rezervac\u00ed a r\u00e1di bychom pro v\u00e1s m\u011bli va\u0161e vstupenky v bezpe\u010d\u00ed.<\/p>\n<p>Pozn\u00e1mka: Toto je soukrom\u00e1 prohl\u00eddka s minim\u00e1ln\u00ed platbou 4 . Pokud je v\u00e1s m\u00e9n\u011b ne\u017e 4 osoby, kontaktujte n\u00e1s a my v\u00e1m za\u0161leme odkaz, kde si m\u016f\u017eete tento z\u00e1jezd rezervovat. Chcete-li se p\u0159ipojit ke skupin\u011b pozorov\u00e1n\u00ed velryb s vyzvednut\u00edm z va\u0161eho hotelu, KLIKN\u011aTE ZDE.<\/p>\n<p><strong>Pozor pros\u00edm: kojenci (0 \u2013 23 m\u011bs\u00edc\u016f) zdarma, d\u011bti (2 \u2013 10 let)<\/strong><\/p>\n<p><em><strong>Vyberte si term\u00edn prohl\u00eddky:<\/strong><\/em><\/p>","protected":false},"featured_media":13304,"template":"","meta":[],"product_cat":[948,655,854,855,971,968,856,662,942,664],"product_tag":[296,682,683,186,667,342,668,524,669,276,274,525,670],"class_list":["post-12004","product","type-product","status-publish","has-post-thumbnail","hentry","product_cat-1-punta-cana","product_cat-1-samana","product_cat-cap-cana-whale-watching","product_cat-outdoor-activities","product_cat-punta-cana-private-tours","product_cat-punta-cana-whale-watching","product_cat-water-activities","product_cat-whale-watching","product_cat-whale-watching-private-tours","product_cat-whale-watching-punta-cana","product_tag-day-trip-punta-cana","product_tag-private-punta-cana","product_tag-punta-cana-whale-watching","product_tag-samana","product_tag-samana-tour","product_tag-samana-whale-watching","product_tag-whale","product_tag-whale-punta-cana","product_tag-whale-sabana-de-la-mar","product_tag-whale-samana","product_tag-whale-watching-dominican-republic","product_tag-whale-watching-punta-cana","product_tag-whales-trips"],"_links":{"self":[{"href":"https:\/\/tourwhales.com\/cs\/wp-json\/wp\/v2\/product\/12004","targetHints":{"allow":["GET"]}}],"collection":[{"href":"https:\/\/tourwhales.com\/cs\/wp-json\/wp\/v2\/product"}],"about":[{"href":"https:\/\/tourwhales.com\/cs\/wp-json\/wp\/v2\/types\/product"}],"wp:featuredmedia":[{"embeddable":true,"href":"https:\/\/tourwhales.com\/cs\/wp-json\/wp\/v2\/media\/13304"}],"wp:attachment":[{"href":"https:\/\/tourwhales.com\/cs\/wp-json\/wp\/v2\/media?parent=12004"}],"wp:term":[{"taxonomy":"product_cat","embeddable":true,"href":"https:\/\/tourwhales.com\/cs\/wp-json\/wp\/v2\/product_cat?post=12004"},{"taxonomy":"product_tag","embeddable":true,"href":"https:\/\/tourwhales.com\/cs\/wp-json\/wp\/v2\/product_tag?post=12004"}],"curies":[{"name":"wp","href":"https:\/\/api.w.org\/{rel}","templated":true}]}}