
{"id":11778,"date":"2020-12-13T08:28:52","date_gmt":"2020-12-13T08:28:52","guid":{"rendered":"https:\/\/tourwhales.com\/?post_type=product&#038;p=11778"},"modified":"2024-10-17T23:39:18","modified_gmt":"2024-10-17T23:39:18","slug":"hiking-trails-in-barahona-dominican-republic-cachote-mountains-tropical-fruits-swim","status":"publish","type":"product","link":"https:\/\/tourwhales.com\/cs\/Tours-Excursions\/lunch\/hiking-trails-in-barahona-dominican-republic-cachote-mountains-tropical-fruits-swim\/","title":{"rendered":"Turistick\u00e9 stezky v Barahon\u011b (Dominik\u00e1nsk\u00e1 republika). Poho\u0159\u00ed Cachote, tropick\u00e9 ovoce a plav\u00e1n\u00ed"},"content":{"rendered":"<section class=\"wpb-content-wrapper\"><div class=\"vc_row wpb_row vc_row-fluid\" ><div class=\"wpb_column vc_column_container vc_col-sm-12\"><div class=\"vc_column-inner\"><div class=\"wpb_wrapper\">\n\t<div class=\"wpb_text_column wpb_content_element\" >\n\t\t<div class=\"wpb_wrapper\">\n\t\t\t<p><span style=\"vertical-align: inherit;\"><span style=\"vertical-align: inherit;\"><\/p>\n\n\t\t<\/div>\n\t<\/div>\n<div class=\"vc_btn3-container vc_btn3-inline\" ><button class=\"vc_general vc_btn3 vc_btn3-size-md vc_btn3-shape-rounded vc_btn3-style-modern vc_btn3-color-green\">ZAREZERVOVAT HNED<\/button><\/div>\n\t<div class=\"wpb_text_column wpb_content_element\" >\n\t\t<div class=\"wpb_wrapper\">\n\t\t\t<p><\/span><\/span><\/p>\n<div class=\"vc_row wpb_row vc_row-fluid\">\n<div class=\"wpb_column vc_column_container vc_col-sm-12\">\n<div class=\"vc_column-inner\">\n<div class=\"wpb_wrapper\">\n<div class=\"mkdf-section-title-holder\">\n<div class=\"mkdf-st-inner\">\n<h5 class=\"mkdf-st-subtitle\">Poho\u0159\u00ed Cachote, tropick\u00e9 ovoce a koup\u00e1n\u00ed<\/h5>\n<h3 class=\"mkdf-st-title\">Turistick\u00e9 stezky v Barahon\u011b (Dominik\u00e1nsk\u00e1 republika).<\/h3>\n<\/div>\n<\/div>\n<\/div>\n<\/div>\n<\/div>\n<\/div>\n<div class=\"vc_row wpb_row vc_row-fluid\">\n<div class=\"wpb_column vc_column_container vc_col-sm-12\">\n<div class=\"vc_column-inner\">\n<div class=\"wpb_wrapper\">\n<div class=\"wpb_text_column wpb_content_element\">\n<div class=\"wpb_wrapper\">\n<h4><b><i>P\u0159ehled<\/i><\/b><\/h4>\n<p>U\u017eijte si celodenn\u00ed turistiku v hor\u00e1ch Cachote v Barahon\u011b. Po\u010d\u00ednaje komunitou Paraiso. Pozn\u00e1v\u00e1n\u00ed oblast\u00ed k\u00e1vov\u00fdch plant\u00e1\u017e\u00ed. Koup\u00e1n\u00ed v p\u0159\u00edrodn\u00edch pramenech a na jedn\u00e9 z nejkr\u00e1sn\u011bj\u0161\u00edch pl\u00e1\u017e\u00ed v Dominik\u00e1nsk\u00e9 republice s malebn\u00fdmi fotografiemi.<\/p>\n<h4><b>Zahrnut\u00ed a vylou\u010den\u00ed<\/b><\/h4>\n<p>&nbsp;<\/p>\n<p><b>Inkluze<\/b><\/p>\n<ol>\n<li>M\u00edstn\u00ed pr\u016fvodce se zku\u0161enostmi s bezpe\u010dnost\u00ed v t\u00e9to oblasti.<\/li>\n<li>Soukrom\u00e1 doprava pro mal\u00e9 skupiny<\/li>\n<li>V\u0161echny dan\u011b, poplatky a manipula\u010dn\u00ed poplatky<\/li>\n<li>Vyzvednut\u00ed \/ doprava z va\u0161eho hotelu (Barahona \/ Para\u00edso \/ oblast Los Patos)<\/li>\n<li>M\u00edstn\u00ed pr\u016fvodce, kter\u00fd mluv\u00ed anglicky nebo francouzsky<\/li>\n<li>Typick\u00fd ob\u011bd (typ sendvi\u010de) a l\u00e1hev vody<\/li>\n<li>M\u00edstn\u00ed dan\u011b<\/li>\n<li>Turistika<\/li>\n<li>P\u0159\u00edrodn\u00ed baz\u00e9ny<\/li>\n<\/ol>\n<p><b>V\u00fdluky<\/b><\/p>\n<ol>\n<li>Spropitn\u00e9<\/li>\n<li>V\u0161echny n\u00e1poje<\/li>\n<li>V\u0161echny slu\u017eby, kter\u00e9 nejsou konkr\u00e9tn\u011b uvedeny<\/li>\n<li>Osobn\u00ed v\u00fddaje a tipy<\/li>\n<\/ol>\n<h4><em><strong>Odjezd a n\u00e1vrat<\/strong><\/em><\/h4>\n<p>Cestovatel z\u00edsk\u00e1 m\u00edsto setk\u00e1n\u00ed po procesu rezervace. Prohl\u00eddky za\u010d\u00ednaj\u00ed a kon\u010d\u00ed v m\u00edstech setk\u00e1n\u00ed.<\/p>\n<p>Obt\u00ed\u017enost: St\u0159edn\u011b obt\u00ed\u017en\u00e1<br \/>\nD\u00e9lka vych\u00e1zky: 5-6 hodin<br \/>\nNadmo\u0159sk\u00e1 v\u00fd\u0161ka: 800 metr\u016f<br \/>\nOdjezd z hotelu: 08:00<br \/>\nN\u00e1vrat do hotelu: 17:00<\/p>\n<h2 class=\"styles__heading___mD4_3\" data-radium=\"true\">Turistick\u00e9 stezky v Barahon\u011b (Dominik\u00e1nsk\u00e1 republika). Poho\u0159\u00ed Cachote, tropick\u00e9 ovoce a plav\u00e1n\u00ed<\/h2>\n<h4><em>Co \u010dekat?<\/em><\/h4>\n<p>Tuto proch\u00e1zku zah\u00e1j\u00edme ve m\u011bst\u011b Ojeda, kter\u00e9 je proslul\u00e9 skv\u011blou produkc\u00ed typick\u00e9ho karibsk\u00e9ho ovoce a zeleniny. Cestou m\u016f\u017eeme ochutnat avok\u00e1do, pomeran\u010de, grapefruity, citrony, guavy, mango, pap\u00e1ja, sapotes a soursop!<\/p>\n<p>Po 1 hodin\u011b a p\u016fl stoup\u00e1n\u00ed se dostaneme na impozantn\u00ed vyhl\u00eddku na m\u011bsto Para\u00edso, Riosito a vysok\u00e9 hory Cachote.<\/p>\n<p>Budeme pokra\u010dovat ve stoup\u00e1n\u00ed v chladn\u011bj\u0161\u00edm a vlh\u010d\u00edm podneb\u00ed, dokud nedoraz\u00edme do m\u011bsta Barrio Nuevo, kde si d\u00e1me ob\u011bd.<\/p>\n<p>Odpoledne p\u0159ejedeme velkolepou k\u00e1vovou farmu na vrcholu hory ve v\u00fd\u0161ce 800 metr\u016f nad mo\u0159em. Pot\u00e9 p\u016fjdeme 1 hodinu dol\u016f, dokud nedoraz\u00edme do sout\u011bsky Riosito, kde se m\u016f\u017eeme vykoupat v kr\u00e1sn\u00e9m p\u0159\u00edrodn\u00edm jez\u00edrku obklopen\u00e9m tropick\u00fdm pralesem.<\/p>\n<p>Pokra\u010dujte v proch\u00e1zce \u00fadol\u00edm Riosito a zakon\u010dete den koup\u00e1n\u00edm na pl\u00e1\u017ei Paraiso.<\/p>\n<h4><em><strong>Co byste m\u011bli p\u0159in\u00e9st?<\/strong><\/em><\/h4>\n<ul>\n<li>Fotoapar\u00e1t<\/li>\n<li>Repelentn\u00ed pupeny<\/li>\n<li>Opalovac\u00ed kr\u00e9m<\/li>\n<li>Toaleta<\/li>\n<li>\u010cepice<\/li>\n<li>Pohodln\u00e9 kalhoty<\/li>\n<li>Turistick\u00e9 boty do lesa<\/li>\n<li>Sand\u00e1ly do jarn\u00edch oblast\u00ed.<\/li>\n<li>Plavky<\/li>\n<\/ul>\n<p>&nbsp;<\/p>\n<h4><b><i>Pickup Hotel<\/i><\/b><\/h4>\n<p>Pro tento z\u00e1jezd je nab\u00edzeno vyzvednut\u00ed v hotelu. Vyzvednut\u00ed\/doprava z va\u0161eho hotelu (oblast Barahona\/Paraiso\/Los Patos).<\/p>\n<p><b>Pozn\u00e1mka:<\/b>\u00a0Pokud jste rezervov\u00e1ni do 24 hodin od \u010dasu odjezdu prohl\u00eddky\/exkurze, m\u016f\u017eeme zajistit vyzvednut\u00ed v hotelu. Pr\u00e1v\u011b vyzved\u00e1v\u00e1me v oblastech Barahona. Jakmile bude v\u00e1\u0161 n\u00e1kup dokon\u010den, za\u0161leme v\u00e1m kompletn\u00ed kontaktn\u00ed informace (telefonn\u00ed \u010d\u00edslo, e-mailovou adresu atd.) pro na\u0161eho m\u00edstn\u00edho pr\u016fvodce, abychom mohli zajistit vyzvednut\u00ed.<\/p>\n<h4><b><i>Potvrzen\u00ed dal\u0161\u00edch informac\u00ed<\/i><\/b><\/h4>\n<ol>\n<li>Vstupenky jsou \u00fa\u010dtenkou po zaplacen\u00ed tohoto z\u00e1jezdu. Platbu m\u016f\u017eete zobrazit na telefonu.<\/li>\n<li>M\u00edsto setk\u00e1n\u00ed bude p\u0159ijato po procesu rezervace.<\/li>\n<li>D\u011bti mus\u00ed b\u00fdt v doprovodu dosp\u011bl\u00e9 osoby.<\/li>\n<li>Bezbari\u00e9rov\u00fd p\u0159\u00edstup<\/li>\n<li>D\u011bti mus\u00ed sed\u011bt na kl\u00edn\u011b<\/li>\n<li>Nedoporu\u010duje se pro cestovatele s probl\u00e9my se z\u00e1dy<\/li>\n<li>Nedoporu\u010duje se t\u011bhotn\u00fdm cestovatel\u016fm<\/li>\n<li>\u017d\u00e1dn\u00e9 probl\u00e9my se srdcem ani jin\u00e9 z\u00e1va\u017en\u00e9 zdravotn\u00ed stavy<\/li>\n<li>Z\u00fa\u010dastnit se m\u016f\u017ee v\u011bt\u0161ina cestovatel\u016f<\/li>\n<\/ol>\n<h4><b><i>Storno podm\u00ednky<\/i><\/b><\/h4>\n<p>Pro vr\u00e1cen\u00ed pln\u00e9 \u010d\u00e1stky zru\u0161te alespo\u0148 72 hodin p\u0159ed datem zah\u00e1jen\u00ed z\u00e1\u017eitku. Prost\u0159edky budou ztraceny, pokud bude rezervace zru\u0161ena ve stejn\u00fd den cesty.<\/p>\n<\/div>\n<\/div>\n<\/div>\n<\/div>\n<\/div>\n<\/div>\n\n\t\t<\/div>\n\t<\/div>\n<\/div><\/div><\/div><\/div><div class=\"wpb_column vc_column_container vc_col-sm-12\"><div class=\"vc_column-inner\"><div class=\"wpb_wrapper\"><\/div><\/div><\/div><div class=\"wpb_column vc_column_container vc_col-sm-12\"><div class=\"vc_column-inner\"><div class=\"wpb_wrapper\"><\/div><\/div><\/div>\n<\/section>","protected":false},"excerpt":{"rendered":"<p>Kupte si celodenn\u00ed vstupenky do Bahia las Aguilas z Barahony. Projedete n\u00e1rodn\u00edm parkem Jaragua a m\u00ed\u0159\u00edte do Cabo Rojo, kde na v\u00e1s \u010dek\u00e1 lo\u010f. Po 15 minut\u00e1ch j\u00edzdy lod\u00ed se dostanete na kr\u00e1snou a izolovanou Bah\u00eda de las \u00c1guilas, kter\u00e1 je pova\u017eov\u00e1na za nejkr\u00e1sn\u011bj\u0161\u00ed pl\u00e1\u017e v zemi. Ob\u011bd se bude pod\u00e1vat na pl\u00e1\u017ei a vy m\u00e1te mo\u017enost j\u00edt si zaplavat nebo jen tak relaxovat na pl\u00e1\u017ei. U\u017eijte si nedot\u010den\u00fd b\u00edl\u00fd p\u00edsek t\u00e9to 8 km dlouh\u00e9 pl\u00e1\u017ee.<\/p>\n<p>&nbsp;<\/p>\n<p><strong>Vyberte den pro tento v\u00fdlet:<\/strong><\/p>","protected":false},"featured_media":11651,"template":"","meta":[],"product_cat":[847,160],"product_tag":[850,566,849,848],"class_list":["post-11778","product","type-product","status-publish","has-post-thumbnail","hentry","product_cat-barahona","product_cat-lunch","product_tag-barahona-hiking","product_tag-barahona-tours","product_tag-cachote-tour","product_tag-paraiso-tour"],"_links":{"self":[{"href":"https:\/\/tourwhales.com\/cs\/wp-json\/wp\/v2\/product\/11778","targetHints":{"allow":["GET"]}}],"collection":[{"href":"https:\/\/tourwhales.com\/cs\/wp-json\/wp\/v2\/product"}],"about":[{"href":"https:\/\/tourwhales.com\/cs\/wp-json\/wp\/v2\/types\/product"}],"wp:featuredmedia":[{"embeddable":true,"href":"https:\/\/tourwhales.com\/cs\/wp-json\/wp\/v2\/media\/11651"}],"wp:attachment":[{"href":"https:\/\/tourwhales.com\/cs\/wp-json\/wp\/v2\/media?parent=11778"}],"wp:term":[{"taxonomy":"product_cat","embeddable":true,"href":"https:\/\/tourwhales.com\/cs\/wp-json\/wp\/v2\/product_cat?post=11778"},{"taxonomy":"product_tag","embeddable":true,"href":"https:\/\/tourwhales.com\/cs\/wp-json\/wp\/v2\/product_tag?post=11778"}],"curies":[{"name":"wp","href":"https:\/\/api.w.org\/{rel}","templated":true}]}}