
{"id":11750,"date":"2020-12-03T12:24:44","date_gmt":"2020-12-03T12:24:44","guid":{"rendered":"https:\/\/tourwhales.com\/?post_type=product&#038;p=11750"},"modified":"2024-10-17T23:39:18","modified_gmt":"2024-10-17T23:39:18","slug":"bahia-de-las-aguilas-beach-day-trip-by-boat-day-pass-pedernales","status":"publish","type":"product","link":"https:\/\/tourwhales.com\/cs\/Tours-Excursions\/lunch\/bahia-de-las-aguilas-beach-day-trip-by-boat-day-pass-pedernales\/","title":{"rendered":"Bah\u00eda de las Aguilas: Pl\u00e1\u017eov\u00fd celodenn\u00ed v\u00fdlet lod\u00ed \u2013 celodenn\u00ed vstupenka \u2013 Pedernales"},"content":{"rendered":"<section class=\"wpb-content-wrapper\"><div class=\"vc_row wpb_row vc_row-fluid\" ><div class=\"wpb_column vc_column_container vc_col-sm-12\"><div class=\"vc_column-inner\"><div class=\"wpb_wrapper\"><div class=\"vc_btn3-container vc_btn3-inline\" ><button class=\"vc_general vc_btn3 vc_btn3-size-md vc_btn3-shape-rounded vc_btn3-style-modern vc_btn3-color-green\">ZAREZERVOVAT HNED<\/button><\/div><div class=\"mkdf-section-title-holder\" style=\"text-align: left\">\n\t<div class=\"mkdf-st-inner\">\n\t\t\t\t\t<h5 class=\"mkdf-st-subtitle\" >\n\t\t\t\tCelodenn\u00ed vstupenka \u2013 \u0161norchlov\u00e1n\u00ed a ob\u011bd\t\t\t<\/h5>\n\t\t\t\t\t\t\t<h3 class=\"mkdf-st-title\" >\n\t\t\t\tBah\u00eda de las Aguilas: Pl\u00e1\u017eov\u00fd celodenn\u00ed v\u00fdlet lod\u00ed\t\t\t<\/h3>\n\t\t\t\t\t<\/div>\n<\/div><\/div><\/div><\/div><\/div><div class=\"vc_row wpb_row vc_row-fluid\" ><div class=\"wpb_column vc_column_container vc_col-sm-12\"><div class=\"vc_column-inner\"><div class=\"wpb_wrapper\">\n\t<div class=\"wpb_text_column wpb_content_element\" >\n\t\t<div class=\"wpb_wrapper\">\n\t\t\t<h4><b><i>P\u0159ehled<\/i><\/b><\/h4>\n<p>U\u017eijte si den na pl\u00e1\u017ei a nechte svou n\u00e1ladu plynout, daleko od turistick\u00fdch oblast\u00ed a v\u0161eho stresu. P\u0159ij\u010fte a objevte n\u00e1rodn\u00ed park Jaragua a Bahia de las \u00c1guilas. Je\u010fte po kr\u00e1sn\u00e9 silnici s \u00fachvatn\u00fdmi v\u00fdhledy na mal\u00fd p\u0159\u00edstav a ryb\u00e1\u0159skou vesnici Cabo Rojo. V Las Cuevas nastoup\u00edte na lo\u010f, kter\u00e1 v\u00e1s vezme na 15 minut j\u00edzdy na jednu z nejkr\u00e1sn\u011bj\u0161\u00edch p\u0159\u00edrodn\u00edch pl\u00e1\u017e\u00ed sv\u011bta. P\u00edsky Bah\u00eda de las Aguilas jsou nedot\u010den\u00e9 a z\u00e1liv pokr\u00fdv\u00e1 8 km. Za\u017eijte v\u00fdjime\u010dnou pob\u0159e\u017en\u00ed krajinu s k\u0159i\u0161\u0165\u00e1lov\u011b \u010distou vodou z\u00e1\u0159\u00edc\u00ed v odst\u00ednech od tyrkysov\u00e9 po op\u00e1lov\u011b modrou rozpl\u00fdvaj\u00edc\u00ed se na obzoru. Ob\u011bd se pod\u00e1v\u00e1 na pl\u00e1\u017ei, jd\u011bte si zaplavat nebo \u0161norchlovat a prozkoumat tento nedot\u010den\u00fd p\u0159\u00edrodn\u00ed r\u00e1j.<\/p>\n<p>&nbsp;<\/p>\n<ul>\n<li>M\u00edstn\u00ed pr\u016fvodce se zku\u0161enostmi s bezpe\u010dnost\u00ed v t\u00e9to oblasti.<\/li>\n<li>Soukrom\u00e1 doprava<\/li>\n<li>Poplatky v cen\u011b<\/li>\n<li>Ob\u011bd<\/li>\n<li>M\u00edstn\u00ed pr\u016fvodce ve \u0161pan\u011bl\u0161tin\u011b, angli\u010dtin\u011b nebo francouz\u0161tin\u011b.<\/li>\n<li>Turistika<\/li>\n<li>\u0160norchlov\u00e1n\u00ed<\/li>\n<\/ul>\n<h4><b>Zahrnut\u00ed a vylou\u010den\u00ed<\/b><\/h4>\n<p>&nbsp;<\/p>\n<p><b>Inkluze<\/b><\/p>\n<ol>\n<li>M\u00edstn\u00ed pr\u016fvodce se zku\u0161enostmi s bezpe\u010dnost\u00ed v t\u00e9to oblasti.<\/li>\n<li>Soukrom\u00e1 doprava pro mal\u00e9 skupiny<\/li>\n<li>V\u0161echny dan\u011b, poplatky a manipula\u010dn\u00ed poplatky<\/li>\n<li>M\u00edstn\u00ed dan\u011b<\/li>\n<li>Ob\u011bd<\/li>\n<li>Turistika<\/li>\n<li>P\u0159\u00edrodn\u00ed baz\u00e9ny<\/li>\n<li>\u0160norchlov\u00e1n\u00ed<\/li>\n<li>V\u0161echny aktivity<\/li>\n<\/ol>\n<p><b>V\u00fdluky<\/b><\/p>\n<ol>\n<li>Spropitn\u00e9<\/li>\n<li>V\u0161echny n\u00e1poje<\/li>\n<\/ol>\n<h4><em><strong>Odjezd a n\u00e1vrat<\/strong><\/em><\/h4>\n<p>Cestovatel z\u00edsk\u00e1 m\u00edsto setk\u00e1n\u00ed po procesu rezervace. Prohl\u00eddky za\u010d\u00ednaj\u00ed a kon\u010d\u00ed v m\u00edstech setk\u00e1n\u00ed.<\/p>\n<h2 class=\"styles__heading___mD4_3\" data-radium=\"true\">Bah\u00eda de las Aguilas: Pl\u00e1\u017eov\u00fd celodenn\u00ed v\u00fdlet lod\u00ed \u2013 celodenn\u00ed vstupenka \u2013 \u0161norchlov\u00e1n\u00ed a ob\u011bd<\/h2>\n<h4><em>Co \u010dekat?<\/em><\/h4>\n<p>Playa de las Aguilas byla pojmenov\u00e1na po domorod\u00e9m orlu. Prohl\u00eddka prob\u00edh\u00e1 soukromou dopravou z Bahia de las Aguilas, kde v\u00e1m umo\u017en\u00ed objevovat p\u0159\u00edrodn\u00ed z\u00e1zraky t\u00e9to afrodiziak\u00e1ln\u00ed pl\u00e1\u017ee velmi odli\u0161n\u00fdm a udr\u017eiteln\u00fdm zp\u016fsobem. Str\u00e1vte den v\u00fdletem do p\u0159\u00edrody po ji\u017en\u00ed \u010d\u00e1sti zem\u011b, kde pozn\u00e1te Bahia de las Aguila, jednu z nejkr\u00e1sn\u011bj\u0161\u00edch pl\u00e1\u017e\u00ed v Dominik\u00e1nsk\u00e9 republice, kam doraz\u00edme motorov\u00fdm \u010dlunem na tuto rajskou pl\u00e1\u017e, oblast pln\u011b chr\u00e1n\u011bna z\u00e1konem o \u017eivotn\u00edm prost\u0159ed\u00ed. Pro\u017eijte \u010das odpo\u010dinku v Bahia de las Aguilas, neobydlen\u00e9 p\u0159\u00edrodn\u00ed rezervaci a n\u00e1rodn\u00edm parku, a vychutnejte si ob\u011bd ve stylu grilov\u00e1n\u00ed v jeskyn\u00edch.<\/p>\n<p>Klidn\u00e9 mo\u0159e a m\u00edrn\u00fd v\u00edtr v\u00e1m zabr\u00e1n\u00ed p\u0159\u00edli\u0161 trp\u011bt sluncem a horkem. Sta\u0148te se na cel\u00fd den pr\u016fzkumn\u00edkem a objevte ekologick\u00fd, p\u0159\u00edrodn\u00ed a naprosto nedot\u010den\u00fd r\u00e1j. M\u016f\u017eete zde pozorovat v\u00edce ne\u017e 130 druh\u016f pt\u00e1k\u016f, z nich\u017e 76 \u017eije trvale v z\u00e1livu, 10 je endemick\u00fdch a 47 je migrant\u016f.<\/p>\n<p>08.30 \u2013 Odjezd z m\u00edsta setk\u00e1n\u00ed<br \/>\n08.45 \u2013 Odjezd lod\u00ed z vesnice La Cueva do Bahia de las Aguilas<br \/>\n12.30 \u2013 Typick\u00fd ob\u011bd na pl\u00e1\u017ei<br \/>\n03:00 \u2013 N\u00e1vrat do La Cueva<br \/>\n05:30 \u2013 P\u0159\u00edjezd na Meeting Point<\/p>\n<h4><em><strong>Co byste m\u011bli p\u0159in\u00e9st?<\/strong><\/em><\/h4>\n<ul>\n<li>Fotoapar\u00e1t<\/li>\n<li>Repelentn\u00ed pupeny<\/li>\n<li>Opalovac\u00ed kr\u00e9m<\/li>\n<li>Voda<\/li>\n<li>\u010cepice<\/li>\n<li>Pohodln\u00e9 kalhoty<\/li>\n<li>Turistick\u00e9 boty do lesa<\/li>\n<li>Sand\u00e1ly do jarn\u00edch oblast\u00ed.<\/li>\n<li>Plavky<\/li>\n<\/ul>\n<p>&nbsp;<\/p>\n<h4><b><i>Hotel vyzvednut\u00ed<\/i><\/b><\/h4>\n<p>Pro tento z\u00e1jezd je nab\u00edzeno vyzvednut\u00ed v hotelu za p\u0159\u00edplatek.<\/p>\n<p><b>Pozn\u00e1mka:<\/b> Pokud provedete rezervaci do 24 hodin od \u010dasu odjezdu z\u00e1jezdu\/exkurze, m\u016f\u017eeme zajistit vyzvednut\u00ed v hotelu. Pr\u00e1v\u011b se vyzved\u00e1v\u00e1me v oblasti Samana. Jakmile bude v\u00e1\u0161 n\u00e1kup dokon\u010den, za\u0161leme v\u00e1m kompletn\u00ed kontaktn\u00ed informace (telefonn\u00ed \u010d\u00edslo, e-mailovou adresu atd.) pro na\u0161eho m\u00edstn\u00edho pr\u016fvodce, abychom mohli zajistit vyzvednut\u00ed.<\/p>\n<h4><b><i>Potvrzen\u00ed dal\u0161\u00edch informac\u00ed<\/i><\/b><\/h4>\n<ol>\n<li>Vstupenky jsou \u00fa\u010dtenkou po zaplacen\u00ed tohoto z\u00e1jezdu. Platbu m\u016f\u017eete zobrazit na telefonu.<\/li>\n<li>M\u00edsto setk\u00e1n\u00ed bude obdr\u017eeno po procesu rezervace.<\/li>\n<li>D\u011bti mus\u00ed b\u00fdt v doprovodu dosp\u011bl\u00e9 osoby.<\/li>\n<li>Bezbari\u00e9rov\u00fd p\u0159\u00edstup<\/li>\n<li>D\u011bti mus\u00ed sed\u011bt na kl\u00edn\u011b<\/li>\n<li>Nedoporu\u010duje se pro cestovatele s probl\u00e9my se z\u00e1dy<\/li>\n<li>Nedoporu\u010duje se t\u011bhotn\u00fdm cestovatel\u016fm<\/li>\n<li>\u017d\u00e1dn\u00e9 probl\u00e9my se srdcem ani jin\u00e9 z\u00e1va\u017en\u00e9 zdravotn\u00ed stavy<\/li>\n<li>Z\u00fa\u010dastnit se m\u016f\u017ee v\u011bt\u0161ina cestovatel\u016f<\/li>\n<\/ol>\n<h4><b><i>Storno podm\u00ednky<\/i><\/b><\/h4>\n<p>Chcete-li z\u00edskat plnou n\u00e1hradu, p\u0159e\u010dt\u011bte si na\u0161e storno podm\u00ednky\u00a0<a href=\"https:\/\/tourwhales.com\/cs\/online-booking\/\" target=\"_blank\" rel=\"noopener\" data-saferedirecturl=\"https:\/\/www.google.com\/url?q=https:\/\/tourwhales.com\/online-booking\/&amp;source=gmail&amp;ust=1672449202351000&amp;usg=AOvVaw1yAeVAPktmaVCqDujgUn90\">Klikn\u011bte zde<\/a>. Prost\u0159edky budou ztraceny, pokud bude rezervace zru\u0161ena ve stejn\u00fd den cesty.<\/p>\n\n\t\t<\/div>\n\t<\/div>\n<\/div><\/div><\/div><\/div><div class=\"vc_row wpb_row vc_row-fluid\" ><div class=\"wpb_column vc_column_container vc_col-sm-12\"><div class=\"vc_column-inner\"><div class=\"wpb_wrapper\"><div class=\"vc_btn3-container vc_btn3-inline\" ><button class=\"vc_general vc_btn3 vc_btn3-size-md vc_btn3-shape-rounded vc_btn3-style-modern vc_btn3-color-green\">ZAREZERVOVAT HNED<\/button><\/div><\/div><\/div><\/div><\/div>\n<\/section>","protected":false},"excerpt":{"rendered":"<p><span style=\"vertical-align: inherit;\"><span style=\"vertical-align: inherit;\">Kupte si celodenn\u00ed vstupenku do Bahia las Aguilas z oblast\u00ed Pedernales. U\u017eijte si den na pl\u00e1\u017ei a nechte svou n\u00e1ladu plynout, pry\u010d od turistick\u00fdch oblast\u00ed a v\u0161eho stresu. P\u0159ij\u010fte a objevte n\u00e1rodn\u00ed park Jaragua a Bah\u00eda de las \u00c1guilas. Je\u010fte po kr\u00e1sn\u00e9 silnici s n\u00e1dhern\u00fdm v\u00fdhledem na mal\u00fd p\u0159\u00edstav a ryb\u00e1\u0159skou vesnici Cabo Rojo. V Las Cuevas nastoup\u00edte na lo\u010f, kter\u00e1 v\u00e1s vezme na 15 minut j\u00edzdy na jednu z nejkr\u00e1sn\u011bj\u0161\u00edch p\u0159\u00edrodn\u00edch pl\u00e1\u017e\u00ed na sv\u011bt\u011b. P\u00edsky Bay of Eagles jsou nedot\u010den\u00e9 a z\u00e1liv pokr\u00fdv\u00e1 8 km.<\/span><\/span><\/p>\n<p>Za\u017eijte v\u00fdjime\u010dnou pob\u0159e\u017en\u00ed krajinu s k\u0159i\u0161\u0165\u00e1lov\u011b \u010distou vodou, kter\u00e1 se t\u0159pyt\u00ed v odst\u00ednech od tyrkysov\u00e9 po op\u00e1lov\u011b modrou taj\u00edc\u00ed na obzoru. Ob\u011bd se pod\u00e1v\u00e1 na pl\u00e1\u017ei, plavejte nebo \u0161norchlujte a prozkoumejte tento nedot\u010den\u00fd p\u0159\u00edrodn\u00ed r\u00e1j.<\/p>\n<p><em><strong>Vyberte den pro tento v\u00fdlet:<\/strong><\/em><\/p>","protected":false},"featured_media":9739,"template":"","meta":[],"product_cat":[549,160],"product_tag":[557,554,555,563,560,556,564,559,553,567,566,561,565,558,562],"class_list":["post-11750","product","type-product","status-publish","has-post-thumbnail","hentry","product_cat-bahia-de-las-aguilas-dominican-republic","product_cat-lunch","product_tag-bahia-de-las-aguilas","product_tag-bahia-de-las-aguilas-pedernales","product_tag-bahia-de-las-aguilas-beach-tour","product_tag-bahia-de-las-aguilas-hoteles","product_tag-bahia-de-las-aguilas-map","product_tag-bahia-de-las-aguilas-private-tour","product_tag-bahia-de-las-aguilas-republica-dominicana-hotel","product_tag-bahia-de-las-aguilas-tour-from-punta-cana","product_tag-bahia-de-las-aguilas-beach-day-trip-by-boat","product_tag-bahia-las-aguilas-tours","product_tag-barahona-tours","product_tag-closest-airport-to-bahia-de-las-aguilas","product_tag-hotel-barahona","product_tag-playa-bahia-de-las-aguilas-dominican-republic","product_tag-tours-a-bahia-de-las-aguilas-desde-santo-domingo"],"_links":{"self":[{"href":"https:\/\/tourwhales.com\/cs\/wp-json\/wp\/v2\/product\/11750","targetHints":{"allow":["GET"]}}],"collection":[{"href":"https:\/\/tourwhales.com\/cs\/wp-json\/wp\/v2\/product"}],"about":[{"href":"https:\/\/tourwhales.com\/cs\/wp-json\/wp\/v2\/types\/product"}],"wp:featuredmedia":[{"embeddable":true,"href":"https:\/\/tourwhales.com\/cs\/wp-json\/wp\/v2\/media\/9739"}],"wp:attachment":[{"href":"https:\/\/tourwhales.com\/cs\/wp-json\/wp\/v2\/media?parent=11750"}],"wp:term":[{"taxonomy":"product_cat","embeddable":true,"href":"https:\/\/tourwhales.com\/cs\/wp-json\/wp\/v2\/product_cat?post=11750"},{"taxonomy":"product_tag","embeddable":true,"href":"https:\/\/tourwhales.com\/cs\/wp-json\/wp\/v2\/product_tag?post=11750"}],"curies":[{"name":"wp","href":"https:\/\/api.w.org\/{rel}","templated":true}]}}