
{"id":11569,"date":"2020-10-10T15:42:33","date_gmt":"2020-10-10T15:42:33","guid":{"rendered":"https:\/\/tourwhales.com\/?post_type=product&#038;p=11569"},"modified":"2024-10-17T23:39:19","modified_gmt":"2024-10-17T23:39:19","slug":"private-kayaking-snorkeling-with-lunch-on-cayo-levantado-island","status":"publish","type":"product","link":"https:\/\/tourwhales.com\/cs\/Tours-Excursions\/tours-excursions-samana-bay-dominican-republic\/private-kayaking-snorkeling-with-lunch-on-cayo-levantado-island\/","title":{"rendered":"Samana: Cayo Levantado a j\u00edzda na kajaku + \u0161norchlov\u00e1n\u00ed"},"content":{"rendered":"<section class=\"wpb-content-wrapper\"><div class=\"wpb_column vc_column_container vc_col-sm-12\"><div class=\"vc_column-inner\"><div class=\"wpb_wrapper\"><\/div><\/div><\/div><div class=\"vc_row wpb_row vc_row-fluid\" ><div class=\"wpb_column vc_column_container vc_col-sm-12\"><div class=\"vc_column-inner\"><div class=\"wpb_wrapper\">\n\t<div class=\"wpb_text_column wpb_content_element\" >\n\t\t<div class=\"wpb_wrapper\">\n\t\t\t<div class=\"vc_row wpb_row vc_row-fluid\">\n<div class=\"wpb_column vc_column_container vc_col-sm-12\">\n<div class=\"vc_column-inner\">\n<div class=\"wpb_wrapper\">\n<div class=\"mkdf-section-title-holder\">\n<div class=\"mkdf-st-inner\">\n<h5 class=\"mkdf-st-subtitle\">Z p\u0159\u00edstavu Samana: Soukrom\u00e1 prohl\u00eddka<\/h5>\n<h3 class=\"mkdf-st-title\">Soukrom\u00fd kajak a \u0161norchl s ob\u011bdem na ostrov\u011b Cayo Levantado<\/h3>\n<\/div>\n<\/div>\n<div class=\"vc_empty_space\"><\/div>\n<\/div>\n<\/div>\n<\/div>\n<\/div>\n<div class=\"vc_row wpb_row vc_row-fluid\"><\/div>\n<div class=\"wpb_column vc_column_container vc_col-sm-12\">\n<div class=\"vc_column-inner\">\n<div class=\"wpb_wrapper\"><\/div>\n<\/div>\n<\/div>\n<div class=\"wpb_text_column wpb_content_element\">\n<div class=\"wpb_wrapper\"><\/div>\n<\/div>\n<div class=\"vc_row wpb_row vc_row-fluid\">\n<div class=\"wpb_column vc_column_container vc_col-sm-12\">\n<div class=\"vc_column-inner\">\n<div class=\"wpb_wrapper\">\n<div class=\"wpb_text_column wpb_content_element\">\n<div class=\"wpb_wrapper\">\n<div class=\"vc_row wpb_row vc_row-fluid\">\n<div class=\"wpb_column vc_column_container vc_col-sm-12\">\n<div class=\"vc_column-inner\">\n<div class=\"wpb_wrapper\">\n<div class=\"wpb_text_column wpb_content_element\">\n<div class=\"wpb_wrapper\">\n<h4><b><i>P\u0159ehled \ud83d\udc33<\/i><\/b><\/h4>\n<p><strong>Vyhn\u011bte se velk\u00fdm skupin\u00e1m turist\u016f.<\/strong>\u00a0a ud\u011blejte si v\u00fdlet na soukrom\u00e9m kajaku a \u0161norchlov\u00e1n\u00ed v z\u00e1toce Saman\u00e1 s odjezdem z p\u0159\u00edstavu Saman\u00e1.<\/p>\n<p>Obdivujte 40 minut jedine\u010dn\u00e9ho panoramatick\u00e9ho v\u00fdhledu na z\u00e1liv Samana z mo\u0159e na kajaku a \u0161norchlov\u00e1n\u00ed v k\u0159i\u0161\u0165\u00e1lov\u011b \u010dist\u00e9 vod\u011b nedalek\u00e9 pl\u00e1\u017ee na slavn\u00e9m ostrov\u011b Cayo Levantado\/Bacardi. Tam, kde si m\u016f\u017eeme prot\u00e1hnout nohy a pou\u017e\u00edvat na\u0161e \u0161norchlovac\u00ed soupravy, je dal\u0161\u00ed sv\u011bt k prozkoum\u00e1n\u00ed!<br \/>\nPo \u0161norchlov\u00e1n\u00ed zajdeme na typick\u00fd dominik\u00e1nsk\u00fd ob\u011bd na pl\u00e1\u017ei a objev\u00edme nejkr\u00e1sn\u011bj\u0161\u00ed ostrov Dominik\u00e1nsk\u00e9 republiky. Domov kr\u00e1sn\u00e9ho luxusn\u00edho hotelu, pl\u00e1\u017e\u00ed s b\u00edl\u00fdm p\u00edskem, bujn\u00e9ho de\u0161tn\u00e9ho pralesa a \u00fa\u017easn\u00fdch zru\u010dn\u00fdch um\u011blc\u016f, kte\u0159\u00ed nab\u00edzej\u00ed sv\u00e9 ru\u010dn\u011b vyr\u00e1b\u011bn\u00e9 obrazy a dal\u0161\u00ed produkty.<\/p>\n<p>Co m\u016f\u017eete na ostrov\u011b d\u011blat?<br \/>\nPlav\u00e1n\u00ed, turistika, volejbal, focen\u00ed, \u0161norchlov\u00e1n\u00ed, u\u017e\u00edv\u00e1n\u00ed si pl\u00e1\u017ee nebo jen relaxace ve st\u00ednu a osv\u011b\u017euj\u00edc\u00ed drink (Pi\u00f1a Colada, Coco Loco, Cuba Libre atd.) Existuje spousta mo\u017enost\u00ed, jak si ostrov u\u017e\u00edt pro ka\u017ed\u00e9ho !<\/p>\n<p>Cestou zp\u011bt do Saman\u00e9 m\u011bn\u00edme perspektivu a na\u0161i pozornost upoutaj\u00ed detaily, kter\u00fdch jsme si p\u0159edt\u00edm nev\u0161imli, u\u017e\u00edv\u00e1me si ka\u017ed\u00fd metr cca 40 min.<\/p>\n<p>Jsme jedin\u00ed, kdo toto turn\u00e9 nab\u00edz\u00ed v cel\u00e9 Dominik\u00e1nsk\u00e9 republice! Tento jedine\u010dn\u00fd z\u00e1\u017eitek je spln\u011bn\u00fdm snem pro milovn\u00edky p\u0159\u00edrody a mo\u0159e.<\/p>\n<p><strong>Pozn\u00e1mka:<\/strong>\u00a0Tato prohl\u00eddka je soukrom\u00e1. (Jen vy a va\u0161e rodina nebo p\u0159\u00e1tel\u00e9 a pr\u016fvodce).<\/p>\n<p>&nbsp;<\/p>\n<h4><b>Inkluze a vylou\u010den\u00ed<\/b><\/h4>\n<p>&nbsp;<\/p>\n<p><b>Inkluze<\/b><\/p>\n<p>&nbsp;<\/p>\n<ol>\n<li>Ob\u011bd formou bufetu na pl\u00e1\u017ei.<\/li>\n<li>Pr\u016fvodce<\/li>\n<li>kajaky, paddleboarding<\/li>\n<li>Z\u00e1chrann\u00e1 vesta<\/li>\n<li>Sada \u0161norchl\u016f<\/li>\n<li>V\u0161echny dan\u011b, poplatky a manipula\u010dn\u00ed poplatky.<\/li>\n<li>M\u00edstn\u00ed dan\u011b<\/li>\n<li>N\u00e1poje (l\u00e1hev vody na osobu)<\/li>\n<\/ol>\n<p><b>V\u00fdluky<\/b><\/p>\n<ol>\n<li>Tipy<\/li>\n<li>P\u0159evod auta<\/li>\n<li>Alkohol<\/li>\n<\/ol>\n<p>&nbsp;<\/p>\n<h4><em><strong>Odjezd a n\u00e1vrat<\/strong><\/em><\/h4>\n<p>Tento v\u00fdlet za\u010d\u00edn\u00e1 v 8:00 a kon\u010d\u00ed kolem 16:00. Proto\u017ee se ale bude jednat o soukromou cestu, m\u016f\u017eete si nastavit \u010das za\u010d\u00e1tku a konce.<\/p>\n<p>Cestovatel z\u00edsk\u00e1 m\u00edsto setk\u00e1n\u00ed po procesu rezervace. Prohl\u00eddky za\u010d\u00ednaj\u00ed a kon\u010d\u00ed na na\u0161ich srazech.<\/p>\n<p>&nbsp;<\/p>\n<h4><b><i>Co \u010dekat?<\/i><\/b><\/h4>\n<p>&nbsp;<\/p>\n<p><em><strong>Z\u00edskejte vstupenky<\/strong><\/em>\u00a0pro j\u00edzdu na kajaku a \u0161norchlov\u00e1n\u00ed v Samana Bay. 40 minut nesrovnateln\u00fdch panoramatick\u00fdch v\u00fdhled\u016f na z\u00e1liv Saman\u00e1 z mo\u0159e na kajaku a \u0161norchlov\u00e1n\u00ed v k\u0159i\u0161\u0165\u00e1lov\u011b \u010dist\u00e9 vod\u011b nedalek\u00e9 pl\u00e1\u017ee slavn\u00e9ho Cayo Levantado\/Bacardi. Typick\u00fd dominik\u00e1nsk\u00fd ob\u011bd na pl\u00e1\u017ei. V sez\u00f3n\u011b pozorov\u00e1n\u00ed velryb je mo\u017enost vid\u011bt keporkaky.<\/p>\n<p>V\u00fdlet na kajaku a \u0161norchlov\u00e1n\u00ed, organizovan\u00fd \u201eBooking Adventures\u201c, za\u010d\u00edn\u00e1 na m\u00edst\u011b setk\u00e1n\u00ed s pr\u016fvodcem. Ob\u011bd na pl\u00e1\u017ei a m\u016f\u017eete z\u016fstat tak dlouho, jak budete cht\u00edt. Pokud jste vegani, m\u016f\u017eeme v\u00e1m tak\u00e9 p\u0159ipravit n\u011bjak\u00e9 j\u00eddlo.<\/p>\n<p><strong>Kalend\u00e1\u0159:<\/strong><\/p>\n<p>8:00\u201316:00<\/p>\n<p>&nbsp;<\/p>\n<h4><em><strong>Co byste si m\u011bli p\u0159in\u00e9st?<\/strong><\/em><\/h4>\n<ul>\n<li>Fotoapar\u00e1t<\/li>\n<li>Ru\u010dn\u00edk<\/li>\n<li>slune\u010dn\u00ed ochrana<\/li>\n<li>\u010cepice<\/li>\n<li>Pohodln\u00e9 kalhoty a boty.<\/li>\n<li>Sand\u00e1ly na pl\u00e1\u017e<\/li>\n<li>\u0160aty pro plavky<\/li>\n<li>Pen\u00edze za suven\u00fdry<\/li>\n<\/ul>\n<p>&nbsp;<\/p>\n<h4><b><i>Vyzvednut\u00ed v hotelu<\/i><\/b><\/h4>\n<p>U tohoto z\u00e1jezdu nen\u00ed nab\u00edzeno vyzvednut\u00ed v hotelu.<\/p>\n<p>&nbsp;<\/p>\n<p><b>Pozn\u00e1mka:<\/b>\u00a0Pokud provedete rezervaci do 24 hodin p\u0159ed \u010dasem odjezdu z\u00e1jezdu\/exkurze, m\u016f\u017eeme zajistit vyzvednut\u00ed v hotelu s dal\u0161\u00edmi poplatky. Jakmile bude v\u00e1\u0161 n\u00e1kup dokon\u010den, za\u0161leme v\u00e1m \u00fapln\u00e9 kontaktn\u00ed informace (telefonn\u00ed \u010d\u00edslo, e-mailovou adresu atd.) na\u0161eho m\u00edstn\u00edho pr\u016fvodce, abychom se dohodli na vyzvednut\u00ed.<\/p>\n<h4><b><i>Potvrzen\u00ed dopl\u0148uj\u00edc\u00edch informac\u00ed<\/i><\/b><\/h4>\n<ol>\n<li>Vstupenky jsou \u00fa\u010dtenkou po zaplacen\u00ed tohoto z\u00e1jezdu. Platbu si m\u016f\u017eete zobrazit na telefonu.<\/li>\n<li>M\u00edsto setk\u00e1n\u00ed bude obdr\u017eeno po procesu rezervace.<\/li>\n<li>D\u011bti mus\u00ed b\u00fdt v doprovodu dosp\u011bl\u00e9 osoby.<\/li>\n<li>Bezbari\u00e9rov\u00fd p\u0159\u00edstup<\/li>\n<li>D\u011bti by m\u011bly sed\u011bt na kl\u00edn\u011b.<\/li>\n<li>V\u011bt\u0161ina cestovatel\u016f se m\u016f\u017ee z\u00fa\u010dastnit.<\/li>\n<\/ol>\n<h4><b><i>Storno podm\u00ednky<\/i><\/b><\/h4>\n<p>Chcete-li z\u00edskat plnou n\u00e1hradu, zru\u0161te alespo\u0148 24 hodin p\u0159ed datem zah\u00e1jen\u00ed z\u00e1\u017eitku.<\/p>\n<\/div>\n<\/div>\n<\/div>\n<\/div>\n<\/div>\n<\/div>\n<\/div>\n<\/div>\n<\/div>\n<\/div>\n<\/div>\n<\/div>\n<div class=\"vc_row wpb_row vc_row-fluid\">\n<div class=\"wpb_column vc_column_container vc_col-sm-12\">\n<div class=\"vc_column-inner\">\n<div class=\"wpb_wrapper\">\n<div class=\"vc_empty_space\"><\/div>\n<div class=\"wpb_text_column wpb_content_element\">\n<div class=\"wpb_wrapper\">\n<h4>Kontaktujte n\u00e1s?<\/h4>\n<h5><b><i>Dobrodru\u017en\u00e9 rezervace<\/i><\/b><\/h5>\n<p><em>Turistick\u00e9 pr\u016fvodce a slu\u017eby pro hosty.\u00a0<strong>m\u00edstn\u00ed<\/strong>\u00a0a\u00a0<strong>n\u00e1rodn\u00ed<\/strong><\/em><\/p>\n<p><span class=\"text-turquoise\">Rezervace:<\/span>\u00a0Prohl\u00eddky a exkurze v Dom. z\u00e1stupci.<\/p>\n<p>\ud83d\udcde Telefon\/Whatsapp\u00a0<a href=\"tel: 1-809-720-6035\">+ 1-809-720-6035<\/a>\u00a0.<\/p>\n<p>\ud83d\udce9\u00a0<a href=\"mailto:info@bookingadventures.com.do\">info@bookingadventures.com.do<\/a><\/p>\n<p><strong>Jsme soukrom\u00e9 z\u00e1jezdy s flexibiln\u00ed konfigurac\u00ed od Whatsapp:\u00a0<a href=\"tel: 18097206035\">+18097206035.<\/a><\/strong><\/p>\n<\/div>\n<\/div>\n<\/div>\n<\/div>\n<\/div>\n<\/div>\n\n\t\t<\/div>\n\t<\/div>\n<\/div><\/div><\/div><\/div>\n<\/section>","protected":false},"excerpt":{"rendered":"<p>Soukrom\u00fd v\u00fdlet na kajaku a \u0161norchlov\u00e1n\u00ed v z\u00e1livu Samana v Dominik\u00e1nsk\u00e9 republice s m\u00edstn\u00edmi pr\u016fvodci. Nev\u00e1hejte a nastavte \u010das zah\u00e1jen\u00ed, kter\u00fd v\u00e1m nejl\u00e9pe vyhovuje. Rezervujte si tuto exkurzi Samana Bay nyn\u00ed a pro\u017eijte skute\u010dn\u00e9 karibsk\u00e9 dobrodru\u017estv\u00ed.<\/p>\n<p>Pozn\u00e1mka: Tato prohl\u00eddka je soukrom\u00e1!<\/p>\n<p>&nbsp;<\/p>\n<p><em><strong>Vyberte si term\u00edn prohl\u00eddky:<\/strong><\/em><\/p>","protected":false},"featured_media":13413,"template":"","meta":[],"product_cat":[946,655,255],"product_tag":[184,328,208,327,187,342,433,276],"class_list":["post-11569","product","type-product","status-publish","has-post-thumbnail","hentry","product_cat-1-sabana-de-la-mar","product_cat-1-samana","product_cat-tours-excursions-samana-bay-dominican-republic","product_tag-bacardi-island","product_tag-cayo-levantado-day-pass","product_tag-kayaking-dominican-republic","product_tag-private-tours-samana","product_tag-samana-tours","product_tag-samana-whale-watching","product_tag-snorkeling","product_tag-whale-samana"],"_links":{"self":[{"href":"https:\/\/tourwhales.com\/cs\/wp-json\/wp\/v2\/product\/11569","targetHints":{"allow":["GET"]}}],"collection":[{"href":"https:\/\/tourwhales.com\/cs\/wp-json\/wp\/v2\/product"}],"about":[{"href":"https:\/\/tourwhales.com\/cs\/wp-json\/wp\/v2\/types\/product"}],"wp:featuredmedia":[{"embeddable":true,"href":"https:\/\/tourwhales.com\/cs\/wp-json\/wp\/v2\/media\/13413"}],"wp:attachment":[{"href":"https:\/\/tourwhales.com\/cs\/wp-json\/wp\/v2\/media?parent=11569"}],"wp:term":[{"taxonomy":"product_cat","embeddable":true,"href":"https:\/\/tourwhales.com\/cs\/wp-json\/wp\/v2\/product_cat?post=11569"},{"taxonomy":"product_tag","embeddable":true,"href":"https:\/\/tourwhales.com\/cs\/wp-json\/wp\/v2\/product_tag?post=11569"}],"curies":[{"name":"wp","href":"https:\/\/api.w.org\/{rel}","templated":true}]}}