
{"id":11458,"date":"2014-08-03T18:52:12","date_gmt":"2014-08-03T18:52:12","guid":{"rendered":"https:\/\/tourwhales.com\/?post_type=product&#038;p=11458"},"modified":"2024-10-18T20:29:21","modified_gmt":"2024-10-18T20:29:21","slug":"punta-cana-buggy-tour-pick-up-from-punta-cana-hotels","status":"publish","type":"product","link":"https:\/\/tourwhales.com\/cs\/Tours-Excursions\/tours-and-excursions\/punta-cana-buggy-tour-pick-up-from-punta-cana-hotels\/","title":{"rendered":"Punta Cana Buggy Tour \u2013 vyzvednut\u00ed z hotel\u016f Punta Cana"},"content":{"rendered":"<section class=\"wpb-content-wrapper\"><div class=\"vc_row wpb_row vc_row-fluid\" ><div class=\"wpb_column vc_column_container vc_col-sm-12\"><div class=\"vc_column-inner\"><div class=\"wpb_wrapper\"><div class=\"mkdf-section-title-holder\" style=\"text-align: left\">\n\t<div class=\"mkdf-st-inner\">\n\t\t\t\t\t<h5 class=\"mkdf-st-subtitle\" >\n\t\t\t\tZ hotel\u016f Punta Cana\t\t\t<\/h5>\n\t\t\t\t\t\t\t<h3 class=\"mkdf-st-title\" >\n\t\t\t\tBuggy Punta Cana - Buggy\t\t\t<\/h3>\n\t\t\t\t\t\t\t<p class=\"mkdf-st-text\" >\n\t\t\t\tPozn\u00e1mka: Tato prohl\u00eddka za\u010d\u00edn\u00e1 v 7:00 hodin. V z\u00e1vislosti na tom, kde je \u010das vyzvednut\u00ed hotel\u016f, se m\u016f\u017ee zm\u011bnit. P\u0159\u00edplatky za vyzvednut\u00ed v oblastech, kter\u00e9 nejsou uvedeny v na\u0161em popisu.\t\t\t<\/p>\n\t\t\t<\/div>\n<\/div><\/div><\/div><\/div><\/div><div class=\"vc_row wpb_row vc_row-fluid\" ><div class=\"wpb_column vc_column_container vc_col-sm-12\"><div class=\"vc_column-inner\"><div class=\"wpb_wrapper\"><div class=\"vc_empty_space\"   style=\"height: 32px\"><span class=\"vc_empty_space_inner\"><\/span><\/div><div class=\"vc_btn3-container vc_btn3-inline\" ><button class=\"vc_general vc_btn3 vc_btn3-size-md vc_btn3-shape-rounded vc_btn3-style-modern vc_btn3-color-green\">ZAREZERVOVAT HNED<\/button><\/div><\/div><\/div><\/div><\/div><div class=\"vc_row wpb_row vc_row-fluid\" ><div class=\"wpb_column vc_column_container vc_col-sm-12\"><div class=\"vc_column-inner\"><div class=\"wpb_wrapper\">\n\t<div class=\"wpb_text_column wpb_content_element\" >\n\t\t<div class=\"wpb_wrapper\">\n\t\t\t<h4><b><i>P\u0159ehled <\/i><\/b><\/h4>\n<div>\n<p>Prohl\u00e9dn\u011bte si rajskou krajinu Punta Cana na palub\u011b sv\u00e9 vlastn\u00ed buginy! Budete <strong>objevte vesnici Macao a jej\u00ed idylick\u00e9 pl\u00e1\u017ee<\/strong>, stejn\u011b jako koup\u00e1n\u00ed v domorod\u00e9m cenote.<\/p>\n<\/div>\n<ul class=\"vcs-highlights\">\n<li>V\u00fdb\u011br z n\u011bkolika odjezd\u016f b\u011bhem dne<\/li>\n<li>U\u017eijte si fantastick\u00e9 v\u00fdhledy<\/li>\n<li>Vhodn\u00e9 pro rodiny<\/li>\n<li>Vyzvednut\u00ed z centr\u00e1ln\u011b um\u00edst\u011bn\u00e9ho m\u00edsta setk\u00e1n\u00ed<\/li>\n<li>Romantick\u00fd z\u00e1\u017eitek, ide\u00e1ln\u00ed pro p\u00e1ry<\/li>\n<\/ul>\n<p>&nbsp;<\/p>\n<h4><b>Zahrnut\u00ed a vylou\u010den\u00ed<\/b><\/h4>\n<p>&nbsp;<\/p>\n<p><b>Inkluze<\/b><\/p>\n<p>&nbsp;<\/p>\n<ol>\n<li>Prohl\u00eddka ko\u010d\u00e1rk\u016f<\/li>\n<li>Vyzvednut\u00ed autobusem z va\u0161eho hotelu<\/li>\n<li style=\"font-weight: 400;\"><span style=\"font-weight: 400;\">V\u0161echny dan\u011b, poplatky a manipula\u010dn\u00ed poplatky<\/span><\/li>\n<li style=\"font-weight: 400;\"><span style=\"font-weight: 400;\">M\u00edstn\u00ed dan\u011b<\/span><\/li>\n<li style=\"font-weight: 400;\"><span style=\"font-weight: 400;\">N\u00e1poje<\/span><\/li>\n<\/ol>\n<p><b> V\u00fdluky<\/b><\/p>\n<ol>\n<li style=\"font-weight: 400;\"><span style=\"font-weight: 400;\">Spropitn\u00e9<\/span><\/li>\n<li>Ob\u011bd<\/li>\n<\/ol>\n<p>&nbsp;<\/p>\n<h4><em><strong>Odjezd a n\u00e1vrat<\/strong><\/em><\/h4>\n<p><span style=\"font-weight: 400;\">Cestovatel z\u00edsk\u00e1 m\u00edsto setk\u00e1n\u00ed po procesu rezervace. Prohl\u00eddky za\u010d\u00ednaj\u00ed a kon\u010d\u00ed v m\u00edstech setk\u00e1n\u00ed.<\/span><\/p>\n<p>&nbsp;<\/p>\n<h4><b><i>Co \u010dekat?<\/i><\/b><\/h4>\n<p>Po vyzvednut\u00ed z va\u0161eho hotelu se vyd\u00e1me do vnitrozem\u00ed Punta Cana. Obklopen <strong>k\u00e1vov\u00e9 a kakaov\u00e9 plant\u00e1\u017ee<\/strong>, va\u0161e\u00a0<strong>m\u00edstn\u00ed pr\u016fvodci<\/strong>\u00a0vysv\u011btl\u00ed v\u00e1m prohl\u00eddku a v\u0161e, co pot\u0159ebujete v\u011bd\u011bt k \u0159\u00edzen\u00ed va\u0161\u00ed buginy.<\/p>\n<p>Pak oto\u010d\u00edme kl\u00ed\u010dkem v zapalov\u00e1n\u00ed a za\u010dneme vzru\u0161en\u00ed, zap\u00edn\u00e1me zip\u00a0<strong>kopc\u00edch, p\u0159es k\u00e1vov\u00e9 plant\u00e1\u017ee a pod\u00e9l pra\u0161n\u00fdch cest a koryt \u0159ek<\/strong>.<\/p>\n<p>Na\u0161e prvn\u00ed zast\u00e1vka bude na pl\u00e1\u017ei Macao. Daleko od velk\u00fdch hotel\u016f a turistick\u00fdch oblast\u00ed\u00a0<strong>p\u0159\u00edrodn\u00ed r\u00e1j<\/strong>\u00a0a jeho k\u0159i\u0161\u0165\u00e1lov\u011b \u010dist\u00e1 voda je ide\u00e1ln\u00edm m\u00edstem pro koup\u00e1n\u00ed a zde budete m\u00edt voln\u00fd \u010das\u00a0<strong>plavat v \u00fa\u017easn\u00e9m Karibsk\u00e9m mo\u0159i<\/strong>.<\/p>\n<p>Pot\u00e9 vylezeme zp\u011bt na palubu na\u0161\u00ed buginy, cestou k takzvan\u00fdm &#039;Domorod\u00fdm pramen\u016fm&#039;, kde objev\u00edme jeden z nejidyli\u010dt\u011bj\u0161\u00edch<strong>\u00a0cenotes<\/strong>\u00a0v Punta Cana. Zde budete m\u00edt p\u016fl hodiny zdarma na prozkoum\u00e1n\u00ed tohoto podzemn\u00edho baz\u00e9nu, plav\u00e1n\u00ed v jeho tyrkysov\u00fdch vod\u00e1ch.<\/p>\n<p>Nakonec nech\u00e1me ko\u010d\u00e1rky za sebou a doprovod\u00edme v\u00e1s zp\u011bt do va\u0161eho ubytov\u00e1n\u00ed, \u010d\u00edm\u017e ukon\u010d\u00edme nezapomenuteln\u00fd den.<\/p>\n<p><strong>J\u00edzdn\u00ed \u0159\u00e1d:<\/strong><\/p>\n<p>7:00 \u2013 19:00\u2026 Zm\u011bna \u010dasu v z\u00e1vislosti na tom, kde se nach\u00e1z\u00edte v Punta Cana.<\/p>\n<h4>S\u00f3lo nebo sd\u00edlen\u00ed?<\/h4>\n<p>P\u0159i rezervaci si m\u016f\u017eete vybrat, zda chcete \u0159\u00eddit buginu sami nebo sd\u00edlet vozidlo s jedn\u00edm nebo t\u0159emi dal\u0161\u00edmi. Uveden\u00e1 cena je za osobu.<\/p>\n<p>&nbsp;<\/p>\n<h4><em><strong>Co byste m\u011bli p\u0159in\u00e9st?<\/strong><\/em><\/h4>\n<ul>\n<li style=\"font-weight: 400;\"><span style=\"font-weight: 400;\">Fotoapar\u00e1t<\/span><\/li>\n<li style=\"font-weight: 400;\"><span style=\"font-weight: 400;\">Repelentn\u00ed pupeny<\/span><\/li>\n<li style=\"font-weight: 400;\"><span style=\"font-weight: 400;\">opalovac\u00ed kr\u00e9m<\/span><\/li>\n<li style=\"font-weight: 400;\"><span style=\"font-weight: 400;\">\u010cepice<\/span><\/li>\n<li style=\"font-weight: 400;\"><span style=\"font-weight: 400;\">Pohodln\u00e9 kalhoty<\/span><\/li>\n<li style=\"font-weight: 400;\"><span style=\"font-weight: 400;\">Turistick\u00e9 boty do lesa<\/span><\/li>\n<li style=\"font-weight: 400;\"><span style=\"font-weight: 400;\">Sand\u00e1ly na pl\u00e1\u017e<\/span><\/li>\n<li style=\"font-weight: 400;\"><span style=\"font-weight: 400;\">Plavky<\/span><\/li>\n<li>Pen\u00edze za suven\u00fdry<\/li>\n<\/ul>\n<p>&nbsp;<\/p>\n<h4><b><i>Hotel vyzvednut\u00ed <\/i><\/b><\/h4>\n<p><span style=\"font-weight: 400;\">Nab\u00edz\u00ed se cestovn\u00ed vyzvednut\u00ed!<\/span><\/p>\n<p><span style=\"font-weight: 400;\">Vyzved\u00e1v\u00e1me ze v\u0161ech hotel\u016f v Punta Cana. M\u00edsto vyzvednut\u00ed je hotelov\u00e1 lobby<br \/>\nPokud bydl\u00edte v byt\u011b v t\u00e9to oblasti, vyzvedneme v\u00e1s v byt\u011b nebo u vchodu do nejbli\u017e\u0161\u00edho resortu. Nastavili jsme vyzvednut\u00ed, aby n\u00e1s kontaktovalo p\u0159es Whatsapp.<\/span><\/p>\n<p><b>Pozn\u00e1mka:<\/b><span style=\"font-weight: 400;\"> pokud prov\u00e1d\u00edte rezervaci do 24 hodin od \u010dasu odjezdu z\u00e1jezdu\/exkurze, m\u016f\u017eeme za\u0159\u00eddit vyzvednut\u00ed v hotelu za p\u0159\u00edplatek. Jakmile bude v\u00e1\u0161 n\u00e1kup dokon\u010den, za\u0161leme v\u00e1m kompletn\u00ed kontaktn\u00ed informace (telefonn\u00ed \u010d\u00edslo, e-mailovou adresu atd.) pro na\u0161eho m\u00edstn\u00edho pr\u016fvodce, abychom mohli zajistit vyzvednut\u00ed.<\/span><\/p>\n<h4><b><i>Potvrzen\u00ed dal\u0161\u00edch informac\u00ed <\/i><\/b><\/h4>\n<ol>\n<li>Vstupenky jsou \u00fa\u010dtenkou po zaplacen\u00ed tohoto z\u00e1jezdu. Platbu m\u016f\u017eete zobrazit na telefonu.<\/li>\n<li style=\"font-weight: 400;\"><span style=\"font-weight: 400;\">M\u00edsto setk\u00e1n\u00ed bude obdr\u017eeno po procesu rezervace.<\/span><\/li>\n<li style=\"font-weight: 400;\"><strong>D\u011bti od 5 do 11 let<\/strong>\u00a0se mohou z\u00fa\u010dastnit pouze v p\u0159\u00edpad\u011b, \u017ee jedou v ko\u010d\u00e1rku pro 2 nebo 4 osoby v doprovodu dosp\u011bl\u00e9 osoby, proto\u017ee nejsou schopni ko\u010d\u00e1rky \u0159\u00eddit.<\/li>\n<li style=\"font-weight: 400;\"><span style=\"font-weight: 400;\">bezbari\u00e9rov\u00fd <\/span><\/li>\n<li style=\"font-weight: 400;\"><span style=\"font-weight: 400;\">D\u011bti mus\u00ed sed\u011bt na kl\u00edn\u011b <\/span><\/li>\n<li style=\"font-weight: 400;\"><span style=\"font-weight: 400;\">Z\u00fa\u010dastnit se m\u016f\u017ee v\u011bt\u0161ina cestovatel\u016f<\/span><\/li>\n<li><strong>T\u011bhotn\u00e1 \u017eena<\/strong>\u00a0se t\u00e9to \u010dinnosti nesm\u00ed \u00fa\u010dastnit.<\/li>\n<\/ol>\n<h4><b><i>Storno podm\u00ednky<\/i><\/b><\/h4>\n<p><span style=\"font-weight: 400;\">Chcete-li z\u00edskat plnou n\u00e1hradu, p\u0159e\u010dt\u011bte si na\u0161e storno podm\u00ednky\u00a0<a href=\"https:\/\/tourwhales.com\/cs\/online-booking\/\" target=\"_blank\" rel=\"noopener\" data-saferedirecturl=\"https:\/\/www.google.com\/url?q=https:\/\/tourwhales.com\/online-booking\/&amp;source=gmail&amp;ust=1672449202351000&amp;usg=AOvVaw1yAeVAPktmaVCqDujgUn90\">Klikn\u011bte zde<\/a>. Prost\u0159edky budou ztraceny, pokud bude rezervace zru\u0161ena ve stejn\u00fd den cesty.<\/span><\/p>\n\n\t\t<\/div>\n\t<\/div>\n<\/div><\/div><\/div><\/div><div class=\"vc_row wpb_row vc_row-fluid\" ><div class=\"wpb_column vc_column_container vc_col-sm-12\"><div class=\"vc_column-inner\"><div class=\"wpb_wrapper\">\n\t<div class=\"wpb_text_column wpb_content_element\" >\n\t\t<div class=\"wpb_wrapper\">\n\t\t\t<h4>Kontaktujte n\u00e1s?<\/h4>\n<h5><em><strong>Rezervace dobrodru\u017estv\u00ed<\/strong><\/em><\/h5>\n<p><em><strong>M\u00edstn\u00ed obyvatel\u00e9<\/strong> a <strong>st\u00e1tn\u00ed p\u0159\u00edslu\u0161n\u00edci<\/strong> Pr\u016fvodci a slu\u017eby pro hosty<\/em><\/p>\n<p><span class=\"text-turquoise\">Rezervace:<\/span> Prohl\u00eddky a exkurze v Dom. Rep.<\/p>\n\n\t\t<\/div>\n\t<\/div>\n<\/div><\/div><\/div><\/div><div class=\"vc_row wpb_row vc_row-fluid\" ><div class=\"wpb_column vc_column_container vc_col-sm-12\"><div class=\"vc_column-inner\"><div class=\"wpb_wrapper\"><div class=\"vc_empty_space\"   style=\"height: 32px\"><span class=\"vc_empty_space_inner\"><\/span><\/div>\n\t<div class=\"wpb_text_column wpb_content_element\" >\n\t\t<div class=\"wpb_wrapper\">\n\t\t\t<h4>Kontaktujte n\u00e1s?<\/h4>\n<h5>Rezervace dobrodru\u017estv\u00ed<\/h5>\n<p><em><strong>M\u00edstn\u00ed obyvatel\u00e9<\/strong>\u00a0a\u00a0<strong>st\u00e1tn\u00ed p\u0159\u00edslu\u0161n\u00edci<\/strong>\u00a0Pr\u016fvodci a slu\u017eby pro hosty<\/em><\/p>\n<p><span class=\"text-turquoise\">Rezervace:<\/span>\u00a0Prohl\u00eddky a exkurze v Dom. Rep.<\/p>\n<p><img decoding=\"async\" class=\"emoji\" draggable=\"false\" src=\"https:\/\/s.w.org\/images\/core\/emoji\/11.2.0\/svg\/1f4de.svg\" alt=\"\ud83d\udcde\" \/>\u00a0Tel \/ Whatsapp\u00a0\u00a0<a href=\"tel:+18494995063\">+18494995063<\/a>.<\/p>\n<p><img decoding=\"async\" class=\"emoji\" draggable=\"false\" src=\"https:\/\/s.w.org\/images\/core\/emoji\/11.2.0\/svg\/1f4e9.svg\" alt=\"\ud83d\udce9\" \/>\u00a0<a href=\"mailto:info@bookingadventures.com.do\">info@bookingadventures.com.do<\/a><\/p>\n<p><strong>Flexibiln\u011b nastavujeme soukrom\u00e9 prohl\u00eddky od Whatsapp:\u00a0<a href=\"tel:+18097206035\">+18097206035.<\/a><\/strong><\/p>\n\n\t\t<\/div>\n\t<\/div>\n<div class=\"vc_empty_space\"   style=\"height: 32px\"><span class=\"vc_empty_space_inner\"><\/span><\/div><\/div><\/div><\/div><\/div><div class=\"vc_row wpb_row vc_row-fluid\" ><div class=\"wpb_column vc_column_container vc_col-sm-12\"><div class=\"vc_column-inner\"><div class=\"wpb_wrapper\"><div class=\"vc_btn3-container vc_btn3-inline\" ><button class=\"vc_general vc_btn3 vc_btn3-size-md vc_btn3-shape-rounded vc_btn3-style-modern vc_btn3-color-green\">ZAREZERVOVAT HNED<\/button><\/div><\/div><\/div><\/div><\/div>\n<\/section>","protected":false},"excerpt":{"rendered":"<p>Po vyzvednut\u00ed z va\u0161eho hotelu se vyd\u00e1me do vnitrozem\u00ed Punta Cana. Obklopen\u00a0<strong>k\u00e1vov\u00e9 a kakaov\u00e9 plant\u00e1\u017ee<\/strong>, va\u0161e\u00a0<strong>m\u00edstn\u00ed pr\u016fvodci<\/strong>\u00a0vysv\u011btl\u00ed v\u00e1m prohl\u00eddku a v\u0161e, co pot\u0159ebujete v\u011bd\u011bt k \u0159\u00edzen\u00ed va\u0161\u00ed buginy.<\/p>\n<p>Pak oto\u010d\u00edme kl\u00ed\u010dkem v zapalov\u00e1n\u00ed a za\u010dneme vzru\u0161en\u00ed, zap\u00edn\u00e1me zip\u00a0<strong>kopc\u00edch, p\u0159es k\u00e1vov\u00e9 plant\u00e1\u017ee a pod\u00e9l pra\u0161n\u00fdch cest a koryt \u0159ek<\/strong>.<\/p>\n<p>&nbsp;<\/p>\n<p><em><strong>Vyberte pros\u00edm datum turn\u00e9\u00a0<\/strong><\/em><\/p>","protected":false},"featured_media":11468,"template":"","meta":[],"product_cat":[948,808,972,969,349,253,294],"product_tag":[810,811,222,809,471,313],"class_list":["post-11458","product","type-product","status-publish","has-post-thumbnail","hentry","product_cat-1-punta-cana","product_cat-punta-cana-buggy-tour","product_cat-punta-cana-group-tours","product_cat-punta-cana-buggies","product_cat-tours-and-excursion-punta-cana","product_cat-tours-and-excursions","product_cat-tours-excursions-punta-cana-dominican-republic","product_tag-buggies","product_tag-buggies-punta-cana","product_tag-punta-cana","product_tag-punta-cana-buggy-tour-pick-up-from-punta-cana-hotels","product_tag-punta-cana-catamaran-party-with-snorkeling-and-parasailing","product_tag-punta-cana-tours"],"_links":{"self":[{"href":"https:\/\/tourwhales.com\/cs\/wp-json\/wp\/v2\/product\/11458","targetHints":{"allow":["GET"]}}],"collection":[{"href":"https:\/\/tourwhales.com\/cs\/wp-json\/wp\/v2\/product"}],"about":[{"href":"https:\/\/tourwhales.com\/cs\/wp-json\/wp\/v2\/types\/product"}],"wp:featuredmedia":[{"embeddable":true,"href":"https:\/\/tourwhales.com\/cs\/wp-json\/wp\/v2\/media\/11468"}],"wp:attachment":[{"href":"https:\/\/tourwhales.com\/cs\/wp-json\/wp\/v2\/media?parent=11458"}],"wp:term":[{"taxonomy":"product_cat","embeddable":true,"href":"https:\/\/tourwhales.com\/cs\/wp-json\/wp\/v2\/product_cat?post=11458"},{"taxonomy":"product_tag","embeddable":true,"href":"https:\/\/tourwhales.com\/cs\/wp-json\/wp\/v2\/product_tag?post=11458"}],"curies":[{"name":"wp","href":"https:\/\/api.w.org\/{rel}","templated":true}]}}