
{"id":644,"date":"2017-08-07T13:32:44","date_gmt":"2017-08-07T13:32:44","guid":{"rendered":"http:\/\/roam.mikado-themes.com\/?page_id=644"},"modified":"2020-07-11T14:29:40","modified_gmt":"2020-07-11T14:29:40","slug":"what-we-offer","status":"publish","type":"page","link":"https:\/\/tourwhales.com\/cs\/what-we-offer\/","title":{"rendered":"Co nab\u00edz\u00edme"},"content":{"rendered":"<section class=\"wpb-content-wrapper\"><div class=\"mkdf-row-grid-section-wrapper\"  ><div class=\"mkdf-row-grid-section\"><div class=\"vc_row wpb_row vc_row-fluid vc_custom_1591875763632\" ><div class=\"wpb_column vc_column_container vc_col-sm-12\"><div class=\"vc_column-inner\"><div class=\"wpb_wrapper\"><div class=\"mkdf-section-title-holder\" style=\"text-align: center\">\n\t<div class=\"mkdf-st-inner\">\n\t\t\t\t\t<h5 class=\"mkdf-st-subtitle\" >\n\t\t\t\tJsme rozd\u00edln\u00ed ...\t\t\t<\/h5>\n\t\t\t\t\t\t\t<h3 class=\"mkdf-st-title\" style=\"color: #444444\">\n\t\t\t\tProto\u017ee n\u00e1m na tom z\u00e1le\u017e\u00ed\t\t\t<\/h3>\n\t\t\t\t\t\t\t<p class=\"mkdf-st-text\" style=\"font-size: 16px\">\n\t\t\t\tS na\u0161imi klienty nezach\u00e1z\u00edme jednodu\u0161e jako s n\u00e1v\u0161t\u011bvn\u00edky Dominik\u00e1nsk\u00e9 republiky, ale vid\u00edme je jako mezin\u00e1rodn\u00ed cestovatele, kte\u0159\u00ed \u010dekaj\u00ed na dovolenou sv\u00e9ho \u017eivota, a to je to, co dod\u00e1v\u00e1me! Progresivn\u00ed a dynamick\u00fd p\u0159\u00edstup na\u0161eho t\u00fdmu odborn\u00edk\u016f zaji\u0161\u0165uje, \u017ee si m\u016f\u017eete b\u00fdt jisti na\u0161\u00edm z\u00e1vazkem 100% poskytovat bezprobl\u00e9mov\u00e9 a profesion\u00e1ln\u00ed slu\u017eby v\u00e1m, va\u0161im p\u0159\u00e1tel\u016fm nebo rodin\u011b.\t\t\t<\/p>\n\t\t\t<\/div>\n<\/div><div class=\"vc_separator wpb_content_element vc_separator_align_center vc_sep_width_100 vc_sep_pos_align_center vc_custom_1592667744152 vc_separator-has-text\" ><span class=\"vc_sep_holder vc_sep_holder_l\"><span style=\"border-color:#ff681a;\" class=\"vc_sep_line\"><\/span><\/span><h4>Stovky exkurz\u00ed, v\u00fdlet\u016f a aktivit, abyste si Dominik\u00e1nskou republiku u\u017eili na maximum!<\/h4><span class=\"vc_sep_holder vc_sep_holder_r\"><span style=\"border-color:#ff681a;\" class=\"vc_sep_line\"><\/span><\/span>\n<\/div><\/div><\/div><\/div><\/div><\/div><\/div><div class=\"mkdf-row-grid-section-wrapper mkdf-content-aligment-center\"  ><div class=\"mkdf-row-grid-section\"><div class=\"vc_row wpb_row vc_row-fluid vc_custom_1591875648069\" ><div class=\"wpb_column vc_column_container vc_col-sm-6\"><div class=\"vc_column-inner\"><div class=\"wpb_wrapper\"><div class=\"mkdf-iwt clearfix  mkdf-iwt-icon-top mkdf-iwt-icon-medium\">\n\t<div class=\"mkdf-iwt-icon\">\n\t\t\t\t\t\t\t\t\t    <span class=\"mkdf-icon-shortcode mkdf-circle   mkdf-icon-medium\" style=\"width: 100px;height: 100px;line-height: 100px;background-color: #ff681a\" data-color=\"#ffffff\">\n                    <span aria-hidden=\"true\" class=\"mkdf-icon-font-elegant icon_chat mkdf-icon-element\" style=\"color: #ffffff;font-size:34px\" ><\/span>\n                            <span class=\"mkdf-icon-shortcode-hover-layer\" ><\/span>\n            \n            <\/span>\n\t\t\t\t\t\t<\/div>\n\t<div class=\"mkdf-iwt-content\" >\n\t\t\t\t\t<h6 class=\"mkdf-iwt-title\" >\n\t\t\t\t\t\t\t\t<span class=\"mkdf-iwt-title-text\">M\u00edstn\u00ed pr\u016fvodci<\/span>\n\t\t\t\t\t\t\t<\/h6>\n\t\t\t\t\t\t\t<p class=\"mkdf-iwt-text\" >Profesion\u00e1ln\u00ed pr\u016fvodci, kte\u0159\u00ed mluv\u00ed va\u0161\u00edm jazykem<\/p>\n\t\t\t<\/div>\n<\/div><div class=\"vc_empty_space\"   style=\"height: 40px\"><span class=\"vc_empty_space_inner\"><\/span><\/div><\/div><\/div><\/div><div class=\"wpb_column vc_column_container vc_col-sm-6\"><div class=\"vc_column-inner\"><div class=\"wpb_wrapper\"><div class=\"mkdf-iwt clearfix  mkdf-iwt-icon-top mkdf-iwt-icon-medium\">\n\t<div class=\"mkdf-iwt-icon\">\n\t\t\t\t\t\t\t\t\t    <span class=\"mkdf-icon-shortcode mkdf-circle   mkdf-icon-medium\" style=\"width: 100px;height: 100px;line-height: 100px;background-color: #ff681a\" data-color=\"#ffffff\">\n                    <span aria-hidden=\"true\" class=\"mkdf-icon-font-elegant icon_pencil-edit mkdf-icon-element\" style=\"color: #ffffff;font-size:34px\" ><\/span>\n                            <span class=\"mkdf-icon-shortcode-hover-layer\" ><\/span>\n            \n            <\/span>\n\t\t\t\t\t\t<\/div>\n\t<div class=\"mkdf-iwt-content\" >\n\t\t\t\t\t<h6 class=\"mkdf-iwt-title\" >\n\t\t\t\t\t\t\t\t<span class=\"mkdf-iwt-title-text\">Vlastn\u00ed zku\u0161enosti<\/span>\n\t\t\t\t\t\t\t<\/h6>\n\t\t\t\t\t\t\t<p class=\"mkdf-iwt-text\" >Navrhn\u011bte si vlastn\u00ed zku\u0161enost na m\u00edru va\u0161im z\u00e1jm\u016fm, pot\u0159eb\u00e1m a rozpo\u010dtu<\/p>\n\t\t\t<\/div>\n<\/div><div class=\"vc_empty_space\"   style=\"height: 40px\"><span class=\"vc_empty_space_inner\"><\/span><\/div><\/div><\/div><\/div><div class=\"wpb_column vc_column_container vc_col-sm-6\"><div class=\"vc_column-inner\"><div class=\"wpb_wrapper\"><div class=\"mkdf-iwt clearfix  mkdf-iwt-icon-top mkdf-iwt-icon-medium\">\n\t<div class=\"mkdf-iwt-icon\">\n\t\t\t\t\t\t\t\t\t    <span class=\"mkdf-icon-shortcode mkdf-circle   mkdf-icon-medium\" style=\"width: 100px;height: 100px;line-height: 100px;background-color: #ff681a\" data-color=\"#ffffff\">\n                    <i class=\"mkdf-icon-font-awesome fa fa-car mkdf-icon-element\" style=\"color: #ffffff;font-size:34px\" ><\/i>\n                            <span class=\"mkdf-icon-shortcode-hover-layer\" ><\/span>\n            \n            <\/span>\n\t\t\t\t\t\t<\/div>\n\t<div class=\"mkdf-iwt-content\" >\n\t\t\t\t\t<h6 class=\"mkdf-iwt-title\" >\n\t\t\t\t\t\t\t\t<span class=\"mkdf-iwt-title-text\">Soukrom\u00fd p\u0159evod<\/span>\n\t\t\t\t\t\t\t<\/h6>\n\t\t\t\t\t\t\t<p class=\"mkdf-iwt-text\" >Profesion\u00e1ln\u00ed \u0159idi\u010di, u kter\u00fdch je na prvn\u00edm m\u00edst\u011b va\u0161e bezpe\u010dnost a pohodl\u00ed<\/p>\n\t\t\t<\/div>\n<\/div><div class=\"vc_empty_space\"   style=\"height: 40px\"><span class=\"vc_empty_space_inner\"><\/span><\/div><\/div><\/div><\/div><div class=\"wpb_column vc_column_container vc_col-sm-6\"><div class=\"vc_column-inner\"><div class=\"wpb_wrapper\"><div class=\"mkdf-iwt clearfix  mkdf-iwt-icon-top mkdf-iwt-icon-medium\">\n\t<div class=\"mkdf-iwt-icon\">\n\t\t\t\t\t\t\t\t\t    <span class=\"mkdf-icon-shortcode mkdf-circle   mkdf-icon-medium\" style=\"width: 100px;height: 100px;line-height: 100px;background-color: #ff681a\" data-color=\"#ffffff\">\n                    <span aria-hidden=\"true\" class=\"mkdf-icon-linear-icons lnr lnr-map-marker mkdf-icon-element\" style=\"color: #ffffff;font-size:34px\" ><\/span>\n                            <span class=\"mkdf-icon-shortcode-hover-layer\" ><\/span>\n            \n            <\/span>\n\t\t\t\t\t\t<\/div>\n\t<div class=\"mkdf-iwt-content\" >\n\t\t\t\t\t<h6 class=\"mkdf-iwt-title\" >\n\t\t\t\t\t\t\t\t<span class=\"mkdf-iwt-title-text\">P\u0159ekr\u00e1sn\u00e1 m\u00edsta<\/span>\n\t\t\t\t\t\t\t<\/h6>\n\t\t\t\t\t\t\t<p class=\"mkdf-iwt-text\" >Objevte s n\u00e1mi tajn\u00e1 m\u00edsta a u\u017eijte si to na maximum<\/p>\n\t\t\t<\/div>\n<\/div><div class=\"vc_empty_space\"   style=\"height: 40px\"><span class=\"vc_empty_space_inner\"><\/span><\/div><\/div><\/div><\/div><\/div><\/div><\/div><div class=\"vc_row wpb_row vc_row-fluid\" ><div class=\"wpb_column vc_column_container vc_col-sm-12\"><div class=\"vc_column-inner vc_custom_1591878564878\"><div class=\"wpb_wrapper\"><div class=\"vc_separator wpb_content_element vc_separator_align_center vc_sep_width_100 vc_sep_border_width_2 vc_sep_pos_align_center vc_separator_no_text vc_custom_1591878577227  vc_custom_1591878577227\" ><span class=\"vc_sep_holder vc_sep_holder_l\"><span style=\"border-color:#ff681a;\" class=\"vc_sep_line\"><\/span><\/span><span class=\"vc_sep_holder vc_sep_holder_r\"><span style=\"border-color:#ff681a;\" class=\"vc_sep_line\"><\/span><\/span>\n<\/div><\/div><\/div><\/div><\/div><div class=\"mkdf-row-grid-section-wrapper\"  ><div class=\"mkdf-row-grid-section\"><div class=\"vc_row wpb_row vc_row-fluid vc_custom_1591878662778 vc_row-has-fill\" ><div class=\"wpb_column vc_column_container vc_col-sm-12 vc_col-has-fill\"><div class=\"vc_column-inner vc_custom_1591880860838\"><div class=\"wpb_wrapper\"><div class=\"mkdf-elements-holder   mkdf-two-columns  mkdf-responsive-mode-1024\" ><div class=\"mkdf-eh-item\"  data-item-class=\"mkdf-eh-custom-1779\" data-1024-1280=\"0px 5% 34px 0\" data-768-1024=\"78px 12% 19px 0\" data-680-768=\"78px 12% 19px 0\" data-680=\"78px 0% 19px 0\">\n\t<div class=\"mkdf-eh-item-inner\">\n\t\t<div class=\"mkdf-eh-item-content mkdf-eh-custom-1779\" style=\"padding: 0px 12% 41px 0\">\n\t\t\t<div class=\"mkdf-section-title-holder\" style=\"text-align: center\">\n\t<div class=\"mkdf-st-inner\">\n\t\t\t\t\t<h5 class=\"mkdf-st-subtitle\" >\n\t\t\t\tSnadn\u00e9, rychl\u00e9 a bezpe\u010dn\u00e9\t\t\t<\/h5>\n\t\t\t\t\t\t\t<h3 class=\"mkdf-st-title\" >\n\t\t\t\tOnline kniha\t\t\t<\/h3>\n\t\t\t\t\t<\/div>\n<\/div><div class=\"vc_empty_space\"   style=\"height: 10px\"><span class=\"vc_empty_space_inner\"><\/span><\/div>\n\t<div class=\"wpb_text_column wpb_content_element\" >\n\t\t<div class=\"wpb_wrapper\">\n\t\t\t<p>Online rezervace je s n\u00e1mi snadn\u00e1, rychl\u00e1 a bezpe\u010dn\u00e1. <strong>Nab\u00edz\u00edme 3 r\u016fzn\u00e9 typy platebn\u00edch metod<\/strong>. Rezervujte si online prohl\u00eddku nebo exkurzi a <strong>ulo\u017eit sv\u00e9 m\u00edsto<\/strong>. Pokud pot\u0159ebujete pomoc, kontaktujte na\u0161e specialisty z\u00e1kaznick\u00e9ho servisu, kte\u0159\u00ed jsou online 24\/7, p\u0159ipraveni v\u00e1m pomoci. <strong>P\u0159e\u010dt\u011bte si v\u00edce<\/strong> o procesu rezervace u n\u00e1s.<\/p>\n<p style=\"text-align: center;\"><a href=\"https:\/\/tourwhales.com\/cs\/online-booking\/\"><a itemprop=\"url\" href=\"https:\/\/tourwhales.com\/cs\/online-booking\/\" target=\"_self\"  class=\"mkdf-btn mkdf-btn-large mkdf-btn-solid mkdf-btn-custom-hover-bg mkdf-btn-custom-hover-color\" data-hover-color=\"#ffffff\" data-hover-bg-color=\"#000000\" >\n    <span class=\"mkdf-btn-text\">P\u0159e\u010dt\u011bte si v\u00edce<\/span>\n    <i class=\"mkdf-icon-font-awesome fa\" ><\/i><\/a><\/a><\/p>\n\n\t\t<\/div>\n\t<\/div>\n\t\t<\/div>\n\t<\/div>\n<\/div><div class=\"mkdf-eh-item\"  data-item-class=\"mkdf-eh-custom-9091\" data-1024-1280=\"95px 1% 115px\" data-768-1024=\"40px 0 115px\" data-680-768=\"40px 0 115px\" data-680=\"40px 0 115px\">\n\t<div class=\"mkdf-eh-item-inner\">\n\t\t<div class=\"mkdf-eh-item-content mkdf-eh-custom-9091\" style=\"padding: 95px 0 115px\">\n\t\t\t<div class=\"mkdf-progress-bar\">\n\t<h6 class=\"mkdf-pb-title-holder\" >\n\t\t<span class=\"mkdf-pb-title\">RYCHL\u00c1 REZERVACE<\/span>\n\t\t<span class=\"mkdf-pb-percent\">0<\/span>\n\t<\/h6>\n\t<div class=\"mkdf-pb-content-holder\" >\n\t\t<div data-percentage=\"100\" class=\"mkdf-pb-content\" ><\/div>\n\t<\/div>\n<\/div><div class=\"vc_empty_space\"   style=\"height: 20px\"><span class=\"vc_empty_space_inner\"><\/span><\/div><div class=\"mkdf-progress-bar\">\n\t<h6 class=\"mkdf-pb-title-holder\" >\n\t\t<span class=\"mkdf-pb-title\">BEZPE\u010cN\u00c1 A ZABEZPE\u010cEN\u00c1 platba<\/span>\n\t\t<span class=\"mkdf-pb-percent\">0<\/span>\n\t<\/h6>\n\t<div class=\"mkdf-pb-content-holder\" >\n\t\t<div data-percentage=\"100\" class=\"mkdf-pb-content\" ><\/div>\n\t<\/div>\n<\/div><div class=\"vc_empty_space\"   style=\"height: 20px\"><span class=\"vc_empty_space_inner\"><\/span><\/div><div class=\"mkdf-progress-bar\">\n\t<h6 class=\"mkdf-pb-title-holder\" >\n\t\t<span class=\"mkdf-pb-title\">OCHRANA ZRU\u0160EN\u00cd<\/span>\n\t\t<span class=\"mkdf-pb-percent\">0<\/span>\n\t<\/h6>\n\t<div class=\"mkdf-pb-content-holder\" >\n\t\t<div data-percentage=\"100\" class=\"mkdf-pb-content\" ><\/div>\n\t<\/div>\n<\/div><div class=\"vc_empty_space\"   style=\"height: 20px\"><span class=\"vc_empty_space_inner\"><\/span><\/div><div class=\"mkdf-progress-bar\">\n\t<h6 class=\"mkdf-pb-title-holder\" >\n\t\t<span class=\"mkdf-pb-title\">T\u00ddM PODPORY<\/span>\n\t\t<span class=\"mkdf-pb-percent\">0<\/span>\n\t<\/h6>\n\t<div class=\"mkdf-pb-content-holder\" >\n\t\t<div data-percentage=\"100\" class=\"mkdf-pb-content\" ><\/div>\n\t<\/div>\n<\/div>\t\t<\/div>\n\t<\/div>\n<\/div><\/div><\/div><\/div><\/div><\/div><\/div><\/div><div class=\"vc_row wpb_row vc_row-fluid\" ><div class=\"wpb_column vc_column_container vc_col-sm-12\"><div class=\"vc_column-inner vc_custom_1591880937669\"><div class=\"wpb_wrapper\"><div class=\"vc_separator wpb_content_element vc_separator_align_center vc_sep_width_100 vc_sep_border_width_2 vc_sep_pos_align_center vc_separator_no_text\" ><span class=\"vc_sep_holder vc_sep_holder_l\"><span style=\"border-color:#ff681a;\" class=\"vc_sep_line\"><\/span><\/span><span class=\"vc_sep_holder vc_sep_holder_r\"><span style=\"border-color:#ff681a;\" class=\"vc_sep_line\"><\/span><\/span>\n<\/div><\/div><\/div><\/div><\/div><div class=\"vc_row wpb_row vc_row-fluid\" ><div class=\"wpb_column vc_column_container vc_col-sm-12\"><div class=\"vc_column-inner\"><div class=\"wpb_wrapper\"><div class=\"mkdf-section-title-holder\" style=\"text-align: center\">\n\t<div class=\"mkdf-st-inner\">\n\t\t\t\t\t<h5 class=\"mkdf-st-subtitle\" >\n\t\t\t\tObjevte m\u00edstn\u00ed firmy\t\t\t<\/h5>\n\t\t\t\t\t\t\t<h3 class=\"mkdf-st-title\" >\n\t\t\t\tNajd\u011bte nejl\u00e9pe hodnocen\u00e9 restaurace, obchody a m\u00edsta, kam j\u00edt\t\t\t<\/h3>\n\t\t\t\t\t<\/div>\n<\/div><div class=\"vc_empty_space\"   style=\"height: 32px\"><span class=\"vc_empty_space_inner\"><\/span><\/div><\/div><\/div><\/div><\/div><div class=\"vc_row wpb_row vc_row-fluid vc_custom_1594477758900 vc_row-o-full-height vc_row-o-columns-middle vc_row-flex\" style=\"background-image: url(https:\/\/tourwhales.com\/wp-content\/uploads\/2017\/08\/home-2-slider-image-1-4.jpg)\"><div class=\"wpb_column vc_column_container vc_col-sm-12\"><div class=\"vc_column-inner vc_custom_1591878623025\"><div class=\"wpb_wrapper\"><div class=\"mkdf-elements-holder   mkdf-five-columns  mkdf-responsive-mode-1024\" ><div class=\"mkdf-eh-item   mkdf-horizontal-alignment-center\"  data-item-class=\"mkdf-eh-custom-9660\"   data-768-1024=\"0 0 40px\" data-680-768=\"0 0 40px\" data-680=\"0 0 40px\">\n\t<div class=\"mkdf-eh-item-inner\">\n\t\t<div class=\"mkdf-eh-item-content mkdf-eh-custom-9660\" style=\"padding: 0\">\n\t\t\t<div class=\"mkdf-counter-holder\">\n\t<div class=\"mkdf-counter-inner\">\n\t\t\t\t\t<span class=\"mkdf-counter mkdf-zero-counter\" style=\"font-size: 65px;color: #ffffff\">100<\/span>\n\t\t\t\t\t\t\t<span class=\"mkdf-counter-symbol\" style=\"font-size: 65px;color: #ffffff\">\n\t\t\t+\t\t<\/span>\n\t\t\t\t\t\t\t\t\t\t<h6 class=\"mkdf-counter-title\" style=\"color: #ffffff\">\n\t\t\t\tPROHL\u00cdDKY A EXKURZE\t\t\t<\/h6>\n\t\t\t\t\t<\/div>\n<\/div><div class=\"vc_empty_space\"   style=\"height: 100px\"><span class=\"vc_empty_space_inner\"><\/span><\/div><div class=\"mkdf-counter-holder\">\n\t<div class=\"mkdf-counter-inner\">\n\t\t\t\t\t<span class=\"mkdf-counter mkdf-zero-counter\" style=\"font-size: 65px;color: #ffffff\">10<\/span>\n\t\t\t\t\t\t\t<span class=\"mkdf-counter-symbol\" style=\"font-size: 65px;color: #ffffff\">\n\t\t\tK\t\t<\/span>\n\t\t\t\t\t\t\t\t\t\t<h6 class=\"mkdf-counter-title\" style=\"color: #ffffff\">\n\t\t\t\tNAKUPOV\u00c1N\u00cd\t\t\t<\/h6>\n\t\t\t\t\t<\/div>\n<\/div><div class=\"vc_empty_space\"   style=\"height: 80px\"><span class=\"vc_empty_space_inner\"><\/span><\/div>\t\t<\/div>\n\t<\/div>\n<\/div><div class=\"mkdf-eh-item   mkdf-horizontal-alignment-center\"  data-item-class=\"mkdf-eh-custom-4862\"   data-768-1024=\"0 0 40px\" data-680-768=\"0 0 40px\" data-680=\"0 0 40px\">\n\t<div class=\"mkdf-eh-item-inner\">\n\t\t<div class=\"mkdf-eh-item-content mkdf-eh-custom-4862\" style=\"padding: 0\">\n\t\t\t<div class=\"mkdf-counter-holder\">\n\t<div class=\"mkdf-counter-inner\">\n\t\t\t\t\t<span class=\"mkdf-counter mkdf-zero-counter\" style=\"font-size: 65px;color: #ffffff\">500<\/span>\n\t\t\t\t\t\t\t<span class=\"mkdf-counter-symbol\" style=\"font-size: 65px;color: #ffffff\">\n\t\t\t+\t\t<\/span>\n\t\t\t\t\t\t\t\t\t\t<h6 class=\"mkdf-counter-title\" style=\"color: #ffffff\">\n\t\t\t\tP\u0158EVODY\t\t\t<\/h6>\n\t\t\t\t\t<\/div>\n<\/div><div class=\"vc_empty_space\"   style=\"height: 100px\"><span class=\"vc_empty_space_inner\"><\/span><\/div><div class=\"mkdf-counter-holder\">\n\t<div class=\"mkdf-counter-inner\">\n\t\t\t\t\t<span class=\"mkdf-counter mkdf-zero-counter\" style=\"font-size: 65px;color: #ffffff\">5000<\/span>\n\t\t\t\t\t\t\t<span class=\"mkdf-counter-symbol\" style=\"font-size: 65px;color: #ffffff\">\n\t\t\t+\t\t<\/span>\n\t\t\t\t\t\t\t\t\t\t<h6 class=\"mkdf-counter-title\" style=\"color: #ffffff\">\n\t\t\t\tRESTAURACE\t\t\t<\/h6>\n\t\t\t\t\t<\/div>\n<\/div><div class=\"vc_empty_space\"   style=\"height: 80px\"><span class=\"vc_empty_space_inner\"><\/span><\/div>\t\t<\/div>\n\t<\/div>\n<\/div><div class=\"mkdf-eh-item   mkdf-horizontal-alignment-center\"  data-item-class=\"mkdf-eh-custom-8470\"   data-768-1024=\"0 0 40px\" data-680-768=\"0 0 40px\" data-680=\"0 0 40px\">\n\t<div class=\"mkdf-eh-item-inner\">\n\t\t<div class=\"mkdf-eh-item-content mkdf-eh-custom-8470\" style=\"padding: 0\">\n\t\t\t<div class=\"mkdf-counter-holder\">\n\t<div class=\"mkdf-counter-inner\">\n\t\t\t\t\t<span class=\"mkdf-counter mkdf-zero-counter\" style=\"font-size: 65px;color: #ffffff\">11<\/span>\n\t\t\t\t\t\t\t<span class=\"mkdf-counter-symbol\" style=\"font-size: 65px;color: #ffffff\">\n\t\t\tK\t\t<\/span>\n\t\t\t\t\t\t\t\t\t\t<h6 class=\"mkdf-counter-title\" style=\"color: #ffffff\">\n\t\t\t\tNOCLEH\t\t\t<\/h6>\n\t\t\t\t\t<\/div>\n<\/div><div class=\"vc_empty_space\"   style=\"height: 100px\"><span class=\"vc_empty_space_inner\"><\/span><\/div><div class=\"mkdf-counter-holder\">\n\t<div class=\"mkdf-counter-inner\">\n\t\t\t\t\t<span class=\"mkdf-counter mkdf-zero-counter\" style=\"font-size: 65px;color: #ffffff\">100<\/span>\n\t\t\t\t\t\t\t<span class=\"mkdf-counter-symbol\" style=\"font-size: 65px;color: #ffffff\">\n\t\t\t+\t\t<\/span>\n\t\t\t\t\t\t\t\t\t\t<h6 class=\"mkdf-counter-title\" style=\"color: #ffffff\">\n\t\t\t\tUD\u00c1LOSTI\t\t\t<\/h6>\n\t\t\t\t\t<\/div>\n<\/div><div class=\"vc_empty_space\"   style=\"height: 80px\"><span class=\"vc_empty_space_inner\"><\/span><\/div>\t\t<\/div>\n\t<\/div>\n<\/div><div class=\"mkdf-eh-item   mkdf-horizontal-alignment-center\"  data-item-class=\"mkdf-eh-custom-8585\"   data-768-1024=\"0 0 40px\" data-680-768=\"0 0 40px\" data-680=\"0 0 40px\">\n\t<div class=\"mkdf-eh-item-inner\">\n\t\t<div class=\"mkdf-eh-item-content mkdf-eh-custom-8585\" style=\"padding: 0\">\n\t\t\t<div class=\"mkdf-counter-holder\">\n\t<div class=\"mkdf-counter-inner\">\n\t\t\t\t\t<span class=\"mkdf-counter mkdf-zero-counter\" style=\"font-size: 65px;color: #ffffff\">100<\/span>\n\t\t\t\t\t\t\t<span class=\"mkdf-counter-symbol\" style=\"font-size: 65px;color: #ffffff\">\n\t\t\tK\t\t<\/span>\n\t\t\t\t\t\t\t\t\t\t<h6 class=\"mkdf-counter-title\" style=\"color: #ffffff\">\n\t\t\t\tM\u00cdSTA\t\t\t<\/h6>\n\t\t\t\t\t<\/div>\n<\/div><div class=\"vc_empty_space\"   style=\"height: 100px\"><span class=\"vc_empty_space_inner\"><\/span><\/div><div class=\"mkdf-counter-holder\">\n\t<div class=\"mkdf-counter-inner\">\n\t\t\t\t\t<span class=\"mkdf-counter mkdf-zero-counter\" style=\"font-size: 65px;color: #ffffff\">20<\/span>\n\t\t\t\t\t\t\t<span class=\"mkdf-counter-symbol\" style=\"font-size: 65px;color: #ffffff\">\n\t\t\tK\t\t<\/span>\n\t\t\t\t\t\t\t\t\t\t<h6 class=\"mkdf-counter-title\" style=\"color: #ffffff\">\n\t\t\t\tOSTATN\u00cd SLU\u017dBY\t\t\t<\/h6>\n\t\t\t\t\t<\/div>\n<\/div><div class=\"vc_empty_space\"   style=\"height: 90px\"><span class=\"vc_empty_space_inner\"><\/span><\/div>\t\t<\/div>\n\t<\/div>\n<\/div><\/div><\/div><\/div><\/div><\/div><div class=\"vc_row wpb_row vc_row-fluid vc_custom_1591880412702\" ><div class=\"wpb_column vc_column_container vc_col-sm-12\"><div class=\"vc_column-inner\"><div class=\"wpb_wrapper\"><div class=\"mkdf-section-title-holder\" style=\"text-align: center\">\n\t<div class=\"mkdf-st-inner\">\n\t\t\t\t\t<h5 class=\"mkdf-st-subtitle\" >\n\t\t\t\tDominik\u00e1nsk\u00e1 republika\t\t\t<\/h5>\n\t\t\t\t\t\t\t<h3 class=\"mkdf-st-title\" >\n\t\t\t\tNov\u00fd projekt Silven International\t\t\t<\/h3>\n\t\t\t\t\t\t\t<p class=\"mkdf-st-text\" >\n\t\t\t\tV\u0161e na jednom m\u00edst\u011b! Najd\u011bte nejl\u00e9pe hodnocenou restauraci, ubytov\u00e1n\u00ed, hotely atd. Pod\u00edvejte se na nejlep\u0161\u00ed m\u00edsta pro n\u00e1kupy, najd\u011bte v\u0161echny slu\u017eby. Inzerujte s n\u00e1mi sv\u00e9 podnik\u00e1n\u00ed zdarma.\t\t\t<\/p>\n\t\t\t<\/div>\n<\/div><div class=\"vc_empty_space\"   style=\"height: 40px\"><span class=\"vc_empty_space_inner\"><\/span><\/div><\/div><\/div><\/div><\/div><div data-vc-full-width=\"true\" data-vc-full-width-init=\"false\" data-vc-parallax=\"1.5\" data-vc-parallax-o-fade=\"on\" data-vc-parallax-image=\"\" class=\"vc_row wpb_row vc_row-fluid vc_row-has-fill vc_row-o-full-height vc_row-o-columns-middle vc_row-flex vc_general vc_parallax vc_parallax-content-moving-fade js-vc_parallax-o-fade\" ><div class=\"wpb_column vc_column_container vc_col-sm-12\"><div class=\"vc_column-inner vc_custom_1591808456895\"><div class=\"wpb_wrapper\"><div class=\"vc_row wpb_row vc_inner vc_row-fluid\" ><div class=\"wpb_column vc_column_container vc_col-sm-6\"><div class=\"vc_column-inner\"><div class=\"wpb_wrapper\">\n\t<div class=\"wpb_text_column wpb_content_element\" >\n\t\t<div class=\"wpb_wrapper\">\n\t\t\t<h3><span style=\"color: #ffffff;\">Zefektivn\u011bte sv\u00e9 podnik\u00e1n\u00ed<\/span><\/h3>\n<p><span style=\"color: #ffffff;\">Jsme m\u00edstn\u00ed agenti s kompletn\u00edm servisem, kte\u0159\u00ed v\u011bd\u00ed, jak naj\u00edt lidi a domov ka\u017ed\u00fd spole\u010dn\u011b. Pou\u017e\u00edv\u00e1me online n\u00e1stroje s bezkonkuren\u010dn\u00ed schopnost\u00ed vyhled\u00e1v\u00e1n\u00ed, abyste byli chyt\u0159ej\u0161\u00ed a rychlej\u0161\u00ed. V d\u016fsledku toho z\u00edskejte sv\u016fj z\u00e1znam pro hotely, restaurace, transfery, v\u00fdlety a v\u00fdlety, abyste podpo\u0159ili sv\u00e9 z\u00e1kazn\u00edky.<\/span><\/p>\n<h3><span style=\"color: #ffffff;\">V\u00fdpisy n\u00e1rok\u016f<\/span><\/h3>\n<p><span style=\"color: #ffffff;\">Abychom podpo\u0159ili mal\u00e9 podniky od m\u00edstn\u00edch obyvatel, m\u00e1me mo\u017enost si n\u00e1rokovat sv\u016fj vlastn\u00ed podnik, jako je hotel, restaurace, trh v Dominik\u00e1nsk\u00e9 republice.<\/span><\/p>\n<p>&nbsp;<\/p>\n<p style=\"text-align: left;\"><a itemprop=\"url\" href=\"https:\/\/dominican-republic-hotels.com\/\" target=\"_self\" style=\"color: #ffffff;font-size: 14px\" class=\"mkdf-btn mkdf-btn-large mkdf-btn-solid mkdf-btn-custom-hover-color\" data-hover-color=\"#000000\" >\n    <span class=\"mkdf-btn-text\">Za\u010d\u00edt<\/span>\n    <i class=\"mkdf-icon-font-awesome fa\" ><\/i><\/a><\/p>\n\n\t\t<\/div>\n\t<\/div>\n<\/div><\/div><\/div><div class=\"wpb_column vc_column_container vc_col-sm-6\"><div class=\"vc_column-inner\"><div class=\"wpb_wrapper\"><\/div><\/div><\/div><div class=\"wpb_column vc_column_container vc_col-sm-12\"><div class=\"vc_column-inner\"><div class=\"wpb_wrapper\"><\/div><\/div><\/div><\/div><\/div><\/div><\/div><\/div><div class=\"vc_row-full-width vc_clearfix\"><\/div><div class=\"vc_row wpb_row vc_row-fluid\" ><div class=\"wpb_column vc_column_container vc_col-sm-4\"><div class=\"vc_column-inner\"><div class=\"wpb_wrapper\"><div class=\"mkdf-iwt clearfix  mkdf-iwt-icon-top mkdf-iwt-icon-medium\">\n\t<div class=\"mkdf-iwt-icon\">\n\t\t\t\t\t\t\t\t\t<img loading=\"lazy\" decoding=\"async\" width=\"65\" height=\"65\" src=\"https:\/\/tourwhales.com\/wp-content\/uploads\/2020\/06\/hp-24-7-customer-support.png\" class=\"attachment-full size-full\" alt=\"\" \/>\t\t\t\t\t\t<\/div>\n\t<div class=\"mkdf-iwt-content\" >\n\t\t\t\t\t<h6 class=\"mkdf-iwt-title\" >\n\t\t\t\t\t\t\t\t<span class=\"mkdf-iwt-title-text\">24\/7 Z\u00c1KAZNICK\u00c1 PODPORA<\/span>\n\t\t\t\t\t\t\t<\/h6>\n\t\t\t\t\t<\/div>\n<\/div><div class=\"vc_empty_space\"   style=\"height: 40px\"><span class=\"vc_empty_space_inner\"><\/span><\/div><\/div><\/div><\/div><div class=\"wpb_column vc_column_container vc_col-sm-4\"><div class=\"vc_column-inner\"><div class=\"wpb_wrapper\"><div class=\"mkdf-iwt clearfix  mkdf-iwt-icon-top mkdf-iwt-icon-medium\">\n\t<div class=\"mkdf-iwt-icon\">\n\t\t\t\t\t\t\t\t\t<img loading=\"lazy\" decoding=\"async\" width=\"65\" height=\"65\" src=\"https:\/\/tourwhales.com\/wp-content\/uploads\/2020\/06\/hp-verified-customer-reviews.png\" class=\"attachment-full size-full\" alt=\"\" \/>\t\t\t\t\t\t<\/div>\n\t<div class=\"mkdf-iwt-content\" >\n\t\t\t\t\t<h6 class=\"mkdf-iwt-title\" >\n\t\t\t\t\t\t\t\t<span class=\"mkdf-iwt-title-text\">OV\u011a\u0158EN\u00c9 RECENZE Z\u00c1KAZN\u00cdK\u016e<\/span>\n\t\t\t\t\t\t\t<\/h6>\n\t\t\t\t\t<\/div>\n<\/div><div class=\"vc_empty_space\"   style=\"height: 40px\"><span class=\"vc_empty_space_inner\"><\/span><\/div><\/div><\/div><\/div><div class=\"wpb_column vc_column_container vc_col-sm-4\"><div class=\"vc_column-inner\"><div class=\"wpb_wrapper\"><div class=\"mkdf-iwt clearfix  mkdf-iwt-icon-top mkdf-iwt-icon-medium\">\n\t<div class=\"mkdf-iwt-icon\">\n\t\t\t\t\t\t\t\t\t<img loading=\"lazy\" decoding=\"async\" width=\"65\" height=\"65\" src=\"https:\/\/tourwhales.com\/wp-content\/uploads\/2020\/06\/hp-hand-picked-guides.png\" class=\"attachment-full size-full\" alt=\"\" \/>\t\t\t\t\t\t<\/div>\n\t<div class=\"mkdf-iwt-content\" >\n\t\t\t\t\t<h6 class=\"mkdf-iwt-title\" >\n\t\t\t\t\t\t\t\t<span class=\"mkdf-iwt-title-text\">NEJNI\u017d\u0160\u00cd CENY<\/span>\n\t\t\t\t\t\t\t<\/h6>\n\t\t\t\t\t<\/div>\n<\/div><div class=\"vc_empty_space\"   style=\"height: 40px\"><span class=\"vc_empty_space_inner\"><\/span><\/div><\/div><\/div><\/div><\/div>\n<\/section>","protected":false},"excerpt":{"rendered":"We are different ... Because we care We don't simply treat our clients as visitors to Dominican Republic, we see them as international travelers awaiting the vacation of a lifetime and that is what we deliver! The progressive and dynamic approach of our team of experts ensures that you can be assured of our 100% commitment to providing a seamless and professional service to you, your friends or family. Hundreds of excursions, tours and activities for you to enjoy the [...]","protected":false},"author":2,"featured_media":0,"parent":0,"menu_order":0,"comment_status":"closed","ping_status":"closed","template":"full-width.php","meta":{"footnotes":""},"class_list":["post-644","page","type-page","status-publish","hentry"],"_links":{"self":[{"href":"https:\/\/tourwhales.com\/cs\/wp-json\/wp\/v2\/pages\/644","targetHints":{"allow":["GET"]}}],"collection":[{"href":"https:\/\/tourwhales.com\/cs\/wp-json\/wp\/v2\/pages"}],"about":[{"href":"https:\/\/tourwhales.com\/cs\/wp-json\/wp\/v2\/types\/page"}],"author":[{"embeddable":true,"href":"https:\/\/tourwhales.com\/cs\/wp-json\/wp\/v2\/users\/2"}],"replies":[{"embeddable":true,"href":"https:\/\/tourwhales.com\/cs\/wp-json\/wp\/v2\/comments?post=644"}],"version-history":[{"count":0,"href":"https:\/\/tourwhales.com\/cs\/wp-json\/wp\/v2\/pages\/644\/revisions"}],"wp:attachment":[{"href":"https:\/\/tourwhales.com\/cs\/wp-json\/wp\/v2\/media?parent=644"}],"curies":[{"name":"wp","href":"https:\/\/api.w.org\/{rel}","templated":true}]}}